{"id":6852,"date":"2021-01-03T18:10:06","date_gmt":"2021-01-03T18:10:06","guid":{"rendered":"http:\/\/bekleidungscenter.com\/?product=vaude-damen-womens-rosemoor-aop-jacket-jacke"},"modified":"2023-04-10T22:37:09","modified_gmt":"2023-04-10T22:37:09","slug":"vaude-damen-womens-rosemoor-aop-jacket-jacke","status":"publish","type":"product","link":"https:\/\/bekleidungscenter.com\/?product=vaude-damen-womens-rosemoor-aop-jacket-jacke","title":{"rendered":"VAUDE Damen Women&#8217;s Rosemoor Aop Jacket Jacke"},"content":{"rendered":"<p><!-- show up to 2 reviews by default --> <\/p>\n<p>Die Women&#8217;s rosemoor AOP Jacket ist eine vielseitig einsetzbare Regenjacke zum Wandern des Weiteren Aufhebeln. Die Jacke ist atmungsaktiv des Weiteren sch\u00fctzt zuverl\u00e4ssig vor Wind des Weiteren Wetter. Eine dezent eingearbeitete Bel\u00fcftung im R\u00fccken unterst\u00fctzt die Ambiance Ausrichtung des K\u00f6rpers. Kapuze, \u00c4rmelb\u00fcndchen des Weiteren Saum sind weiten regulierbar. Das umweltfreundliche Material per modischem Allover Print sieht zudem noch universell okay alle &#8211; ob in der Natur oder beim Sitz in der Stadt. Die Women&#8217;s rosemoor AOP Jacket ist per Eco Finish umweltfreundlich wasserabweisend ohne Fluorcarbone (PFC) hergestellt. <\/p>\n<p>Moderne Regenjacke zum Wandern, 2-Lagen Material<br \/>\nGanzfl\u00e4chiger Abdruck, wasserdicht, winddicht des Weiteren atmungsaktiv<br \/>\n100% Polyester<br \/>\nWomen&#8217;s Rosemoor AOP Jacket<br \/>\nModellnummer: 42007<br \/>\nAngeschnittene, weitenregulierbare Kapuze<br \/>\nFront Rei\u00dfverschluss per einfachem Flap des Weiteren Untertritt<br \/>\n2 Fronttaschen per RV des Weiteren dekorativer Patte<br \/>\n<div class=\"main-cross-sell\" data-asin=\"B07WJYHL7R\">\n\n\t<div class=\"WooZone-cross-sell-loader\">\n\t\t<div>\n\t\t\t<div id=\"floatingBarsG\">\n\t\t\t\t<div class=\"blockG\" id=\"rotateG_01\"><\/div>\n\t\t\t\t<div class=\"blockG\" id=\"rotateG_02\"><\/div>\n\t\t\t\t<div class=\"blockG\" id=\"rotateG_03\"><\/div>\n\t\t\t\t<div class=\"blockG\" id=\"rotateG_04\"><\/div>\n\t\t\t\t<div class=\"blockG\" id=\"rotateG_05\"><\/div>\n\t\t\t\t<div class=\"blockG\" id=\"rotateG_06\"><\/div>\n\t\t\t\t<div class=\"blockG\" id=\"rotateG_07\"><\/div>\n\t\t\t\t<div class=\"blockG\" id=\"rotateG_08\"><\/div>\n\t\t\t<\/div>\n\t\t\t<div class=\"WooZone-cross-sell-loader-text\"><\/div>\n\t\t<\/div>\n\t<\/div>\n\n\t\t\n<\/div>\n<div style=\"clear:both;\"><\/div><\/p>\n","protected":false},"excerpt":{"rendered":"<p>Moderne Regenjacke zum Wandern, 2-Lagen Material<br \/>\nGanzfl\u00e4chiger Druck, wasserdicht, winddicht und atmungsaktiv<br \/>\n100% Polyester<\/p>\n","protected":false},"featured_media":6853,"comment_status":"open","ping_status":"closed","template":"","meta":[],"product_cat":[133,119],"product_tag":[],"yoast_head":"<!-- This site is optimized with the Yoast SEO plugin v20.6 - https:\/\/yoast.com\/wordpress\/plugins\/seo\/ -->\n<title>VAUDE Damen Women&#039;s Rosemoor Aop Jacket Jacke - FamilienMode<\/title>\n<meta name=\"robots\" content=\"index, follow, max-snippet:-1, max-image-preview:large, max-video-preview:-1\" \/>\n<link rel=\"canonical\" href=\"https:\/\/bekleidungscenter.com\/?product=vaude-damen-womens-rosemoor-aop-jacket-jacke\" \/>\n<meta property=\"og:locale\" content=\"de_DE\" \/>\n<meta property=\"og:type\" content=\"article\" \/>\n<meta property=\"og:title\" content=\"VAUDE Damen Women&#039;s Rosemoor Aop Jacket Jacke - FamilienMode\" \/>\n<meta property=\"og:description\" content=\"Moderne Regenjacke zum Wandern, 2-Lagen Material Ganzfl\u00e4chiger Druck, wasserdicht, winddicht und atmungsaktiv 100% Polyester\" \/>\n<meta property=\"og:url\" content=\"https:\/\/bekleidungscenter.com\/?product=vaude-damen-womens-rosemoor-aop-jacket-jacke\" \/>\n<meta property=\"og:site_name\" content=\"FamilienMode\" \/>\n<meta property=\"article:modified_time\" content=\"2023-04-10T22:37:09+00:00\" \/>\n<meta property=\"og:image\" content=\"https:\/\/images-na.ssl-images-amazon.com\/images\/I\/51haL9gL37L.jpg\" \/>\n\t<meta property=\"og:image:width\" content=\"500\" \/>\n\t<meta property=\"og:image:height\" content=\"500\" \/>\n\t<meta property=\"og:image:type\" content=\"image\/jpeg\" \/>\n<meta name=\"twitter:card\" content=\"summary_large_image\" \/>\n<meta name=\"twitter:label1\" content=\"Gesch\u00e4tzte Lesezeit\" \/>\n\t<meta name=\"twitter:data1\" content=\"1\u00a0Minute\" \/>\n<script type=\"application\/ld+json\" class=\"yoast-schema-graph\">{\"@context\":\"https:\/\/schema.org\",\"@graph\":[{\"@type\":\"WebPage\",\"@id\":\"https:\/\/bekleidungscenter.com\/?product=vaude-damen-womens-rosemoor-aop-jacket-jacke\",\"url\":\"https:\/\/bekleidungscenter.com\/?product=vaude-damen-womens-rosemoor-aop-jacket-jacke\",\"name\":\"VAUDE Damen Women's Rosemoor Aop Jacket Jacke - FamilienMode\",\"isPartOf\":{\"@id\":\"https:\/\/bekleidungscenter.com\/#website\"},\"datePublished\":\"2021-01-03T18:10:06+00:00\",\"dateModified\":\"2023-04-10T22:37:09+00:00\",\"breadcrumb\":{\"@id\":\"https:\/\/bekleidungscenter.com\/?product=vaude-damen-womens-rosemoor-aop-jacket-jacke#breadcrumb\"},\"inLanguage\":\"de\",\"potentialAction\":[{\"@type\":\"ReadAction\",\"target\":[\"https:\/\/bekleidungscenter.com\/?product=vaude-damen-womens-rosemoor-aop-jacket-jacke\"]}]},{\"@type\":\"BreadcrumbList\",\"@id\":\"https:\/\/bekleidungscenter.com\/?product=vaude-damen-womens-rosemoor-aop-jacket-jacke#breadcrumb\",\"itemListElement\":[{\"@type\":\"ListItem\",\"position\":1,\"name\":\"Home\",\"item\":\"https:\/\/bekleidungscenter.com\/\"},{\"@type\":\"ListItem\",\"position\":2,\"name\":\"Shop\",\"item\":\"https:\/\/bekleidungscenter.com\/?page_id=7\"},{\"@type\":\"ListItem\",\"position\":3,\"name\":\"VAUDE Damen Women&#8217;s Rosemoor Aop Jacket Jacke\"}]},{\"@type\":\"WebSite\",\"@id\":\"https:\/\/bekleidungscenter.com\/#website\",\"url\":\"https:\/\/bekleidungscenter.com\/\",\"name\":\"FamilienMode\",\"description\":\"Alles f\u00fcr die ganze Familie\",\"potentialAction\":[{\"@type\":\"SearchAction\",\"target\":{\"@type\":\"EntryPoint\",\"urlTemplate\":\"https:\/\/bekleidungscenter.com\/?s={search_term_string}\"},\"query-input\":\"required name=search_term_string\"}],\"inLanguage\":\"de\"}]}<\/script>\n<!-- \/ Yoast SEO plugin. -->","yoast_head_json":{"title":"VAUDE Damen Women's Rosemoor Aop Jacket Jacke - FamilienMode","robots":{"index":"index","follow":"follow","max-snippet":"max-snippet:-1","max-image-preview":"max-image-preview:large","max-video-preview":"max-video-preview:-1"},"canonical":"https:\/\/bekleidungscenter.com\/?product=vaude-damen-womens-rosemoor-aop-jacket-jacke","og_locale":"de_DE","og_type":"article","og_title":"VAUDE Damen Women's Rosemoor Aop Jacket Jacke - FamilienMode","og_description":"Moderne Regenjacke zum Wandern, 2-Lagen Material Ganzfl\u00e4chiger Druck, wasserdicht, winddicht und atmungsaktiv 100% Polyester","og_url":"https:\/\/bekleidungscenter.com\/?product=vaude-damen-womens-rosemoor-aop-jacket-jacke","og_site_name":"FamilienMode","article_modified_time":"2023-04-10T22:37:09+00:00","og_image":[{"width":500,"height":500,"url":"https:\/\/images-na.ssl-images-amazon.com\/images\/I\/51haL9gL37L.jpg","type":"image\/jpeg"}],"twitter_card":"summary_large_image","twitter_misc":{"Gesch\u00e4tzte Lesezeit":"1\u00a0Minute"},"schema":{"@context":"https:\/\/schema.org","@graph":[{"@type":"WebPage","@id":"https:\/\/bekleidungscenter.com\/?product=vaude-damen-womens-rosemoor-aop-jacket-jacke","url":"https:\/\/bekleidungscenter.com\/?product=vaude-damen-womens-rosemoor-aop-jacket-jacke","name":"VAUDE Damen Women's Rosemoor Aop Jacket Jacke - FamilienMode","isPartOf":{"@id":"https:\/\/bekleidungscenter.com\/#website"},"datePublished":"2021-01-03T18:10:06+00:00","dateModified":"2023-04-10T22:37:09+00:00","breadcrumb":{"@id":"https:\/\/bekleidungscenter.com\/?product=vaude-damen-womens-rosemoor-aop-jacket-jacke#breadcrumb"},"inLanguage":"de","potentialAction":[{"@type":"ReadAction","target":["https:\/\/bekleidungscenter.com\/?product=vaude-damen-womens-rosemoor-aop-jacket-jacke"]}]},{"@type":"BreadcrumbList","@id":"https:\/\/bekleidungscenter.com\/?product=vaude-damen-womens-rosemoor-aop-jacket-jacke#breadcrumb","itemListElement":[{"@type":"ListItem","position":1,"name":"Home","item":"https:\/\/bekleidungscenter.com\/"},{"@type":"ListItem","position":2,"name":"Shop","item":"https:\/\/bekleidungscenter.com\/?page_id=7"},{"@type":"ListItem","position":3,"name":"VAUDE Damen Women&#8217;s Rosemoor Aop Jacket Jacke"}]},{"@type":"WebSite","@id":"https:\/\/bekleidungscenter.com\/#website","url":"https:\/\/bekleidungscenter.com\/","name":"FamilienMode","description":"Alles f\u00fcr die ganze Familie","potentialAction":[{"@type":"SearchAction","target":{"@type":"EntryPoint","urlTemplate":"https:\/\/bekleidungscenter.com\/?s={search_term_string}"},"query-input":"required name=search_term_string"}],"inLanguage":"de"}]}},"_links":{"self":[{"href":"https:\/\/bekleidungscenter.com\/index.php?rest_route=\/wp\/v2\/product\/6852"}],"collection":[{"href":"https:\/\/bekleidungscenter.com\/index.php?rest_route=\/wp\/v2\/product"}],"about":[{"href":"https:\/\/bekleidungscenter.com\/index.php?rest_route=\/wp\/v2\/types\/product"}],"replies":[{"embeddable":true,"href":"https:\/\/bekleidungscenter.com\/index.php?rest_route=%2Fwp%2Fv2%2Fcomments&post=6852"}],"wp:featuredmedia":[{"embeddable":true,"href":"https:\/\/bekleidungscenter.com\/index.php?rest_route=\/wp\/v2\/media\/6853"}],"wp:attachment":[{"href":"https:\/\/bekleidungscenter.com\/index.php?rest_route=%2Fwp%2Fv2%2Fmedia&parent=6852"}],"wp:term":[{"taxonomy":"product_cat","embeddable":true,"href":"https:\/\/bekleidungscenter.com\/index.php?rest_route=%2Fwp%2Fv2%2Fproduct_cat&post=6852"},{"taxonomy":"product_tag","embeddable":true,"href":"https:\/\/bekleidungscenter.com\/index.php?rest_route=%2Fwp%2Fv2%2Fproduct_tag&post=6852"}],"curies":[{"name":"wp","href":"https:\/\/api.w.org\/{rel}","templated":true}]}}