{"id":6860,"date":"2021-01-03T18:10:12","date_gmt":"2021-01-03T18:10:12","guid":{"rendered":"http:\/\/bekleidungscenter.com\/?product=vaude-damen-womens-redmont-parka-jacke"},"modified":"2023-04-10T22:37:09","modified_gmt":"2023-04-10T22:37:09","slug":"vaude-damen-womens-redmont-parka-jacke","status":"publish","type":"product","link":"https:\/\/bekleidungscenter.com\/?product=vaude-damen-womens-redmont-parka-jacke","title":{"rendered":"VAUDE Damen Women&#8217;s Redmont Parka Jacke"},"content":{"rendered":"<p><!-- show up to 2 reviews by default --> <\/p>\n<p>Nachhaltiger Trendsetter im \u00dcbrigen perfekter Wetterschutz: Der l\u00e4ssige, weiter geschnittene Redmont Damenparka mit Hilfe von Kapuze im \u00dcbrigen verstellbaren Abschl\u00fcssen. Auf Grund die eingearbeitete, atmungsaktive Membran sch\u00fctzt dieser Tausendsasa vor Wind im \u00dcbrigen Regen. Die Eingrifftaschen k\u00f6nnen an dieser Stelle wahlweise von oben oder an der Seite bedient werden im \u00dcbrigen die Taillenverstellung passt sich aufgebraucht Figur an. Ein pflegeleichter, zuverl\u00e4ssiger Vorbehalt von Fr\u00fchjahr bis Herbst. Das VAUDE Green Shape-Label steht anstelle ein umweltfreundliches, funktionelles Handelsgut nicht mehr da nachhaltigen Materialien. <\/p>\n<p>Wetterschutzparka anstelle den modernen Stadtalltag, 2-Lagen Material<br \/>\npflegeleicht im \u00dcbrigen feuchtigkeitsregulierend, 2 Fronttaschen<br \/>\n100% Polyamid<br \/>\nRedmont Parka<br \/>\nModellnummer: 41864<br \/>\n2 RV Taschen an der Seite<br \/>\n1 Innentasche<br \/>\nteilelastisches \u00c4rmelb\u00fcndchen<br \/>\n<div class=\"main-cross-sell\" data-asin=\"B07XMFCSRF\">\n\n\t<div class=\"WooZone-cross-sell-loader\">\n\t\t<div>\n\t\t\t<div id=\"floatingBarsG\">\n\t\t\t\t<div class=\"blockG\" id=\"rotateG_01\"><\/div>\n\t\t\t\t<div class=\"blockG\" id=\"rotateG_02\"><\/div>\n\t\t\t\t<div class=\"blockG\" id=\"rotateG_03\"><\/div>\n\t\t\t\t<div class=\"blockG\" id=\"rotateG_04\"><\/div>\n\t\t\t\t<div class=\"blockG\" id=\"rotateG_05\"><\/div>\n\t\t\t\t<div class=\"blockG\" id=\"rotateG_06\"><\/div>\n\t\t\t\t<div class=\"blockG\" id=\"rotateG_07\"><\/div>\n\t\t\t\t<div class=\"blockG\" id=\"rotateG_08\"><\/div>\n\t\t\t<\/div>\n\t\t\t<div class=\"WooZone-cross-sell-loader-text\"><\/div>\n\t\t<\/div>\n\t<\/div>\n\n\t\t\n<\/div>\n<div style=\"clear:both;\"><\/div><\/p>\n","protected":false},"excerpt":{"rendered":"<p>Wetterschutzparka f\u00fcr den modernen Stadtalltag, 2-Lagen Material<br \/>\npflegeleicht und feuchtigkeitsregulierend, 2 Fronttaschen<br \/>\n100% Polyamid<\/p>\n","protected":false},"featured_media":6861,"comment_status":"open","ping_status":"closed","template":"","meta":[],"product_cat":[133,119],"product_tag":[],"yoast_head":"<!-- This site is optimized with the Yoast SEO plugin v20.6 - https:\/\/yoast.com\/wordpress\/plugins\/seo\/ -->\n<title>VAUDE Damen Women&#039;s Redmont Parka Jacke - FamilienMode<\/title>\n<meta name=\"robots\" content=\"index, follow, max-snippet:-1, max-image-preview:large, max-video-preview:-1\" \/>\n<link rel=\"canonical\" href=\"https:\/\/bekleidungscenter.com\/?product=vaude-damen-womens-redmont-parka-jacke\" \/>\n<meta property=\"og:locale\" content=\"de_DE\" \/>\n<meta property=\"og:type\" content=\"article\" \/>\n<meta property=\"og:title\" content=\"VAUDE Damen Women&#039;s Redmont Parka Jacke - FamilienMode\" \/>\n<meta property=\"og:description\" content=\"Wetterschutzparka f\u00fcr den modernen Stadtalltag, 2-Lagen Material pflegeleicht und feuchtigkeitsregulierend, 2 Fronttaschen 100% Polyamid\" \/>\n<meta property=\"og:url\" content=\"https:\/\/bekleidungscenter.com\/?product=vaude-damen-womens-redmont-parka-jacke\" \/>\n<meta property=\"og:site_name\" content=\"FamilienMode\" \/>\n<meta property=\"article:modified_time\" content=\"2023-04-10T22:37:09+00:00\" \/>\n<meta property=\"og:image\" content=\"https:\/\/images-na.ssl-images-amazon.com\/images\/I\/41xt92g8bdL.jpg\" \/>\n\t<meta property=\"og:image:width\" content=\"500\" \/>\n\t<meta property=\"og:image:height\" content=\"500\" \/>\n\t<meta property=\"og:image:type\" content=\"image\/jpeg\" \/>\n<meta name=\"twitter:card\" content=\"summary_large_image\" \/>\n<meta name=\"twitter:label1\" content=\"Gesch\u00e4tzte Lesezeit\" \/>\n\t<meta name=\"twitter:data1\" content=\"1\u00a0Minute\" \/>\n<script type=\"application\/ld+json\" class=\"yoast-schema-graph\">{\"@context\":\"https:\/\/schema.org\",\"@graph\":[{\"@type\":\"WebPage\",\"@id\":\"https:\/\/bekleidungscenter.com\/?product=vaude-damen-womens-redmont-parka-jacke\",\"url\":\"https:\/\/bekleidungscenter.com\/?product=vaude-damen-womens-redmont-parka-jacke\",\"name\":\"VAUDE Damen Women's Redmont Parka Jacke - FamilienMode\",\"isPartOf\":{\"@id\":\"https:\/\/bekleidungscenter.com\/#website\"},\"datePublished\":\"2021-01-03T18:10:12+00:00\",\"dateModified\":\"2023-04-10T22:37:09+00:00\",\"breadcrumb\":{\"@id\":\"https:\/\/bekleidungscenter.com\/?product=vaude-damen-womens-redmont-parka-jacke#breadcrumb\"},\"inLanguage\":\"de\",\"potentialAction\":[{\"@type\":\"ReadAction\",\"target\":[\"https:\/\/bekleidungscenter.com\/?product=vaude-damen-womens-redmont-parka-jacke\"]}]},{\"@type\":\"BreadcrumbList\",\"@id\":\"https:\/\/bekleidungscenter.com\/?product=vaude-damen-womens-redmont-parka-jacke#breadcrumb\",\"itemListElement\":[{\"@type\":\"ListItem\",\"position\":1,\"name\":\"Home\",\"item\":\"https:\/\/bekleidungscenter.com\/\"},{\"@type\":\"ListItem\",\"position\":2,\"name\":\"Shop\",\"item\":\"https:\/\/bekleidungscenter.com\/?page_id=7\"},{\"@type\":\"ListItem\",\"position\":3,\"name\":\"VAUDE Damen Women&#8217;s Redmont Parka Jacke\"}]},{\"@type\":\"WebSite\",\"@id\":\"https:\/\/bekleidungscenter.com\/#website\",\"url\":\"https:\/\/bekleidungscenter.com\/\",\"name\":\"FamilienMode\",\"description\":\"Alles f\u00fcr die ganze Familie\",\"potentialAction\":[{\"@type\":\"SearchAction\",\"target\":{\"@type\":\"EntryPoint\",\"urlTemplate\":\"https:\/\/bekleidungscenter.com\/?s={search_term_string}\"},\"query-input\":\"required name=search_term_string\"}],\"inLanguage\":\"de\"}]}<\/script>\n<!-- \/ Yoast SEO plugin. -->","yoast_head_json":{"title":"VAUDE Damen Women's Redmont Parka Jacke - FamilienMode","robots":{"index":"index","follow":"follow","max-snippet":"max-snippet:-1","max-image-preview":"max-image-preview:large","max-video-preview":"max-video-preview:-1"},"canonical":"https:\/\/bekleidungscenter.com\/?product=vaude-damen-womens-redmont-parka-jacke","og_locale":"de_DE","og_type":"article","og_title":"VAUDE Damen Women's Redmont Parka Jacke - FamilienMode","og_description":"Wetterschutzparka f\u00fcr den modernen Stadtalltag, 2-Lagen Material pflegeleicht und feuchtigkeitsregulierend, 2 Fronttaschen 100% Polyamid","og_url":"https:\/\/bekleidungscenter.com\/?product=vaude-damen-womens-redmont-parka-jacke","og_site_name":"FamilienMode","article_modified_time":"2023-04-10T22:37:09+00:00","og_image":[{"width":500,"height":500,"url":"https:\/\/images-na.ssl-images-amazon.com\/images\/I\/41xt92g8bdL.jpg","type":"image\/jpeg"}],"twitter_card":"summary_large_image","twitter_misc":{"Gesch\u00e4tzte Lesezeit":"1\u00a0Minute"},"schema":{"@context":"https:\/\/schema.org","@graph":[{"@type":"WebPage","@id":"https:\/\/bekleidungscenter.com\/?product=vaude-damen-womens-redmont-parka-jacke","url":"https:\/\/bekleidungscenter.com\/?product=vaude-damen-womens-redmont-parka-jacke","name":"VAUDE Damen Women's Redmont Parka Jacke - FamilienMode","isPartOf":{"@id":"https:\/\/bekleidungscenter.com\/#website"},"datePublished":"2021-01-03T18:10:12+00:00","dateModified":"2023-04-10T22:37:09+00:00","breadcrumb":{"@id":"https:\/\/bekleidungscenter.com\/?product=vaude-damen-womens-redmont-parka-jacke#breadcrumb"},"inLanguage":"de","potentialAction":[{"@type":"ReadAction","target":["https:\/\/bekleidungscenter.com\/?product=vaude-damen-womens-redmont-parka-jacke"]}]},{"@type":"BreadcrumbList","@id":"https:\/\/bekleidungscenter.com\/?product=vaude-damen-womens-redmont-parka-jacke#breadcrumb","itemListElement":[{"@type":"ListItem","position":1,"name":"Home","item":"https:\/\/bekleidungscenter.com\/"},{"@type":"ListItem","position":2,"name":"Shop","item":"https:\/\/bekleidungscenter.com\/?page_id=7"},{"@type":"ListItem","position":3,"name":"VAUDE Damen Women&#8217;s Redmont Parka Jacke"}]},{"@type":"WebSite","@id":"https:\/\/bekleidungscenter.com\/#website","url":"https:\/\/bekleidungscenter.com\/","name":"FamilienMode","description":"Alles f\u00fcr die ganze Familie","potentialAction":[{"@type":"SearchAction","target":{"@type":"EntryPoint","urlTemplate":"https:\/\/bekleidungscenter.com\/?s={search_term_string}"},"query-input":"required name=search_term_string"}],"inLanguage":"de"}]}},"_links":{"self":[{"href":"https:\/\/bekleidungscenter.com\/index.php?rest_route=\/wp\/v2\/product\/6860"}],"collection":[{"href":"https:\/\/bekleidungscenter.com\/index.php?rest_route=\/wp\/v2\/product"}],"about":[{"href":"https:\/\/bekleidungscenter.com\/index.php?rest_route=\/wp\/v2\/types\/product"}],"replies":[{"embeddable":true,"href":"https:\/\/bekleidungscenter.com\/index.php?rest_route=%2Fwp%2Fv2%2Fcomments&post=6860"}],"wp:featuredmedia":[{"embeddable":true,"href":"https:\/\/bekleidungscenter.com\/index.php?rest_route=\/wp\/v2\/media\/6861"}],"wp:attachment":[{"href":"https:\/\/bekleidungscenter.com\/index.php?rest_route=%2Fwp%2Fv2%2Fmedia&parent=6860"}],"wp:term":[{"taxonomy":"product_cat","embeddable":true,"href":"https:\/\/bekleidungscenter.com\/index.php?rest_route=%2Fwp%2Fv2%2Fproduct_cat&post=6860"},{"taxonomy":"product_tag","embeddable":true,"href":"https:\/\/bekleidungscenter.com\/index.php?rest_route=%2Fwp%2Fv2%2Fproduct_tag&post=6860"}],"curies":[{"name":"wp","href":"https:\/\/api.w.org\/{rel}","templated":true}]}}