{"id":6868,"date":"2021-01-03T18:10:18","date_gmt":"2021-01-03T18:10:18","guid":{"rendered":"http:\/\/bekleidungscenter.com\/?product=geographical-norway-damen-winterjacke-daleo-stepp-jacke-mit-fellkapuze"},"modified":"2023-04-10T22:37:09","modified_gmt":"2023-04-10T22:37:09","slug":"geographical-norway-damen-winterjacke-daleo-stepp-jacke-mit-fellkapuze","status":"publish","type":"product","link":"https:\/\/bekleidungscenter.com\/?product=geographical-norway-damen-winterjacke-daleo-stepp-jacke-mit-fellkapuze","title":{"rendered":"Geographical Norway Damen Winterjacke Daleo Stepp-Jacke mit Fellkapuze"},"content":{"rendered":"<p><!-- show up to 2 reviews by default --> <\/p>\n<p> gesteppte Winterjacke anstatt Damen von Geographical Norway<br \/>angesagtes Design mit modischen Raffinessen<br \/>ein fantastisches Keypiece anstatt kalte Tage<br \/>wind- und k\u00e4lteabweisend<br \/>Regular Fit &#8211; normale Passform<br \/>Stehkragen mit fixierter Kapuze<br \/>Kapuze mit abtrennbarem Kunstfellbesatz und Druckknopfverschluss mit zus\u00e4tzlichem Filzriegel<br \/>hochschlie\u00dfender 2-Wege-Frontrei\u00dfverschluss mit Druckknopfblende<br \/>schr\u00e4ge Einschubtaschen mit Zipper und Firzumrandung<br \/>\u00c4rmelenden mit elastischem Rippmaterial<br \/>Ellbogenpatches jedweder Filz<br \/>unifarben<br \/>diverse Logoapplikationen<br \/>w\u00e4rmende Qualit\u00e4t<br \/>Handw\u00e4sche empfohlen<br \/>Material: Obermaterial: 100% Polyester, Futter\/ F\u00fcllung: 100% Polyester, Kunstfell: 100% Polyacryl<\/p>\n<p>andauernd bestens gew\u00e4rmt und stets top gestylt \u2013 mit dem Kapuzenparka kein Problem, ein super Basic an kalten Tagen<br \/>\nRegular Fit \u2013 normale Passform, antaillierter Schnitt, h\u00fcftlang<br \/>\nLangarm<br \/>\nObermaterial: 100% Polyester, Futter\/ F\u00fcllung: 100% Polyester, Kunstfell: 100% Polyacryl<br \/>\nSteppjacke<br \/>\nPflegehinweis: Handw\u00e4sche empfohlen<br \/>\nModellnummer: WR630F\/GN<br \/>\ntolles Design, unz\u00e4hlige Styling-Varianten, perfekt anstatt Jung und Antiquarisch, trendy Casual-Stil,andauernd trunken neuartig, anstatt jede Gelegenheit ein w\u00e4rmender Begleiter<br \/>\nVerschluss durch Kn\u00f6pfe und Rei\u00dfverschluss, abtrennbarer Kunstfellrand, 2 Taschen vorn, Filzapplikationen, zeitloses Design, leicht zu schlie\u00dfen<br \/>\nbeste Qualit\u00e4t, hochwertige T\u00e4tigung, unschlagbares Steuer-Leistungs-Bettgeschichte<br \/>\n<div class=\"main-cross-sell\" data-asin=\"B07XL3CP2S\">\n\n\t<div class=\"WooZone-cross-sell-loader\">\n\t\t<div>\n\t\t\t<div id=\"floatingBarsG\">\n\t\t\t\t<div class=\"blockG\" id=\"rotateG_01\"><\/div>\n\t\t\t\t<div class=\"blockG\" id=\"rotateG_02\"><\/div>\n\t\t\t\t<div class=\"blockG\" id=\"rotateG_03\"><\/div>\n\t\t\t\t<div class=\"blockG\" id=\"rotateG_04\"><\/div>\n\t\t\t\t<div class=\"blockG\" id=\"rotateG_05\"><\/div>\n\t\t\t\t<div class=\"blockG\" id=\"rotateG_06\"><\/div>\n\t\t\t\t<div class=\"blockG\" id=\"rotateG_07\"><\/div>\n\t\t\t\t<div class=\"blockG\" id=\"rotateG_08\"><\/div>\n\t\t\t<\/div>\n\t\t\t<div class=\"WooZone-cross-sell-loader-text\"><\/div>\n\t\t<\/div>\n\t<\/div>\n\n\t\t\n<\/div>\n<div style=\"clear:both;\"><\/div><\/p>\n","protected":false},"excerpt":{"rendered":"<p>immer bestens gew\u00e4rmt und stets top gestylt \u2013 mit dem Kapuzenparka kein Problem, ein super Basic an kalten Tagen<br \/>\nRegular Fit \u2013 normale Passform, antaillierter Schnitt, h\u00fcftlang<br \/>\nLangarm<\/p>\n","protected":false},"featured_media":6869,"comment_status":"open","ping_status":"closed","template":"","meta":[],"product_cat":[133,119],"product_tag":[],"yoast_head":"<!-- This site is optimized with the Yoast SEO plugin v20.6 - https:\/\/yoast.com\/wordpress\/plugins\/seo\/ -->\n<title>Geographical Norway Damen Winterjacke Daleo Stepp-Jacke mit Fellkapuze - FamilienMode<\/title>\n<meta name=\"robots\" content=\"index, follow, max-snippet:-1, max-image-preview:large, max-video-preview:-1\" \/>\n<link rel=\"canonical\" href=\"https:\/\/bekleidungscenter.com\/?product=geographical-norway-damen-winterjacke-daleo-stepp-jacke-mit-fellkapuze\" \/>\n<meta property=\"og:locale\" content=\"de_DE\" \/>\n<meta property=\"og:type\" content=\"article\" \/>\n<meta property=\"og:title\" content=\"Geographical Norway Damen Winterjacke Daleo Stepp-Jacke mit Fellkapuze - FamilienMode\" \/>\n<meta property=\"og:description\" content=\"immer bestens gew\u00e4rmt und stets top gestylt \u2013 mit dem Kapuzenparka kein Problem, ein super Basic an kalten Tagen Regular Fit \u2013 normale Passform, antaillierter Schnitt, h\u00fcftlang Langarm\" \/>\n<meta property=\"og:url\" content=\"https:\/\/bekleidungscenter.com\/?product=geographical-norway-damen-winterjacke-daleo-stepp-jacke-mit-fellkapuze\" \/>\n<meta property=\"og:site_name\" content=\"FamilienMode\" \/>\n<meta property=\"article:modified_time\" content=\"2023-04-10T22:37:09+00:00\" \/>\n<meta property=\"og:image\" content=\"https:\/\/images-na.ssl-images-amazon.com\/images\/I\/41Ykh0eB4DL.jpg\" \/>\n\t<meta property=\"og:image:width\" content=\"500\" \/>\n\t<meta property=\"og:image:height\" content=\"500\" \/>\n\t<meta property=\"og:image:type\" content=\"image\/jpeg\" \/>\n<meta name=\"twitter:card\" content=\"summary_large_image\" \/>\n<meta name=\"twitter:label1\" content=\"Gesch\u00e4tzte Lesezeit\" \/>\n\t<meta name=\"twitter:data1\" content=\"1\u00a0Minute\" \/>\n<script type=\"application\/ld+json\" class=\"yoast-schema-graph\">{\"@context\":\"https:\/\/schema.org\",\"@graph\":[{\"@type\":\"WebPage\",\"@id\":\"https:\/\/bekleidungscenter.com\/?product=geographical-norway-damen-winterjacke-daleo-stepp-jacke-mit-fellkapuze\",\"url\":\"https:\/\/bekleidungscenter.com\/?product=geographical-norway-damen-winterjacke-daleo-stepp-jacke-mit-fellkapuze\",\"name\":\"Geographical Norway Damen Winterjacke Daleo Stepp-Jacke mit Fellkapuze - FamilienMode\",\"isPartOf\":{\"@id\":\"https:\/\/bekleidungscenter.com\/#website\"},\"datePublished\":\"2021-01-03T18:10:18+00:00\",\"dateModified\":\"2023-04-10T22:37:09+00:00\",\"breadcrumb\":{\"@id\":\"https:\/\/bekleidungscenter.com\/?product=geographical-norway-damen-winterjacke-daleo-stepp-jacke-mit-fellkapuze#breadcrumb\"},\"inLanguage\":\"de\",\"potentialAction\":[{\"@type\":\"ReadAction\",\"target\":[\"https:\/\/bekleidungscenter.com\/?product=geographical-norway-damen-winterjacke-daleo-stepp-jacke-mit-fellkapuze\"]}]},{\"@type\":\"BreadcrumbList\",\"@id\":\"https:\/\/bekleidungscenter.com\/?product=geographical-norway-damen-winterjacke-daleo-stepp-jacke-mit-fellkapuze#breadcrumb\",\"itemListElement\":[{\"@type\":\"ListItem\",\"position\":1,\"name\":\"Home\",\"item\":\"https:\/\/bekleidungscenter.com\/\"},{\"@type\":\"ListItem\",\"position\":2,\"name\":\"Shop\",\"item\":\"https:\/\/bekleidungscenter.com\/?page_id=7\"},{\"@type\":\"ListItem\",\"position\":3,\"name\":\"Geographical Norway Damen Winterjacke Daleo Stepp-Jacke mit Fellkapuze\"}]},{\"@type\":\"WebSite\",\"@id\":\"https:\/\/bekleidungscenter.com\/#website\",\"url\":\"https:\/\/bekleidungscenter.com\/\",\"name\":\"FamilienMode\",\"description\":\"Alles f\u00fcr die ganze Familie\",\"potentialAction\":[{\"@type\":\"SearchAction\",\"target\":{\"@type\":\"EntryPoint\",\"urlTemplate\":\"https:\/\/bekleidungscenter.com\/?s={search_term_string}\"},\"query-input\":\"required name=search_term_string\"}],\"inLanguage\":\"de\"}]}<\/script>\n<!-- \/ Yoast SEO plugin. -->","yoast_head_json":{"title":"Geographical Norway Damen Winterjacke Daleo Stepp-Jacke mit Fellkapuze - FamilienMode","robots":{"index":"index","follow":"follow","max-snippet":"max-snippet:-1","max-image-preview":"max-image-preview:large","max-video-preview":"max-video-preview:-1"},"canonical":"https:\/\/bekleidungscenter.com\/?product=geographical-norway-damen-winterjacke-daleo-stepp-jacke-mit-fellkapuze","og_locale":"de_DE","og_type":"article","og_title":"Geographical Norway Damen Winterjacke Daleo Stepp-Jacke mit Fellkapuze - FamilienMode","og_description":"immer bestens gew\u00e4rmt und stets top gestylt \u2013 mit dem Kapuzenparka kein Problem, ein super Basic an kalten Tagen Regular Fit \u2013 normale Passform, antaillierter Schnitt, h\u00fcftlang Langarm","og_url":"https:\/\/bekleidungscenter.com\/?product=geographical-norway-damen-winterjacke-daleo-stepp-jacke-mit-fellkapuze","og_site_name":"FamilienMode","article_modified_time":"2023-04-10T22:37:09+00:00","og_image":[{"width":500,"height":500,"url":"https:\/\/images-na.ssl-images-amazon.com\/images\/I\/41Ykh0eB4DL.jpg","type":"image\/jpeg"}],"twitter_card":"summary_large_image","twitter_misc":{"Gesch\u00e4tzte Lesezeit":"1\u00a0Minute"},"schema":{"@context":"https:\/\/schema.org","@graph":[{"@type":"WebPage","@id":"https:\/\/bekleidungscenter.com\/?product=geographical-norway-damen-winterjacke-daleo-stepp-jacke-mit-fellkapuze","url":"https:\/\/bekleidungscenter.com\/?product=geographical-norway-damen-winterjacke-daleo-stepp-jacke-mit-fellkapuze","name":"Geographical Norway Damen Winterjacke Daleo Stepp-Jacke mit Fellkapuze - FamilienMode","isPartOf":{"@id":"https:\/\/bekleidungscenter.com\/#website"},"datePublished":"2021-01-03T18:10:18+00:00","dateModified":"2023-04-10T22:37:09+00:00","breadcrumb":{"@id":"https:\/\/bekleidungscenter.com\/?product=geographical-norway-damen-winterjacke-daleo-stepp-jacke-mit-fellkapuze#breadcrumb"},"inLanguage":"de","potentialAction":[{"@type":"ReadAction","target":["https:\/\/bekleidungscenter.com\/?product=geographical-norway-damen-winterjacke-daleo-stepp-jacke-mit-fellkapuze"]}]},{"@type":"BreadcrumbList","@id":"https:\/\/bekleidungscenter.com\/?product=geographical-norway-damen-winterjacke-daleo-stepp-jacke-mit-fellkapuze#breadcrumb","itemListElement":[{"@type":"ListItem","position":1,"name":"Home","item":"https:\/\/bekleidungscenter.com\/"},{"@type":"ListItem","position":2,"name":"Shop","item":"https:\/\/bekleidungscenter.com\/?page_id=7"},{"@type":"ListItem","position":3,"name":"Geographical Norway Damen Winterjacke Daleo Stepp-Jacke mit Fellkapuze"}]},{"@type":"WebSite","@id":"https:\/\/bekleidungscenter.com\/#website","url":"https:\/\/bekleidungscenter.com\/","name":"FamilienMode","description":"Alles f\u00fcr die ganze Familie","potentialAction":[{"@type":"SearchAction","target":{"@type":"EntryPoint","urlTemplate":"https:\/\/bekleidungscenter.com\/?s={search_term_string}"},"query-input":"required name=search_term_string"}],"inLanguage":"de"}]}},"_links":{"self":[{"href":"https:\/\/bekleidungscenter.com\/index.php?rest_route=\/wp\/v2\/product\/6868"}],"collection":[{"href":"https:\/\/bekleidungscenter.com\/index.php?rest_route=\/wp\/v2\/product"}],"about":[{"href":"https:\/\/bekleidungscenter.com\/index.php?rest_route=\/wp\/v2\/types\/product"}],"replies":[{"embeddable":true,"href":"https:\/\/bekleidungscenter.com\/index.php?rest_route=%2Fwp%2Fv2%2Fcomments&post=6868"}],"wp:featuredmedia":[{"embeddable":true,"href":"https:\/\/bekleidungscenter.com\/index.php?rest_route=\/wp\/v2\/media\/6869"}],"wp:attachment":[{"href":"https:\/\/bekleidungscenter.com\/index.php?rest_route=%2Fwp%2Fv2%2Fmedia&parent=6868"}],"wp:term":[{"taxonomy":"product_cat","embeddable":true,"href":"https:\/\/bekleidungscenter.com\/index.php?rest_route=%2Fwp%2Fv2%2Fproduct_cat&post=6868"},{"taxonomy":"product_tag","embeddable":true,"href":"https:\/\/bekleidungscenter.com\/index.php?rest_route=%2Fwp%2Fv2%2Fproduct_tag&post=6868"}],"curies":[{"name":"wp","href":"https:\/\/api.w.org\/{rel}","templated":true}]}}