{"id":6872,"date":"2021-01-03T18:10:21","date_gmt":"2021-01-03T18:10:21","guid":{"rendered":"http:\/\/bekleidungscenter.com\/?product=oxmo-tilla-damen-uebergangsjacke-jacke"},"modified":"2023-04-10T22:37:09","modified_gmt":"2023-04-10T22:37:09","slug":"oxmo-tilla-damen-uebergangsjacke-jacke","status":"publish","type":"product","link":"https:\/\/bekleidungscenter.com\/?product=oxmo-tilla-damen-uebergangsjacke-jacke","title":{"rendered":"OXMO Tilla Damen \u00dcbergangsjacke leichte Jacke mit Kapuze, Gr\u00f6\u00dfe:S, Farbe:Lavender (1370)"},"content":{"rendered":"<p><!-- show up to 2 reviews by default --> <\/p>\n<\/p>\n<ul>\n<li>DETAILS &amp; HIGHLIGHTS: mittelschwer gef\u00fcttert, gef\u00fctterte Kapuze mit verstellbarem Tunnelzug, taillierter Schnitt, zwei Eingriffstaschen (Knopf), elastischer Saum und verdeckte \u00c4rmelb\u00fcndchen, Kunstleder-Logopatch auf der Brust<\/li>\n<li>PASSFORM: Regular Fit &#8211; unser Model ist 1,77m gro\u00df und tr\u00e4gt die Gr\u00f6\u00dfe S (Small). Tr\u00e4gst du f\u00fcr typischerweise eine Gr\u00f6\u00dfe S? Dann ist diese alias von uns ideal f\u00fcr dich!<\/li>\n<li>NACHHALTIGKEIT: Die verantwortungsvolle Nutzung von nat\u00fcrlichen Ressourcen liegt uns am Herzen! Ungeachtet ackern wir mit recycelten Versand- und Verpackungsmaterialien und produzieren die meisten unserer Styles unter den Bedingungen der BETTER COTTON INITIATIVE, die sich weltweit f\u00fcr nachhaltig produzierte Baumwolle einsetzt.<\/li>\n<li>Genau qua eine sch\u00f6n warme Winterjacke oder eine wasserdichte Regenjacke, geh\u00f6rt eine sportliche, leichte \u00dcbergangsjacke in deinen Kleiderschrank.<\/li>\n<li>Du kannst diese hochwertig verarbeitete Damenjacke sowohl wie Herbstjacke, wie alias im Fr\u00fchjahr, oder wie leichte Winterjacke befestigen. Ob sportlich mit T-Shirt und Jeans kombiniert, oder mit einer Chino und aussenden Oberteilen qua einer Bluse gestylt, du siehst immerdar top bekleidet s\u00e4mtliche. Diese Jacke f\u00fcr den \u00dcbergang geh\u00f6rt einfach in jeden Kleiderschrank!<\/li>\n<\/ul>\n<\/p>\n<p>DETAILS &amp; HIGHLIGHTS: mittelschwer gef\u00fcttert, gef\u00fctterte Kapuze mit verstellbarem Tunnelzug, taillierter Schnitt, zwei Eingriffstaschen (Knopf), elastischer Saum und verdeckte \u00c4rmelb\u00fcndchen, Kunstleder-Logopatch auf der Brust<br \/>\nPASSFORM: Regular Fit &#8211; unser Model ist 1,77m gro\u00df und tr\u00e4gt die Gr\u00f6\u00dfe S (Small). Tr\u00e4gst du f\u00fcr typischerweise eine Gr\u00f6\u00dfe S? Dann ist diese alias von uns ideal f\u00fcr dich!<br \/>\nMATERIALZUSAMMENSETZUNG: 65% Polyester, 35% Baumwolle<br \/>\nBlouson<br \/>\nNACHHALTIGKEIT: Die verantwortungsvolle Nutzung von nat\u00fcrlichen Ressourcen liegt uns am Herzen! Ungeachtet ackern wir mit recycelten Versand- und Verpackungsmaterialien und produzieren die meisten unserer Styles unter den Bedingungen der BETTER COTTON INITIATIVE, die sich weltweit f\u00fcr nachhaltig produzierte Baumwolle einsetzt.<br \/>\nRichtig qua eine sch\u00f6n warme Winterjacke oder eine wasserdichte Regenjacke, geh\u00f6rt eine sportliche, leichte \u00dcbergangsjacke in deinen Kleiderschrank.<br \/>\nDu kannst diese hochwertig verarbeitete Damenjacke sowohl wie Herbstjacke, wie alias im Fr\u00fchjahr, oder wie leichte Winterjacke befestigen. Ob sportlich mit T-Shirt und Jeans kombiniert, oder mit einer Chino und aussenden Oberteilen qua einer Bluse gestylt, du siehst immerdar top bekleidet s\u00e4mtliche. Diese Jacke f\u00fcr den \u00dcbergang geh\u00f6rt einfach in jeden Kleiderschrank!<br \/>\n<div class=\"main-cross-sell\" data-asin=\"B075VB1NJ2\">\n\n\t<div class=\"WooZone-cross-sell-loader\">\n\t\t<div>\n\t\t\t<div id=\"floatingBarsG\">\n\t\t\t\t<div class=\"blockG\" id=\"rotateG_01\"><\/div>\n\t\t\t\t<div class=\"blockG\" id=\"rotateG_02\"><\/div>\n\t\t\t\t<div class=\"blockG\" id=\"rotateG_03\"><\/div>\n\t\t\t\t<div class=\"blockG\" id=\"rotateG_04\"><\/div>\n\t\t\t\t<div class=\"blockG\" id=\"rotateG_05\"><\/div>\n\t\t\t\t<div class=\"blockG\" id=\"rotateG_06\"><\/div>\n\t\t\t\t<div class=\"blockG\" id=\"rotateG_07\"><\/div>\n\t\t\t\t<div class=\"blockG\" id=\"rotateG_08\"><\/div>\n\t\t\t<\/div>\n\t\t\t<div class=\"WooZone-cross-sell-loader-text\"><\/div>\n\t\t<\/div>\n\t<\/div>\n\n\t\t\n<\/div>\n<div style=\"clear:both;\"><\/div><\/p>\n","protected":false},"excerpt":{"rendered":"<p>DETAILS &amp; HIGHLIGHTS: mittelschwer gef\u00fcttert, gef\u00fctterte Kapuze mit verstellbarem Tunnelzug, taillierter Schnitt, zwei Eingriffstaschen (Knopf), elastischer Saum und verdeckte \u00c4rmelb\u00fcndchen, Kunstleder-Logopatch auf der Brust<br \/>\nPASSFORM: Regular Fit &#8211; unser Model ist 1,77m gro\u00df und tr\u00e4gt die Gr\u00f6\u00dfe S (Small). Tr\u00e4gst du f\u00fcr gew\u00f6hnlich eine Gr\u00f6\u00dfe S? Dann ist diese auch von uns ideal f\u00fcr dich!<br \/>\nMATERIALZUSAMMENSETZUNG: 65% Polyester, 35% Baumwolle<\/p>\n","protected":false},"featured_media":6873,"comment_status":"open","ping_status":"closed","template":"","meta":[],"product_cat":[133,119],"product_tag":[],"yoast_head":"<!-- This site is optimized with the Yoast SEO plugin v20.6 - https:\/\/yoast.com\/wordpress\/plugins\/seo\/ -->\n<title>OXMO Tilla Damen \u00dcbergangsjacke leichte Jacke mit Kapuze, Gr\u00f6\u00dfe:S, Farbe:Lavender (1370) - FamilienMode<\/title>\n<meta name=\"robots\" content=\"index, follow, max-snippet:-1, max-image-preview:large, max-video-preview:-1\" \/>\n<link rel=\"canonical\" href=\"https:\/\/bekleidungscenter.com\/?product=oxmo-tilla-damen-uebergangsjacke-jacke\" \/>\n<meta property=\"og:locale\" content=\"de_DE\" \/>\n<meta property=\"og:type\" content=\"article\" \/>\n<meta property=\"og:title\" content=\"OXMO Tilla Damen \u00dcbergangsjacke leichte Jacke mit Kapuze, Gr\u00f6\u00dfe:S, Farbe:Lavender (1370) - FamilienMode\" \/>\n<meta property=\"og:description\" content=\"DETAILS &amp; HIGHLIGHTS: mittelschwer gef\u00fcttert, gef\u00fctterte Kapuze mit verstellbarem Tunnelzug, taillierter Schnitt, zwei Eingriffstaschen (Knopf), elastischer Saum und verdeckte \u00c4rmelb\u00fcndchen, Kunstleder-Logopatch auf der Brust PASSFORM: Regular Fit - unser Model ist 1,77m gro\u00df und tr\u00e4gt die Gr\u00f6\u00dfe S (Small). Tr\u00e4gst du f\u00fcr gew\u00f6hnlich eine Gr\u00f6\u00dfe S? Dann ist diese auch von uns ideal f\u00fcr dich! MATERIALZUSAMMENSETZUNG: 65% Polyester, 35% Baumwolle\" \/>\n<meta property=\"og:url\" content=\"https:\/\/bekleidungscenter.com\/?product=oxmo-tilla-damen-uebergangsjacke-jacke\" \/>\n<meta property=\"og:site_name\" content=\"FamilienMode\" \/>\n<meta property=\"article:modified_time\" content=\"2023-04-10T22:37:09+00:00\" \/>\n<meta property=\"og:image\" content=\"https:\/\/images-na.ssl-images-amazon.com\/images\/I\/41cH5jyxA%2BL.jpg\" \/>\n\t<meta property=\"og:image:width\" content=\"500\" \/>\n\t<meta property=\"og:image:height\" content=\"500\" \/>\n\t<meta property=\"og:image:type\" content=\"image\/jpeg\" \/>\n<meta name=\"twitter:card\" content=\"summary_large_image\" \/>\n<meta name=\"twitter:label1\" content=\"Gesch\u00e4tzte Lesezeit\" \/>\n\t<meta name=\"twitter:data1\" content=\"2\u00a0Minuten\" \/>\n<script type=\"application\/ld+json\" class=\"yoast-schema-graph\">{\"@context\":\"https:\/\/schema.org\",\"@graph\":[{\"@type\":\"WebPage\",\"@id\":\"https:\/\/bekleidungscenter.com\/?product=oxmo-tilla-damen-uebergangsjacke-jacke\",\"url\":\"https:\/\/bekleidungscenter.com\/?product=oxmo-tilla-damen-uebergangsjacke-jacke\",\"name\":\"OXMO Tilla Damen \u00dcbergangsjacke leichte Jacke mit Kapuze, Gr\u00f6\u00dfe:S, Farbe:Lavender (1370) - FamilienMode\",\"isPartOf\":{\"@id\":\"https:\/\/bekleidungscenter.com\/#website\"},\"datePublished\":\"2021-01-03T18:10:21+00:00\",\"dateModified\":\"2023-04-10T22:37:09+00:00\",\"breadcrumb\":{\"@id\":\"https:\/\/bekleidungscenter.com\/?product=oxmo-tilla-damen-uebergangsjacke-jacke#breadcrumb\"},\"inLanguage\":\"de\",\"potentialAction\":[{\"@type\":\"ReadAction\",\"target\":[\"https:\/\/bekleidungscenter.com\/?product=oxmo-tilla-damen-uebergangsjacke-jacke\"]}]},{\"@type\":\"BreadcrumbList\",\"@id\":\"https:\/\/bekleidungscenter.com\/?product=oxmo-tilla-damen-uebergangsjacke-jacke#breadcrumb\",\"itemListElement\":[{\"@type\":\"ListItem\",\"position\":1,\"name\":\"Home\",\"item\":\"https:\/\/bekleidungscenter.com\/\"},{\"@type\":\"ListItem\",\"position\":2,\"name\":\"Shop\",\"item\":\"https:\/\/bekleidungscenter.com\/?page_id=7\"},{\"@type\":\"ListItem\",\"position\":3,\"name\":\"OXMO Tilla Damen \u00dcbergangsjacke leichte Jacke mit Kapuze, Gr\u00f6\u00dfe:S, Farbe:Lavender (1370)\"}]},{\"@type\":\"WebSite\",\"@id\":\"https:\/\/bekleidungscenter.com\/#website\",\"url\":\"https:\/\/bekleidungscenter.com\/\",\"name\":\"FamilienMode\",\"description\":\"Alles f\u00fcr die ganze Familie\",\"potentialAction\":[{\"@type\":\"SearchAction\",\"target\":{\"@type\":\"EntryPoint\",\"urlTemplate\":\"https:\/\/bekleidungscenter.com\/?s={search_term_string}\"},\"query-input\":\"required name=search_term_string\"}],\"inLanguage\":\"de\"}]}<\/script>\n<!-- \/ Yoast SEO plugin. -->","yoast_head_json":{"title":"OXMO Tilla Damen \u00dcbergangsjacke leichte Jacke mit Kapuze, Gr\u00f6\u00dfe:S, Farbe:Lavender (1370) - FamilienMode","robots":{"index":"index","follow":"follow","max-snippet":"max-snippet:-1","max-image-preview":"max-image-preview:large","max-video-preview":"max-video-preview:-1"},"canonical":"https:\/\/bekleidungscenter.com\/?product=oxmo-tilla-damen-uebergangsjacke-jacke","og_locale":"de_DE","og_type":"article","og_title":"OXMO Tilla Damen \u00dcbergangsjacke leichte Jacke mit Kapuze, Gr\u00f6\u00dfe:S, Farbe:Lavender (1370) - FamilienMode","og_description":"DETAILS &amp; HIGHLIGHTS: mittelschwer gef\u00fcttert, gef\u00fctterte Kapuze mit verstellbarem Tunnelzug, taillierter Schnitt, zwei Eingriffstaschen (Knopf), elastischer Saum und verdeckte \u00c4rmelb\u00fcndchen, Kunstleder-Logopatch auf der Brust PASSFORM: Regular Fit - unser Model ist 1,77m gro\u00df und tr\u00e4gt die Gr\u00f6\u00dfe S (Small). Tr\u00e4gst du f\u00fcr gew\u00f6hnlich eine Gr\u00f6\u00dfe S? Dann ist diese auch von uns ideal f\u00fcr dich! MATERIALZUSAMMENSETZUNG: 65% Polyester, 35% Baumwolle","og_url":"https:\/\/bekleidungscenter.com\/?product=oxmo-tilla-damen-uebergangsjacke-jacke","og_site_name":"FamilienMode","article_modified_time":"2023-04-10T22:37:09+00:00","og_image":[{"width":500,"height":500,"url":"https:\/\/images-na.ssl-images-amazon.com\/images\/I\/41cH5jyxA%2BL.jpg","type":"image\/jpeg"}],"twitter_card":"summary_large_image","twitter_misc":{"Gesch\u00e4tzte Lesezeit":"2\u00a0Minuten"},"schema":{"@context":"https:\/\/schema.org","@graph":[{"@type":"WebPage","@id":"https:\/\/bekleidungscenter.com\/?product=oxmo-tilla-damen-uebergangsjacke-jacke","url":"https:\/\/bekleidungscenter.com\/?product=oxmo-tilla-damen-uebergangsjacke-jacke","name":"OXMO Tilla Damen \u00dcbergangsjacke leichte Jacke mit Kapuze, Gr\u00f6\u00dfe:S, Farbe:Lavender (1370) - FamilienMode","isPartOf":{"@id":"https:\/\/bekleidungscenter.com\/#website"},"datePublished":"2021-01-03T18:10:21+00:00","dateModified":"2023-04-10T22:37:09+00:00","breadcrumb":{"@id":"https:\/\/bekleidungscenter.com\/?product=oxmo-tilla-damen-uebergangsjacke-jacke#breadcrumb"},"inLanguage":"de","potentialAction":[{"@type":"ReadAction","target":["https:\/\/bekleidungscenter.com\/?product=oxmo-tilla-damen-uebergangsjacke-jacke"]}]},{"@type":"BreadcrumbList","@id":"https:\/\/bekleidungscenter.com\/?product=oxmo-tilla-damen-uebergangsjacke-jacke#breadcrumb","itemListElement":[{"@type":"ListItem","position":1,"name":"Home","item":"https:\/\/bekleidungscenter.com\/"},{"@type":"ListItem","position":2,"name":"Shop","item":"https:\/\/bekleidungscenter.com\/?page_id=7"},{"@type":"ListItem","position":3,"name":"OXMO Tilla Damen \u00dcbergangsjacke leichte Jacke mit Kapuze, Gr\u00f6\u00dfe:S, Farbe:Lavender (1370)"}]},{"@type":"WebSite","@id":"https:\/\/bekleidungscenter.com\/#website","url":"https:\/\/bekleidungscenter.com\/","name":"FamilienMode","description":"Alles f\u00fcr die ganze Familie","potentialAction":[{"@type":"SearchAction","target":{"@type":"EntryPoint","urlTemplate":"https:\/\/bekleidungscenter.com\/?s={search_term_string}"},"query-input":"required name=search_term_string"}],"inLanguage":"de"}]}},"_links":{"self":[{"href":"https:\/\/bekleidungscenter.com\/index.php?rest_route=\/wp\/v2\/product\/6872"}],"collection":[{"href":"https:\/\/bekleidungscenter.com\/index.php?rest_route=\/wp\/v2\/product"}],"about":[{"href":"https:\/\/bekleidungscenter.com\/index.php?rest_route=\/wp\/v2\/types\/product"}],"replies":[{"embeddable":true,"href":"https:\/\/bekleidungscenter.com\/index.php?rest_route=%2Fwp%2Fv2%2Fcomments&post=6872"}],"wp:featuredmedia":[{"embeddable":true,"href":"https:\/\/bekleidungscenter.com\/index.php?rest_route=\/wp\/v2\/media\/6873"}],"wp:attachment":[{"href":"https:\/\/bekleidungscenter.com\/index.php?rest_route=%2Fwp%2Fv2%2Fmedia&parent=6872"}],"wp:term":[{"taxonomy":"product_cat","embeddable":true,"href":"https:\/\/bekleidungscenter.com\/index.php?rest_route=%2Fwp%2Fv2%2Fproduct_cat&post=6872"},{"taxonomy":"product_tag","embeddable":true,"href":"https:\/\/bekleidungscenter.com\/index.php?rest_route=%2Fwp%2Fv2%2Fproduct_tag&post=6872"}],"curies":[{"name":"wp","href":"https:\/\/api.w.org\/{rel}","templated":true}]}}