{"id":6903,"date":"2021-01-03T18:10:44","date_gmt":"2021-01-03T18:10:44","guid":{"rendered":"http:\/\/bekleidungscenter.com\/?product=only-female-strickjacke-long"},"modified":"2023-04-10T22:37:10","modified_gmt":"2023-04-10T22:37:10","slug":"only-female-strickjacke-long","status":"publish","type":"product","link":"https:\/\/bekleidungscenter.com\/?product=only-female-strickjacke-long","title":{"rendered":"ONLY Female Strickjacke"},"content":{"rendered":"<p><!-- show up to 2 reviews by default --> <\/p>\n<p>ONLY ist eine internationale Modemarke anstatt junge Frauen. Heute sind wir eine der f\u00fchrenden Denim-Marken in Alte Welt. ONLY hat seinen Erfolg in Sachkunde und fundierte Erfahrung im Einzelhandel und Gro\u00dfhandel verwandelt und wird in mehr denn 4500 Filialen weltweit verkauft. Das NUR M\u00e4dchen sieht immerw\u00e4hrend erstaunlich in einer m\u00fchelosen Art und Weise! Mode ist ihre Leidenschaft \u2013 ein kreativer Kosmos, in dem sie mit unterschiedlichen Einstellungen, Gef\u00fchlen und Looks experimentieren kann. Sie definiert sich nicht in Bezug auf einen bestimmten Stil, stattdessen in Bezug auf ihre spielerische Aufl\u00f6sung, das Leben und die Mode und ihre Liebe zu Denim. <\/p>\n<p>Cardigan<br \/>\nStrick<br \/>\nVerschluss: Ohne Verschluss<br \/>\nViskose<br \/>\nCardigan<br \/>\nPflegehinweis: keine All\u00fcren<br \/>\nModellnummer: 15158746<br \/>\n<div class=\"main-cross-sell\" data-asin=\"B07DDY1R5P\">\n\n\t<div class=\"WooZone-cross-sell-loader\">\n\t\t<div>\n\t\t\t<div id=\"floatingBarsG\">\n\t\t\t\t<div class=\"blockG\" id=\"rotateG_01\"><\/div>\n\t\t\t\t<div class=\"blockG\" id=\"rotateG_02\"><\/div>\n\t\t\t\t<div class=\"blockG\" id=\"rotateG_03\"><\/div>\n\t\t\t\t<div class=\"blockG\" id=\"rotateG_04\"><\/div>\n\t\t\t\t<div class=\"blockG\" id=\"rotateG_05\"><\/div>\n\t\t\t\t<div class=\"blockG\" id=\"rotateG_06\"><\/div>\n\t\t\t\t<div class=\"blockG\" id=\"rotateG_07\"><\/div>\n\t\t\t\t<div class=\"blockG\" id=\"rotateG_08\"><\/div>\n\t\t\t<\/div>\n\t\t\t<div class=\"WooZone-cross-sell-loader-text\"><\/div>\n\t\t<\/div>\n\t<\/div>\n\n\t\t\n<\/div>\n<div style=\"clear:both;\"><\/div><\/p>\n","protected":false},"excerpt":{"rendered":"<p>Cardigan<br \/>\nStrick<br \/>\nVerschluss: Ohne Verschluss<\/p>\n","protected":false},"featured_media":6904,"comment_status":"open","ping_status":"closed","template":"","meta":[],"product_cat":[133,119],"product_tag":[],"yoast_head":"<!-- This site is optimized with the Yoast SEO plugin v20.6 - https:\/\/yoast.com\/wordpress\/plugins\/seo\/ -->\n<title>ONLY Female Strickjacke - FamilienMode<\/title>\n<meta name=\"robots\" content=\"index, follow, max-snippet:-1, max-image-preview:large, max-video-preview:-1\" \/>\n<link rel=\"canonical\" href=\"https:\/\/bekleidungscenter.com\/?product=only-female-strickjacke-long\" \/>\n<meta property=\"og:locale\" content=\"de_DE\" \/>\n<meta property=\"og:type\" content=\"article\" \/>\n<meta property=\"og:title\" content=\"ONLY Female Strickjacke - FamilienMode\" \/>\n<meta property=\"og:description\" content=\"Cardigan Strick Verschluss: Ohne Verschluss\" \/>\n<meta property=\"og:url\" content=\"https:\/\/bekleidungscenter.com\/?product=only-female-strickjacke-long\" \/>\n<meta property=\"og:site_name\" content=\"FamilienMode\" \/>\n<meta property=\"article:modified_time\" content=\"2023-04-10T22:37:10+00:00\" \/>\n<meta property=\"og:image\" content=\"https:\/\/images-na.ssl-images-amazon.com\/images\/I\/41-l49UTrfL.jpg\" \/>\n\t<meta property=\"og:image:width\" content=\"500\" \/>\n\t<meta property=\"og:image:height\" content=\"500\" \/>\n\t<meta property=\"og:image:type\" content=\"image\/jpeg\" \/>\n<meta name=\"twitter:card\" content=\"summary_large_image\" \/>\n<meta name=\"twitter:label1\" content=\"Gesch\u00e4tzte Lesezeit\" \/>\n\t<meta name=\"twitter:data1\" content=\"1\u00a0Minute\" \/>\n<script type=\"application\/ld+json\" class=\"yoast-schema-graph\">{\"@context\":\"https:\/\/schema.org\",\"@graph\":[{\"@type\":\"WebPage\",\"@id\":\"https:\/\/bekleidungscenter.com\/?product=only-female-strickjacke-long\",\"url\":\"https:\/\/bekleidungscenter.com\/?product=only-female-strickjacke-long\",\"name\":\"ONLY Female Strickjacke - FamilienMode\",\"isPartOf\":{\"@id\":\"https:\/\/bekleidungscenter.com\/#website\"},\"datePublished\":\"2021-01-03T18:10:44+00:00\",\"dateModified\":\"2023-04-10T22:37:10+00:00\",\"breadcrumb\":{\"@id\":\"https:\/\/bekleidungscenter.com\/?product=only-female-strickjacke-long#breadcrumb\"},\"inLanguage\":\"de\",\"potentialAction\":[{\"@type\":\"ReadAction\",\"target\":[\"https:\/\/bekleidungscenter.com\/?product=only-female-strickjacke-long\"]}]},{\"@type\":\"BreadcrumbList\",\"@id\":\"https:\/\/bekleidungscenter.com\/?product=only-female-strickjacke-long#breadcrumb\",\"itemListElement\":[{\"@type\":\"ListItem\",\"position\":1,\"name\":\"Home\",\"item\":\"https:\/\/bekleidungscenter.com\/\"},{\"@type\":\"ListItem\",\"position\":2,\"name\":\"Shop\",\"item\":\"https:\/\/bekleidungscenter.com\/?page_id=7\"},{\"@type\":\"ListItem\",\"position\":3,\"name\":\"ONLY Female Strickjacke\"}]},{\"@type\":\"WebSite\",\"@id\":\"https:\/\/bekleidungscenter.com\/#website\",\"url\":\"https:\/\/bekleidungscenter.com\/\",\"name\":\"FamilienMode\",\"description\":\"Alles f\u00fcr die ganze Familie\",\"potentialAction\":[{\"@type\":\"SearchAction\",\"target\":{\"@type\":\"EntryPoint\",\"urlTemplate\":\"https:\/\/bekleidungscenter.com\/?s={search_term_string}\"},\"query-input\":\"required name=search_term_string\"}],\"inLanguage\":\"de\"}]}<\/script>\n<!-- \/ Yoast SEO plugin. -->","yoast_head_json":{"title":"ONLY Female Strickjacke - FamilienMode","robots":{"index":"index","follow":"follow","max-snippet":"max-snippet:-1","max-image-preview":"max-image-preview:large","max-video-preview":"max-video-preview:-1"},"canonical":"https:\/\/bekleidungscenter.com\/?product=only-female-strickjacke-long","og_locale":"de_DE","og_type":"article","og_title":"ONLY Female Strickjacke - FamilienMode","og_description":"Cardigan Strick Verschluss: Ohne Verschluss","og_url":"https:\/\/bekleidungscenter.com\/?product=only-female-strickjacke-long","og_site_name":"FamilienMode","article_modified_time":"2023-04-10T22:37:10+00:00","og_image":[{"width":500,"height":500,"url":"https:\/\/images-na.ssl-images-amazon.com\/images\/I\/41-l49UTrfL.jpg","type":"image\/jpeg"}],"twitter_card":"summary_large_image","twitter_misc":{"Gesch\u00e4tzte Lesezeit":"1\u00a0Minute"},"schema":{"@context":"https:\/\/schema.org","@graph":[{"@type":"WebPage","@id":"https:\/\/bekleidungscenter.com\/?product=only-female-strickjacke-long","url":"https:\/\/bekleidungscenter.com\/?product=only-female-strickjacke-long","name":"ONLY Female Strickjacke - FamilienMode","isPartOf":{"@id":"https:\/\/bekleidungscenter.com\/#website"},"datePublished":"2021-01-03T18:10:44+00:00","dateModified":"2023-04-10T22:37:10+00:00","breadcrumb":{"@id":"https:\/\/bekleidungscenter.com\/?product=only-female-strickjacke-long#breadcrumb"},"inLanguage":"de","potentialAction":[{"@type":"ReadAction","target":["https:\/\/bekleidungscenter.com\/?product=only-female-strickjacke-long"]}]},{"@type":"BreadcrumbList","@id":"https:\/\/bekleidungscenter.com\/?product=only-female-strickjacke-long#breadcrumb","itemListElement":[{"@type":"ListItem","position":1,"name":"Home","item":"https:\/\/bekleidungscenter.com\/"},{"@type":"ListItem","position":2,"name":"Shop","item":"https:\/\/bekleidungscenter.com\/?page_id=7"},{"@type":"ListItem","position":3,"name":"ONLY Female Strickjacke"}]},{"@type":"WebSite","@id":"https:\/\/bekleidungscenter.com\/#website","url":"https:\/\/bekleidungscenter.com\/","name":"FamilienMode","description":"Alles f\u00fcr die ganze Familie","potentialAction":[{"@type":"SearchAction","target":{"@type":"EntryPoint","urlTemplate":"https:\/\/bekleidungscenter.com\/?s={search_term_string}"},"query-input":"required name=search_term_string"}],"inLanguage":"de"}]}},"_links":{"self":[{"href":"https:\/\/bekleidungscenter.com\/index.php?rest_route=\/wp\/v2\/product\/6903"}],"collection":[{"href":"https:\/\/bekleidungscenter.com\/index.php?rest_route=\/wp\/v2\/product"}],"about":[{"href":"https:\/\/bekleidungscenter.com\/index.php?rest_route=\/wp\/v2\/types\/product"}],"replies":[{"embeddable":true,"href":"https:\/\/bekleidungscenter.com\/index.php?rest_route=%2Fwp%2Fv2%2Fcomments&post=6903"}],"wp:featuredmedia":[{"embeddable":true,"href":"https:\/\/bekleidungscenter.com\/index.php?rest_route=\/wp\/v2\/media\/6904"}],"wp:attachment":[{"href":"https:\/\/bekleidungscenter.com\/index.php?rest_route=%2Fwp%2Fv2%2Fmedia&parent=6903"}],"wp:term":[{"taxonomy":"product_cat","embeddable":true,"href":"https:\/\/bekleidungscenter.com\/index.php?rest_route=%2Fwp%2Fv2%2Fproduct_cat&post=6903"},{"taxonomy":"product_tag","embeddable":true,"href":"https:\/\/bekleidungscenter.com\/index.php?rest_route=%2Fwp%2Fv2%2Fproduct_tag&post=6903"}],"curies":[{"name":"wp","href":"https:\/\/api.w.org\/{rel}","templated":true}]}}