{"id":6911,"date":"2021-01-03T18:10:52","date_gmt":"2021-01-03T18:10:52","guid":{"rendered":"http:\/\/bekleidungscenter.com\/?product=navahoo-warme-damen-winter-jacke-winterjacke-parka-mantel-kunstfell-b392"},"modified":"2023-04-10T22:37:10","modified_gmt":"2023-04-10T22:37:10","slug":"navahoo-warme-damen-winter-jacke-winterjacke-parka-mantel-kunstfell-b392","status":"publish","type":"product","link":"https:\/\/bekleidungscenter.com\/?product=navahoo-warme-damen-winter-jacke-winterjacke-parka-mantel-kunstfell-b392","title":{"rendered":"Navahoo warme Damen Winter Jacke Winterjacke Parka Mantel Kunstfell B392"},"content":{"rendered":"<p>WARME WINTERJACKE F\u00dcR JEDEN ANLASS? Die tolle Gef\u00fcge dieser Jacke ferner die Hochwertigkeit wird Sie garantiert \u00fcberzeugen!<br \/>\n\u00e4u\u00dferst andersherum ferner aufrecht anstatt die kalten Tage! hochwertiger, abnehmbarer Kunstfellkragen, gef\u00fctterte Kapuze, sch\u00f6nes Steppdesign im Inneren, warmer Fleecestoff in den Taschen, warme Rippb\u00fcndchen am Armabschluss ferner ein hochwertiges Obermaterial lassen keine W\u00fcnsche abgetaut.<br \/>\nLangarm<br \/>\nObermaterial: 65% Polyester, 35% Baumwolle \/ Innenmaterial: 100% Polyester \/ Kunstfell: 100% Polyacryl<br \/>\nParka<br \/>\nPflegehinweis: Maschinenw\u00e4sche<br \/>\nDie Jacken jedweder dem Hause Navahoo suffigieren hohe Gef\u00fcge, angenehmen Tragekomfort, optimale Passform ferner eine gro\u00dfe Liebe zum Detail.<br \/>\nZwei seitliche Taschen &amp; eine Innentasche qua Rei\u00dfverschluss, aufrecht anstatt Smartphone oder Mp3 Player.<br \/>\n<div class=\"main-cross-sell\" data-asin=\"B01N38ASDU\">\n\n\t<div class=\"WooZone-cross-sell-loader\">\n\t\t<div>\n\t\t\t<div id=\"floatingBarsG\">\n\t\t\t\t<div class=\"blockG\" id=\"rotateG_01\"><\/div>\n\t\t\t\t<div class=\"blockG\" id=\"rotateG_02\"><\/div>\n\t\t\t\t<div class=\"blockG\" id=\"rotateG_03\"><\/div>\n\t\t\t\t<div class=\"blockG\" id=\"rotateG_04\"><\/div>\n\t\t\t\t<div class=\"blockG\" id=\"rotateG_05\"><\/div>\n\t\t\t\t<div class=\"blockG\" id=\"rotateG_06\"><\/div>\n\t\t\t\t<div class=\"blockG\" id=\"rotateG_07\"><\/div>\n\t\t\t\t<div class=\"blockG\" id=\"rotateG_08\"><\/div>\n\t\t\t<\/div>\n\t\t\t<div class=\"WooZone-cross-sell-loader-text\"><\/div>\n\t\t<\/div>\n\t<\/div>\n\n\t\t\n<\/div>\n<div style=\"clear:both;\"><\/div><\/p>\n","protected":false},"excerpt":{"rendered":"<p>WARME WINTERJACKE F\u00dcR JEDEN ANLASS? Die tolle Qualit\u00e4t dieser Jacke und die Hochwertigkeit wird Sie garantiert \u00fcberzeugen!<br \/>\nSehr warm und perfekt f\u00fcr die kalten Tage! hochwertiger, abnehmbarer Kunstfellkragen, gef\u00fctterte Kapuze, sch\u00f6nes Steppdesign im Inneren, warmer Fleecestoff in den Taschen, warme Rippb\u00fcndchen am Armabschluss und ein hochwertiges Obermaterial lassen keine W\u00fcnsche offen.<br \/>\nLangarm<\/p>\n","protected":false},"featured_media":6912,"comment_status":"open","ping_status":"closed","template":"","meta":[],"product_cat":[133,119],"product_tag":[],"yoast_head":"<!-- This site is optimized with the Yoast SEO plugin v20.6 - https:\/\/yoast.com\/wordpress\/plugins\/seo\/ -->\n<title>Navahoo warme Damen Winter Jacke Winterjacke Parka Mantel Kunstfell B392 - FamilienMode<\/title>\n<meta name=\"robots\" content=\"index, follow, max-snippet:-1, max-image-preview:large, max-video-preview:-1\" \/>\n<link rel=\"canonical\" href=\"https:\/\/bekleidungscenter.com\/?product=navahoo-warme-damen-winter-jacke-winterjacke-parka-mantel-kunstfell-b392\" \/>\n<meta property=\"og:locale\" content=\"de_DE\" \/>\n<meta property=\"og:type\" content=\"article\" \/>\n<meta property=\"og:title\" content=\"Navahoo warme Damen Winter Jacke Winterjacke Parka Mantel Kunstfell B392 - FamilienMode\" \/>\n<meta property=\"og:description\" content=\"WARME WINTERJACKE F\u00dcR JEDEN ANLASS? Die tolle Qualit\u00e4t dieser Jacke und die Hochwertigkeit wird Sie garantiert \u00fcberzeugen! Sehr warm und perfekt f\u00fcr die kalten Tage! hochwertiger, abnehmbarer Kunstfellkragen, gef\u00fctterte Kapuze, sch\u00f6nes Steppdesign im Inneren, warmer Fleecestoff in den Taschen, warme Rippb\u00fcndchen am Armabschluss und ein hochwertiges Obermaterial lassen keine W\u00fcnsche offen. Langarm\" \/>\n<meta property=\"og:url\" content=\"https:\/\/bekleidungscenter.com\/?product=navahoo-warme-damen-winter-jacke-winterjacke-parka-mantel-kunstfell-b392\" \/>\n<meta property=\"og:site_name\" content=\"FamilienMode\" \/>\n<meta property=\"article:modified_time\" content=\"2023-04-10T22:37:10+00:00\" \/>\n<meta property=\"og:image\" content=\"https:\/\/images-na.ssl-images-amazon.com\/images\/I\/41xf6OFYTGL.jpg\" \/>\n\t<meta property=\"og:image:width\" content=\"500\" \/>\n\t<meta property=\"og:image:height\" content=\"500\" \/>\n\t<meta property=\"og:image:type\" content=\"image\/jpeg\" \/>\n<meta name=\"twitter:card\" content=\"summary_large_image\" \/>\n<meta name=\"twitter:label1\" content=\"Gesch\u00e4tzte Lesezeit\" \/>\n\t<meta name=\"twitter:data1\" content=\"1\u00a0Minute\" \/>\n<script type=\"application\/ld+json\" class=\"yoast-schema-graph\">{\"@context\":\"https:\/\/schema.org\",\"@graph\":[{\"@type\":\"WebPage\",\"@id\":\"https:\/\/bekleidungscenter.com\/?product=navahoo-warme-damen-winter-jacke-winterjacke-parka-mantel-kunstfell-b392\",\"url\":\"https:\/\/bekleidungscenter.com\/?product=navahoo-warme-damen-winter-jacke-winterjacke-parka-mantel-kunstfell-b392\",\"name\":\"Navahoo warme Damen Winter Jacke Winterjacke Parka Mantel Kunstfell B392 - FamilienMode\",\"isPartOf\":{\"@id\":\"https:\/\/bekleidungscenter.com\/#website\"},\"datePublished\":\"2021-01-03T18:10:52+00:00\",\"dateModified\":\"2023-04-10T22:37:10+00:00\",\"breadcrumb\":{\"@id\":\"https:\/\/bekleidungscenter.com\/?product=navahoo-warme-damen-winter-jacke-winterjacke-parka-mantel-kunstfell-b392#breadcrumb\"},\"inLanguage\":\"de\",\"potentialAction\":[{\"@type\":\"ReadAction\",\"target\":[\"https:\/\/bekleidungscenter.com\/?product=navahoo-warme-damen-winter-jacke-winterjacke-parka-mantel-kunstfell-b392\"]}]},{\"@type\":\"BreadcrumbList\",\"@id\":\"https:\/\/bekleidungscenter.com\/?product=navahoo-warme-damen-winter-jacke-winterjacke-parka-mantel-kunstfell-b392#breadcrumb\",\"itemListElement\":[{\"@type\":\"ListItem\",\"position\":1,\"name\":\"Home\",\"item\":\"https:\/\/bekleidungscenter.com\/\"},{\"@type\":\"ListItem\",\"position\":2,\"name\":\"Shop\",\"item\":\"https:\/\/bekleidungscenter.com\/?page_id=7\"},{\"@type\":\"ListItem\",\"position\":3,\"name\":\"Navahoo warme Damen Winter Jacke Winterjacke Parka Mantel Kunstfell B392\"}]},{\"@type\":\"WebSite\",\"@id\":\"https:\/\/bekleidungscenter.com\/#website\",\"url\":\"https:\/\/bekleidungscenter.com\/\",\"name\":\"FamilienMode\",\"description\":\"Alles f\u00fcr die ganze Familie\",\"potentialAction\":[{\"@type\":\"SearchAction\",\"target\":{\"@type\":\"EntryPoint\",\"urlTemplate\":\"https:\/\/bekleidungscenter.com\/?s={search_term_string}\"},\"query-input\":\"required name=search_term_string\"}],\"inLanguage\":\"de\"}]}<\/script>\n<!-- \/ Yoast SEO plugin. -->","yoast_head_json":{"title":"Navahoo warme Damen Winter Jacke Winterjacke Parka Mantel Kunstfell B392 - FamilienMode","robots":{"index":"index","follow":"follow","max-snippet":"max-snippet:-1","max-image-preview":"max-image-preview:large","max-video-preview":"max-video-preview:-1"},"canonical":"https:\/\/bekleidungscenter.com\/?product=navahoo-warme-damen-winter-jacke-winterjacke-parka-mantel-kunstfell-b392","og_locale":"de_DE","og_type":"article","og_title":"Navahoo warme Damen Winter Jacke Winterjacke Parka Mantel Kunstfell B392 - FamilienMode","og_description":"WARME WINTERJACKE F\u00dcR JEDEN ANLASS? Die tolle Qualit\u00e4t dieser Jacke und die Hochwertigkeit wird Sie garantiert \u00fcberzeugen! Sehr warm und perfekt f\u00fcr die kalten Tage! hochwertiger, abnehmbarer Kunstfellkragen, gef\u00fctterte Kapuze, sch\u00f6nes Steppdesign im Inneren, warmer Fleecestoff in den Taschen, warme Rippb\u00fcndchen am Armabschluss und ein hochwertiges Obermaterial lassen keine W\u00fcnsche offen. Langarm","og_url":"https:\/\/bekleidungscenter.com\/?product=navahoo-warme-damen-winter-jacke-winterjacke-parka-mantel-kunstfell-b392","og_site_name":"FamilienMode","article_modified_time":"2023-04-10T22:37:10+00:00","og_image":[{"width":500,"height":500,"url":"https:\/\/images-na.ssl-images-amazon.com\/images\/I\/41xf6OFYTGL.jpg","type":"image\/jpeg"}],"twitter_card":"summary_large_image","twitter_misc":{"Gesch\u00e4tzte Lesezeit":"1\u00a0Minute"},"schema":{"@context":"https:\/\/schema.org","@graph":[{"@type":"WebPage","@id":"https:\/\/bekleidungscenter.com\/?product=navahoo-warme-damen-winter-jacke-winterjacke-parka-mantel-kunstfell-b392","url":"https:\/\/bekleidungscenter.com\/?product=navahoo-warme-damen-winter-jacke-winterjacke-parka-mantel-kunstfell-b392","name":"Navahoo warme Damen Winter Jacke Winterjacke Parka Mantel Kunstfell B392 - FamilienMode","isPartOf":{"@id":"https:\/\/bekleidungscenter.com\/#website"},"datePublished":"2021-01-03T18:10:52+00:00","dateModified":"2023-04-10T22:37:10+00:00","breadcrumb":{"@id":"https:\/\/bekleidungscenter.com\/?product=navahoo-warme-damen-winter-jacke-winterjacke-parka-mantel-kunstfell-b392#breadcrumb"},"inLanguage":"de","potentialAction":[{"@type":"ReadAction","target":["https:\/\/bekleidungscenter.com\/?product=navahoo-warme-damen-winter-jacke-winterjacke-parka-mantel-kunstfell-b392"]}]},{"@type":"BreadcrumbList","@id":"https:\/\/bekleidungscenter.com\/?product=navahoo-warme-damen-winter-jacke-winterjacke-parka-mantel-kunstfell-b392#breadcrumb","itemListElement":[{"@type":"ListItem","position":1,"name":"Home","item":"https:\/\/bekleidungscenter.com\/"},{"@type":"ListItem","position":2,"name":"Shop","item":"https:\/\/bekleidungscenter.com\/?page_id=7"},{"@type":"ListItem","position":3,"name":"Navahoo warme Damen Winter Jacke Winterjacke Parka Mantel Kunstfell B392"}]},{"@type":"WebSite","@id":"https:\/\/bekleidungscenter.com\/#website","url":"https:\/\/bekleidungscenter.com\/","name":"FamilienMode","description":"Alles f\u00fcr die ganze Familie","potentialAction":[{"@type":"SearchAction","target":{"@type":"EntryPoint","urlTemplate":"https:\/\/bekleidungscenter.com\/?s={search_term_string}"},"query-input":"required name=search_term_string"}],"inLanguage":"de"}]}},"_links":{"self":[{"href":"https:\/\/bekleidungscenter.com\/index.php?rest_route=\/wp\/v2\/product\/6911"}],"collection":[{"href":"https:\/\/bekleidungscenter.com\/index.php?rest_route=\/wp\/v2\/product"}],"about":[{"href":"https:\/\/bekleidungscenter.com\/index.php?rest_route=\/wp\/v2\/types\/product"}],"replies":[{"embeddable":true,"href":"https:\/\/bekleidungscenter.com\/index.php?rest_route=%2Fwp%2Fv2%2Fcomments&post=6911"}],"wp:featuredmedia":[{"embeddable":true,"href":"https:\/\/bekleidungscenter.com\/index.php?rest_route=\/wp\/v2\/media\/6912"}],"wp:attachment":[{"href":"https:\/\/bekleidungscenter.com\/index.php?rest_route=%2Fwp%2Fv2%2Fmedia&parent=6911"}],"wp:term":[{"taxonomy":"product_cat","embeddable":true,"href":"https:\/\/bekleidungscenter.com\/index.php?rest_route=%2Fwp%2Fv2%2Fproduct_cat&post=6911"},{"taxonomy":"product_tag","embeddable":true,"href":"https:\/\/bekleidungscenter.com\/index.php?rest_route=%2Fwp%2Fv2%2Fproduct_tag&post=6911"}],"curies":[{"name":"wp","href":"https:\/\/api.w.org\/{rel}","templated":true}]}}