{"id":6929,"date":"2021-01-03T18:11:08","date_gmt":"2021-01-03T18:11:08","guid":{"rendered":"http:\/\/bekleidungscenter.com\/?product=marikoo-damen-winter-uebergangs-jacke-winterjacke-stepp-mantel-gesteppt-b647"},"modified":"2023-04-10T22:37:11","modified_gmt":"2023-04-10T22:37:11","slug":"marikoo-damen-winter-uebergangs-jacke-winterjacke-stepp-mantel-gesteppt-b647","status":"publish","type":"product","link":"https:\/\/bekleidungscenter.com\/?product=marikoo-damen-winter-uebergangs-jacke-winterjacke-stepp-mantel-gesteppt-b647","title":{"rendered":"MARIKOO Damen Winter \u00dcbergangs Jacke Winterjacke Stepp Mantel gesteppt B647"},"content":{"rendered":"<p><!-- show up to 2 reviews by default --> <\/p>\n<p><b>Marikoo Damen Winter Jacke<\/b><\/p>\n<p>Angeboten wird eine warme Damen Herbst \/ Winter Jacke der Trendmarke &#8222;Marikoo&#8220;. Das Modell besticht dank seine Sonderlich sch\u00f6ne Steppoptik, einen gro\u00dfen kuschligen (nicht abnehmbaren) Kunstfellkragen, praktischen und von Innen mit Fleecestoff versehenen Taschen und eine optimale Passform. <\/p>\n<p>Die Jacken jeglicher dem Hause Marikoo planen stets den aktuellen Modetrend und sind mit gro\u00dfer Liebe zum Detail gefertigt. Sichern Sie sich einer dieser Premium Jacken und lassen Sie sich von dem einmaligen Aufschlag-Leistungsverh\u00e4ltnis beeindrucken.<\/p>\n<p>Nat\u00fcrlich ansonsten &amp; mit Etikett<\/p>\n<p> Modell: B647<br \/> Farbe: k\u00f6nnen Sie oben ausw\u00e4hlen<br \/> Gr\u00f6\u00dfe: k\u00f6nnen Sie oben ausw\u00e4hlen<br \/> Obermaterial: 100% Polyester<br \/> Innenmaterial: 100% Polyester<br \/> Kunstfellkragen: 90% Polyacryl, 10% Polyester<br \/> Sonderlich gute Qualit\u00e4t und detailreich verarbeitet<br \/> Sonderlich leicht, h\u00e4lt nichtsdestoweniger zugegeben warm<br \/> Super Tragekomfort und optimale Passform<br \/> Kapuze mit gro\u00dfem kuschligem Kunstfellkragen (Kapuze ist nicht abnehmbar)<br \/> Kunstfellkragen ist \u00fcber Druckkn\u00f6pfe abnehmbar<br \/> Sonderlich sch\u00f6ne Steppoptik<br \/> Marikoo Logo am Oberarm<br \/> Zwei seitliche Eingriffstaschen mit Rei\u00dfverschluss<br \/> Taschen sind von Innen mit weichem Fleece Stoff versehen<br \/> Eine Innentasche mit Rei\u00dfverschluss, perfekt an Stelle Handy oder Mp3 Player<br \/> Innentasche mit kleiner \u00d6ffnung, speziell an Stelle Kopfh\u00f6rer\/Headset-Kabel<br \/> Durchgehender Rei\u00dfverschluss<br \/> Optimale L\u00e4nge, bedeckt Po und Beckenbereich<br \/> Leicht taillierter Schnitt, perfekte Passform<br \/> Sonderlich wohltuend zu tragen<\/p>\n<p>Angeboten wird eine warme Damen Herbst \/ Winter Jacke der Trendmarke &#8222;Marikoo&#8220;<br \/>\nKapuze mit gro\u00dfem kuschligem Kunstfellkragen (Kapuze ist nicht abnehmbar)<br \/>\nLangarm<br \/>\nObermaterial: 100% Polyester \/ Innenmaterial: 100% Polyester \/ Kunstfellkragen: 90% Polyacryl, 10% Polyester<br \/>\nParka<br \/>\nPflegehinweis: Maschinenw\u00e4sche<br \/>\nModellnummer: B647<br \/>\nTaschen sind von Innen mit weichem Fleecestoff versehen<br \/>\nEine Innentasche mit Rei\u00dfverschluss, perfekt an Stelle Handy oder Mp3 Player<br \/>\nOptimale L\u00e4nge, bedeckt Po und Beckenbereich<br \/>\n<div class=\"main-cross-sell\" data-asin=\"B07X476QMH\">\n\n\t<div class=\"WooZone-cross-sell-loader\">\n\t\t<div>\n\t\t\t<div id=\"floatingBarsG\">\n\t\t\t\t<div class=\"blockG\" id=\"rotateG_01\"><\/div>\n\t\t\t\t<div class=\"blockG\" id=\"rotateG_02\"><\/div>\n\t\t\t\t<div class=\"blockG\" id=\"rotateG_03\"><\/div>\n\t\t\t\t<div class=\"blockG\" id=\"rotateG_04\"><\/div>\n\t\t\t\t<div class=\"blockG\" id=\"rotateG_05\"><\/div>\n\t\t\t\t<div class=\"blockG\" id=\"rotateG_06\"><\/div>\n\t\t\t\t<div class=\"blockG\" id=\"rotateG_07\"><\/div>\n\t\t\t\t<div class=\"blockG\" id=\"rotateG_08\"><\/div>\n\t\t\t<\/div>\n\t\t\t<div class=\"WooZone-cross-sell-loader-text\"><\/div>\n\t\t<\/div>\n\t<\/div>\n\n\t\t\n<\/div>\n<div style=\"clear:both;\"><\/div><\/p>\n","protected":false},"excerpt":{"rendered":"<p>Angeboten wird eine warme Damen Herbst \/ Winter Jacke der Trendmarke &#8222;Marikoo&#8220;<br \/>\nKapuze mit gro\u00dfem kuschligem Kunstfellkragen (Kapuze ist nicht abnehmbar)<br \/>\nLangarm<\/p>\n","protected":false},"featured_media":6930,"comment_status":"open","ping_status":"closed","template":"","meta":[],"product_cat":[133,119],"product_tag":[],"yoast_head":"<!-- This site is optimized with the Yoast SEO plugin v20.6 - https:\/\/yoast.com\/wordpress\/plugins\/seo\/ -->\n<title>MARIKOO Damen Winter \u00dcbergangs Jacke Winterjacke Stepp Mantel gesteppt B647 - FamilienMode<\/title>\n<meta name=\"robots\" content=\"index, follow, max-snippet:-1, max-image-preview:large, max-video-preview:-1\" \/>\n<link rel=\"canonical\" href=\"https:\/\/bekleidungscenter.com\/?product=marikoo-damen-winter-uebergangs-jacke-winterjacke-stepp-mantel-gesteppt-b647\" \/>\n<meta property=\"og:locale\" content=\"de_DE\" \/>\n<meta property=\"og:type\" content=\"article\" \/>\n<meta property=\"og:title\" content=\"MARIKOO Damen Winter \u00dcbergangs Jacke Winterjacke Stepp Mantel gesteppt B647 - FamilienMode\" \/>\n<meta property=\"og:description\" content=\"Angeboten wird eine warme Damen Herbst \/ Winter Jacke der Trendmarke &quot;Marikoo&quot; Kapuze mit gro\u00dfem kuschligem Kunstfellkragen (Kapuze ist nicht abnehmbar) Langarm\" \/>\n<meta property=\"og:url\" content=\"https:\/\/bekleidungscenter.com\/?product=marikoo-damen-winter-uebergangs-jacke-winterjacke-stepp-mantel-gesteppt-b647\" \/>\n<meta property=\"og:site_name\" content=\"FamilienMode\" \/>\n<meta property=\"article:modified_time\" content=\"2023-04-10T22:37:11+00:00\" \/>\n<meta property=\"og:image\" content=\"https:\/\/images-na.ssl-images-amazon.com\/images\/I\/41ktWr11LGL.jpg\" \/>\n\t<meta property=\"og:image:width\" content=\"500\" \/>\n\t<meta property=\"og:image:height\" content=\"500\" \/>\n\t<meta property=\"og:image:type\" content=\"image\/jpeg\" \/>\n<meta name=\"twitter:card\" content=\"summary_large_image\" \/>\n<meta name=\"twitter:label1\" content=\"Gesch\u00e4tzte Lesezeit\" \/>\n\t<meta name=\"twitter:data1\" content=\"1\u00a0Minute\" \/>\n<script type=\"application\/ld+json\" class=\"yoast-schema-graph\">{\"@context\":\"https:\/\/schema.org\",\"@graph\":[{\"@type\":\"WebPage\",\"@id\":\"https:\/\/bekleidungscenter.com\/?product=marikoo-damen-winter-uebergangs-jacke-winterjacke-stepp-mantel-gesteppt-b647\",\"url\":\"https:\/\/bekleidungscenter.com\/?product=marikoo-damen-winter-uebergangs-jacke-winterjacke-stepp-mantel-gesteppt-b647\",\"name\":\"MARIKOO Damen Winter \u00dcbergangs Jacke Winterjacke Stepp Mantel gesteppt B647 - FamilienMode\",\"isPartOf\":{\"@id\":\"https:\/\/bekleidungscenter.com\/#website\"},\"datePublished\":\"2021-01-03T18:11:08+00:00\",\"dateModified\":\"2023-04-10T22:37:11+00:00\",\"breadcrumb\":{\"@id\":\"https:\/\/bekleidungscenter.com\/?product=marikoo-damen-winter-uebergangs-jacke-winterjacke-stepp-mantel-gesteppt-b647#breadcrumb\"},\"inLanguage\":\"de\",\"potentialAction\":[{\"@type\":\"ReadAction\",\"target\":[\"https:\/\/bekleidungscenter.com\/?product=marikoo-damen-winter-uebergangs-jacke-winterjacke-stepp-mantel-gesteppt-b647\"]}]},{\"@type\":\"BreadcrumbList\",\"@id\":\"https:\/\/bekleidungscenter.com\/?product=marikoo-damen-winter-uebergangs-jacke-winterjacke-stepp-mantel-gesteppt-b647#breadcrumb\",\"itemListElement\":[{\"@type\":\"ListItem\",\"position\":1,\"name\":\"Home\",\"item\":\"https:\/\/bekleidungscenter.com\/\"},{\"@type\":\"ListItem\",\"position\":2,\"name\":\"Shop\",\"item\":\"https:\/\/bekleidungscenter.com\/?page_id=7\"},{\"@type\":\"ListItem\",\"position\":3,\"name\":\"MARIKOO Damen Winter \u00dcbergangs Jacke Winterjacke Stepp Mantel gesteppt B647\"}]},{\"@type\":\"WebSite\",\"@id\":\"https:\/\/bekleidungscenter.com\/#website\",\"url\":\"https:\/\/bekleidungscenter.com\/\",\"name\":\"FamilienMode\",\"description\":\"Alles f\u00fcr die ganze Familie\",\"potentialAction\":[{\"@type\":\"SearchAction\",\"target\":{\"@type\":\"EntryPoint\",\"urlTemplate\":\"https:\/\/bekleidungscenter.com\/?s={search_term_string}\"},\"query-input\":\"required name=search_term_string\"}],\"inLanguage\":\"de\"}]}<\/script>\n<!-- \/ Yoast SEO plugin. -->","yoast_head_json":{"title":"MARIKOO Damen Winter \u00dcbergangs Jacke Winterjacke Stepp Mantel gesteppt B647 - FamilienMode","robots":{"index":"index","follow":"follow","max-snippet":"max-snippet:-1","max-image-preview":"max-image-preview:large","max-video-preview":"max-video-preview:-1"},"canonical":"https:\/\/bekleidungscenter.com\/?product=marikoo-damen-winter-uebergangs-jacke-winterjacke-stepp-mantel-gesteppt-b647","og_locale":"de_DE","og_type":"article","og_title":"MARIKOO Damen Winter \u00dcbergangs Jacke Winterjacke Stepp Mantel gesteppt B647 - FamilienMode","og_description":"Angeboten wird eine warme Damen Herbst \/ Winter Jacke der Trendmarke \"Marikoo\" Kapuze mit gro\u00dfem kuschligem Kunstfellkragen (Kapuze ist nicht abnehmbar) Langarm","og_url":"https:\/\/bekleidungscenter.com\/?product=marikoo-damen-winter-uebergangs-jacke-winterjacke-stepp-mantel-gesteppt-b647","og_site_name":"FamilienMode","article_modified_time":"2023-04-10T22:37:11+00:00","og_image":[{"width":500,"height":500,"url":"https:\/\/images-na.ssl-images-amazon.com\/images\/I\/41ktWr11LGL.jpg","type":"image\/jpeg"}],"twitter_card":"summary_large_image","twitter_misc":{"Gesch\u00e4tzte Lesezeit":"1\u00a0Minute"},"schema":{"@context":"https:\/\/schema.org","@graph":[{"@type":"WebPage","@id":"https:\/\/bekleidungscenter.com\/?product=marikoo-damen-winter-uebergangs-jacke-winterjacke-stepp-mantel-gesteppt-b647","url":"https:\/\/bekleidungscenter.com\/?product=marikoo-damen-winter-uebergangs-jacke-winterjacke-stepp-mantel-gesteppt-b647","name":"MARIKOO Damen Winter \u00dcbergangs Jacke Winterjacke Stepp Mantel gesteppt B647 - FamilienMode","isPartOf":{"@id":"https:\/\/bekleidungscenter.com\/#website"},"datePublished":"2021-01-03T18:11:08+00:00","dateModified":"2023-04-10T22:37:11+00:00","breadcrumb":{"@id":"https:\/\/bekleidungscenter.com\/?product=marikoo-damen-winter-uebergangs-jacke-winterjacke-stepp-mantel-gesteppt-b647#breadcrumb"},"inLanguage":"de","potentialAction":[{"@type":"ReadAction","target":["https:\/\/bekleidungscenter.com\/?product=marikoo-damen-winter-uebergangs-jacke-winterjacke-stepp-mantel-gesteppt-b647"]}]},{"@type":"BreadcrumbList","@id":"https:\/\/bekleidungscenter.com\/?product=marikoo-damen-winter-uebergangs-jacke-winterjacke-stepp-mantel-gesteppt-b647#breadcrumb","itemListElement":[{"@type":"ListItem","position":1,"name":"Home","item":"https:\/\/bekleidungscenter.com\/"},{"@type":"ListItem","position":2,"name":"Shop","item":"https:\/\/bekleidungscenter.com\/?page_id=7"},{"@type":"ListItem","position":3,"name":"MARIKOO Damen Winter \u00dcbergangs Jacke Winterjacke Stepp Mantel gesteppt B647"}]},{"@type":"WebSite","@id":"https:\/\/bekleidungscenter.com\/#website","url":"https:\/\/bekleidungscenter.com\/","name":"FamilienMode","description":"Alles f\u00fcr die ganze Familie","potentialAction":[{"@type":"SearchAction","target":{"@type":"EntryPoint","urlTemplate":"https:\/\/bekleidungscenter.com\/?s={search_term_string}"},"query-input":"required name=search_term_string"}],"inLanguage":"de"}]}},"_links":{"self":[{"href":"https:\/\/bekleidungscenter.com\/index.php?rest_route=\/wp\/v2\/product\/6929"}],"collection":[{"href":"https:\/\/bekleidungscenter.com\/index.php?rest_route=\/wp\/v2\/product"}],"about":[{"href":"https:\/\/bekleidungscenter.com\/index.php?rest_route=\/wp\/v2\/types\/product"}],"replies":[{"embeddable":true,"href":"https:\/\/bekleidungscenter.com\/index.php?rest_route=%2Fwp%2Fv2%2Fcomments&post=6929"}],"wp:featuredmedia":[{"embeddable":true,"href":"https:\/\/bekleidungscenter.com\/index.php?rest_route=\/wp\/v2\/media\/6930"}],"wp:attachment":[{"href":"https:\/\/bekleidungscenter.com\/index.php?rest_route=%2Fwp%2Fv2%2Fmedia&parent=6929"}],"wp:term":[{"taxonomy":"product_cat","embeddable":true,"href":"https:\/\/bekleidungscenter.com\/index.php?rest_route=%2Fwp%2Fv2%2Fproduct_cat&post=6929"},{"taxonomy":"product_tag","embeddable":true,"href":"https:\/\/bekleidungscenter.com\/index.php?rest_route=%2Fwp%2Fv2%2Fproduct_tag&post=6929"}],"curies":[{"name":"wp","href":"https:\/\/api.w.org\/{rel}","templated":true}]}}