{"id":6933,"date":"2021-01-03T18:11:10","date_gmt":"2021-01-03T18:11:10","guid":{"rendered":"http:\/\/bekleidungscenter.com\/?product=street-one-damen-jacke"},"modified":"2023-04-10T22:37:11","modified_gmt":"2023-04-10T22:37:11","slug":"street-one-damen-jacke","status":"publish","type":"product","link":"https:\/\/bekleidungscenter.com\/?product=street-one-damen-jacke","title":{"rendered":"Street One Damen Jacke"},"content":{"rendered":"<p><!-- show up to 2 reviews by default --> <\/p>\n<p>Street One ist seit 1983 ein Spezialist an Stelle Damenmode und bietet in den Bereichen Hosen &amp; Jeans, Shirts &amp; Blusen, Kleidern &amp; R\u00f6cken sowie Jacken &amp; M\u00e4nteln in modischen Designs in verl\u00e4sslicher Passform und hochwertiger Qualit\u00e4t an. Die Accessoires- und Taschenkollektionen runden den Look stilsicher ab! Mit klaren, trendgenauen und ausgesuchten Lieblingsst\u00fccken an Stelle einen l\u00e4ssigen und femininen Look, kreiert die Marke ein Easy-to-wear Feeling an 365 Tagen im Jahr! Das Street One Team lebt und liebt die N\u00e4he zur Kundin \u2013 hingegen so gelingt es sie mit zw\u00f6lf Kollektionen im Jahr wieder und wieder aufs Neue zu \u00fcberraschen und pr\u00e4gnant das richtige Produkt zum richtigen Zeitpunkt zu versorgen. Den Voraussetzung, mit Mode kommod zu entwickeln verwirklicht das Team in Bezug auf Hochwertigkeit und perfektem Tragekomfort. <\/p>\n<p>Street One Gesteppte Damenjacke mit umweltfreundlicher F\u00fcllung allesamt recyceltem Plastik. Ma\u00dfe bei EU-Gr\u00f6\u00dfe 38 ca.: L\u00e4nge 62 cm, Brust 55 cm, Saumweite 54 cm<br \/>\nDie Oberfl\u00e4che ist wasserabweisend und eine Kapuze sch\u00fctzt ebenfalls vor N\u00e4sse<br \/>\nVerschluss: Rei\u00dfverschluss<br \/>\n100% Polyester<br \/>\nJacke<br \/>\nPflegehinweis: Maschinenw\u00e4sche<br \/>\nModellnummer: A201528<br \/>\n<div class=\"main-cross-sell\" data-asin=\"B08CRWJD4J\">\n\n\t<div class=\"WooZone-cross-sell-loader\">\n\t\t<div>\n\t\t\t<div id=\"floatingBarsG\">\n\t\t\t\t<div class=\"blockG\" id=\"rotateG_01\"><\/div>\n\t\t\t\t<div class=\"blockG\" id=\"rotateG_02\"><\/div>\n\t\t\t\t<div class=\"blockG\" id=\"rotateG_03\"><\/div>\n\t\t\t\t<div class=\"blockG\" id=\"rotateG_04\"><\/div>\n\t\t\t\t<div class=\"blockG\" id=\"rotateG_05\"><\/div>\n\t\t\t\t<div class=\"blockG\" id=\"rotateG_06\"><\/div>\n\t\t\t\t<div class=\"blockG\" id=\"rotateG_07\"><\/div>\n\t\t\t\t<div class=\"blockG\" id=\"rotateG_08\"><\/div>\n\t\t\t<\/div>\n\t\t\t<div class=\"WooZone-cross-sell-loader-text\"><\/div>\n\t\t<\/div>\n\t<\/div>\n\n\t\t\n<\/div>\n<div style=\"clear:both;\"><\/div><\/p>\n","protected":false},"excerpt":{"rendered":"<p>Street One Gesteppte Damenjacke mit umweltfreundlicher F\u00fcllung aus recyceltem Plastik. Ma\u00dfe bei EU-Gr\u00f6\u00dfe 38 ca.: L\u00e4nge 62 cm, Brust 55 cm, Saumweite 54 cm<br \/>\nDie Oberfl\u00e4che ist wasserabweisend und eine Kapuze sch\u00fctzt ebenfalls vor N\u00e4sse<br \/>\nVerschluss: Rei\u00dfverschluss<\/p>\n","protected":false},"featured_media":6934,"comment_status":"open","ping_status":"closed","template":"","meta":[],"product_cat":[133,119],"product_tag":[],"yoast_head":"<!-- This site is optimized with the Yoast SEO plugin v20.6 - https:\/\/yoast.com\/wordpress\/plugins\/seo\/ -->\n<title>Street One Damen Jacke - FamilienMode<\/title>\n<meta name=\"robots\" content=\"index, follow, max-snippet:-1, max-image-preview:large, max-video-preview:-1\" \/>\n<link rel=\"canonical\" href=\"https:\/\/bekleidungscenter.com\/?product=street-one-damen-jacke\" \/>\n<meta property=\"og:locale\" content=\"de_DE\" \/>\n<meta property=\"og:type\" content=\"article\" \/>\n<meta property=\"og:title\" content=\"Street One Damen Jacke - FamilienMode\" \/>\n<meta property=\"og:description\" content=\"Street One Gesteppte Damenjacke mit umweltfreundlicher F\u00fcllung aus recyceltem Plastik. Ma\u00dfe bei EU-Gr\u00f6\u00dfe 38 ca.: L\u00e4nge 62 cm, Brust 55 cm, Saumweite 54 cm Die Oberfl\u00e4che ist wasserabweisend und eine Kapuze sch\u00fctzt ebenfalls vor N\u00e4sse Verschluss: Rei\u00dfverschluss\" \/>\n<meta property=\"og:url\" content=\"https:\/\/bekleidungscenter.com\/?product=street-one-damen-jacke\" \/>\n<meta property=\"og:site_name\" content=\"FamilienMode\" \/>\n<meta property=\"article:modified_time\" content=\"2023-04-10T22:37:11+00:00\" \/>\n<meta property=\"og:image\" content=\"https:\/\/images-na.ssl-images-amazon.com\/images\/I\/41RZfmX7IgL.jpg\" \/>\n\t<meta property=\"og:image:width\" content=\"500\" \/>\n\t<meta property=\"og:image:height\" content=\"500\" \/>\n\t<meta property=\"og:image:type\" content=\"image\/jpeg\" \/>\n<meta name=\"twitter:card\" content=\"summary_large_image\" \/>\n<meta name=\"twitter:label1\" content=\"Gesch\u00e4tzte Lesezeit\" \/>\n\t<meta name=\"twitter:data1\" content=\"1\u00a0Minute\" \/>\n<script type=\"application\/ld+json\" class=\"yoast-schema-graph\">{\"@context\":\"https:\/\/schema.org\",\"@graph\":[{\"@type\":\"WebPage\",\"@id\":\"https:\/\/bekleidungscenter.com\/?product=street-one-damen-jacke\",\"url\":\"https:\/\/bekleidungscenter.com\/?product=street-one-damen-jacke\",\"name\":\"Street One Damen Jacke - FamilienMode\",\"isPartOf\":{\"@id\":\"https:\/\/bekleidungscenter.com\/#website\"},\"datePublished\":\"2021-01-03T18:11:10+00:00\",\"dateModified\":\"2023-04-10T22:37:11+00:00\",\"breadcrumb\":{\"@id\":\"https:\/\/bekleidungscenter.com\/?product=street-one-damen-jacke#breadcrumb\"},\"inLanguage\":\"de\",\"potentialAction\":[{\"@type\":\"ReadAction\",\"target\":[\"https:\/\/bekleidungscenter.com\/?product=street-one-damen-jacke\"]}]},{\"@type\":\"BreadcrumbList\",\"@id\":\"https:\/\/bekleidungscenter.com\/?product=street-one-damen-jacke#breadcrumb\",\"itemListElement\":[{\"@type\":\"ListItem\",\"position\":1,\"name\":\"Home\",\"item\":\"https:\/\/bekleidungscenter.com\/\"},{\"@type\":\"ListItem\",\"position\":2,\"name\":\"Shop\",\"item\":\"https:\/\/bekleidungscenter.com\/?page_id=7\"},{\"@type\":\"ListItem\",\"position\":3,\"name\":\"Street One Damen Jacke\"}]},{\"@type\":\"WebSite\",\"@id\":\"https:\/\/bekleidungscenter.com\/#website\",\"url\":\"https:\/\/bekleidungscenter.com\/\",\"name\":\"FamilienMode\",\"description\":\"Alles f\u00fcr die ganze Familie\",\"potentialAction\":[{\"@type\":\"SearchAction\",\"target\":{\"@type\":\"EntryPoint\",\"urlTemplate\":\"https:\/\/bekleidungscenter.com\/?s={search_term_string}\"},\"query-input\":\"required name=search_term_string\"}],\"inLanguage\":\"de\"}]}<\/script>\n<!-- \/ Yoast SEO plugin. -->","yoast_head_json":{"title":"Street One Damen Jacke - FamilienMode","robots":{"index":"index","follow":"follow","max-snippet":"max-snippet:-1","max-image-preview":"max-image-preview:large","max-video-preview":"max-video-preview:-1"},"canonical":"https:\/\/bekleidungscenter.com\/?product=street-one-damen-jacke","og_locale":"de_DE","og_type":"article","og_title":"Street One Damen Jacke - FamilienMode","og_description":"Street One Gesteppte Damenjacke mit umweltfreundlicher F\u00fcllung aus recyceltem Plastik. Ma\u00dfe bei EU-Gr\u00f6\u00dfe 38 ca.: L\u00e4nge 62 cm, Brust 55 cm, Saumweite 54 cm Die Oberfl\u00e4che ist wasserabweisend und eine Kapuze sch\u00fctzt ebenfalls vor N\u00e4sse Verschluss: Rei\u00dfverschluss","og_url":"https:\/\/bekleidungscenter.com\/?product=street-one-damen-jacke","og_site_name":"FamilienMode","article_modified_time":"2023-04-10T22:37:11+00:00","og_image":[{"width":500,"height":500,"url":"https:\/\/images-na.ssl-images-amazon.com\/images\/I\/41RZfmX7IgL.jpg","type":"image\/jpeg"}],"twitter_card":"summary_large_image","twitter_misc":{"Gesch\u00e4tzte Lesezeit":"1\u00a0Minute"},"schema":{"@context":"https:\/\/schema.org","@graph":[{"@type":"WebPage","@id":"https:\/\/bekleidungscenter.com\/?product=street-one-damen-jacke","url":"https:\/\/bekleidungscenter.com\/?product=street-one-damen-jacke","name":"Street One Damen Jacke - FamilienMode","isPartOf":{"@id":"https:\/\/bekleidungscenter.com\/#website"},"datePublished":"2021-01-03T18:11:10+00:00","dateModified":"2023-04-10T22:37:11+00:00","breadcrumb":{"@id":"https:\/\/bekleidungscenter.com\/?product=street-one-damen-jacke#breadcrumb"},"inLanguage":"de","potentialAction":[{"@type":"ReadAction","target":["https:\/\/bekleidungscenter.com\/?product=street-one-damen-jacke"]}]},{"@type":"BreadcrumbList","@id":"https:\/\/bekleidungscenter.com\/?product=street-one-damen-jacke#breadcrumb","itemListElement":[{"@type":"ListItem","position":1,"name":"Home","item":"https:\/\/bekleidungscenter.com\/"},{"@type":"ListItem","position":2,"name":"Shop","item":"https:\/\/bekleidungscenter.com\/?page_id=7"},{"@type":"ListItem","position":3,"name":"Street One Damen Jacke"}]},{"@type":"WebSite","@id":"https:\/\/bekleidungscenter.com\/#website","url":"https:\/\/bekleidungscenter.com\/","name":"FamilienMode","description":"Alles f\u00fcr die ganze Familie","potentialAction":[{"@type":"SearchAction","target":{"@type":"EntryPoint","urlTemplate":"https:\/\/bekleidungscenter.com\/?s={search_term_string}"},"query-input":"required name=search_term_string"}],"inLanguage":"de"}]}},"_links":{"self":[{"href":"https:\/\/bekleidungscenter.com\/index.php?rest_route=\/wp\/v2\/product\/6933"}],"collection":[{"href":"https:\/\/bekleidungscenter.com\/index.php?rest_route=\/wp\/v2\/product"}],"about":[{"href":"https:\/\/bekleidungscenter.com\/index.php?rest_route=\/wp\/v2\/types\/product"}],"replies":[{"embeddable":true,"href":"https:\/\/bekleidungscenter.com\/index.php?rest_route=%2Fwp%2Fv2%2Fcomments&post=6933"}],"wp:featuredmedia":[{"embeddable":true,"href":"https:\/\/bekleidungscenter.com\/index.php?rest_route=\/wp\/v2\/media\/6934"}],"wp:attachment":[{"href":"https:\/\/bekleidungscenter.com\/index.php?rest_route=%2Fwp%2Fv2%2Fmedia&parent=6933"}],"wp:term":[{"taxonomy":"product_cat","embeddable":true,"href":"https:\/\/bekleidungscenter.com\/index.php?rest_route=%2Fwp%2Fv2%2Fproduct_cat&post=6933"},{"taxonomy":"product_tag","embeddable":true,"href":"https:\/\/bekleidungscenter.com\/index.php?rest_route=%2Fwp%2Fv2%2Fproduct_tag&post=6933"}],"curies":[{"name":"wp","href":"https:\/\/api.w.org\/{rel}","templated":true}]}}