{"id":6941,"date":"2021-01-03T18:11:16","date_gmt":"2021-01-03T18:11:16","guid":{"rendered":"http:\/\/bekleidungscenter.com\/?product=navahoo-damen-uebergangs-stepp-jacke-mit-kapuze-b348"},"modified":"2023-04-10T22:37:11","modified_gmt":"2023-04-10T22:37:11","slug":"navahoo-damen-uebergangs-stepp-jacke-mit-kapuze-b348","status":"publish","type":"product","link":"https:\/\/bekleidungscenter.com\/?product=navahoo-damen-uebergangs-stepp-jacke-mit-kapuze-b348","title":{"rendered":"Navahoo Damen \u00dcbergangs Stepp Jacke mit Kapuze B348"},"content":{"rendered":"<p>Angeboten wird eine leichte Damen Stepp Jacke der Trendmarke &#8222;Navahoo&#8220; &#8211; Brandneu allesamt der aktuellen Kollektion in zahlreichen Farben betriebsbereit. Stark weiches Obermaterial sowie eine leichte F\u00fctterung fabrizieren diese Jacke zu Ihrem st\u00e4ndigen Geschlechtswort alias vor dem Hintergrund k\u00fchle Abende.<br \/>\nEines der begehrtesten Modelle der Marke Navahoo. Top Geflecht unter anderem hochwertig verarbeitet.<br \/>\nObermaterial: 100% Polyester \/ Innenmaterial: 100% Polyester<br \/>\nSteppjacke<br \/>\nPflegehinweis: Maschinenw\u00e4sche<br \/>\nModellnummer: B348<br \/>\nZwei seitliche Eingriffstaschen mittels Rei\u00dfverschluss.<br \/>\nArmabschluss mittels warmen Rippb\u00fcndchen versehen.<br \/>\n<div class=\"main-cross-sell\" data-asin=\"B01K48RVG8\">\n\n\t<div class=\"WooZone-cross-sell-loader\">\n\t\t<div>\n\t\t\t<div id=\"floatingBarsG\">\n\t\t\t\t<div class=\"blockG\" id=\"rotateG_01\"><\/div>\n\t\t\t\t<div class=\"blockG\" id=\"rotateG_02\"><\/div>\n\t\t\t\t<div class=\"blockG\" id=\"rotateG_03\"><\/div>\n\t\t\t\t<div class=\"blockG\" id=\"rotateG_04\"><\/div>\n\t\t\t\t<div class=\"blockG\" id=\"rotateG_05\"><\/div>\n\t\t\t\t<div class=\"blockG\" id=\"rotateG_06\"><\/div>\n\t\t\t\t<div class=\"blockG\" id=\"rotateG_07\"><\/div>\n\t\t\t\t<div class=\"blockG\" id=\"rotateG_08\"><\/div>\n\t\t\t<\/div>\n\t\t\t<div class=\"WooZone-cross-sell-loader-text\"><\/div>\n\t\t<\/div>\n\t<\/div>\n\n\t\t\n<\/div>\n<div style=\"clear:both;\"><\/div><\/p>\n","protected":false},"excerpt":{"rendered":"<p>Angeboten wird eine leichte Damen Stepp Jacke der Trendmarke &#8222;Navahoo&#8220; &#8211; Brandneu aus der aktuellen Kollektion in zahlreichen Farben verf\u00fcgbar. Sehr weiches Obermaterial sowie eine leichte F\u00fctterung machen diese Jacke zu Ihrem st\u00e4ndigen Begleiter auch durch k\u00fchle Abende.<br \/>\nEines der begehrtesten Modelle der Marke Navahoo. Top Qualit\u00e4t und hochwertig verarbeitet.<br \/>\nObermaterial: 100% Polyester \/ Innenmaterial: 100% Polyester<\/p>\n","protected":false},"featured_media":6942,"comment_status":"open","ping_status":"closed","template":"","meta":[],"product_cat":[133,119],"product_tag":[],"yoast_head":"<!-- This site is optimized with the Yoast SEO plugin v20.6 - https:\/\/yoast.com\/wordpress\/plugins\/seo\/ -->\n<title>Navahoo Damen \u00dcbergangs Stepp Jacke mit Kapuze B348 - FamilienMode<\/title>\n<meta name=\"robots\" content=\"index, follow, max-snippet:-1, max-image-preview:large, max-video-preview:-1\" \/>\n<link rel=\"canonical\" href=\"https:\/\/bekleidungscenter.com\/?product=navahoo-damen-uebergangs-stepp-jacke-mit-kapuze-b348\" \/>\n<meta property=\"og:locale\" content=\"de_DE\" \/>\n<meta property=\"og:type\" content=\"article\" \/>\n<meta property=\"og:title\" content=\"Navahoo Damen \u00dcbergangs Stepp Jacke mit Kapuze B348 - FamilienMode\" \/>\n<meta property=\"og:description\" content=\"Angeboten wird eine leichte Damen Stepp Jacke der Trendmarke &quot;Navahoo&quot; - Brandneu aus der aktuellen Kollektion in zahlreichen Farben verf\u00fcgbar. Sehr weiches Obermaterial sowie eine leichte F\u00fctterung machen diese Jacke zu Ihrem st\u00e4ndigen Begleiter auch durch k\u00fchle Abende. Eines der begehrtesten Modelle der Marke Navahoo. Top Qualit\u00e4t und hochwertig verarbeitet. Obermaterial: 100% Polyester \/ Innenmaterial: 100% Polyester\" \/>\n<meta property=\"og:url\" content=\"https:\/\/bekleidungscenter.com\/?product=navahoo-damen-uebergangs-stepp-jacke-mit-kapuze-b348\" \/>\n<meta property=\"og:site_name\" content=\"FamilienMode\" \/>\n<meta property=\"article:modified_time\" content=\"2023-04-10T22:37:11+00:00\" \/>\n<meta property=\"og:image\" content=\"https:\/\/images-na.ssl-images-amazon.com\/images\/I\/41sBwQa1ePL.jpg\" \/>\n\t<meta property=\"og:image:width\" content=\"500\" \/>\n\t<meta property=\"og:image:height\" content=\"500\" \/>\n\t<meta property=\"og:image:type\" content=\"image\/jpeg\" \/>\n<meta name=\"twitter:card\" content=\"summary_large_image\" \/>\n<script type=\"application\/ld+json\" class=\"yoast-schema-graph\">{\"@context\":\"https:\/\/schema.org\",\"@graph\":[{\"@type\":\"WebPage\",\"@id\":\"https:\/\/bekleidungscenter.com\/?product=navahoo-damen-uebergangs-stepp-jacke-mit-kapuze-b348\",\"url\":\"https:\/\/bekleidungscenter.com\/?product=navahoo-damen-uebergangs-stepp-jacke-mit-kapuze-b348\",\"name\":\"Navahoo Damen \u00dcbergangs Stepp Jacke mit Kapuze B348 - FamilienMode\",\"isPartOf\":{\"@id\":\"https:\/\/bekleidungscenter.com\/#website\"},\"datePublished\":\"2021-01-03T18:11:16+00:00\",\"dateModified\":\"2023-04-10T22:37:11+00:00\",\"breadcrumb\":{\"@id\":\"https:\/\/bekleidungscenter.com\/?product=navahoo-damen-uebergangs-stepp-jacke-mit-kapuze-b348#breadcrumb\"},\"inLanguage\":\"de\",\"potentialAction\":[{\"@type\":\"ReadAction\",\"target\":[\"https:\/\/bekleidungscenter.com\/?product=navahoo-damen-uebergangs-stepp-jacke-mit-kapuze-b348\"]}]},{\"@type\":\"BreadcrumbList\",\"@id\":\"https:\/\/bekleidungscenter.com\/?product=navahoo-damen-uebergangs-stepp-jacke-mit-kapuze-b348#breadcrumb\",\"itemListElement\":[{\"@type\":\"ListItem\",\"position\":1,\"name\":\"Home\",\"item\":\"https:\/\/bekleidungscenter.com\/\"},{\"@type\":\"ListItem\",\"position\":2,\"name\":\"Shop\",\"item\":\"https:\/\/bekleidungscenter.com\/?page_id=7\"},{\"@type\":\"ListItem\",\"position\":3,\"name\":\"Navahoo Damen \u00dcbergangs Stepp Jacke mit Kapuze B348\"}]},{\"@type\":\"WebSite\",\"@id\":\"https:\/\/bekleidungscenter.com\/#website\",\"url\":\"https:\/\/bekleidungscenter.com\/\",\"name\":\"FamilienMode\",\"description\":\"Alles f\u00fcr die ganze Familie\",\"potentialAction\":[{\"@type\":\"SearchAction\",\"target\":{\"@type\":\"EntryPoint\",\"urlTemplate\":\"https:\/\/bekleidungscenter.com\/?s={search_term_string}\"},\"query-input\":\"required name=search_term_string\"}],\"inLanguage\":\"de\"}]}<\/script>\n<!-- \/ Yoast SEO plugin. -->","yoast_head_json":{"title":"Navahoo Damen \u00dcbergangs Stepp Jacke mit Kapuze B348 - FamilienMode","robots":{"index":"index","follow":"follow","max-snippet":"max-snippet:-1","max-image-preview":"max-image-preview:large","max-video-preview":"max-video-preview:-1"},"canonical":"https:\/\/bekleidungscenter.com\/?product=navahoo-damen-uebergangs-stepp-jacke-mit-kapuze-b348","og_locale":"de_DE","og_type":"article","og_title":"Navahoo Damen \u00dcbergangs Stepp Jacke mit Kapuze B348 - FamilienMode","og_description":"Angeboten wird eine leichte Damen Stepp Jacke der Trendmarke \"Navahoo\" - Brandneu aus der aktuellen Kollektion in zahlreichen Farben verf\u00fcgbar. Sehr weiches Obermaterial sowie eine leichte F\u00fctterung machen diese Jacke zu Ihrem st\u00e4ndigen Begleiter auch durch k\u00fchle Abende. Eines der begehrtesten Modelle der Marke Navahoo. Top Qualit\u00e4t und hochwertig verarbeitet. Obermaterial: 100% Polyester \/ Innenmaterial: 100% Polyester","og_url":"https:\/\/bekleidungscenter.com\/?product=navahoo-damen-uebergangs-stepp-jacke-mit-kapuze-b348","og_site_name":"FamilienMode","article_modified_time":"2023-04-10T22:37:11+00:00","og_image":[{"width":500,"height":500,"url":"https:\/\/images-na.ssl-images-amazon.com\/images\/I\/41sBwQa1ePL.jpg","type":"image\/jpeg"}],"twitter_card":"summary_large_image","schema":{"@context":"https:\/\/schema.org","@graph":[{"@type":"WebPage","@id":"https:\/\/bekleidungscenter.com\/?product=navahoo-damen-uebergangs-stepp-jacke-mit-kapuze-b348","url":"https:\/\/bekleidungscenter.com\/?product=navahoo-damen-uebergangs-stepp-jacke-mit-kapuze-b348","name":"Navahoo Damen \u00dcbergangs Stepp Jacke mit Kapuze B348 - FamilienMode","isPartOf":{"@id":"https:\/\/bekleidungscenter.com\/#website"},"datePublished":"2021-01-03T18:11:16+00:00","dateModified":"2023-04-10T22:37:11+00:00","breadcrumb":{"@id":"https:\/\/bekleidungscenter.com\/?product=navahoo-damen-uebergangs-stepp-jacke-mit-kapuze-b348#breadcrumb"},"inLanguage":"de","potentialAction":[{"@type":"ReadAction","target":["https:\/\/bekleidungscenter.com\/?product=navahoo-damen-uebergangs-stepp-jacke-mit-kapuze-b348"]}]},{"@type":"BreadcrumbList","@id":"https:\/\/bekleidungscenter.com\/?product=navahoo-damen-uebergangs-stepp-jacke-mit-kapuze-b348#breadcrumb","itemListElement":[{"@type":"ListItem","position":1,"name":"Home","item":"https:\/\/bekleidungscenter.com\/"},{"@type":"ListItem","position":2,"name":"Shop","item":"https:\/\/bekleidungscenter.com\/?page_id=7"},{"@type":"ListItem","position":3,"name":"Navahoo Damen \u00dcbergangs Stepp Jacke mit Kapuze B348"}]},{"@type":"WebSite","@id":"https:\/\/bekleidungscenter.com\/#website","url":"https:\/\/bekleidungscenter.com\/","name":"FamilienMode","description":"Alles f\u00fcr die ganze Familie","potentialAction":[{"@type":"SearchAction","target":{"@type":"EntryPoint","urlTemplate":"https:\/\/bekleidungscenter.com\/?s={search_term_string}"},"query-input":"required name=search_term_string"}],"inLanguage":"de"}]}},"_links":{"self":[{"href":"https:\/\/bekleidungscenter.com\/index.php?rest_route=\/wp\/v2\/product\/6941"}],"collection":[{"href":"https:\/\/bekleidungscenter.com\/index.php?rest_route=\/wp\/v2\/product"}],"about":[{"href":"https:\/\/bekleidungscenter.com\/index.php?rest_route=\/wp\/v2\/types\/product"}],"replies":[{"embeddable":true,"href":"https:\/\/bekleidungscenter.com\/index.php?rest_route=%2Fwp%2Fv2%2Fcomments&post=6941"}],"wp:featuredmedia":[{"embeddable":true,"href":"https:\/\/bekleidungscenter.com\/index.php?rest_route=\/wp\/v2\/media\/6942"}],"wp:attachment":[{"href":"https:\/\/bekleidungscenter.com\/index.php?rest_route=%2Fwp%2Fv2%2Fmedia&parent=6941"}],"wp:term":[{"taxonomy":"product_cat","embeddable":true,"href":"https:\/\/bekleidungscenter.com\/index.php?rest_route=%2Fwp%2Fv2%2Fproduct_cat&post=6941"},{"taxonomy":"product_tag","embeddable":true,"href":"https:\/\/bekleidungscenter.com\/index.php?rest_route=%2Fwp%2Fv2%2Fproduct_tag&post=6941"}],"curies":[{"name":"wp","href":"https:\/\/api.w.org\/{rel}","templated":true}]}}