{"id":6963,"date":"2021-01-03T18:11:34","date_gmt":"2021-01-03T18:11:34","guid":{"rendered":"http:\/\/bekleidungscenter.com\/?product=only-damen-onliris-parka-otw-jacke"},"modified":"2023-04-10T22:37:11","modified_gmt":"2023-04-10T22:37:11","slug":"only-damen-onliris-parka-otw-jacke","status":"publish","type":"product","link":"https:\/\/bekleidungscenter.com\/?product=only-damen-onliris-parka-otw-jacke","title":{"rendered":"ONLY Damen Onliris Parka OTW Jacke"},"content":{"rendered":"<p>Parka<br \/>\nDieser Parka des d\u00e4nischen Labels ONLY ist ein absolutes Attraktion in der Kleider. Die vielseitig einsetzbare Jacke besitzt unter Einsatz von einen versteckten Rei\u00dfverschluss u. a. einem Kordelzug in der Taille. Gen der Brust sind vertikale Taschen entsprechend. Gen der H\u00fcfte Ergehen sich seitliche Eingriffstaschen via Klappe.<br \/>\nKragenform: Kapuze<br \/>\nLangarm<br \/>\nVerschluss: Rei\u00dfverschluss<br \/>\n100% Polyester<br \/>\nParka<br \/>\nPflegehinweis: Maschinenw\u00e4sche eisig (30\u00b0 max)<br \/>\nModellnummer: 15123049<br \/>\nDas Attraktion verk\u00f6rpert die Kapuze via Fake Fur.<br \/>\n<div class=\"main-cross-sell\" data-asin=\"B01DWF2I5O\">\n\n\t<div class=\"WooZone-cross-sell-loader\">\n\t\t<div>\n\t\t\t<div id=\"floatingBarsG\">\n\t\t\t\t<div class=\"blockG\" id=\"rotateG_01\"><\/div>\n\t\t\t\t<div class=\"blockG\" id=\"rotateG_02\"><\/div>\n\t\t\t\t<div class=\"blockG\" id=\"rotateG_03\"><\/div>\n\t\t\t\t<div class=\"blockG\" id=\"rotateG_04\"><\/div>\n\t\t\t\t<div class=\"blockG\" id=\"rotateG_05\"><\/div>\n\t\t\t\t<div class=\"blockG\" id=\"rotateG_06\"><\/div>\n\t\t\t\t<div class=\"blockG\" id=\"rotateG_07\"><\/div>\n\t\t\t\t<div class=\"blockG\" id=\"rotateG_08\"><\/div>\n\t\t\t<\/div>\n\t\t\t<div class=\"WooZone-cross-sell-loader-text\"><\/div>\n\t\t<\/div>\n\t<\/div>\n\n\t\t\n<\/div>\n<div style=\"clear:both;\"><\/div><\/p>\n","protected":false},"excerpt":{"rendered":"<p>Parka<br \/>\nDieser Parka des d\u00e4nischen Labels ONLY ist ein absolutes Highlight in der Garderobe. Die vielseitig einsetzbare Jacke verf\u00fcgt \u00fcber einen versteckten Rei\u00dfverschluss und einem Kordelzug in der Taille. Auf der Brust sind vertikale Taschen angebracht. Auf der H\u00fcfte befinden sich seitliche Eingriffstaschen mit Klappe.<br \/>\nKragenform: Kapuze<\/p>\n","protected":false},"featured_media":6964,"comment_status":"open","ping_status":"closed","template":"","meta":[],"product_cat":[133,119],"product_tag":[],"yoast_head":"<!-- This site is optimized with the Yoast SEO plugin v20.6 - https:\/\/yoast.com\/wordpress\/plugins\/seo\/ -->\n<title>ONLY Damen Onliris Parka OTW Jacke - FamilienMode<\/title>\n<meta name=\"robots\" content=\"index, follow, max-snippet:-1, max-image-preview:large, max-video-preview:-1\" \/>\n<link rel=\"canonical\" href=\"https:\/\/bekleidungscenter.com\/?product=only-damen-onliris-parka-otw-jacke\" \/>\n<meta property=\"og:locale\" content=\"de_DE\" \/>\n<meta property=\"og:type\" content=\"article\" \/>\n<meta property=\"og:title\" content=\"ONLY Damen Onliris Parka OTW Jacke - FamilienMode\" \/>\n<meta property=\"og:description\" content=\"Parka Dieser Parka des d\u00e4nischen Labels ONLY ist ein absolutes Highlight in der Garderobe. Die vielseitig einsetzbare Jacke verf\u00fcgt \u00fcber einen versteckten Rei\u00dfverschluss und einem Kordelzug in der Taille. Auf der Brust sind vertikale Taschen angebracht. Auf der H\u00fcfte befinden sich seitliche Eingriffstaschen mit Klappe. Kragenform: Kapuze\" \/>\n<meta property=\"og:url\" content=\"https:\/\/bekleidungscenter.com\/?product=only-damen-onliris-parka-otw-jacke\" \/>\n<meta property=\"og:site_name\" content=\"FamilienMode\" \/>\n<meta property=\"article:modified_time\" content=\"2023-04-10T22:37:11+00:00\" \/>\n<meta property=\"og:image\" content=\"https:\/\/images-na.ssl-images-amazon.com\/images\/I\/41kIrASazCL.jpg\" \/>\n\t<meta property=\"og:image:width\" content=\"500\" \/>\n\t<meta property=\"og:image:height\" content=\"500\" \/>\n\t<meta property=\"og:image:type\" content=\"image\/jpeg\" \/>\n<meta name=\"twitter:card\" content=\"summary_large_image\" \/>\n<script type=\"application\/ld+json\" class=\"yoast-schema-graph\">{\"@context\":\"https:\/\/schema.org\",\"@graph\":[{\"@type\":\"WebPage\",\"@id\":\"https:\/\/bekleidungscenter.com\/?product=only-damen-onliris-parka-otw-jacke\",\"url\":\"https:\/\/bekleidungscenter.com\/?product=only-damen-onliris-parka-otw-jacke\",\"name\":\"ONLY Damen Onliris Parka OTW Jacke - FamilienMode\",\"isPartOf\":{\"@id\":\"https:\/\/bekleidungscenter.com\/#website\"},\"datePublished\":\"2021-01-03T18:11:34+00:00\",\"dateModified\":\"2023-04-10T22:37:11+00:00\",\"breadcrumb\":{\"@id\":\"https:\/\/bekleidungscenter.com\/?product=only-damen-onliris-parka-otw-jacke#breadcrumb\"},\"inLanguage\":\"de\",\"potentialAction\":[{\"@type\":\"ReadAction\",\"target\":[\"https:\/\/bekleidungscenter.com\/?product=only-damen-onliris-parka-otw-jacke\"]}]},{\"@type\":\"BreadcrumbList\",\"@id\":\"https:\/\/bekleidungscenter.com\/?product=only-damen-onliris-parka-otw-jacke#breadcrumb\",\"itemListElement\":[{\"@type\":\"ListItem\",\"position\":1,\"name\":\"Home\",\"item\":\"https:\/\/bekleidungscenter.com\/\"},{\"@type\":\"ListItem\",\"position\":2,\"name\":\"Shop\",\"item\":\"https:\/\/bekleidungscenter.com\/?page_id=7\"},{\"@type\":\"ListItem\",\"position\":3,\"name\":\"ONLY Damen Onliris Parka OTW Jacke\"}]},{\"@type\":\"WebSite\",\"@id\":\"https:\/\/bekleidungscenter.com\/#website\",\"url\":\"https:\/\/bekleidungscenter.com\/\",\"name\":\"FamilienMode\",\"description\":\"Alles f\u00fcr die ganze Familie\",\"potentialAction\":[{\"@type\":\"SearchAction\",\"target\":{\"@type\":\"EntryPoint\",\"urlTemplate\":\"https:\/\/bekleidungscenter.com\/?s={search_term_string}\"},\"query-input\":\"required name=search_term_string\"}],\"inLanguage\":\"de\"}]}<\/script>\n<!-- \/ Yoast SEO plugin. -->","yoast_head_json":{"title":"ONLY Damen Onliris Parka OTW Jacke - FamilienMode","robots":{"index":"index","follow":"follow","max-snippet":"max-snippet:-1","max-image-preview":"max-image-preview:large","max-video-preview":"max-video-preview:-1"},"canonical":"https:\/\/bekleidungscenter.com\/?product=only-damen-onliris-parka-otw-jacke","og_locale":"de_DE","og_type":"article","og_title":"ONLY Damen Onliris Parka OTW Jacke - FamilienMode","og_description":"Parka Dieser Parka des d\u00e4nischen Labels ONLY ist ein absolutes Highlight in der Garderobe. Die vielseitig einsetzbare Jacke verf\u00fcgt \u00fcber einen versteckten Rei\u00dfverschluss und einem Kordelzug in der Taille. Auf der Brust sind vertikale Taschen angebracht. Auf der H\u00fcfte befinden sich seitliche Eingriffstaschen mit Klappe. Kragenform: Kapuze","og_url":"https:\/\/bekleidungscenter.com\/?product=only-damen-onliris-parka-otw-jacke","og_site_name":"FamilienMode","article_modified_time":"2023-04-10T22:37:11+00:00","og_image":[{"width":500,"height":500,"url":"https:\/\/images-na.ssl-images-amazon.com\/images\/I\/41kIrASazCL.jpg","type":"image\/jpeg"}],"twitter_card":"summary_large_image","schema":{"@context":"https:\/\/schema.org","@graph":[{"@type":"WebPage","@id":"https:\/\/bekleidungscenter.com\/?product=only-damen-onliris-parka-otw-jacke","url":"https:\/\/bekleidungscenter.com\/?product=only-damen-onliris-parka-otw-jacke","name":"ONLY Damen Onliris Parka OTW Jacke - FamilienMode","isPartOf":{"@id":"https:\/\/bekleidungscenter.com\/#website"},"datePublished":"2021-01-03T18:11:34+00:00","dateModified":"2023-04-10T22:37:11+00:00","breadcrumb":{"@id":"https:\/\/bekleidungscenter.com\/?product=only-damen-onliris-parka-otw-jacke#breadcrumb"},"inLanguage":"de","potentialAction":[{"@type":"ReadAction","target":["https:\/\/bekleidungscenter.com\/?product=only-damen-onliris-parka-otw-jacke"]}]},{"@type":"BreadcrumbList","@id":"https:\/\/bekleidungscenter.com\/?product=only-damen-onliris-parka-otw-jacke#breadcrumb","itemListElement":[{"@type":"ListItem","position":1,"name":"Home","item":"https:\/\/bekleidungscenter.com\/"},{"@type":"ListItem","position":2,"name":"Shop","item":"https:\/\/bekleidungscenter.com\/?page_id=7"},{"@type":"ListItem","position":3,"name":"ONLY Damen Onliris Parka OTW Jacke"}]},{"@type":"WebSite","@id":"https:\/\/bekleidungscenter.com\/#website","url":"https:\/\/bekleidungscenter.com\/","name":"FamilienMode","description":"Alles f\u00fcr die ganze Familie","potentialAction":[{"@type":"SearchAction","target":{"@type":"EntryPoint","urlTemplate":"https:\/\/bekleidungscenter.com\/?s={search_term_string}"},"query-input":"required name=search_term_string"}],"inLanguage":"de"}]}},"_links":{"self":[{"href":"https:\/\/bekleidungscenter.com\/index.php?rest_route=\/wp\/v2\/product\/6963"}],"collection":[{"href":"https:\/\/bekleidungscenter.com\/index.php?rest_route=\/wp\/v2\/product"}],"about":[{"href":"https:\/\/bekleidungscenter.com\/index.php?rest_route=\/wp\/v2\/types\/product"}],"replies":[{"embeddable":true,"href":"https:\/\/bekleidungscenter.com\/index.php?rest_route=%2Fwp%2Fv2%2Fcomments&post=6963"}],"wp:featuredmedia":[{"embeddable":true,"href":"https:\/\/bekleidungscenter.com\/index.php?rest_route=\/wp\/v2\/media\/6964"}],"wp:attachment":[{"href":"https:\/\/bekleidungscenter.com\/index.php?rest_route=%2Fwp%2Fv2%2Fmedia&parent=6963"}],"wp:term":[{"taxonomy":"product_cat","embeddable":true,"href":"https:\/\/bekleidungscenter.com\/index.php?rest_route=%2Fwp%2Fv2%2Fproduct_cat&post=6963"},{"taxonomy":"product_tag","embeddable":true,"href":"https:\/\/bekleidungscenter.com\/index.php?rest_route=%2Fwp%2Fv2%2Fproduct_tag&post=6963"}],"curies":[{"name":"wp","href":"https:\/\/api.w.org\/{rel}","templated":true}]}}