{"id":6990,"date":"2021-01-03T18:11:57","date_gmt":"2021-01-03T18:11:57","guid":{"rendered":"http:\/\/bekleidungscenter.com\/?product=vaude-damen-womens-skarvan-softshell-jacket-ii-jacke"},"modified":"2023-04-10T22:37:12","modified_gmt":"2023-04-10T22:37:12","slug":"vaude-damen-womens-skarvan-softshell-jacket-ii-jacke","status":"publish","type":"product","link":"https:\/\/bekleidungscenter.com\/?product=vaude-damen-womens-skarvan-softshell-jacket-ii-jacke","title":{"rendered":"VAUDE Damen Women&#8217;s Skarvan Softshell Jacket Ii Jacke"},"content":{"rendered":"<p><!-- show up to 2 reviews by default --> <\/p>\n<p>Abseits der ausgetretenen Pfade. Dank der Women&#8217;s Skarvan Softshell Jacket II steht Ihrem n\u00e4chsten Outdoor-Ausflug nichts mehr im Wege. Die durchdachte Einteilung in verschiedene Materialzonen macht die Jacke sonderlich qualifiziert anstatt eine Diversit\u00e4t von Outdoor-Eins\u00e4tzen. Der praktische und bequeme Schnitt macht sie zu einem beliebten Begleiter beim Trekking und Wandern. Wasserabweisende Bereiche an Schultern und Kapuze sorgen daf\u00fcr, dass selbst kleine Regenschauer der Jacke nichts anhaben k\u00f6nnen. Das VAUDE Green Shape-Label steht anstatt ein umweltvertr\u00e4gliches und funktionelles Produkt die Gesamtheit nachhaltigen Materialien. Wir setzen uns anstatt gute Arbeitsbedingungen und faire L\u00f6hne aller Mitarbeiter ein. Zudem sind wir Verwandter der Tolerabel Wear Foundation (FWF) und setzen uns anstatt die kontinuierliche Verbesserung der Arbeitsbedingungen in allen Produktionsst\u00e4tten ein. VAUDE hat mit dem Leader-Status den h\u00f6chsten Status wie FWF-Verwandter erreicht. <\/p>\n<p>Leichte Hybrid Softshelljacke anstatt Damen: Einzeln der ausgetretenen Pfade. Dank der Women&#8217;s Skarvan Softshell Jacket II zum Trekking und Wandern steht Ihrem n\u00e4chsten Outdoor-Trip nichts mehr im Wege<br \/>\nVerschiedene Materialzonen: Dank der durchdachten Einteilung in verschiedene Materialbereiche wird die Softshell Jacke anstatt Damen Ihr zuverl\u00e4ssiger Begleiter anstatt den vielf\u00e4ltigen Outdoor Einsatz<br \/>\n100% Polyamid<br \/>\nWomen&#8217;s Skarvan Softshell Jacket II<br \/>\nModellnummer: 41814<br \/>\nWasserabweisende Materialzonen am Rumpf: Die hydrophoben Bereiche an den Schultern und der Kapuze sorgen daf\u00fcr, dass selbst kleine Regenschauer der Windbreaker Damen Jacke nichts anhaben k\u00f6nnen<br \/>\nUmweltschonend gefertigt: Unsere atmungsaktive Outdoorjacke anstatt Frauen ist dank Eco Finish umweltvertr\u00e4glich und wasserabweisend. Zudem ist die Kapuzenjacke frei von Fluorcarbon (PFC frei)<br \/>\nGreen Shape Label: Die funktionelle und umweltvertr\u00e4gliche Softshell Damenjacke besteht die Gesamtheit nachhaltigen Materialien. Bei der Erzeugung wird auf faire Arbeitsbedingungen in der gesamten Lieferkette geachtet<br \/>\n<div class=\"main-cross-sell\" data-asin=\"B07WMT6377\">\n\n\t<div class=\"WooZone-cross-sell-loader\">\n\t\t<div>\n\t\t\t<div id=\"floatingBarsG\">\n\t\t\t\t<div class=\"blockG\" id=\"rotateG_01\"><\/div>\n\t\t\t\t<div class=\"blockG\" id=\"rotateG_02\"><\/div>\n\t\t\t\t<div class=\"blockG\" id=\"rotateG_03\"><\/div>\n\t\t\t\t<div class=\"blockG\" id=\"rotateG_04\"><\/div>\n\t\t\t\t<div class=\"blockG\" id=\"rotateG_05\"><\/div>\n\t\t\t\t<div class=\"blockG\" id=\"rotateG_06\"><\/div>\n\t\t\t\t<div class=\"blockG\" id=\"rotateG_07\"><\/div>\n\t\t\t\t<div class=\"blockG\" id=\"rotateG_08\"><\/div>\n\t\t\t<\/div>\n\t\t\t<div class=\"WooZone-cross-sell-loader-text\"><\/div>\n\t\t<\/div>\n\t<\/div>\n\n\t\t\n<\/div>\n<div style=\"clear:both;\"><\/div><\/p>\n","protected":false},"excerpt":{"rendered":"<p>Leichte Hybrid Softshelljacke f\u00fcr Damen: Abseits der ausgetretenen Pfade. Dank der Women&#8217;s Skarvan Softshell Jacket II zum Trekking und Wandern steht Ihrem n\u00e4chsten Outdoor-Trip nichts mehr im Wege<br \/>\nVerschiedene Materialzonen: Dank der durchdachten Einteilung in verschiedene Materialbereiche wird die Softshell Jacke f\u00fcr Damen Ihr zuverl\u00e4ssiger Begleiter f\u00fcr den vielf\u00e4ltigen Outdoor Einsatz<br \/>\n100% Polyamid<\/p>\n","protected":false},"featured_media":6991,"comment_status":"open","ping_status":"closed","template":"","meta":[],"product_cat":[133,119],"product_tag":[],"yoast_head":"<!-- This site is optimized with the Yoast SEO plugin v20.6 - https:\/\/yoast.com\/wordpress\/plugins\/seo\/ -->\n<title>VAUDE Damen Women&#039;s Skarvan Softshell Jacket Ii Jacke - FamilienMode<\/title>\n<meta name=\"robots\" content=\"index, follow, max-snippet:-1, max-image-preview:large, max-video-preview:-1\" \/>\n<link rel=\"canonical\" href=\"https:\/\/bekleidungscenter.com\/?product=vaude-damen-womens-skarvan-softshell-jacket-ii-jacke\" \/>\n<meta property=\"og:locale\" content=\"de_DE\" \/>\n<meta property=\"og:type\" content=\"article\" \/>\n<meta property=\"og:title\" content=\"VAUDE Damen Women&#039;s Skarvan Softshell Jacket Ii Jacke - FamilienMode\" \/>\n<meta property=\"og:description\" content=\"Leichte Hybrid Softshelljacke f\u00fcr Damen: Abseits der ausgetretenen Pfade. Dank der Women&#039;s Skarvan Softshell Jacket II zum Trekking und Wandern steht Ihrem n\u00e4chsten Outdoor-Trip nichts mehr im Wege Verschiedene Materialzonen: Dank der durchdachten Einteilung in verschiedene Materialbereiche wird die Softshell Jacke f\u00fcr Damen Ihr zuverl\u00e4ssiger Begleiter f\u00fcr den vielf\u00e4ltigen Outdoor Einsatz 100% Polyamid\" \/>\n<meta property=\"og:url\" content=\"https:\/\/bekleidungscenter.com\/?product=vaude-damen-womens-skarvan-softshell-jacket-ii-jacke\" \/>\n<meta property=\"og:site_name\" content=\"FamilienMode\" \/>\n<meta property=\"article:modified_time\" content=\"2023-04-10T22:37:12+00:00\" \/>\n<meta property=\"og:image\" content=\"https:\/\/images-na.ssl-images-amazon.com\/images\/I\/41NNDuOqVxL.jpg\" \/>\n\t<meta property=\"og:image:width\" content=\"500\" \/>\n\t<meta property=\"og:image:height\" content=\"500\" \/>\n\t<meta property=\"og:image:type\" content=\"image\/jpeg\" \/>\n<meta name=\"twitter:card\" content=\"summary_large_image\" \/>\n<meta name=\"twitter:label1\" content=\"Gesch\u00e4tzte Lesezeit\" \/>\n\t<meta name=\"twitter:data1\" content=\"1\u00a0Minute\" \/>\n<script type=\"application\/ld+json\" class=\"yoast-schema-graph\">{\"@context\":\"https:\/\/schema.org\",\"@graph\":[{\"@type\":\"WebPage\",\"@id\":\"https:\/\/bekleidungscenter.com\/?product=vaude-damen-womens-skarvan-softshell-jacket-ii-jacke\",\"url\":\"https:\/\/bekleidungscenter.com\/?product=vaude-damen-womens-skarvan-softshell-jacket-ii-jacke\",\"name\":\"VAUDE Damen Women's Skarvan Softshell Jacket Ii Jacke - FamilienMode\",\"isPartOf\":{\"@id\":\"https:\/\/bekleidungscenter.com\/#website\"},\"datePublished\":\"2021-01-03T18:11:57+00:00\",\"dateModified\":\"2023-04-10T22:37:12+00:00\",\"breadcrumb\":{\"@id\":\"https:\/\/bekleidungscenter.com\/?product=vaude-damen-womens-skarvan-softshell-jacket-ii-jacke#breadcrumb\"},\"inLanguage\":\"de\",\"potentialAction\":[{\"@type\":\"ReadAction\",\"target\":[\"https:\/\/bekleidungscenter.com\/?product=vaude-damen-womens-skarvan-softshell-jacket-ii-jacke\"]}]},{\"@type\":\"BreadcrumbList\",\"@id\":\"https:\/\/bekleidungscenter.com\/?product=vaude-damen-womens-skarvan-softshell-jacket-ii-jacke#breadcrumb\",\"itemListElement\":[{\"@type\":\"ListItem\",\"position\":1,\"name\":\"Home\",\"item\":\"https:\/\/bekleidungscenter.com\/\"},{\"@type\":\"ListItem\",\"position\":2,\"name\":\"Shop\",\"item\":\"https:\/\/bekleidungscenter.com\/?page_id=7\"},{\"@type\":\"ListItem\",\"position\":3,\"name\":\"VAUDE Damen Women&#8217;s Skarvan Softshell Jacket Ii Jacke\"}]},{\"@type\":\"WebSite\",\"@id\":\"https:\/\/bekleidungscenter.com\/#website\",\"url\":\"https:\/\/bekleidungscenter.com\/\",\"name\":\"FamilienMode\",\"description\":\"Alles f\u00fcr die ganze Familie\",\"potentialAction\":[{\"@type\":\"SearchAction\",\"target\":{\"@type\":\"EntryPoint\",\"urlTemplate\":\"https:\/\/bekleidungscenter.com\/?s={search_term_string}\"},\"query-input\":\"required name=search_term_string\"}],\"inLanguage\":\"de\"}]}<\/script>\n<!-- \/ Yoast SEO plugin. -->","yoast_head_json":{"title":"VAUDE Damen Women's Skarvan Softshell Jacket Ii Jacke - FamilienMode","robots":{"index":"index","follow":"follow","max-snippet":"max-snippet:-1","max-image-preview":"max-image-preview:large","max-video-preview":"max-video-preview:-1"},"canonical":"https:\/\/bekleidungscenter.com\/?product=vaude-damen-womens-skarvan-softshell-jacket-ii-jacke","og_locale":"de_DE","og_type":"article","og_title":"VAUDE Damen Women's Skarvan Softshell Jacket Ii Jacke - FamilienMode","og_description":"Leichte Hybrid Softshelljacke f\u00fcr Damen: Abseits der ausgetretenen Pfade. Dank der Women's Skarvan Softshell Jacket II zum Trekking und Wandern steht Ihrem n\u00e4chsten Outdoor-Trip nichts mehr im Wege Verschiedene Materialzonen: Dank der durchdachten Einteilung in verschiedene Materialbereiche wird die Softshell Jacke f\u00fcr Damen Ihr zuverl\u00e4ssiger Begleiter f\u00fcr den vielf\u00e4ltigen Outdoor Einsatz 100% Polyamid","og_url":"https:\/\/bekleidungscenter.com\/?product=vaude-damen-womens-skarvan-softshell-jacket-ii-jacke","og_site_name":"FamilienMode","article_modified_time":"2023-04-10T22:37:12+00:00","og_image":[{"width":500,"height":500,"url":"https:\/\/images-na.ssl-images-amazon.com\/images\/I\/41NNDuOqVxL.jpg","type":"image\/jpeg"}],"twitter_card":"summary_large_image","twitter_misc":{"Gesch\u00e4tzte Lesezeit":"1\u00a0Minute"},"schema":{"@context":"https:\/\/schema.org","@graph":[{"@type":"WebPage","@id":"https:\/\/bekleidungscenter.com\/?product=vaude-damen-womens-skarvan-softshell-jacket-ii-jacke","url":"https:\/\/bekleidungscenter.com\/?product=vaude-damen-womens-skarvan-softshell-jacket-ii-jacke","name":"VAUDE Damen Women's Skarvan Softshell Jacket Ii Jacke - FamilienMode","isPartOf":{"@id":"https:\/\/bekleidungscenter.com\/#website"},"datePublished":"2021-01-03T18:11:57+00:00","dateModified":"2023-04-10T22:37:12+00:00","breadcrumb":{"@id":"https:\/\/bekleidungscenter.com\/?product=vaude-damen-womens-skarvan-softshell-jacket-ii-jacke#breadcrumb"},"inLanguage":"de","potentialAction":[{"@type":"ReadAction","target":["https:\/\/bekleidungscenter.com\/?product=vaude-damen-womens-skarvan-softshell-jacket-ii-jacke"]}]},{"@type":"BreadcrumbList","@id":"https:\/\/bekleidungscenter.com\/?product=vaude-damen-womens-skarvan-softshell-jacket-ii-jacke#breadcrumb","itemListElement":[{"@type":"ListItem","position":1,"name":"Home","item":"https:\/\/bekleidungscenter.com\/"},{"@type":"ListItem","position":2,"name":"Shop","item":"https:\/\/bekleidungscenter.com\/?page_id=7"},{"@type":"ListItem","position":3,"name":"VAUDE Damen Women&#8217;s Skarvan Softshell Jacket Ii Jacke"}]},{"@type":"WebSite","@id":"https:\/\/bekleidungscenter.com\/#website","url":"https:\/\/bekleidungscenter.com\/","name":"FamilienMode","description":"Alles f\u00fcr die ganze Familie","potentialAction":[{"@type":"SearchAction","target":{"@type":"EntryPoint","urlTemplate":"https:\/\/bekleidungscenter.com\/?s={search_term_string}"},"query-input":"required name=search_term_string"}],"inLanguage":"de"}]}},"_links":{"self":[{"href":"https:\/\/bekleidungscenter.com\/index.php?rest_route=\/wp\/v2\/product\/6990"}],"collection":[{"href":"https:\/\/bekleidungscenter.com\/index.php?rest_route=\/wp\/v2\/product"}],"about":[{"href":"https:\/\/bekleidungscenter.com\/index.php?rest_route=\/wp\/v2\/types\/product"}],"replies":[{"embeddable":true,"href":"https:\/\/bekleidungscenter.com\/index.php?rest_route=%2Fwp%2Fv2%2Fcomments&post=6990"}],"wp:featuredmedia":[{"embeddable":true,"href":"https:\/\/bekleidungscenter.com\/index.php?rest_route=\/wp\/v2\/media\/6991"}],"wp:attachment":[{"href":"https:\/\/bekleidungscenter.com\/index.php?rest_route=%2Fwp%2Fv2%2Fmedia&parent=6990"}],"wp:term":[{"taxonomy":"product_cat","embeddable":true,"href":"https:\/\/bekleidungscenter.com\/index.php?rest_route=%2Fwp%2Fv2%2Fproduct_cat&post=6990"},{"taxonomy":"product_tag","embeddable":true,"href":"https:\/\/bekleidungscenter.com\/index.php?rest_route=%2Fwp%2Fv2%2Fproduct_tag&post=6990"}],"curies":[{"name":"wp","href":"https:\/\/api.w.org\/{rel}","templated":true}]}}