{"id":7017,"date":"2021-01-03T18:12:17","date_gmt":"2021-01-03T18:12:17","guid":{"rendered":"http:\/\/bekleidungscenter.com\/?product=crone-elements-nora-basic-damen-jacke-steppjacke-mit-kapuze"},"modified":"2023-04-10T22:37:12","modified_gmt":"2023-04-10T22:37:12","slug":"crone-elements-nora-basic-damen-jacke-steppjacke-mit-kapuze","status":"publish","type":"product","link":"https:\/\/bekleidungscenter.com\/?product=crone-elements-nora-basic-damen-jacke-steppjacke-mit-kapuze","title":{"rendered":"Crone Elements Nora Basic Damen Jacke Steppjacke mit Kapuze"},"content":{"rendered":"<p>Ein betont feminines Outdoor-Special zeigen wir Dir unter Zuhilfenahme von der wasserfesten und vor Wind sch\u00fctzenden Steppjacke Nora statt Damen.<br \/>\nDie Kapuzen Jacke unter Zuhilfenahme von Blouson-Organisation l\u00e4sst sich statt Mix Gelegenheiten und alltagstauglich genial herleiten.<br \/>\nEco Friendly &#8211; Veganer Herstellungsprozess<br \/>\nLeicht und entgegengesetzt unter Zuhilfenahme von weicher Innenf\u00fctterung, seidenmatter Optik und klassischer Steppung. Bequeme elastische B\u00fcndchen umsorgen W\u00e4rme und lassen keinen Wind infolge.<br \/>\nEine zur Taille hin schmaler werdende Steppung gibt ihr eine schlanke Silhouette, die alltagssprachlich infolge die seitlichen Rei\u00dfverschlusstaschen erg\u00e4nzt wird.<br \/>\n<div class=\"main-cross-sell\" data-asin=\"B081QWHKSC\">\n\n\t<div class=\"WooZone-cross-sell-loader\">\n\t\t<div>\n\t\t\t<div id=\"floatingBarsG\">\n\t\t\t\t<div class=\"blockG\" id=\"rotateG_01\"><\/div>\n\t\t\t\t<div class=\"blockG\" id=\"rotateG_02\"><\/div>\n\t\t\t\t<div class=\"blockG\" id=\"rotateG_03\"><\/div>\n\t\t\t\t<div class=\"blockG\" id=\"rotateG_04\"><\/div>\n\t\t\t\t<div class=\"blockG\" id=\"rotateG_05\"><\/div>\n\t\t\t\t<div class=\"blockG\" id=\"rotateG_06\"><\/div>\n\t\t\t\t<div class=\"blockG\" id=\"rotateG_07\"><\/div>\n\t\t\t\t<div class=\"blockG\" id=\"rotateG_08\"><\/div>\n\t\t\t<\/div>\n\t\t\t<div class=\"WooZone-cross-sell-loader-text\"><\/div>\n\t\t<\/div>\n\t<\/div>\n\n\t\t\n<\/div>\n<div style=\"clear:both;\"><\/div><\/p>\n","protected":false},"excerpt":{"rendered":"<p>Ein betont feminines Outdoor-Special pr\u00e4sentieren wir Dir mit der wasserfesten und vor Wind sch\u00fctzenden Steppjacke Nora f\u00fcr Damen.<br \/>\nDie Kapuzen Jacke mit Blouson-Form l\u00e4sst sich f\u00fcr viele Gelegenheiten und alltagstauglich genial kombinieren.<br \/>\nEco Friendly &#8211; Veganer Herstellungsprozess<\/p>\n","protected":false},"featured_media":7018,"comment_status":"open","ping_status":"closed","template":"","meta":[],"product_cat":[133,119],"product_tag":[],"yoast_head":"<!-- This site is optimized with the Yoast SEO plugin v20.6 - https:\/\/yoast.com\/wordpress\/plugins\/seo\/ -->\n<title>Crone Elements Nora Basic Damen Jacke Steppjacke mit Kapuze - FamilienMode<\/title>\n<meta name=\"robots\" content=\"index, follow, max-snippet:-1, max-image-preview:large, max-video-preview:-1\" \/>\n<link rel=\"canonical\" href=\"https:\/\/bekleidungscenter.com\/?product=crone-elements-nora-basic-damen-jacke-steppjacke-mit-kapuze\" \/>\n<meta property=\"og:locale\" content=\"de_DE\" \/>\n<meta property=\"og:type\" content=\"article\" \/>\n<meta property=\"og:title\" content=\"Crone Elements Nora Basic Damen Jacke Steppjacke mit Kapuze - FamilienMode\" \/>\n<meta property=\"og:description\" content=\"Ein betont feminines Outdoor-Special pr\u00e4sentieren wir Dir mit der wasserfesten und vor Wind sch\u00fctzenden Steppjacke Nora f\u00fcr Damen. Die Kapuzen Jacke mit Blouson-Form l\u00e4sst sich f\u00fcr viele Gelegenheiten und alltagstauglich genial kombinieren. Eco Friendly - Veganer Herstellungsprozess\" \/>\n<meta property=\"og:url\" content=\"https:\/\/bekleidungscenter.com\/?product=crone-elements-nora-basic-damen-jacke-steppjacke-mit-kapuze\" \/>\n<meta property=\"og:site_name\" content=\"FamilienMode\" \/>\n<meta property=\"article:modified_time\" content=\"2023-04-10T22:37:12+00:00\" \/>\n<meta property=\"og:image\" content=\"https:\/\/images-na.ssl-images-amazon.com\/images\/I\/41z7LbJa5jL.jpg\" \/>\n\t<meta property=\"og:image:width\" content=\"500\" \/>\n\t<meta property=\"og:image:height\" content=\"500\" \/>\n\t<meta property=\"og:image:type\" content=\"image\/jpeg\" \/>\n<meta name=\"twitter:card\" content=\"summary_large_image\" \/>\n<script type=\"application\/ld+json\" class=\"yoast-schema-graph\">{\"@context\":\"https:\/\/schema.org\",\"@graph\":[{\"@type\":\"WebPage\",\"@id\":\"https:\/\/bekleidungscenter.com\/?product=crone-elements-nora-basic-damen-jacke-steppjacke-mit-kapuze\",\"url\":\"https:\/\/bekleidungscenter.com\/?product=crone-elements-nora-basic-damen-jacke-steppjacke-mit-kapuze\",\"name\":\"Crone Elements Nora Basic Damen Jacke Steppjacke mit Kapuze - FamilienMode\",\"isPartOf\":{\"@id\":\"https:\/\/bekleidungscenter.com\/#website\"},\"datePublished\":\"2021-01-03T18:12:17+00:00\",\"dateModified\":\"2023-04-10T22:37:12+00:00\",\"breadcrumb\":{\"@id\":\"https:\/\/bekleidungscenter.com\/?product=crone-elements-nora-basic-damen-jacke-steppjacke-mit-kapuze#breadcrumb\"},\"inLanguage\":\"de\",\"potentialAction\":[{\"@type\":\"ReadAction\",\"target\":[\"https:\/\/bekleidungscenter.com\/?product=crone-elements-nora-basic-damen-jacke-steppjacke-mit-kapuze\"]}]},{\"@type\":\"BreadcrumbList\",\"@id\":\"https:\/\/bekleidungscenter.com\/?product=crone-elements-nora-basic-damen-jacke-steppjacke-mit-kapuze#breadcrumb\",\"itemListElement\":[{\"@type\":\"ListItem\",\"position\":1,\"name\":\"Home\",\"item\":\"https:\/\/bekleidungscenter.com\/\"},{\"@type\":\"ListItem\",\"position\":2,\"name\":\"Shop\",\"item\":\"https:\/\/bekleidungscenter.com\/?page_id=7\"},{\"@type\":\"ListItem\",\"position\":3,\"name\":\"Crone Elements Nora Basic Damen Jacke Steppjacke mit Kapuze\"}]},{\"@type\":\"WebSite\",\"@id\":\"https:\/\/bekleidungscenter.com\/#website\",\"url\":\"https:\/\/bekleidungscenter.com\/\",\"name\":\"FamilienMode\",\"description\":\"Alles f\u00fcr die ganze Familie\",\"potentialAction\":[{\"@type\":\"SearchAction\",\"target\":{\"@type\":\"EntryPoint\",\"urlTemplate\":\"https:\/\/bekleidungscenter.com\/?s={search_term_string}\"},\"query-input\":\"required name=search_term_string\"}],\"inLanguage\":\"de\"}]}<\/script>\n<!-- \/ Yoast SEO plugin. -->","yoast_head_json":{"title":"Crone Elements Nora Basic Damen Jacke Steppjacke mit Kapuze - FamilienMode","robots":{"index":"index","follow":"follow","max-snippet":"max-snippet:-1","max-image-preview":"max-image-preview:large","max-video-preview":"max-video-preview:-1"},"canonical":"https:\/\/bekleidungscenter.com\/?product=crone-elements-nora-basic-damen-jacke-steppjacke-mit-kapuze","og_locale":"de_DE","og_type":"article","og_title":"Crone Elements Nora Basic Damen Jacke Steppjacke mit Kapuze - FamilienMode","og_description":"Ein betont feminines Outdoor-Special pr\u00e4sentieren wir Dir mit der wasserfesten und vor Wind sch\u00fctzenden Steppjacke Nora f\u00fcr Damen. Die Kapuzen Jacke mit Blouson-Form l\u00e4sst sich f\u00fcr viele Gelegenheiten und alltagstauglich genial kombinieren. Eco Friendly - Veganer Herstellungsprozess","og_url":"https:\/\/bekleidungscenter.com\/?product=crone-elements-nora-basic-damen-jacke-steppjacke-mit-kapuze","og_site_name":"FamilienMode","article_modified_time":"2023-04-10T22:37:12+00:00","og_image":[{"width":500,"height":500,"url":"https:\/\/images-na.ssl-images-amazon.com\/images\/I\/41z7LbJa5jL.jpg","type":"image\/jpeg"}],"twitter_card":"summary_large_image","schema":{"@context":"https:\/\/schema.org","@graph":[{"@type":"WebPage","@id":"https:\/\/bekleidungscenter.com\/?product=crone-elements-nora-basic-damen-jacke-steppjacke-mit-kapuze","url":"https:\/\/bekleidungscenter.com\/?product=crone-elements-nora-basic-damen-jacke-steppjacke-mit-kapuze","name":"Crone Elements Nora Basic Damen Jacke Steppjacke mit Kapuze - FamilienMode","isPartOf":{"@id":"https:\/\/bekleidungscenter.com\/#website"},"datePublished":"2021-01-03T18:12:17+00:00","dateModified":"2023-04-10T22:37:12+00:00","breadcrumb":{"@id":"https:\/\/bekleidungscenter.com\/?product=crone-elements-nora-basic-damen-jacke-steppjacke-mit-kapuze#breadcrumb"},"inLanguage":"de","potentialAction":[{"@type":"ReadAction","target":["https:\/\/bekleidungscenter.com\/?product=crone-elements-nora-basic-damen-jacke-steppjacke-mit-kapuze"]}]},{"@type":"BreadcrumbList","@id":"https:\/\/bekleidungscenter.com\/?product=crone-elements-nora-basic-damen-jacke-steppjacke-mit-kapuze#breadcrumb","itemListElement":[{"@type":"ListItem","position":1,"name":"Home","item":"https:\/\/bekleidungscenter.com\/"},{"@type":"ListItem","position":2,"name":"Shop","item":"https:\/\/bekleidungscenter.com\/?page_id=7"},{"@type":"ListItem","position":3,"name":"Crone Elements Nora Basic Damen Jacke Steppjacke mit Kapuze"}]},{"@type":"WebSite","@id":"https:\/\/bekleidungscenter.com\/#website","url":"https:\/\/bekleidungscenter.com\/","name":"FamilienMode","description":"Alles f\u00fcr die ganze Familie","potentialAction":[{"@type":"SearchAction","target":{"@type":"EntryPoint","urlTemplate":"https:\/\/bekleidungscenter.com\/?s={search_term_string}"},"query-input":"required name=search_term_string"}],"inLanguage":"de"}]}},"_links":{"self":[{"href":"https:\/\/bekleidungscenter.com\/index.php?rest_route=\/wp\/v2\/product\/7017"}],"collection":[{"href":"https:\/\/bekleidungscenter.com\/index.php?rest_route=\/wp\/v2\/product"}],"about":[{"href":"https:\/\/bekleidungscenter.com\/index.php?rest_route=\/wp\/v2\/types\/product"}],"replies":[{"embeddable":true,"href":"https:\/\/bekleidungscenter.com\/index.php?rest_route=%2Fwp%2Fv2%2Fcomments&post=7017"}],"wp:featuredmedia":[{"embeddable":true,"href":"https:\/\/bekleidungscenter.com\/index.php?rest_route=\/wp\/v2\/media\/7018"}],"wp:attachment":[{"href":"https:\/\/bekleidungscenter.com\/index.php?rest_route=%2Fwp%2Fv2%2Fmedia&parent=7017"}],"wp:term":[{"taxonomy":"product_cat","embeddable":true,"href":"https:\/\/bekleidungscenter.com\/index.php?rest_route=%2Fwp%2Fv2%2Fproduct_cat&post=7017"},{"taxonomy":"product_tag","embeddable":true,"href":"https:\/\/bekleidungscenter.com\/index.php?rest_route=%2Fwp%2Fv2%2Fproduct_tag&post=7017"}],"curies":[{"name":"wp","href":"https:\/\/api.w.org\/{rel}","templated":true}]}}