{"id":7036,"date":"2021-01-03T18:12:30","date_gmt":"2021-01-03T18:12:30","guid":{"rendered":"http:\/\/bekleidungscenter.com\/?product=columbia-damen-autumn-rise-mid-jacke-autumn-rise-mid-jacke"},"modified":"2023-04-05T21:52:28","modified_gmt":"2023-04-05T21:52:28","slug":"columbia-damen-autumn-rise-mid-jacke-autumn-rise-mid-jacke","status":"publish","type":"product","link":"https:\/\/bekleidungscenter.com\/?product=columbia-damen-autumn-rise-mid-jacke-autumn-rise-mid-jacke","title":{"rendered":"Columbia Damen Autumn Rise Mid Jacke Autumn Rise Mid Jacke"},"content":{"rendered":"<p><!-- show up to 2 reviews by default --> <\/p>\n<p>Vergessen Sie Nieselregen (oder Platzregen!) unter anderem lassen Sie sich Ihre Outdoor-Pl\u00e4ne nicht runterziehen. Trotzen Sie den Elementen qua dieser wasserdichten mittellangen Jacke. Diese Jacke ist schmal geschnitten, weshalb Sie nicht handkehrum neben einem Spaziergang in der Natur, stattdessen bekannt als in der Stadt eine gute Figur fertigen. Der Zwei-Wege-Vorderrei\u00dfverschluss erm\u00f6glicht das Regulieren der K\u00f6rperw\u00e4rme, weil das atmungsaktive Material eine \u00dcberhitzung verhindert. Die sch\u00fctzende Kapuze unter anderem die verstellbaren \u00c4rmelb\u00fcndchen runden den l\u00e4ssigen Look ab. <\/p>\n<p>Wasserdicht\/atmungsaktiv, in Bezug auf Omni-Tech zuverl\u00e4ssig versiegelte N\u00e4hte<br \/>\nFest angebrachte, verstellbare Kapuze<br \/>\nVerschluss: Rei\u00dfverschluss<br \/>\n100% Polyester<br \/>\nAutumn Rise Mid Jacke<br \/>\nModellnummer: 1748231<br \/>\nSicherheitsinnentasche<br \/>\n100% Polyester Reflex Stretch Twill, 100% Polyester, synthetische Daunen 100% Polyester<br \/>\nMarke: Columbia<br \/>\n<div class=\"main-cross-sell\" data-asin=\"B07JC2LNYY\">\n\n\t<div class=\"WooZone-cross-sell-loader\">\n\t\t<div>\n\t\t\t<div id=\"floatingBarsG\">\n\t\t\t\t<div class=\"blockG\" id=\"rotateG_01\"><\/div>\n\t\t\t\t<div class=\"blockG\" id=\"rotateG_02\"><\/div>\n\t\t\t\t<div class=\"blockG\" id=\"rotateG_03\"><\/div>\n\t\t\t\t<div class=\"blockG\" id=\"rotateG_04\"><\/div>\n\t\t\t\t<div class=\"blockG\" id=\"rotateG_05\"><\/div>\n\t\t\t\t<div class=\"blockG\" id=\"rotateG_06\"><\/div>\n\t\t\t\t<div class=\"blockG\" id=\"rotateG_07\"><\/div>\n\t\t\t\t<div class=\"blockG\" id=\"rotateG_08\"><\/div>\n\t\t\t<\/div>\n\t\t\t<div class=\"WooZone-cross-sell-loader-text\"><\/div>\n\t\t<\/div>\n\t<\/div>\n\n\t\t\n<\/div>\n<div style=\"clear:both;\"><\/div><\/p>\n","protected":false},"excerpt":{"rendered":"<p>Wasserdicht\/atmungsaktiv, durch Omni-Tech zuverl\u00e4ssig versiegelte N\u00e4hte<br \/>\nFest angebrachte, verstellbare Kapuze<br \/>\nVerschluss: Rei\u00dfverschluss<\/p>\n","protected":false},"featured_media":7037,"comment_status":"open","ping_status":"closed","template":"","meta":[],"product_cat":[133,119],"product_tag":[],"yoast_head":"<!-- This site is optimized with the Yoast SEO plugin v20.6 - https:\/\/yoast.com\/wordpress\/plugins\/seo\/ -->\n<title>Columbia Damen Autumn Rise Mid Jacke Autumn Rise Mid Jacke - FamilienMode<\/title>\n<meta name=\"robots\" content=\"index, follow, max-snippet:-1, max-image-preview:large, max-video-preview:-1\" \/>\n<link rel=\"canonical\" href=\"https:\/\/bekleidungscenter.com\/?product=columbia-damen-autumn-rise-mid-jacke-autumn-rise-mid-jacke\" \/>\n<meta property=\"og:locale\" content=\"de_DE\" \/>\n<meta property=\"og:type\" content=\"article\" \/>\n<meta property=\"og:title\" content=\"Columbia Damen Autumn Rise Mid Jacke Autumn Rise Mid Jacke - FamilienMode\" \/>\n<meta property=\"og:description\" content=\"Wasserdicht\/atmungsaktiv, durch Omni-Tech zuverl\u00e4ssig versiegelte N\u00e4hte Fest angebrachte, verstellbare Kapuze Verschluss: Rei\u00dfverschluss\" \/>\n<meta property=\"og:url\" content=\"https:\/\/bekleidungscenter.com\/?product=columbia-damen-autumn-rise-mid-jacke-autumn-rise-mid-jacke\" \/>\n<meta property=\"og:site_name\" content=\"FamilienMode\" \/>\n<meta property=\"article:modified_time\" content=\"2023-04-05T21:52:28+00:00\" \/>\n<meta property=\"og:image\" content=\"https:\/\/images-na.ssl-images-amazon.com\/images\/I\/31%2BigvGB83L.jpg\" \/>\n\t<meta property=\"og:image:width\" content=\"500\" \/>\n\t<meta property=\"og:image:height\" content=\"500\" \/>\n\t<meta property=\"og:image:type\" content=\"image\/jpeg\" \/>\n<meta name=\"twitter:card\" content=\"summary_large_image\" \/>\n<meta name=\"twitter:label1\" content=\"Gesch\u00e4tzte Lesezeit\" \/>\n\t<meta name=\"twitter:data1\" content=\"1\u00a0Minute\" \/>\n<script type=\"application\/ld+json\" class=\"yoast-schema-graph\">{\"@context\":\"https:\/\/schema.org\",\"@graph\":[{\"@type\":\"WebPage\",\"@id\":\"https:\/\/bekleidungscenter.com\/?product=columbia-damen-autumn-rise-mid-jacke-autumn-rise-mid-jacke\",\"url\":\"https:\/\/bekleidungscenter.com\/?product=columbia-damen-autumn-rise-mid-jacke-autumn-rise-mid-jacke\",\"name\":\"Columbia Damen Autumn Rise Mid Jacke Autumn Rise Mid Jacke - FamilienMode\",\"isPartOf\":{\"@id\":\"https:\/\/bekleidungscenter.com\/#website\"},\"datePublished\":\"2021-01-03T18:12:30+00:00\",\"dateModified\":\"2023-04-05T21:52:28+00:00\",\"breadcrumb\":{\"@id\":\"https:\/\/bekleidungscenter.com\/?product=columbia-damen-autumn-rise-mid-jacke-autumn-rise-mid-jacke#breadcrumb\"},\"inLanguage\":\"de\",\"potentialAction\":[{\"@type\":\"ReadAction\",\"target\":[\"https:\/\/bekleidungscenter.com\/?product=columbia-damen-autumn-rise-mid-jacke-autumn-rise-mid-jacke\"]}]},{\"@type\":\"BreadcrumbList\",\"@id\":\"https:\/\/bekleidungscenter.com\/?product=columbia-damen-autumn-rise-mid-jacke-autumn-rise-mid-jacke#breadcrumb\",\"itemListElement\":[{\"@type\":\"ListItem\",\"position\":1,\"name\":\"Home\",\"item\":\"https:\/\/bekleidungscenter.com\/\"},{\"@type\":\"ListItem\",\"position\":2,\"name\":\"Shop\",\"item\":\"https:\/\/bekleidungscenter.com\/?page_id=7\"},{\"@type\":\"ListItem\",\"position\":3,\"name\":\"Columbia Damen Autumn Rise Mid Jacke Autumn Rise Mid Jacke\"}]},{\"@type\":\"WebSite\",\"@id\":\"https:\/\/bekleidungscenter.com\/#website\",\"url\":\"https:\/\/bekleidungscenter.com\/\",\"name\":\"FamilienMode\",\"description\":\"Alles f\u00fcr die ganze Familie\",\"potentialAction\":[{\"@type\":\"SearchAction\",\"target\":{\"@type\":\"EntryPoint\",\"urlTemplate\":\"https:\/\/bekleidungscenter.com\/?s={search_term_string}\"},\"query-input\":\"required name=search_term_string\"}],\"inLanguage\":\"de\"}]}<\/script>\n<!-- \/ Yoast SEO plugin. -->","yoast_head_json":{"title":"Columbia Damen Autumn Rise Mid Jacke Autumn Rise Mid Jacke - FamilienMode","robots":{"index":"index","follow":"follow","max-snippet":"max-snippet:-1","max-image-preview":"max-image-preview:large","max-video-preview":"max-video-preview:-1"},"canonical":"https:\/\/bekleidungscenter.com\/?product=columbia-damen-autumn-rise-mid-jacke-autumn-rise-mid-jacke","og_locale":"de_DE","og_type":"article","og_title":"Columbia Damen Autumn Rise Mid Jacke Autumn Rise Mid Jacke - FamilienMode","og_description":"Wasserdicht\/atmungsaktiv, durch Omni-Tech zuverl\u00e4ssig versiegelte N\u00e4hte Fest angebrachte, verstellbare Kapuze Verschluss: Rei\u00dfverschluss","og_url":"https:\/\/bekleidungscenter.com\/?product=columbia-damen-autumn-rise-mid-jacke-autumn-rise-mid-jacke","og_site_name":"FamilienMode","article_modified_time":"2023-04-05T21:52:28+00:00","og_image":[{"width":500,"height":500,"url":"https:\/\/images-na.ssl-images-amazon.com\/images\/I\/31%2BigvGB83L.jpg","type":"image\/jpeg"}],"twitter_card":"summary_large_image","twitter_misc":{"Gesch\u00e4tzte Lesezeit":"1\u00a0Minute"},"schema":{"@context":"https:\/\/schema.org","@graph":[{"@type":"WebPage","@id":"https:\/\/bekleidungscenter.com\/?product=columbia-damen-autumn-rise-mid-jacke-autumn-rise-mid-jacke","url":"https:\/\/bekleidungscenter.com\/?product=columbia-damen-autumn-rise-mid-jacke-autumn-rise-mid-jacke","name":"Columbia Damen Autumn Rise Mid Jacke Autumn Rise Mid Jacke - FamilienMode","isPartOf":{"@id":"https:\/\/bekleidungscenter.com\/#website"},"datePublished":"2021-01-03T18:12:30+00:00","dateModified":"2023-04-05T21:52:28+00:00","breadcrumb":{"@id":"https:\/\/bekleidungscenter.com\/?product=columbia-damen-autumn-rise-mid-jacke-autumn-rise-mid-jacke#breadcrumb"},"inLanguage":"de","potentialAction":[{"@type":"ReadAction","target":["https:\/\/bekleidungscenter.com\/?product=columbia-damen-autumn-rise-mid-jacke-autumn-rise-mid-jacke"]}]},{"@type":"BreadcrumbList","@id":"https:\/\/bekleidungscenter.com\/?product=columbia-damen-autumn-rise-mid-jacke-autumn-rise-mid-jacke#breadcrumb","itemListElement":[{"@type":"ListItem","position":1,"name":"Home","item":"https:\/\/bekleidungscenter.com\/"},{"@type":"ListItem","position":2,"name":"Shop","item":"https:\/\/bekleidungscenter.com\/?page_id=7"},{"@type":"ListItem","position":3,"name":"Columbia Damen Autumn Rise Mid Jacke Autumn Rise Mid Jacke"}]},{"@type":"WebSite","@id":"https:\/\/bekleidungscenter.com\/#website","url":"https:\/\/bekleidungscenter.com\/","name":"FamilienMode","description":"Alles f\u00fcr die ganze Familie","potentialAction":[{"@type":"SearchAction","target":{"@type":"EntryPoint","urlTemplate":"https:\/\/bekleidungscenter.com\/?s={search_term_string}"},"query-input":"required name=search_term_string"}],"inLanguage":"de"}]}},"_links":{"self":[{"href":"https:\/\/bekleidungscenter.com\/index.php?rest_route=\/wp\/v2\/product\/7036"}],"collection":[{"href":"https:\/\/bekleidungscenter.com\/index.php?rest_route=\/wp\/v2\/product"}],"about":[{"href":"https:\/\/bekleidungscenter.com\/index.php?rest_route=\/wp\/v2\/types\/product"}],"replies":[{"embeddable":true,"href":"https:\/\/bekleidungscenter.com\/index.php?rest_route=%2Fwp%2Fv2%2Fcomments&post=7036"}],"wp:featuredmedia":[{"embeddable":true,"href":"https:\/\/bekleidungscenter.com\/index.php?rest_route=\/wp\/v2\/media\/7037"}],"wp:attachment":[{"href":"https:\/\/bekleidungscenter.com\/index.php?rest_route=%2Fwp%2Fv2%2Fmedia&parent=7036"}],"wp:term":[{"taxonomy":"product_cat","embeddable":true,"href":"https:\/\/bekleidungscenter.com\/index.php?rest_route=%2Fwp%2Fv2%2Fproduct_cat&post=7036"},{"taxonomy":"product_tag","embeddable":true,"href":"https:\/\/bekleidungscenter.com\/index.php?rest_route=%2Fwp%2Fv2%2Fproduct_tag&post=7036"}],"curies":[{"name":"wp","href":"https:\/\/api.w.org\/{rel}","templated":true}]}}