{"id":7060,"date":"2021-01-03T18:15:13","date_gmt":"2021-01-03T18:15:13","guid":{"rendered":"http:\/\/bekleidungscenter.com\/?product=schoeffel-damen-cambrai-l-fleece-jacke"},"modified":"2023-04-05T21:52:29","modified_gmt":"2023-04-05T21:52:29","slug":"schoeffel-damen-cambrai-l-fleece-jacke","status":"publish","type":"product","link":"https:\/\/bekleidungscenter.com\/?product=schoeffel-damen-cambrai-l-fleece-jacke","title":{"rendered":"Sch\u00f6ffel Damen Fleece Hoody Cambrai L, leichte und atmungsaktive Fleece Jacke, warme Damen Jacke mit zwei\u2026"},"content":{"rendered":"<p><!-- show up to 2 reviews by default --> <\/p>\n<p><strong>Warm und Adaptiv beim n\u00e4chsten Spannung in den Bergen \u2013 mit dem Fleece Hoody Cambrai L von Sch\u00f6ffel!<\/strong><\/p>\n<p>Bei Mehrtagestouren braucht es funktionale Kleidung. Die vielseitige Fleecejacke von Sch\u00f6ffel bietet durch ihr leichtes Material optimale Adaptivit\u00e4t. Da die Jacke durch 4-Wege Stretch maximale Bewegungsfreiheit garantiert und zus\u00e4tzlich dank Medium Fleece Material nicht zugegeben optimal vor K\u00e4lte sch\u00fctzt, sondern ungeachtet alledem atmungsaktiv und schnelltrocknend ist, wird sie zur perfekten Wanderjacke. Mit dem hochschlie\u00dfenden Kragen und Kinnverst\u00e4rkung wird h\u00f6chster Tragekomfort erreicht. Dank der zwei Au\u00dfentaschen mit Rei\u00dfverschl\u00fcssen k\u00f6nnen vulgo Wertsachen einfach und leistungsf\u00e4hig verstaut werden. Der Hoody wird so zum idealen Begleiter auf jeder Bergtour.<\/p>\n<p><strong>Produkthighlights im Detail:<\/strong><\/p>\n<ul>\n<li>Leichte und warme Fleecejacke<\/li>\n<li>4-Wege Stretch<\/li>\n<li>Atmungsaktiv und schnelltrocknend dank Medium Fleece<\/li>\n<li>Ideal f\u00fcr Wanderungen und Outdooraktivit\u00e4ten<\/li>\n<li>Optimaler Tragekomfort durch Kinnverst\u00e4rkung<\/li>\n<li>Gerundeter Saum<\/li>\n<li>Zwei Au\u00dfentaschen mit Rei\u00dfverschluss<\/li>\n<li>Material: Medium Fleece (Oberstoff: 100% Polyester)<\/li>\n<li>R\u00fcckenl\u00e4nge Basisgr\u00f6\u00dfe: 63 cm<\/li>\n<li>Gewicht Basisgr\u00f6\u00dfe: 0.436 kg<\/li>\n<\/ul>\n<p>W\u00e4rmend: Durch Medium Fleece ist die Kapuzenjacke besonders warm und da ja gleichzeitig schnelltrocknend und atmungsaktiv.<br \/>\nBequem und leicht: Der leichte Stoff und der hochschlie\u00dfende Kragen mit Kinnverst\u00e4rkung Acht geben optimalen Tragekomfort.<br \/>\nKragenform: Stehkragen<br \/>\n100% Polyester<br \/>\nFleece Hoody Cambrai L<br \/>\nModellnummer: 12856<br \/>\nAdaptiv bleiben: Die Damen Fleecejacke bietet maximale Bewegungsfreiheit dank 4-Wege Stretch und ist perfekt zum Wandern.<br \/>\nPraktisch: Dank der zwei Au\u00dfentaschen mit Rei\u00dfverschl\u00fcssen k\u00f6nnen vulgo Wertgegenst\u00e4nde leistungsf\u00e4hig im Hoody verstaut werden.<br \/>\nLieferumfang &amp; Details: Sch\u00f6ffel Fleece Hoody Cambrai L, warme Fleecejacke mit Kinnverst\u00e4rkung, Material: 100% Polyester, Modellnummer: 12856, Model im Tabelle (178 cm) tr\u00e4gt Gr\u00f6\u00dfe 38<br \/>\n<div class=\"main-cross-sell\" data-asin=\"B089TJLCKN\">\n\n\t<div class=\"WooZone-cross-sell-loader\">\n\t\t<div>\n\t\t\t<div id=\"floatingBarsG\">\n\t\t\t\t<div class=\"blockG\" id=\"rotateG_01\"><\/div>\n\t\t\t\t<div class=\"blockG\" id=\"rotateG_02\"><\/div>\n\t\t\t\t<div class=\"blockG\" id=\"rotateG_03\"><\/div>\n\t\t\t\t<div class=\"blockG\" id=\"rotateG_04\"><\/div>\n\t\t\t\t<div class=\"blockG\" id=\"rotateG_05\"><\/div>\n\t\t\t\t<div class=\"blockG\" id=\"rotateG_06\"><\/div>\n\t\t\t\t<div class=\"blockG\" id=\"rotateG_07\"><\/div>\n\t\t\t\t<div class=\"blockG\" id=\"rotateG_08\"><\/div>\n\t\t\t<\/div>\n\t\t\t<div class=\"WooZone-cross-sell-loader-text\"><\/div>\n\t\t<\/div>\n\t<\/div>\n\n\t\t\n<\/div>\n<div style=\"clear:both;\"><\/div><\/p>\n","protected":false},"excerpt":{"rendered":"<p>W\u00e4rmend: Durch Medium Fleece ist die Kapuzenjacke besonders warm und dabei gleichzeitig schnelltrocknend und atmungsaktiv.<br \/>\nBequem und leicht: Der leichte Stoff und der hochschlie\u00dfende Kragen mit Kinnverst\u00e4rkung sorgen f\u00fcr optimalen Tragekomfort.<br \/>\nKragenform: Stehkragen<\/p>\n","protected":false},"featured_media":7062,"comment_status":"open","ping_status":"closed","template":"","meta":[],"product_cat":[133,119],"product_tag":[],"yoast_head":"<!-- This site is optimized with the Yoast SEO plugin v20.6 - https:\/\/yoast.com\/wordpress\/plugins\/seo\/ -->\n<title>Sch\u00f6ffel Damen Fleece Hoody Cambrai L, leichte und atmungsaktive Fleece Jacke, warme Damen Jacke mit zwei\u2026 - FamilienMode<\/title>\n<meta name=\"robots\" content=\"index, follow, max-snippet:-1, max-image-preview:large, max-video-preview:-1\" \/>\n<link rel=\"canonical\" href=\"https:\/\/bekleidungscenter.com\/?product=schoeffel-damen-cambrai-l-fleece-jacke\" \/>\n<meta property=\"og:locale\" content=\"de_DE\" \/>\n<meta property=\"og:type\" content=\"article\" \/>\n<meta property=\"og:title\" content=\"Sch\u00f6ffel Damen Fleece Hoody Cambrai L, leichte und atmungsaktive Fleece Jacke, warme Damen Jacke mit zwei\u2026 - FamilienMode\" \/>\n<meta property=\"og:description\" content=\"W\u00e4rmend: Durch Medium Fleece ist die Kapuzenjacke besonders warm und dabei gleichzeitig schnelltrocknend und atmungsaktiv. Bequem und leicht: Der leichte Stoff und der hochschlie\u00dfende Kragen mit Kinnverst\u00e4rkung sorgen f\u00fcr optimalen Tragekomfort. Kragenform: Stehkragen\" \/>\n<meta property=\"og:url\" content=\"https:\/\/bekleidungscenter.com\/?product=schoeffel-damen-cambrai-l-fleece-jacke\" \/>\n<meta property=\"og:site_name\" content=\"FamilienMode\" \/>\n<meta property=\"article:modified_time\" content=\"2023-04-05T21:52:29+00:00\" \/>\n<meta property=\"og:image\" content=\"https:\/\/images-na.ssl-images-amazon.com\/images\/I\/41PJBupHlUL.jpg\" \/>\n\t<meta property=\"og:image:width\" content=\"500\" \/>\n\t<meta property=\"og:image:height\" content=\"500\" \/>\n\t<meta property=\"og:image:type\" content=\"image\/jpeg\" \/>\n<meta name=\"twitter:card\" content=\"summary_large_image\" \/>\n<meta name=\"twitter:label1\" content=\"Gesch\u00e4tzte Lesezeit\" \/>\n\t<meta name=\"twitter:data1\" content=\"1\u00a0Minute\" \/>\n<script type=\"application\/ld+json\" class=\"yoast-schema-graph\">{\"@context\":\"https:\/\/schema.org\",\"@graph\":[{\"@type\":\"WebPage\",\"@id\":\"https:\/\/bekleidungscenter.com\/?product=schoeffel-damen-cambrai-l-fleece-jacke\",\"url\":\"https:\/\/bekleidungscenter.com\/?product=schoeffel-damen-cambrai-l-fleece-jacke\",\"name\":\"Sch\u00f6ffel Damen Fleece Hoody Cambrai L, leichte und atmungsaktive Fleece Jacke, warme Damen Jacke mit zwei\u2026 - FamilienMode\",\"isPartOf\":{\"@id\":\"https:\/\/bekleidungscenter.com\/#website\"},\"datePublished\":\"2021-01-03T18:15:13+00:00\",\"dateModified\":\"2023-04-05T21:52:29+00:00\",\"breadcrumb\":{\"@id\":\"https:\/\/bekleidungscenter.com\/?product=schoeffel-damen-cambrai-l-fleece-jacke#breadcrumb\"},\"inLanguage\":\"de\",\"potentialAction\":[{\"@type\":\"ReadAction\",\"target\":[\"https:\/\/bekleidungscenter.com\/?product=schoeffel-damen-cambrai-l-fleece-jacke\"]}]},{\"@type\":\"BreadcrumbList\",\"@id\":\"https:\/\/bekleidungscenter.com\/?product=schoeffel-damen-cambrai-l-fleece-jacke#breadcrumb\",\"itemListElement\":[{\"@type\":\"ListItem\",\"position\":1,\"name\":\"Home\",\"item\":\"https:\/\/bekleidungscenter.com\/\"},{\"@type\":\"ListItem\",\"position\":2,\"name\":\"Shop\",\"item\":\"https:\/\/bekleidungscenter.com\/?page_id=7\"},{\"@type\":\"ListItem\",\"position\":3,\"name\":\"Sch\u00f6ffel Damen Fleece Hoody Cambrai L, leichte und atmungsaktive Fleece Jacke, warme Damen Jacke mit zwei\u2026\"}]},{\"@type\":\"WebSite\",\"@id\":\"https:\/\/bekleidungscenter.com\/#website\",\"url\":\"https:\/\/bekleidungscenter.com\/\",\"name\":\"FamilienMode\",\"description\":\"Alles f\u00fcr die ganze Familie\",\"potentialAction\":[{\"@type\":\"SearchAction\",\"target\":{\"@type\":\"EntryPoint\",\"urlTemplate\":\"https:\/\/bekleidungscenter.com\/?s={search_term_string}\"},\"query-input\":\"required name=search_term_string\"}],\"inLanguage\":\"de\"}]}<\/script>\n<!-- \/ Yoast SEO plugin. -->","yoast_head_json":{"title":"Sch\u00f6ffel Damen Fleece Hoody Cambrai L, leichte und atmungsaktive Fleece Jacke, warme Damen Jacke mit zwei\u2026 - FamilienMode","robots":{"index":"index","follow":"follow","max-snippet":"max-snippet:-1","max-image-preview":"max-image-preview:large","max-video-preview":"max-video-preview:-1"},"canonical":"https:\/\/bekleidungscenter.com\/?product=schoeffel-damen-cambrai-l-fleece-jacke","og_locale":"de_DE","og_type":"article","og_title":"Sch\u00f6ffel Damen Fleece Hoody Cambrai L, leichte und atmungsaktive Fleece Jacke, warme Damen Jacke mit zwei\u2026 - FamilienMode","og_description":"W\u00e4rmend: Durch Medium Fleece ist die Kapuzenjacke besonders warm und dabei gleichzeitig schnelltrocknend und atmungsaktiv. Bequem und leicht: Der leichte Stoff und der hochschlie\u00dfende Kragen mit Kinnverst\u00e4rkung sorgen f\u00fcr optimalen Tragekomfort. Kragenform: Stehkragen","og_url":"https:\/\/bekleidungscenter.com\/?product=schoeffel-damen-cambrai-l-fleece-jacke","og_site_name":"FamilienMode","article_modified_time":"2023-04-05T21:52:29+00:00","og_image":[{"width":500,"height":500,"url":"https:\/\/images-na.ssl-images-amazon.com\/images\/I\/41PJBupHlUL.jpg","type":"image\/jpeg"}],"twitter_card":"summary_large_image","twitter_misc":{"Gesch\u00e4tzte Lesezeit":"1\u00a0Minute"},"schema":{"@context":"https:\/\/schema.org","@graph":[{"@type":"WebPage","@id":"https:\/\/bekleidungscenter.com\/?product=schoeffel-damen-cambrai-l-fleece-jacke","url":"https:\/\/bekleidungscenter.com\/?product=schoeffel-damen-cambrai-l-fleece-jacke","name":"Sch\u00f6ffel Damen Fleece Hoody Cambrai L, leichte und atmungsaktive Fleece Jacke, warme Damen Jacke mit zwei\u2026 - FamilienMode","isPartOf":{"@id":"https:\/\/bekleidungscenter.com\/#website"},"datePublished":"2021-01-03T18:15:13+00:00","dateModified":"2023-04-05T21:52:29+00:00","breadcrumb":{"@id":"https:\/\/bekleidungscenter.com\/?product=schoeffel-damen-cambrai-l-fleece-jacke#breadcrumb"},"inLanguage":"de","potentialAction":[{"@type":"ReadAction","target":["https:\/\/bekleidungscenter.com\/?product=schoeffel-damen-cambrai-l-fleece-jacke"]}]},{"@type":"BreadcrumbList","@id":"https:\/\/bekleidungscenter.com\/?product=schoeffel-damen-cambrai-l-fleece-jacke#breadcrumb","itemListElement":[{"@type":"ListItem","position":1,"name":"Home","item":"https:\/\/bekleidungscenter.com\/"},{"@type":"ListItem","position":2,"name":"Shop","item":"https:\/\/bekleidungscenter.com\/?page_id=7"},{"@type":"ListItem","position":3,"name":"Sch\u00f6ffel Damen Fleece Hoody Cambrai L, leichte und atmungsaktive Fleece Jacke, warme Damen Jacke mit zwei\u2026"}]},{"@type":"WebSite","@id":"https:\/\/bekleidungscenter.com\/#website","url":"https:\/\/bekleidungscenter.com\/","name":"FamilienMode","description":"Alles f\u00fcr die ganze Familie","potentialAction":[{"@type":"SearchAction","target":{"@type":"EntryPoint","urlTemplate":"https:\/\/bekleidungscenter.com\/?s={search_term_string}"},"query-input":"required name=search_term_string"}],"inLanguage":"de"}]}},"_links":{"self":[{"href":"https:\/\/bekleidungscenter.com\/index.php?rest_route=\/wp\/v2\/product\/7060"}],"collection":[{"href":"https:\/\/bekleidungscenter.com\/index.php?rest_route=\/wp\/v2\/product"}],"about":[{"href":"https:\/\/bekleidungscenter.com\/index.php?rest_route=\/wp\/v2\/types\/product"}],"replies":[{"embeddable":true,"href":"https:\/\/bekleidungscenter.com\/index.php?rest_route=%2Fwp%2Fv2%2Fcomments&post=7060"}],"wp:featuredmedia":[{"embeddable":true,"href":"https:\/\/bekleidungscenter.com\/index.php?rest_route=\/wp\/v2\/media\/7062"}],"wp:attachment":[{"href":"https:\/\/bekleidungscenter.com\/index.php?rest_route=%2Fwp%2Fv2%2Fmedia&parent=7060"}],"wp:term":[{"taxonomy":"product_cat","embeddable":true,"href":"https:\/\/bekleidungscenter.com\/index.php?rest_route=%2Fwp%2Fv2%2Fproduct_cat&post=7060"},{"taxonomy":"product_tag","embeddable":true,"href":"https:\/\/bekleidungscenter.com\/index.php?rest_route=%2Fwp%2Fv2%2Fproduct_tag&post=7060"}],"curies":[{"name":"wp","href":"https:\/\/api.w.org\/{rel}","templated":true}]}}