{"id":7068,"date":"2021-01-03T18:15:19","date_gmt":"2021-01-03T18:15:19","guid":{"rendered":"http:\/\/bekleidungscenter.com\/?product=damen-jeansjacke-uebergangsjacke-frauen-aermellos-denim-weste-mit-brusttasche"},"modified":"2023-04-05T21:52:29","modified_gmt":"2023-04-05T21:52:29","slug":"damen-jeansjacke-uebergangsjacke-frauen-aermellos-denim-weste-mit-brusttasche","status":"publish","type":"product","link":"https:\/\/bekleidungscenter.com\/?product=damen-jeansjacke-uebergangsjacke-frauen-aermellos-denim-weste-mit-brusttasche","title":{"rendered":"Damen Jeansjacke \u00dcbergangsjacke Frauen \u00c4rmellos Denim Weste mit Brusttasche"},"content":{"rendered":"<p><!-- show up to 2 reviews by default --> <\/p>\n<p><b>\u2605Slogan: Blickfang, gutaussehend, lohnt sich.<\/b><\/p>\n<p>\u2605Design: Die einfache Jeansweste hat einige Punkte wie Buttoned Down, Einreiher, Umlegekragen, \u00c4rmellos und Western Flap Chest Front Pockets. <\/p>\n<p>\u2605Material: 100% Baumwolle.<\/p>\n<p>\u2605Farbe: Schwarz, Dunkelblau und Hellblau. 3 feste Farben.<\/p>\n<p>&#x2764;Haftungsausschluss: Aufgrund der Monitoreinstellungen und der \u00dcberwachung der Pixeldefinition k\u00f6nnen wir nicht garantieren, dass die Farbe, die Sie sehen, exakt der tats\u00e4chlichen Farbe des Produkts entspricht.<\/p>\n<p><b>&#x2764; Schwarz und Tiefblau-K\u00f6rpergr\u00f6\u00dfen Bildnis(in cm):<\/b><\/p>\n<p>XS=DE 34-36:B\u00fcste-84&#8243;; Taille-63&#8243;; H\u00fcfte-90&#8243;; Schulter-38&#8243;<\/p>\n<p>S=DE 36-38:B\u00fcste&#8211;89&#8243;; Taille-69&#8243;; H\u00fcfte-95&#8243;; Schulter-39&#8243;<\/p>\n<p>M=DE 40:B\u00fcste&#8212;&#8211;94&#8243;; Taille-74&#8243;; H\u00fcfte-100&#8243;;Schulter-40&#8243;<\/p>\n<p>L=DE 44:B\u00fcste&#8212;-102&#8243;; Taille-81&#8243;; H\u00fcfte-108&#8243;;Schulter-42&#8243;<\/p>\n<p>XL=DE 46-48:Bust-109&#8243;; Taille-89&#8243;; H\u00fcfte-116&#8243;;Schulter-43&#8243;<\/p>\n<p><b>&#x2764; Hellblau-K\u00f6rpergr\u00f6\u00dfen Bildnis(in cm):<\/b><\/p>\n<p>XS=DE 34-36:B\u00fcste-84&#8243;; Taille-63&#8243;; H\u00fcfte-90&#8243;; Schulter-38&#8243;<\/p>\n<p>S=DE 36-38:B\u00fcste&#8211;89&#8243;; Taille-69&#8243;; H\u00fcfte-95&#8243;; Schulter-39&#8243;<\/p>\n<p>M=DE 40:B\u00fcste&#8212;-94&#8243;; Taille-74&#8243;; H\u00fcfte-100&#8243;; Schulter-40&#8243;<\/p>\n<p>L=DE 44:B\u00fcste&#8212;102&#8243;; Taille-81&#8243;; H\u00fcfte-108&#8243;; Schulter-42&#8243;<\/p>\n<p>XL=DE 46:Bust&#8212;109&#8243;; Taille-89&#8243;; H\u00fcfte-116&#8243;; Schulter-43&#8243;<\/p>\n<p><b>(Bitte lesen Sie unsere Gr\u00f6\u00dfendiagramm zaghaft unter HauptprodDEtbild f\u00fcr den perfekten Sitz. Wenn Ihre Gr\u00f6\u00dfe zwischen zwei Gr\u00f6\u00dfe ist, und wenn Sie den lockeren Stil m\u00f6chten, koordinieren Sie bitte eine gr\u00f6\u00dfere Gr\u00f6\u00dfe. Es kann kleinerer Antagonismus zwischen Gr\u00f6\u00dfenbeschreibung und produkt aufgrund der manuellen Messgenauigkeit.)<\/b><\/p>\n<p><b>&#x2600;Wir verpflichten uns, guten Service und Produkte mit hoher Qualit\u00e4t anzubieten. Sie k\u00f6nnen uns per E-Mail kontaktieren, wenn Sie Fragen haben, und wir werden innerhalb von 24 Stunden am Werktag antworten.<\/b><\/p>\n<p><b>&#x2600;Ich hoffe, Sie k\u00f6nnen ehrliches Feedback geben, wenn Sie zufrieden sind.<\/b><\/p>\n<p>Regular Fit, Button Up, Denim Washed, Einreiher. \u00c4rmellose Jeansjacke, Umlegekragen, Zwei Brusttaschen.<br \/>\nPerfekter Stil f\u00fcrs ganze Jahr: Sie k\u00f6nnen es im Sommer mit Kurzarmhemden befestigen und Herbst und Fr\u00fchling mit 3\/4 langen \u00c4rmeln und im Winter mit Langarmhemden.<br \/>\nKragenform: Stehkragen<br \/>\n\u00c4rmellos<br \/>\nMaterial: 100% Baumwolle. Hautfreundlich und atmungsaktiv gewebt, leicht und verworbenen Stoff, weicher und glatter Strick f\u00fchlt sich nasch an.<br \/>\nEinreiher<br \/>\nDenim-Weste, Gute Denimdicke f\u00fcr eine Weste, dick genug, um sich fest zu f\u00fchlen, abgemergelt genug, um adaptiv zu sein und nicht steif zu sein. Kann mit verschiedenen B\u00f6den kombiniert werden.<br \/>\n100% Baumwolle. Hautfreundliches und atmungsaktives gewebtes, leichtes Kammgarn und geschmeidiges Gewebe, hochwertiger und weicher Strick f\u00fchlt sich bequem an.<br \/>\nMaschinenwaschbar (besser nicht mit anderen Kleidungsst\u00fccken Abwaschen, es ist normal, wenn nach dem Abwaschen etwas Farbe abgef\u00e4rbt).<br \/>\n<div class=\"main-cross-sell\" data-asin=\"B07FXNWVNN\">\n\n\t<div class=\"WooZone-cross-sell-loader\">\n\t\t<div>\n\t\t\t<div id=\"floatingBarsG\">\n\t\t\t\t<div class=\"blockG\" id=\"rotateG_01\"><\/div>\n\t\t\t\t<div class=\"blockG\" id=\"rotateG_02\"><\/div>\n\t\t\t\t<div class=\"blockG\" id=\"rotateG_03\"><\/div>\n\t\t\t\t<div class=\"blockG\" id=\"rotateG_04\"><\/div>\n\t\t\t\t<div class=\"blockG\" id=\"rotateG_05\"><\/div>\n\t\t\t\t<div class=\"blockG\" id=\"rotateG_06\"><\/div>\n\t\t\t\t<div class=\"blockG\" id=\"rotateG_07\"><\/div>\n\t\t\t\t<div class=\"blockG\" id=\"rotateG_08\"><\/div>\n\t\t\t<\/div>\n\t\t\t<div class=\"WooZone-cross-sell-loader-text\"><\/div>\n\t\t<\/div>\n\t<\/div>\n\n\t\t\n<\/div>\n<div style=\"clear:both;\"><\/div><\/p>\n","protected":false},"excerpt":{"rendered":"<p>Regular Fit, Button Up, Denim Washed, Einreiher. \u00c4rmellose Jeansjacke, Umlegekragen, Zwei Brusttaschen.<br \/>\nPerfekter Stil f\u00fcrs ganze Jahr: Sie k\u00f6nnen es im Sommer mit Kurzarmhemden tragen und Herbst und Fr\u00fchling mit 3\/4 langen \u00c4rmeln und im Winter mit Langarmhemden.<br \/>\nKragenform: Stehkragen<\/p>\n","protected":false},"featured_media":7069,"comment_status":"open","ping_status":"closed","template":"","meta":[],"product_cat":[133,119],"product_tag":[],"yoast_head":"<!-- This site is optimized with the Yoast SEO plugin v20.6 - https:\/\/yoast.com\/wordpress\/plugins\/seo\/ -->\n<title>Damen Jeansjacke \u00dcbergangsjacke Frauen \u00c4rmellos Denim Weste mit Brusttasche - FamilienMode<\/title>\n<meta name=\"robots\" content=\"index, follow, max-snippet:-1, max-image-preview:large, max-video-preview:-1\" \/>\n<link rel=\"canonical\" href=\"https:\/\/bekleidungscenter.com\/?product=damen-jeansjacke-uebergangsjacke-frauen-aermellos-denim-weste-mit-brusttasche\" \/>\n<meta property=\"og:locale\" content=\"de_DE\" \/>\n<meta property=\"og:type\" content=\"article\" \/>\n<meta property=\"og:title\" content=\"Damen Jeansjacke \u00dcbergangsjacke Frauen \u00c4rmellos Denim Weste mit Brusttasche - FamilienMode\" \/>\n<meta property=\"og:description\" content=\"Regular Fit, Button Up, Denim Washed, Einreiher. \u00c4rmellose Jeansjacke, Umlegekragen, Zwei Brusttaschen. Perfekter Stil f\u00fcrs ganze Jahr: Sie k\u00f6nnen es im Sommer mit Kurzarmhemden tragen und Herbst und Fr\u00fchling mit 3\/4 langen \u00c4rmeln und im Winter mit Langarmhemden. Kragenform: Stehkragen\" \/>\n<meta property=\"og:url\" content=\"https:\/\/bekleidungscenter.com\/?product=damen-jeansjacke-uebergangsjacke-frauen-aermellos-denim-weste-mit-brusttasche\" \/>\n<meta property=\"og:site_name\" content=\"FamilienMode\" \/>\n<meta property=\"article:modified_time\" content=\"2023-04-05T21:52:29+00:00\" \/>\n<meta property=\"og:image\" content=\"https:\/\/images-na.ssl-images-amazon.com\/images\/I\/41A4Wd5vumL.jpg\" \/>\n\t<meta property=\"og:image:width\" content=\"500\" \/>\n\t<meta property=\"og:image:height\" content=\"500\" \/>\n\t<meta property=\"og:image:type\" content=\"image\/jpeg\" \/>\n<meta name=\"twitter:card\" content=\"summary_large_image\" \/>\n<meta name=\"twitter:label1\" content=\"Gesch\u00e4tzte Lesezeit\" \/>\n\t<meta name=\"twitter:data1\" content=\"2\u00a0Minuten\" \/>\n<script type=\"application\/ld+json\" class=\"yoast-schema-graph\">{\"@context\":\"https:\/\/schema.org\",\"@graph\":[{\"@type\":\"WebPage\",\"@id\":\"https:\/\/bekleidungscenter.com\/?product=damen-jeansjacke-uebergangsjacke-frauen-aermellos-denim-weste-mit-brusttasche\",\"url\":\"https:\/\/bekleidungscenter.com\/?product=damen-jeansjacke-uebergangsjacke-frauen-aermellos-denim-weste-mit-brusttasche\",\"name\":\"Damen Jeansjacke \u00dcbergangsjacke Frauen \u00c4rmellos Denim Weste mit Brusttasche - FamilienMode\",\"isPartOf\":{\"@id\":\"https:\/\/bekleidungscenter.com\/#website\"},\"datePublished\":\"2021-01-03T18:15:19+00:00\",\"dateModified\":\"2023-04-05T21:52:29+00:00\",\"breadcrumb\":{\"@id\":\"https:\/\/bekleidungscenter.com\/?product=damen-jeansjacke-uebergangsjacke-frauen-aermellos-denim-weste-mit-brusttasche#breadcrumb\"},\"inLanguage\":\"de\",\"potentialAction\":[{\"@type\":\"ReadAction\",\"target\":[\"https:\/\/bekleidungscenter.com\/?product=damen-jeansjacke-uebergangsjacke-frauen-aermellos-denim-weste-mit-brusttasche\"]}]},{\"@type\":\"BreadcrumbList\",\"@id\":\"https:\/\/bekleidungscenter.com\/?product=damen-jeansjacke-uebergangsjacke-frauen-aermellos-denim-weste-mit-brusttasche#breadcrumb\",\"itemListElement\":[{\"@type\":\"ListItem\",\"position\":1,\"name\":\"Home\",\"item\":\"https:\/\/bekleidungscenter.com\/\"},{\"@type\":\"ListItem\",\"position\":2,\"name\":\"Shop\",\"item\":\"https:\/\/bekleidungscenter.com\/?page_id=7\"},{\"@type\":\"ListItem\",\"position\":3,\"name\":\"Damen Jeansjacke \u00dcbergangsjacke Frauen \u00c4rmellos Denim Weste mit Brusttasche\"}]},{\"@type\":\"WebSite\",\"@id\":\"https:\/\/bekleidungscenter.com\/#website\",\"url\":\"https:\/\/bekleidungscenter.com\/\",\"name\":\"FamilienMode\",\"description\":\"Alles f\u00fcr die ganze Familie\",\"potentialAction\":[{\"@type\":\"SearchAction\",\"target\":{\"@type\":\"EntryPoint\",\"urlTemplate\":\"https:\/\/bekleidungscenter.com\/?s={search_term_string}\"},\"query-input\":\"required name=search_term_string\"}],\"inLanguage\":\"de\"}]}<\/script>\n<!-- \/ Yoast SEO plugin. -->","yoast_head_json":{"title":"Damen Jeansjacke \u00dcbergangsjacke Frauen \u00c4rmellos Denim Weste mit Brusttasche - FamilienMode","robots":{"index":"index","follow":"follow","max-snippet":"max-snippet:-1","max-image-preview":"max-image-preview:large","max-video-preview":"max-video-preview:-1"},"canonical":"https:\/\/bekleidungscenter.com\/?product=damen-jeansjacke-uebergangsjacke-frauen-aermellos-denim-weste-mit-brusttasche","og_locale":"de_DE","og_type":"article","og_title":"Damen Jeansjacke \u00dcbergangsjacke Frauen \u00c4rmellos Denim Weste mit Brusttasche - FamilienMode","og_description":"Regular Fit, Button Up, Denim Washed, Einreiher. \u00c4rmellose Jeansjacke, Umlegekragen, Zwei Brusttaschen. Perfekter Stil f\u00fcrs ganze Jahr: Sie k\u00f6nnen es im Sommer mit Kurzarmhemden tragen und Herbst und Fr\u00fchling mit 3\/4 langen \u00c4rmeln und im Winter mit Langarmhemden. Kragenform: Stehkragen","og_url":"https:\/\/bekleidungscenter.com\/?product=damen-jeansjacke-uebergangsjacke-frauen-aermellos-denim-weste-mit-brusttasche","og_site_name":"FamilienMode","article_modified_time":"2023-04-05T21:52:29+00:00","og_image":[{"width":500,"height":500,"url":"https:\/\/images-na.ssl-images-amazon.com\/images\/I\/41A4Wd5vumL.jpg","type":"image\/jpeg"}],"twitter_card":"summary_large_image","twitter_misc":{"Gesch\u00e4tzte Lesezeit":"2\u00a0Minuten"},"schema":{"@context":"https:\/\/schema.org","@graph":[{"@type":"WebPage","@id":"https:\/\/bekleidungscenter.com\/?product=damen-jeansjacke-uebergangsjacke-frauen-aermellos-denim-weste-mit-brusttasche","url":"https:\/\/bekleidungscenter.com\/?product=damen-jeansjacke-uebergangsjacke-frauen-aermellos-denim-weste-mit-brusttasche","name":"Damen Jeansjacke \u00dcbergangsjacke Frauen \u00c4rmellos Denim Weste mit Brusttasche - FamilienMode","isPartOf":{"@id":"https:\/\/bekleidungscenter.com\/#website"},"datePublished":"2021-01-03T18:15:19+00:00","dateModified":"2023-04-05T21:52:29+00:00","breadcrumb":{"@id":"https:\/\/bekleidungscenter.com\/?product=damen-jeansjacke-uebergangsjacke-frauen-aermellos-denim-weste-mit-brusttasche#breadcrumb"},"inLanguage":"de","potentialAction":[{"@type":"ReadAction","target":["https:\/\/bekleidungscenter.com\/?product=damen-jeansjacke-uebergangsjacke-frauen-aermellos-denim-weste-mit-brusttasche"]}]},{"@type":"BreadcrumbList","@id":"https:\/\/bekleidungscenter.com\/?product=damen-jeansjacke-uebergangsjacke-frauen-aermellos-denim-weste-mit-brusttasche#breadcrumb","itemListElement":[{"@type":"ListItem","position":1,"name":"Home","item":"https:\/\/bekleidungscenter.com\/"},{"@type":"ListItem","position":2,"name":"Shop","item":"https:\/\/bekleidungscenter.com\/?page_id=7"},{"@type":"ListItem","position":3,"name":"Damen Jeansjacke \u00dcbergangsjacke Frauen \u00c4rmellos Denim Weste mit Brusttasche"}]},{"@type":"WebSite","@id":"https:\/\/bekleidungscenter.com\/#website","url":"https:\/\/bekleidungscenter.com\/","name":"FamilienMode","description":"Alles f\u00fcr die ganze Familie","potentialAction":[{"@type":"SearchAction","target":{"@type":"EntryPoint","urlTemplate":"https:\/\/bekleidungscenter.com\/?s={search_term_string}"},"query-input":"required name=search_term_string"}],"inLanguage":"de"}]}},"_links":{"self":[{"href":"https:\/\/bekleidungscenter.com\/index.php?rest_route=\/wp\/v2\/product\/7068"}],"collection":[{"href":"https:\/\/bekleidungscenter.com\/index.php?rest_route=\/wp\/v2\/product"}],"about":[{"href":"https:\/\/bekleidungscenter.com\/index.php?rest_route=\/wp\/v2\/types\/product"}],"replies":[{"embeddable":true,"href":"https:\/\/bekleidungscenter.com\/index.php?rest_route=%2Fwp%2Fv2%2Fcomments&post=7068"}],"wp:featuredmedia":[{"embeddable":true,"href":"https:\/\/bekleidungscenter.com\/index.php?rest_route=\/wp\/v2\/media\/7069"}],"wp:attachment":[{"href":"https:\/\/bekleidungscenter.com\/index.php?rest_route=%2Fwp%2Fv2%2Fmedia&parent=7068"}],"wp:term":[{"taxonomy":"product_cat","embeddable":true,"href":"https:\/\/bekleidungscenter.com\/index.php?rest_route=%2Fwp%2Fv2%2Fproduct_cat&post=7068"},{"taxonomy":"product_tag","embeddable":true,"href":"https:\/\/bekleidungscenter.com\/index.php?rest_route=%2Fwp%2Fv2%2Fproduct_tag&post=7068"}],"curies":[{"name":"wp","href":"https:\/\/api.w.org\/{rel}","templated":true}]}}