{"id":7078,"date":"2021-01-03T18:15:35","date_gmt":"2021-01-03T18:15:35","guid":{"rendered":"http:\/\/bekleidungscenter.com\/?product=sublevel-damen-winterjacke-jacke-dunkelgruen"},"modified":"2023-04-05T21:52:29","modified_gmt":"2023-04-05T21:52:29","slug":"sublevel-damen-winterjacke-jacke-dunkelgruen","status":"publish","type":"product","link":"https:\/\/bekleidungscenter.com\/?product=sublevel-damen-winterjacke-jacke-dunkelgruen","title":{"rendered":"Sublevel Damen Winterjacke Jacke dunkelgr\u00fcn"},"content":{"rendered":"<p><!-- show up to 2 reviews by default --> <\/p>\n<p>Der klassische Kurzmantel von SUBLEVEL pr\u00e4sentiert sich als sportlicher Freizeitbegleiter mit modischen Akzenten. Zwei gro\u00dfe aufgesetzte Taschen mit Patte und Druckknopf sowie zwei verschlie\u00dfbare Brusttaschen und zwei Innentaschen sehen nach Stauraum. Zu derivieren ist der Mantel mit einem Zwei-Wege-Rei\u00dfverschluss in Kontrastfarbe. Durch den Tunnelzug auf Taillenh\u00f6he l\u00e4sst sich der Mantel sowohl l\u00e4ssig als bekannt als feminin tailliert verstreben. Das junge Modelabel SUBLEVEL bietet brandaktuelle Streetwear zu starken Preisen. Die Kollektionen spiegeln die internationalen Trends wiederum und verbreiten einen gewissen Gro\u00dfstadt-Flair. Mit trendigen Farben und stylischen Schnitten l\u00e4sst die Marke jedes modebewusste Herz h\u00f6her schlagen. Die unterschiedlichen Styles aus tollen Basics sowie den aktuellen It-Pieces lassen sich zu individuelle Looks kreieren. Absehen Sie bitte, dass bei der Abbildung der Fotos je nach Bildschirmeinstellung geringf\u00fcgige Abweichungen zur Originalfarbe entstehen k\u00f6nnen. <\/p>\n<p>Tunnelzug auf Taillenh\u00f6he f\u00fcr ein individuelles Trageerlebnis<br \/>\nMit weitenregulierbarer Kapuze<br \/>\nOberstoff: 65% Polyester, 35% Baumwolle; Futter: 100% Polyester; Wattierung: 100% Polyester<br \/>\nParka<br \/>\nPflegehinweis: Schonwaschgang 30\u00b0C; Nicht bleichen; Nicht im Trockner abreiben; Nicht b\u00fcgeln; Keine chemische Reinigung; Abgesperrt auf links aussp\u00fclen<br \/>\nZwei gro\u00dfe Pattentaschen auf der Front<br \/>\nGeraffte B\u00fcndchen an den \u00c4rmelabschl\u00fcssen<br \/>\nVerschluss: Zwei-Wege-Rei\u00dfverschluss<br \/>\n<div class=\"main-cross-sell\" data-asin=\"B075RXBP84\">\n\n\t<div class=\"WooZone-cross-sell-loader\">\n\t\t<div>\n\t\t\t<div id=\"floatingBarsG\">\n\t\t\t\t<div class=\"blockG\" id=\"rotateG_01\"><\/div>\n\t\t\t\t<div class=\"blockG\" id=\"rotateG_02\"><\/div>\n\t\t\t\t<div class=\"blockG\" id=\"rotateG_03\"><\/div>\n\t\t\t\t<div class=\"blockG\" id=\"rotateG_04\"><\/div>\n\t\t\t\t<div class=\"blockG\" id=\"rotateG_05\"><\/div>\n\t\t\t\t<div class=\"blockG\" id=\"rotateG_06\"><\/div>\n\t\t\t\t<div class=\"blockG\" id=\"rotateG_07\"><\/div>\n\t\t\t\t<div class=\"blockG\" id=\"rotateG_08\"><\/div>\n\t\t\t<\/div>\n\t\t\t<div class=\"WooZone-cross-sell-loader-text\"><\/div>\n\t\t<\/div>\n\t<\/div>\n\n\t\t\n<\/div>\n<div style=\"clear:both;\"><\/div><\/p>\n","protected":false},"excerpt":{"rendered":"<p>Tunnelzug auf Taillenh\u00f6he f\u00fcr ein individuelles Trageerlebnis<br \/>\nMit weitenregulierbarer Kapuze<br \/>\nOberstoff: 65% Polyester, 35% Baumwolle; Futter: 100% Polyester; Wattierung: 100% Polyester<\/p>\n","protected":false},"featured_media":7079,"comment_status":"open","ping_status":"closed","template":"","meta":[],"product_cat":[133,119],"product_tag":[],"yoast_head":"<!-- This site is optimized with the Yoast SEO plugin v20.6 - https:\/\/yoast.com\/wordpress\/plugins\/seo\/ -->\n<title>Sublevel Damen Winterjacke Jacke dunkelgr\u00fcn - FamilienMode<\/title>\n<meta name=\"robots\" content=\"index, follow, max-snippet:-1, max-image-preview:large, max-video-preview:-1\" \/>\n<link rel=\"canonical\" href=\"https:\/\/bekleidungscenter.com\/?product=sublevel-damen-winterjacke-jacke-dunkelgruen\" \/>\n<meta property=\"og:locale\" content=\"de_DE\" \/>\n<meta property=\"og:type\" content=\"article\" \/>\n<meta property=\"og:title\" content=\"Sublevel Damen Winterjacke Jacke dunkelgr\u00fcn - FamilienMode\" \/>\n<meta property=\"og:description\" content=\"Tunnelzug auf Taillenh\u00f6he f\u00fcr ein individuelles Trageerlebnis Mit weitenregulierbarer Kapuze Oberstoff: 65% Polyester, 35% Baumwolle; Futter: 100% Polyester; Wattierung: 100% Polyester\" \/>\n<meta property=\"og:url\" content=\"https:\/\/bekleidungscenter.com\/?product=sublevel-damen-winterjacke-jacke-dunkelgruen\" \/>\n<meta property=\"og:site_name\" content=\"FamilienMode\" \/>\n<meta property=\"article:modified_time\" content=\"2023-04-05T21:52:29+00:00\" \/>\n<meta property=\"og:image\" content=\"https:\/\/images-na.ssl-images-amazon.com\/images\/I\/41fU0-6uOwL.jpg\" \/>\n\t<meta property=\"og:image:width\" content=\"500\" \/>\n\t<meta property=\"og:image:height\" content=\"500\" \/>\n\t<meta property=\"og:image:type\" content=\"image\/jpeg\" \/>\n<meta name=\"twitter:card\" content=\"summary_large_image\" \/>\n<meta name=\"twitter:label1\" content=\"Gesch\u00e4tzte Lesezeit\" \/>\n\t<meta name=\"twitter:data1\" content=\"1\u00a0Minute\" \/>\n<script type=\"application\/ld+json\" class=\"yoast-schema-graph\">{\"@context\":\"https:\/\/schema.org\",\"@graph\":[{\"@type\":\"WebPage\",\"@id\":\"https:\/\/bekleidungscenter.com\/?product=sublevel-damen-winterjacke-jacke-dunkelgruen\",\"url\":\"https:\/\/bekleidungscenter.com\/?product=sublevel-damen-winterjacke-jacke-dunkelgruen\",\"name\":\"Sublevel Damen Winterjacke Jacke dunkelgr\u00fcn - FamilienMode\",\"isPartOf\":{\"@id\":\"https:\/\/bekleidungscenter.com\/#website\"},\"datePublished\":\"2021-01-03T18:15:35+00:00\",\"dateModified\":\"2023-04-05T21:52:29+00:00\",\"breadcrumb\":{\"@id\":\"https:\/\/bekleidungscenter.com\/?product=sublevel-damen-winterjacke-jacke-dunkelgruen#breadcrumb\"},\"inLanguage\":\"de\",\"potentialAction\":[{\"@type\":\"ReadAction\",\"target\":[\"https:\/\/bekleidungscenter.com\/?product=sublevel-damen-winterjacke-jacke-dunkelgruen\"]}]},{\"@type\":\"BreadcrumbList\",\"@id\":\"https:\/\/bekleidungscenter.com\/?product=sublevel-damen-winterjacke-jacke-dunkelgruen#breadcrumb\",\"itemListElement\":[{\"@type\":\"ListItem\",\"position\":1,\"name\":\"Home\",\"item\":\"https:\/\/bekleidungscenter.com\/\"},{\"@type\":\"ListItem\",\"position\":2,\"name\":\"Shop\",\"item\":\"https:\/\/bekleidungscenter.com\/?page_id=7\"},{\"@type\":\"ListItem\",\"position\":3,\"name\":\"Sublevel Damen Winterjacke Jacke dunkelgr\u00fcn\"}]},{\"@type\":\"WebSite\",\"@id\":\"https:\/\/bekleidungscenter.com\/#website\",\"url\":\"https:\/\/bekleidungscenter.com\/\",\"name\":\"FamilienMode\",\"description\":\"Alles f\u00fcr die ganze Familie\",\"potentialAction\":[{\"@type\":\"SearchAction\",\"target\":{\"@type\":\"EntryPoint\",\"urlTemplate\":\"https:\/\/bekleidungscenter.com\/?s={search_term_string}\"},\"query-input\":\"required name=search_term_string\"}],\"inLanguage\":\"de\"}]}<\/script>\n<!-- \/ Yoast SEO plugin. -->","yoast_head_json":{"title":"Sublevel Damen Winterjacke Jacke dunkelgr\u00fcn - FamilienMode","robots":{"index":"index","follow":"follow","max-snippet":"max-snippet:-1","max-image-preview":"max-image-preview:large","max-video-preview":"max-video-preview:-1"},"canonical":"https:\/\/bekleidungscenter.com\/?product=sublevel-damen-winterjacke-jacke-dunkelgruen","og_locale":"de_DE","og_type":"article","og_title":"Sublevel Damen Winterjacke Jacke dunkelgr\u00fcn - FamilienMode","og_description":"Tunnelzug auf Taillenh\u00f6he f\u00fcr ein individuelles Trageerlebnis Mit weitenregulierbarer Kapuze Oberstoff: 65% Polyester, 35% Baumwolle; Futter: 100% Polyester; Wattierung: 100% Polyester","og_url":"https:\/\/bekleidungscenter.com\/?product=sublevel-damen-winterjacke-jacke-dunkelgruen","og_site_name":"FamilienMode","article_modified_time":"2023-04-05T21:52:29+00:00","og_image":[{"width":500,"height":500,"url":"https:\/\/images-na.ssl-images-amazon.com\/images\/I\/41fU0-6uOwL.jpg","type":"image\/jpeg"}],"twitter_card":"summary_large_image","twitter_misc":{"Gesch\u00e4tzte Lesezeit":"1\u00a0Minute"},"schema":{"@context":"https:\/\/schema.org","@graph":[{"@type":"WebPage","@id":"https:\/\/bekleidungscenter.com\/?product=sublevel-damen-winterjacke-jacke-dunkelgruen","url":"https:\/\/bekleidungscenter.com\/?product=sublevel-damen-winterjacke-jacke-dunkelgruen","name":"Sublevel Damen Winterjacke Jacke dunkelgr\u00fcn - FamilienMode","isPartOf":{"@id":"https:\/\/bekleidungscenter.com\/#website"},"datePublished":"2021-01-03T18:15:35+00:00","dateModified":"2023-04-05T21:52:29+00:00","breadcrumb":{"@id":"https:\/\/bekleidungscenter.com\/?product=sublevel-damen-winterjacke-jacke-dunkelgruen#breadcrumb"},"inLanguage":"de","potentialAction":[{"@type":"ReadAction","target":["https:\/\/bekleidungscenter.com\/?product=sublevel-damen-winterjacke-jacke-dunkelgruen"]}]},{"@type":"BreadcrumbList","@id":"https:\/\/bekleidungscenter.com\/?product=sublevel-damen-winterjacke-jacke-dunkelgruen#breadcrumb","itemListElement":[{"@type":"ListItem","position":1,"name":"Home","item":"https:\/\/bekleidungscenter.com\/"},{"@type":"ListItem","position":2,"name":"Shop","item":"https:\/\/bekleidungscenter.com\/?page_id=7"},{"@type":"ListItem","position":3,"name":"Sublevel Damen Winterjacke Jacke dunkelgr\u00fcn"}]},{"@type":"WebSite","@id":"https:\/\/bekleidungscenter.com\/#website","url":"https:\/\/bekleidungscenter.com\/","name":"FamilienMode","description":"Alles f\u00fcr die ganze Familie","potentialAction":[{"@type":"SearchAction","target":{"@type":"EntryPoint","urlTemplate":"https:\/\/bekleidungscenter.com\/?s={search_term_string}"},"query-input":"required name=search_term_string"}],"inLanguage":"de"}]}},"_links":{"self":[{"href":"https:\/\/bekleidungscenter.com\/index.php?rest_route=\/wp\/v2\/product\/7078"}],"collection":[{"href":"https:\/\/bekleidungscenter.com\/index.php?rest_route=\/wp\/v2\/product"}],"about":[{"href":"https:\/\/bekleidungscenter.com\/index.php?rest_route=\/wp\/v2\/types\/product"}],"replies":[{"embeddable":true,"href":"https:\/\/bekleidungscenter.com\/index.php?rest_route=%2Fwp%2Fv2%2Fcomments&post=7078"}],"wp:featuredmedia":[{"embeddable":true,"href":"https:\/\/bekleidungscenter.com\/index.php?rest_route=\/wp\/v2\/media\/7079"}],"wp:attachment":[{"href":"https:\/\/bekleidungscenter.com\/index.php?rest_route=%2Fwp%2Fv2%2Fmedia&parent=7078"}],"wp:term":[{"taxonomy":"product_cat","embeddable":true,"href":"https:\/\/bekleidungscenter.com\/index.php?rest_route=%2Fwp%2Fv2%2Fproduct_cat&post=7078"},{"taxonomy":"product_tag","embeddable":true,"href":"https:\/\/bekleidungscenter.com\/index.php?rest_route=%2Fwp%2Fv2%2Fproduct_tag&post=7078"}],"curies":[{"name":"wp","href":"https:\/\/api.w.org\/{rel}","templated":true}]}}