{"id":7156,"date":"2021-01-03T18:17:16","date_gmt":"2021-01-03T18:17:16","guid":{"rendered":"http:\/\/bekleidungscenter.com\/?product=care-of-by-puma-damen-steppjacke-wasserabweisend"},"modified":"2023-04-05T21:52:32","modified_gmt":"2023-04-05T21:52:32","slug":"care-of-by-puma-damen-steppjacke-wasserabweisend","status":"publish","type":"product","link":"https:\/\/bekleidungscenter.com\/?product=care-of-by-puma-damen-steppjacke-wasserabweisend","title":{"rendered":"CARE OF by PUMA Damen-Steppjacke, wasserabweisend"},"content":{"rendered":"<p>Amazon arbeitet qua PUMA zusammen, um Ihnen eine Athleisure-Kollektion zu andienen neben der Komfort zuallererst steht unter anderem die die Kunden-Gutachten von Amazon qua dem Beschr\u00e4nkung-Wissen von PUMA vereint.<br \/>\nDas perfekte Kleidungsst\u00fcck zum \u00dcberziehen statt mehr Komfort unter anderem Gem\u00fctlichkeit.<br \/>\n100% Polyester<br \/>\nparka damen<br \/>\nPflegehinweis: Maschinenw\u00e4sche neben 30 \u00b0 C<br \/>\nModellnummer: 582596<br \/>\nEine Jacke qua durchgehendem Rei\u00dfverschluss qua zus\u00e4tzlichen Eigenschaften: Lang anhaltend geschnittene Armausschnitte sind statt h\u00f6chste Bewegungsfreiheit unter anderem Rei\u00dfverschl\u00fcsse an den Taschen.<br \/>\n<div class=\"main-cross-sell\" data-asin=\"B07R15F5WR\">\n\n\t<div class=\"WooZone-cross-sell-loader\">\n\t\t<div>\n\t\t\t<div id=\"floatingBarsG\">\n\t\t\t\t<div class=\"blockG\" id=\"rotateG_01\"><\/div>\n\t\t\t\t<div class=\"blockG\" id=\"rotateG_02\"><\/div>\n\t\t\t\t<div class=\"blockG\" id=\"rotateG_03\"><\/div>\n\t\t\t\t<div class=\"blockG\" id=\"rotateG_04\"><\/div>\n\t\t\t\t<div class=\"blockG\" id=\"rotateG_05\"><\/div>\n\t\t\t\t<div class=\"blockG\" id=\"rotateG_06\"><\/div>\n\t\t\t\t<div class=\"blockG\" id=\"rotateG_07\"><\/div>\n\t\t\t\t<div class=\"blockG\" id=\"rotateG_08\"><\/div>\n\t\t\t<\/div>\n\t\t\t<div class=\"WooZone-cross-sell-loader-text\"><\/div>\n\t\t<\/div>\n\t<\/div>\n\n\t\t\n<\/div>\n<div style=\"clear:both;\"><\/div><\/p>\n","protected":false},"excerpt":{"rendered":"<p>Amazon arbeitet mit PUMA zusammen, um Ihnen eine Athleisure-Kollektion zu bieten bei der Komfort an erster Stelle steht und die die Kunden-Expertise von Amazon mit dem Produkt-Wissen von PUMA vereint.<br \/>\nDas perfekte Kleidungsst\u00fcck zum \u00dcberziehen f\u00fcr mehr Komfort und W\u00e4rme.<br \/>\n100% Polyester<\/p>\n","protected":false},"featured_media":7157,"comment_status":"open","ping_status":"closed","template":"","meta":[],"product_cat":[133,119],"product_tag":[],"yoast_head":"<!-- This site is optimized with the Yoast SEO plugin v20.6 - https:\/\/yoast.com\/wordpress\/plugins\/seo\/ -->\n<title>CARE OF by PUMA Damen-Steppjacke, wasserabweisend - FamilienMode<\/title>\n<meta name=\"robots\" content=\"index, follow, max-snippet:-1, max-image-preview:large, max-video-preview:-1\" \/>\n<link rel=\"canonical\" href=\"https:\/\/bekleidungscenter.com\/?product=care-of-by-puma-damen-steppjacke-wasserabweisend\" \/>\n<meta property=\"og:locale\" content=\"de_DE\" \/>\n<meta property=\"og:type\" content=\"article\" \/>\n<meta property=\"og:title\" content=\"CARE OF by PUMA Damen-Steppjacke, wasserabweisend - FamilienMode\" \/>\n<meta property=\"og:description\" content=\"Amazon arbeitet mit PUMA zusammen, um Ihnen eine Athleisure-Kollektion zu bieten bei der Komfort an erster Stelle steht und die die Kunden-Expertise von Amazon mit dem Produkt-Wissen von PUMA vereint. Das perfekte Kleidungsst\u00fcck zum \u00dcberziehen f\u00fcr mehr Komfort und W\u00e4rme. 100% Polyester\" \/>\n<meta property=\"og:url\" content=\"https:\/\/bekleidungscenter.com\/?product=care-of-by-puma-damen-steppjacke-wasserabweisend\" \/>\n<meta property=\"og:site_name\" content=\"FamilienMode\" \/>\n<meta property=\"article:modified_time\" content=\"2023-04-05T21:52:32+00:00\" \/>\n<meta property=\"og:image\" content=\"https:\/\/images-na.ssl-images-amazon.com\/images\/I\/41M5sJVSHiL.jpg\" \/>\n\t<meta property=\"og:image:width\" content=\"500\" \/>\n\t<meta property=\"og:image:height\" content=\"500\" \/>\n\t<meta property=\"og:image:type\" content=\"image\/jpeg\" \/>\n<meta name=\"twitter:card\" content=\"summary_large_image\" \/>\n<script type=\"application\/ld+json\" class=\"yoast-schema-graph\">{\"@context\":\"https:\/\/schema.org\",\"@graph\":[{\"@type\":\"WebPage\",\"@id\":\"https:\/\/bekleidungscenter.com\/?product=care-of-by-puma-damen-steppjacke-wasserabweisend\",\"url\":\"https:\/\/bekleidungscenter.com\/?product=care-of-by-puma-damen-steppjacke-wasserabweisend\",\"name\":\"CARE OF by PUMA Damen-Steppjacke, wasserabweisend - FamilienMode\",\"isPartOf\":{\"@id\":\"https:\/\/bekleidungscenter.com\/#website\"},\"datePublished\":\"2021-01-03T18:17:16+00:00\",\"dateModified\":\"2023-04-05T21:52:32+00:00\",\"breadcrumb\":{\"@id\":\"https:\/\/bekleidungscenter.com\/?product=care-of-by-puma-damen-steppjacke-wasserabweisend#breadcrumb\"},\"inLanguage\":\"de\",\"potentialAction\":[{\"@type\":\"ReadAction\",\"target\":[\"https:\/\/bekleidungscenter.com\/?product=care-of-by-puma-damen-steppjacke-wasserabweisend\"]}]},{\"@type\":\"BreadcrumbList\",\"@id\":\"https:\/\/bekleidungscenter.com\/?product=care-of-by-puma-damen-steppjacke-wasserabweisend#breadcrumb\",\"itemListElement\":[{\"@type\":\"ListItem\",\"position\":1,\"name\":\"Home\",\"item\":\"https:\/\/bekleidungscenter.com\/\"},{\"@type\":\"ListItem\",\"position\":2,\"name\":\"Shop\",\"item\":\"https:\/\/bekleidungscenter.com\/?page_id=7\"},{\"@type\":\"ListItem\",\"position\":3,\"name\":\"CARE OF by PUMA Damen-Steppjacke, wasserabweisend\"}]},{\"@type\":\"WebSite\",\"@id\":\"https:\/\/bekleidungscenter.com\/#website\",\"url\":\"https:\/\/bekleidungscenter.com\/\",\"name\":\"FamilienMode\",\"description\":\"Alles f\u00fcr die ganze Familie\",\"potentialAction\":[{\"@type\":\"SearchAction\",\"target\":{\"@type\":\"EntryPoint\",\"urlTemplate\":\"https:\/\/bekleidungscenter.com\/?s={search_term_string}\"},\"query-input\":\"required name=search_term_string\"}],\"inLanguage\":\"de\"}]}<\/script>\n<!-- \/ Yoast SEO plugin. -->","yoast_head_json":{"title":"CARE OF by PUMA Damen-Steppjacke, wasserabweisend - FamilienMode","robots":{"index":"index","follow":"follow","max-snippet":"max-snippet:-1","max-image-preview":"max-image-preview:large","max-video-preview":"max-video-preview:-1"},"canonical":"https:\/\/bekleidungscenter.com\/?product=care-of-by-puma-damen-steppjacke-wasserabweisend","og_locale":"de_DE","og_type":"article","og_title":"CARE OF by PUMA Damen-Steppjacke, wasserabweisend - FamilienMode","og_description":"Amazon arbeitet mit PUMA zusammen, um Ihnen eine Athleisure-Kollektion zu bieten bei der Komfort an erster Stelle steht und die die Kunden-Expertise von Amazon mit dem Produkt-Wissen von PUMA vereint. Das perfekte Kleidungsst\u00fcck zum \u00dcberziehen f\u00fcr mehr Komfort und W\u00e4rme. 100% Polyester","og_url":"https:\/\/bekleidungscenter.com\/?product=care-of-by-puma-damen-steppjacke-wasserabweisend","og_site_name":"FamilienMode","article_modified_time":"2023-04-05T21:52:32+00:00","og_image":[{"width":500,"height":500,"url":"https:\/\/images-na.ssl-images-amazon.com\/images\/I\/41M5sJVSHiL.jpg","type":"image\/jpeg"}],"twitter_card":"summary_large_image","schema":{"@context":"https:\/\/schema.org","@graph":[{"@type":"WebPage","@id":"https:\/\/bekleidungscenter.com\/?product=care-of-by-puma-damen-steppjacke-wasserabweisend","url":"https:\/\/bekleidungscenter.com\/?product=care-of-by-puma-damen-steppjacke-wasserabweisend","name":"CARE OF by PUMA Damen-Steppjacke, wasserabweisend - FamilienMode","isPartOf":{"@id":"https:\/\/bekleidungscenter.com\/#website"},"datePublished":"2021-01-03T18:17:16+00:00","dateModified":"2023-04-05T21:52:32+00:00","breadcrumb":{"@id":"https:\/\/bekleidungscenter.com\/?product=care-of-by-puma-damen-steppjacke-wasserabweisend#breadcrumb"},"inLanguage":"de","potentialAction":[{"@type":"ReadAction","target":["https:\/\/bekleidungscenter.com\/?product=care-of-by-puma-damen-steppjacke-wasserabweisend"]}]},{"@type":"BreadcrumbList","@id":"https:\/\/bekleidungscenter.com\/?product=care-of-by-puma-damen-steppjacke-wasserabweisend#breadcrumb","itemListElement":[{"@type":"ListItem","position":1,"name":"Home","item":"https:\/\/bekleidungscenter.com\/"},{"@type":"ListItem","position":2,"name":"Shop","item":"https:\/\/bekleidungscenter.com\/?page_id=7"},{"@type":"ListItem","position":3,"name":"CARE OF by PUMA Damen-Steppjacke, wasserabweisend"}]},{"@type":"WebSite","@id":"https:\/\/bekleidungscenter.com\/#website","url":"https:\/\/bekleidungscenter.com\/","name":"FamilienMode","description":"Alles f\u00fcr die ganze Familie","potentialAction":[{"@type":"SearchAction","target":{"@type":"EntryPoint","urlTemplate":"https:\/\/bekleidungscenter.com\/?s={search_term_string}"},"query-input":"required name=search_term_string"}],"inLanguage":"de"}]}},"_links":{"self":[{"href":"https:\/\/bekleidungscenter.com\/index.php?rest_route=\/wp\/v2\/product\/7156"}],"collection":[{"href":"https:\/\/bekleidungscenter.com\/index.php?rest_route=\/wp\/v2\/product"}],"about":[{"href":"https:\/\/bekleidungscenter.com\/index.php?rest_route=\/wp\/v2\/types\/product"}],"replies":[{"embeddable":true,"href":"https:\/\/bekleidungscenter.com\/index.php?rest_route=%2Fwp%2Fv2%2Fcomments&post=7156"}],"wp:featuredmedia":[{"embeddable":true,"href":"https:\/\/bekleidungscenter.com\/index.php?rest_route=\/wp\/v2\/media\/7157"}],"wp:attachment":[{"href":"https:\/\/bekleidungscenter.com\/index.php?rest_route=%2Fwp%2Fv2%2Fmedia&parent=7156"}],"wp:term":[{"taxonomy":"product_cat","embeddable":true,"href":"https:\/\/bekleidungscenter.com\/index.php?rest_route=%2Fwp%2Fv2%2Fproduct_cat&post=7156"},{"taxonomy":"product_tag","embeddable":true,"href":"https:\/\/bekleidungscenter.com\/index.php?rest_route=%2Fwp%2Fv2%2Fproduct_tag&post=7156"}],"curies":[{"name":"wp","href":"https:\/\/api.w.org\/{rel}","templated":true}]}}