{"id":7168,"date":"2021-01-03T18:17:32","date_gmt":"2021-01-03T18:17:32","guid":{"rendered":"http:\/\/bekleidungscenter.com\/?product=only-female-parka-langer"},"modified":"2023-04-05T21:52:32","modified_gmt":"2023-04-05T21:52:32","slug":"only-female-parka-langer","status":"publish","type":"product","link":"https:\/\/bekleidungscenter.com\/?product=only-female-parka-langer","title":{"rendered":"ONLY Damen Jacke Winterparka Iris Mantel mit Fellkapuze"},"content":{"rendered":"<p><!-- show up to 2 reviews by default --> <\/p>\n<p>&#8211; Parkamantel unter Zuhilfenahme von Kapuze &#8211; Kapuze unter Zuhilfenahme von Kunstfellrand &#8211; Abnehmbarer Kunstfellrand &#8211; Verdeckter Obstruktion vorn &#8211; Elastischer F\u00f6deration &#8211; 2 Fronttaschen unter Zuhilfenahme von Patte &#8211; Geschlossene Taschen an der Brustkasten &#8211; Elastischer Ripp an jedem \u00c4rmel &#8211; L\u00e4nge: 80 cm in Zuwachs S &#8211; Das Model tr\u00e4gt Zuwachs M <\/p>\n<p>Au\u00dfenmaterial: 100% Polyester Futter: 100% Polyester F\u00fcllmaterial: 100% Polyester Kunstpelz: 100% Po<br \/>\nParka<br \/>\nPflegehinweis: 30\u00b0Kohlenstoff Buntw\u00e4sche,Auf keinen Fall wei\u00dfen,Auf keinen Fall im W\u00e4schetrockner reiben,Auf keinen Fall hei\u00df gl\u00e4tten,Auf keinen Fall trockenreini<br \/>\n<div class=\"main-cross-sell\" data-asin=\"B07RY2QY8X\">\n\n\t<div class=\"WooZone-cross-sell-loader\">\n\t\t<div>\n\t\t\t<div id=\"floatingBarsG\">\n\t\t\t\t<div class=\"blockG\" id=\"rotateG_01\"><\/div>\n\t\t\t\t<div class=\"blockG\" id=\"rotateG_02\"><\/div>\n\t\t\t\t<div class=\"blockG\" id=\"rotateG_03\"><\/div>\n\t\t\t\t<div class=\"blockG\" id=\"rotateG_04\"><\/div>\n\t\t\t\t<div class=\"blockG\" id=\"rotateG_05\"><\/div>\n\t\t\t\t<div class=\"blockG\" id=\"rotateG_06\"><\/div>\n\t\t\t\t<div class=\"blockG\" id=\"rotateG_07\"><\/div>\n\t\t\t\t<div class=\"blockG\" id=\"rotateG_08\"><\/div>\n\t\t\t<\/div>\n\t\t\t<div class=\"WooZone-cross-sell-loader-text\"><\/div>\n\t\t<\/div>\n\t<\/div>\n\n\t\t\n<\/div>\n<div style=\"clear:both;\"><\/div><\/p>\n","protected":false},"excerpt":{"rendered":"<p>Au\u00dfenmaterial: 100% Polyester Futter: 100% Polyester F\u00fcllmaterial: 100% Polyester Kunstpelz: 100% Po<br \/>\nParka<br \/>\nPflegehinweis: 30\u00b0C Buntw\u00e4sche,Nicht bleichen,Nicht im W\u00e4schetrockner trocknen,Nicht hei\u00df b\u00fcgeln,Nicht trockenreini<\/p>\n","protected":false},"featured_media":7169,"comment_status":"open","ping_status":"closed","template":"","meta":[],"product_cat":[133,119],"product_tag":[],"yoast_head":"<!-- This site is optimized with the Yoast SEO plugin v20.6 - https:\/\/yoast.com\/wordpress\/plugins\/seo\/ -->\n<title>ONLY Damen Jacke Winterparka Iris Mantel mit Fellkapuze - FamilienMode<\/title>\n<meta name=\"robots\" content=\"index, follow, max-snippet:-1, max-image-preview:large, max-video-preview:-1\" \/>\n<link rel=\"canonical\" href=\"https:\/\/bekleidungscenter.com\/?product=only-female-parka-langer\" \/>\n<meta property=\"og:locale\" content=\"de_DE\" \/>\n<meta property=\"og:type\" content=\"article\" \/>\n<meta property=\"og:title\" content=\"ONLY Damen Jacke Winterparka Iris Mantel mit Fellkapuze - FamilienMode\" \/>\n<meta property=\"og:description\" content=\"Au\u00dfenmaterial: 100% Polyester Futter: 100% Polyester F\u00fcllmaterial: 100% Polyester Kunstpelz: 100% Po Parka Pflegehinweis: 30\u00b0C Buntw\u00e4sche,Nicht bleichen,Nicht im W\u00e4schetrockner trocknen,Nicht hei\u00df b\u00fcgeln,Nicht trockenreini\" \/>\n<meta property=\"og:url\" content=\"https:\/\/bekleidungscenter.com\/?product=only-female-parka-langer\" \/>\n<meta property=\"og:site_name\" content=\"FamilienMode\" \/>\n<meta property=\"article:modified_time\" content=\"2023-04-05T21:52:32+00:00\" \/>\n<meta property=\"og:image\" content=\"https:\/\/images-na.ssl-images-amazon.com\/images\/I\/41PLW35pawL.jpg\" \/>\n\t<meta property=\"og:image:width\" content=\"500\" \/>\n\t<meta property=\"og:image:height\" content=\"500\" \/>\n\t<meta property=\"og:image:type\" content=\"image\/jpeg\" \/>\n<meta name=\"twitter:card\" content=\"summary_large_image\" \/>\n<meta name=\"twitter:label1\" content=\"Gesch\u00e4tzte Lesezeit\" \/>\n\t<meta name=\"twitter:data1\" content=\"1\u00a0Minute\" \/>\n<script type=\"application\/ld+json\" class=\"yoast-schema-graph\">{\"@context\":\"https:\/\/schema.org\",\"@graph\":[{\"@type\":\"WebPage\",\"@id\":\"https:\/\/bekleidungscenter.com\/?product=only-female-parka-langer\",\"url\":\"https:\/\/bekleidungscenter.com\/?product=only-female-parka-langer\",\"name\":\"ONLY Damen Jacke Winterparka Iris Mantel mit Fellkapuze - FamilienMode\",\"isPartOf\":{\"@id\":\"https:\/\/bekleidungscenter.com\/#website\"},\"datePublished\":\"2021-01-03T18:17:32+00:00\",\"dateModified\":\"2023-04-05T21:52:32+00:00\",\"breadcrumb\":{\"@id\":\"https:\/\/bekleidungscenter.com\/?product=only-female-parka-langer#breadcrumb\"},\"inLanguage\":\"de\",\"potentialAction\":[{\"@type\":\"ReadAction\",\"target\":[\"https:\/\/bekleidungscenter.com\/?product=only-female-parka-langer\"]}]},{\"@type\":\"BreadcrumbList\",\"@id\":\"https:\/\/bekleidungscenter.com\/?product=only-female-parka-langer#breadcrumb\",\"itemListElement\":[{\"@type\":\"ListItem\",\"position\":1,\"name\":\"Home\",\"item\":\"https:\/\/bekleidungscenter.com\/\"},{\"@type\":\"ListItem\",\"position\":2,\"name\":\"Shop\",\"item\":\"https:\/\/bekleidungscenter.com\/?page_id=7\"},{\"@type\":\"ListItem\",\"position\":3,\"name\":\"ONLY Damen Jacke Winterparka Iris Mantel mit Fellkapuze\"}]},{\"@type\":\"WebSite\",\"@id\":\"https:\/\/bekleidungscenter.com\/#website\",\"url\":\"https:\/\/bekleidungscenter.com\/\",\"name\":\"FamilienMode\",\"description\":\"Alles f\u00fcr die ganze Familie\",\"potentialAction\":[{\"@type\":\"SearchAction\",\"target\":{\"@type\":\"EntryPoint\",\"urlTemplate\":\"https:\/\/bekleidungscenter.com\/?s={search_term_string}\"},\"query-input\":\"required name=search_term_string\"}],\"inLanguage\":\"de\"}]}<\/script>\n<!-- \/ Yoast SEO plugin. -->","yoast_head_json":{"title":"ONLY Damen Jacke Winterparka Iris Mantel mit Fellkapuze - FamilienMode","robots":{"index":"index","follow":"follow","max-snippet":"max-snippet:-1","max-image-preview":"max-image-preview:large","max-video-preview":"max-video-preview:-1"},"canonical":"https:\/\/bekleidungscenter.com\/?product=only-female-parka-langer","og_locale":"de_DE","og_type":"article","og_title":"ONLY Damen Jacke Winterparka Iris Mantel mit Fellkapuze - FamilienMode","og_description":"Au\u00dfenmaterial: 100% Polyester Futter: 100% Polyester F\u00fcllmaterial: 100% Polyester Kunstpelz: 100% Po Parka Pflegehinweis: 30\u00b0C Buntw\u00e4sche,Nicht bleichen,Nicht im W\u00e4schetrockner trocknen,Nicht hei\u00df b\u00fcgeln,Nicht trockenreini","og_url":"https:\/\/bekleidungscenter.com\/?product=only-female-parka-langer","og_site_name":"FamilienMode","article_modified_time":"2023-04-05T21:52:32+00:00","og_image":[{"width":500,"height":500,"url":"https:\/\/images-na.ssl-images-amazon.com\/images\/I\/41PLW35pawL.jpg","type":"image\/jpeg"}],"twitter_card":"summary_large_image","twitter_misc":{"Gesch\u00e4tzte Lesezeit":"1\u00a0Minute"},"schema":{"@context":"https:\/\/schema.org","@graph":[{"@type":"WebPage","@id":"https:\/\/bekleidungscenter.com\/?product=only-female-parka-langer","url":"https:\/\/bekleidungscenter.com\/?product=only-female-parka-langer","name":"ONLY Damen Jacke Winterparka Iris Mantel mit Fellkapuze - FamilienMode","isPartOf":{"@id":"https:\/\/bekleidungscenter.com\/#website"},"datePublished":"2021-01-03T18:17:32+00:00","dateModified":"2023-04-05T21:52:32+00:00","breadcrumb":{"@id":"https:\/\/bekleidungscenter.com\/?product=only-female-parka-langer#breadcrumb"},"inLanguage":"de","potentialAction":[{"@type":"ReadAction","target":["https:\/\/bekleidungscenter.com\/?product=only-female-parka-langer"]}]},{"@type":"BreadcrumbList","@id":"https:\/\/bekleidungscenter.com\/?product=only-female-parka-langer#breadcrumb","itemListElement":[{"@type":"ListItem","position":1,"name":"Home","item":"https:\/\/bekleidungscenter.com\/"},{"@type":"ListItem","position":2,"name":"Shop","item":"https:\/\/bekleidungscenter.com\/?page_id=7"},{"@type":"ListItem","position":3,"name":"ONLY Damen Jacke Winterparka Iris Mantel mit Fellkapuze"}]},{"@type":"WebSite","@id":"https:\/\/bekleidungscenter.com\/#website","url":"https:\/\/bekleidungscenter.com\/","name":"FamilienMode","description":"Alles f\u00fcr die ganze Familie","potentialAction":[{"@type":"SearchAction","target":{"@type":"EntryPoint","urlTemplate":"https:\/\/bekleidungscenter.com\/?s={search_term_string}"},"query-input":"required name=search_term_string"}],"inLanguage":"de"}]}},"_links":{"self":[{"href":"https:\/\/bekleidungscenter.com\/index.php?rest_route=\/wp\/v2\/product\/7168"}],"collection":[{"href":"https:\/\/bekleidungscenter.com\/index.php?rest_route=\/wp\/v2\/product"}],"about":[{"href":"https:\/\/bekleidungscenter.com\/index.php?rest_route=\/wp\/v2\/types\/product"}],"replies":[{"embeddable":true,"href":"https:\/\/bekleidungscenter.com\/index.php?rest_route=%2Fwp%2Fv2%2Fcomments&post=7168"}],"wp:featuredmedia":[{"embeddable":true,"href":"https:\/\/bekleidungscenter.com\/index.php?rest_route=\/wp\/v2\/media\/7169"}],"wp:attachment":[{"href":"https:\/\/bekleidungscenter.com\/index.php?rest_route=%2Fwp%2Fv2%2Fmedia&parent=7168"}],"wp:term":[{"taxonomy":"product_cat","embeddable":true,"href":"https:\/\/bekleidungscenter.com\/index.php?rest_route=%2Fwp%2Fv2%2Fproduct_cat&post=7168"},{"taxonomy":"product_tag","embeddable":true,"href":"https:\/\/bekleidungscenter.com\/index.php?rest_route=%2Fwp%2Fv2%2Fproduct_tag&post=7168"}],"curies":[{"name":"wp","href":"https:\/\/api.w.org\/{rel}","templated":true}]}}