{"id":7172,"date":"2021-01-03T18:17:36","date_gmt":"2021-01-03T18:17:36","guid":{"rendered":"http:\/\/bekleidungscenter.com\/?product=helly-hansen-w-crew-hooded-midlayer-jacket"},"modified":"2023-04-05T21:52:32","modified_gmt":"2023-04-05T21:52:32","slug":"helly-hansen-w-crew-hooded-midlayer-jacket","status":"publish","type":"product","link":"https:\/\/bekleidungscenter.com\/?product=helly-hansen-w-crew-hooded-midlayer-jacket","title":{"rendered":"Helly Hansen Damen Crew Hooded Midlayer Jacket Jacke (1er Pack)"},"content":{"rendered":"<p><!-- show up to 2 reviews by default --> <\/p>\n<p>Helly Hansen Wolfram CREW MIDLAYER JACKET Giacchetta Tattica da Vela con Cappuccio Mithilfe Donna &#8211; Wolfram CREW MIDLAYER di Helly Hansen \u00e8 la giacca termica versatile e confortevole Mithilfe ogni occasione! Pensata Mithilfe essere indossata tutto l&#8217;anno da chi ama la vita nautica, \u00e8 perfetta Mithilfe le &#8211; attivit\u00e0 sportive e ricreative al mare, ma \u00e8 adatta anche Mithilfe uso sportivo e quotidiano in citt\u00e0. Il tessuto impermeabile altamente traspirante e isolante \u00e8 ideale quando le condizioni climatiche &#8211; richiedono una maggiore protezione, Mithilfe sentirsi calde, asciutte e protette da freddo, pioggia e vento. Comfort e funzionalit\u00e0 si combinano con un design personalizzabile. Dettagli del prodotto &#8211; Taglie disponibili: da XS a XXL &#8211; Helly Tech Protection: traspirante, isolante e antivento &#8211; Trattamento idrorepellente DWR (Durable Water Repellency) &#8211; Isolamento con fodera in pile Polartec ad asciugatura rapida &#8211; Sack scaldamani &#8211; Polsini regolabili Mithilfe una perfetta vestibilit\u00e0 &#8211; Cappuccio removibile &#8211; Cuciture termosaldate Mithilfe la massima protezione da eventi atmosferici &#8211; Uso: attivit\u00e0 sportive e ricreative nautiche (navigazione vor der K\u00fcste, sailing, escursioni in barca); &#8211; uso quotidiano e sport outdoor (escursionismo, trekking, campeggio, running, fitness) &#8211; Mithilfe primavera, estate, autunno e inverno &#8211; Numero articolo: 33891 &#8211; Helly Hansen &#8211; Da oltre 140 anni il marchio norvegese Helly Hansen \u00e8 specializzato nella creazione e nello sviluppo innovativo di abbigliamento professionale Mithilfe sport acquatici, di montagna, invernali e &#8211; Mithilfe il lavoro. Estremamente versatile, il marchio continua a sviluppare i suoi prodotti secondo la visione del suo fondatore, il capitano Hansen: aiutare le persone a rimanere e sentirsi vive &#8211; nelle condizioni climatiche pi\u00f9 ostili. Helly Hansen \u00e8 presente in oltre 200 comprensori sciistici di tutto il mondo come marchio leader dell&#8217;abbigliamento da sci professionale. <\/p>\n<p>Lanthan giacca termica Wolfram CREW MIDLAYER di HH \u00e8 un capo impermeabile in stile nautico e dalla linea femminile perfetto Mithilfe le attivit\u00e0 sportive al mare e in citt\u00e0 e Mithilfe l&#8217;uso quotidiano in ogni stagione<br \/>\nVersatile giacca foderata in pile con caldo colletto e tasche Mithilfe maggiore comfort e isolamento, ideale come strato intermedio con il freddo autunnale e invernale o come capo nicht nei mesi pi\u00f9 caldi<br \/>\n100% Polyester<br \/>\nWolfram CREW HOODED MIDLAYER JACKET<br \/>\nModellnummer: 33891<br \/>\nTecnologia Polartec: il tessuto aderente, isolante e traspirante mantiene il corpo caldo e asciutto, rendendo la giacchetta HH la compagna ideale Mithilfe le appassionate di vela e di attivit\u00e0 outdoor<br \/>\nIl design facilmente personalizzabile con ricami e la tasca sul nach hinten collo Mithilfe l&#8217;identificativo Mithilfe le regate, rendono la giacca il capo preferito di molti club e squadre e tra i capi HH pi\u00f9 venduti<br \/>\nArticolo Consegnato: 1 x Helly Hansen Wolfram CREW MIDLAYER JACKET Giacchetto Tecnico Mithilfe Donna \/ Ideale Mithilfe Attivit\u00e0 Nautiche e Outdoor \/ Collo Alto, Cappuccio e Sack \/ Colore: Bianco \/ Taglia: XS<br \/>\n<div class=\"main-cross-sell\" data-asin=\"B07F2QJQ4L\">\n\n\t<div class=\"WooZone-cross-sell-loader\">\n\t\t<div>\n\t\t\t<div id=\"floatingBarsG\">\n\t\t\t\t<div class=\"blockG\" id=\"rotateG_01\"><\/div>\n\t\t\t\t<div class=\"blockG\" id=\"rotateG_02\"><\/div>\n\t\t\t\t<div class=\"blockG\" id=\"rotateG_03\"><\/div>\n\t\t\t\t<div class=\"blockG\" id=\"rotateG_04\"><\/div>\n\t\t\t\t<div class=\"blockG\" id=\"rotateG_05\"><\/div>\n\t\t\t\t<div class=\"blockG\" id=\"rotateG_06\"><\/div>\n\t\t\t\t<div class=\"blockG\" id=\"rotateG_07\"><\/div>\n\t\t\t\t<div class=\"blockG\" id=\"rotateG_08\"><\/div>\n\t\t\t<\/div>\n\t\t\t<div class=\"WooZone-cross-sell-loader-text\"><\/div>\n\t\t<\/div>\n\t<\/div>\n\n\t\t\n<\/div>\n<div style=\"clear:both;\"><\/div><\/p>\n","protected":false},"excerpt":{"rendered":"<p>La giacca termica W CREW MIDLAYER di HH \u00e8 un capo impermeabile in stile nautico e dalla linea femminile perfetto per le attivit\u00e0 sportive al mare e in citt\u00e0 e per l&#8217;uso quotidiano in ogni stagione<br \/>\nVersatile giacca foderata in pile con caldo colletto e tasche per maggiore comfort e isolamento, ideale come strato intermedio con il freddo autunnale e invernale o come capo unico nei mesi pi\u00f9 caldi<br \/>\n100% Polyester<\/p>\n","protected":false},"featured_media":7173,"comment_status":"open","ping_status":"closed","template":"","meta":[],"product_cat":[133,119],"product_tag":[],"yoast_head":"<!-- This site is optimized with the Yoast SEO plugin v20.6 - https:\/\/yoast.com\/wordpress\/plugins\/seo\/ -->\n<title>Helly Hansen Damen Crew Hooded Midlayer Jacket Jacke (1er Pack) - FamilienMode<\/title>\n<meta name=\"robots\" content=\"index, follow, max-snippet:-1, max-image-preview:large, max-video-preview:-1\" \/>\n<link rel=\"canonical\" href=\"https:\/\/bekleidungscenter.com\/?product=helly-hansen-w-crew-hooded-midlayer-jacket\" \/>\n<meta property=\"og:locale\" content=\"de_DE\" \/>\n<meta property=\"og:type\" content=\"article\" \/>\n<meta property=\"og:title\" content=\"Helly Hansen Damen Crew Hooded Midlayer Jacket Jacke (1er Pack) - FamilienMode\" \/>\n<meta property=\"og:description\" content=\"La giacca termica W CREW MIDLAYER di HH \u00e8 un capo impermeabile in stile nautico e dalla linea femminile perfetto per le attivit\u00e0 sportive al mare e in citt\u00e0 e per l&#039;uso quotidiano in ogni stagione Versatile giacca foderata in pile con caldo colletto e tasche per maggiore comfort e isolamento, ideale come strato intermedio con il freddo autunnale e invernale o come capo unico nei mesi pi\u00f9 caldi 100% Polyester\" \/>\n<meta property=\"og:url\" content=\"https:\/\/bekleidungscenter.com\/?product=helly-hansen-w-crew-hooded-midlayer-jacket\" \/>\n<meta property=\"og:site_name\" content=\"FamilienMode\" \/>\n<meta property=\"article:modified_time\" content=\"2023-04-05T21:52:32+00:00\" \/>\n<meta property=\"og:image\" content=\"https:\/\/images-na.ssl-images-amazon.com\/images\/I\/419OyH6kNXL.jpg\" \/>\n\t<meta property=\"og:image:width\" content=\"500\" \/>\n\t<meta property=\"og:image:height\" content=\"500\" \/>\n\t<meta property=\"og:image:type\" content=\"image\/jpeg\" \/>\n<meta name=\"twitter:card\" content=\"summary_large_image\" \/>\n<meta name=\"twitter:label1\" content=\"Gesch\u00e4tzte Lesezeit\" \/>\n\t<meta name=\"twitter:data1\" content=\"2\u00a0Minuten\" \/>\n<script type=\"application\/ld+json\" class=\"yoast-schema-graph\">{\"@context\":\"https:\/\/schema.org\",\"@graph\":[{\"@type\":\"WebPage\",\"@id\":\"https:\/\/bekleidungscenter.com\/?product=helly-hansen-w-crew-hooded-midlayer-jacket\",\"url\":\"https:\/\/bekleidungscenter.com\/?product=helly-hansen-w-crew-hooded-midlayer-jacket\",\"name\":\"Helly Hansen Damen Crew Hooded Midlayer Jacket Jacke (1er Pack) - FamilienMode\",\"isPartOf\":{\"@id\":\"https:\/\/bekleidungscenter.com\/#website\"},\"datePublished\":\"2021-01-03T18:17:36+00:00\",\"dateModified\":\"2023-04-05T21:52:32+00:00\",\"breadcrumb\":{\"@id\":\"https:\/\/bekleidungscenter.com\/?product=helly-hansen-w-crew-hooded-midlayer-jacket#breadcrumb\"},\"inLanguage\":\"de\",\"potentialAction\":[{\"@type\":\"ReadAction\",\"target\":[\"https:\/\/bekleidungscenter.com\/?product=helly-hansen-w-crew-hooded-midlayer-jacket\"]}]},{\"@type\":\"BreadcrumbList\",\"@id\":\"https:\/\/bekleidungscenter.com\/?product=helly-hansen-w-crew-hooded-midlayer-jacket#breadcrumb\",\"itemListElement\":[{\"@type\":\"ListItem\",\"position\":1,\"name\":\"Home\",\"item\":\"https:\/\/bekleidungscenter.com\/\"},{\"@type\":\"ListItem\",\"position\":2,\"name\":\"Shop\",\"item\":\"https:\/\/bekleidungscenter.com\/?page_id=7\"},{\"@type\":\"ListItem\",\"position\":3,\"name\":\"Helly Hansen Damen Crew Hooded Midlayer Jacket Jacke (1er Pack)\"}]},{\"@type\":\"WebSite\",\"@id\":\"https:\/\/bekleidungscenter.com\/#website\",\"url\":\"https:\/\/bekleidungscenter.com\/\",\"name\":\"FamilienMode\",\"description\":\"Alles f\u00fcr die ganze Familie\",\"potentialAction\":[{\"@type\":\"SearchAction\",\"target\":{\"@type\":\"EntryPoint\",\"urlTemplate\":\"https:\/\/bekleidungscenter.com\/?s={search_term_string}\"},\"query-input\":\"required name=search_term_string\"}],\"inLanguage\":\"de\"}]}<\/script>\n<!-- \/ Yoast SEO plugin. -->","yoast_head_json":{"title":"Helly Hansen Damen Crew Hooded Midlayer Jacket Jacke (1er Pack) - FamilienMode","robots":{"index":"index","follow":"follow","max-snippet":"max-snippet:-1","max-image-preview":"max-image-preview:large","max-video-preview":"max-video-preview:-1"},"canonical":"https:\/\/bekleidungscenter.com\/?product=helly-hansen-w-crew-hooded-midlayer-jacket","og_locale":"de_DE","og_type":"article","og_title":"Helly Hansen Damen Crew Hooded Midlayer Jacket Jacke (1er Pack) - FamilienMode","og_description":"La giacca termica W CREW MIDLAYER di HH \u00e8 un capo impermeabile in stile nautico e dalla linea femminile perfetto per le attivit\u00e0 sportive al mare e in citt\u00e0 e per l'uso quotidiano in ogni stagione Versatile giacca foderata in pile con caldo colletto e tasche per maggiore comfort e isolamento, ideale come strato intermedio con il freddo autunnale e invernale o come capo unico nei mesi pi\u00f9 caldi 100% Polyester","og_url":"https:\/\/bekleidungscenter.com\/?product=helly-hansen-w-crew-hooded-midlayer-jacket","og_site_name":"FamilienMode","article_modified_time":"2023-04-05T21:52:32+00:00","og_image":[{"width":500,"height":500,"url":"https:\/\/images-na.ssl-images-amazon.com\/images\/I\/419OyH6kNXL.jpg","type":"image\/jpeg"}],"twitter_card":"summary_large_image","twitter_misc":{"Gesch\u00e4tzte Lesezeit":"2\u00a0Minuten"},"schema":{"@context":"https:\/\/schema.org","@graph":[{"@type":"WebPage","@id":"https:\/\/bekleidungscenter.com\/?product=helly-hansen-w-crew-hooded-midlayer-jacket","url":"https:\/\/bekleidungscenter.com\/?product=helly-hansen-w-crew-hooded-midlayer-jacket","name":"Helly Hansen Damen Crew Hooded Midlayer Jacket Jacke (1er Pack) - FamilienMode","isPartOf":{"@id":"https:\/\/bekleidungscenter.com\/#website"},"datePublished":"2021-01-03T18:17:36+00:00","dateModified":"2023-04-05T21:52:32+00:00","breadcrumb":{"@id":"https:\/\/bekleidungscenter.com\/?product=helly-hansen-w-crew-hooded-midlayer-jacket#breadcrumb"},"inLanguage":"de","potentialAction":[{"@type":"ReadAction","target":["https:\/\/bekleidungscenter.com\/?product=helly-hansen-w-crew-hooded-midlayer-jacket"]}]},{"@type":"BreadcrumbList","@id":"https:\/\/bekleidungscenter.com\/?product=helly-hansen-w-crew-hooded-midlayer-jacket#breadcrumb","itemListElement":[{"@type":"ListItem","position":1,"name":"Home","item":"https:\/\/bekleidungscenter.com\/"},{"@type":"ListItem","position":2,"name":"Shop","item":"https:\/\/bekleidungscenter.com\/?page_id=7"},{"@type":"ListItem","position":3,"name":"Helly Hansen Damen Crew Hooded Midlayer Jacket Jacke (1er Pack)"}]},{"@type":"WebSite","@id":"https:\/\/bekleidungscenter.com\/#website","url":"https:\/\/bekleidungscenter.com\/","name":"FamilienMode","description":"Alles f\u00fcr die ganze Familie","potentialAction":[{"@type":"SearchAction","target":{"@type":"EntryPoint","urlTemplate":"https:\/\/bekleidungscenter.com\/?s={search_term_string}"},"query-input":"required name=search_term_string"}],"inLanguage":"de"}]}},"_links":{"self":[{"href":"https:\/\/bekleidungscenter.com\/index.php?rest_route=\/wp\/v2\/product\/7172"}],"collection":[{"href":"https:\/\/bekleidungscenter.com\/index.php?rest_route=\/wp\/v2\/product"}],"about":[{"href":"https:\/\/bekleidungscenter.com\/index.php?rest_route=\/wp\/v2\/types\/product"}],"replies":[{"embeddable":true,"href":"https:\/\/bekleidungscenter.com\/index.php?rest_route=%2Fwp%2Fv2%2Fcomments&post=7172"}],"wp:featuredmedia":[{"embeddable":true,"href":"https:\/\/bekleidungscenter.com\/index.php?rest_route=\/wp\/v2\/media\/7173"}],"wp:attachment":[{"href":"https:\/\/bekleidungscenter.com\/index.php?rest_route=%2Fwp%2Fv2%2Fmedia&parent=7172"}],"wp:term":[{"taxonomy":"product_cat","embeddable":true,"href":"https:\/\/bekleidungscenter.com\/index.php?rest_route=%2Fwp%2Fv2%2Fproduct_cat&post=7172"},{"taxonomy":"product_tag","embeddable":true,"href":"https:\/\/bekleidungscenter.com\/index.php?rest_route=%2Fwp%2Fv2%2Fproduct_tag&post=7172"}],"curies":[{"name":"wp","href":"https:\/\/api.w.org\/{rel}","templated":true}]}}