{"id":7191,"date":"2021-01-03T18:17:59","date_gmt":"2021-01-03T18:17:59","guid":{"rendered":"http:\/\/bekleidungscenter.com\/?product=gil-bret-steppjacke-damen"},"modified":"2023-04-05T21:52:33","modified_gmt":"2023-04-05T21:52:33","slug":"gil-bret-steppjacke-damen","status":"publish","type":"product","link":"https:\/\/bekleidungscenter.com\/?product=gil-bret-steppjacke-damen","title":{"rendered":"Gil Bret Damen Jacke"},"content":{"rendered":"<p><!-- show up to 2 reviews by default --> <\/p>\n<p>Cool im \u00dcbrigen salopp! Diese Jacke mittels Kunstdaunenf\u00fcllung von GIL BRET besticht dank ihre sportlichen Details: Cooler Westeneffekt, Rei\u00dfverschlusstaschen im \u00dcbrigen Kunstpelzblende produzieren diese Jacke zum perfekten Winterbegleiter. <\/p>\n<p>\u00c4rmelfutter: 100% Polyester<br \/>\nPelzbesatz: 88% Modacryl, 12% Polyester<br \/>\nKragenform: Kapuze<br \/>\nLangarm<br \/>\nVerstopfung: Knauf &amp; Rei\u00dfverschluss<br \/>\n100% Polyester<br \/>\nMantel<br \/>\nPflegehinweis: Maschinenw\u00e4sche bitterkalt (30\u00b0 max)<br \/>\nModellnummer: 9048\/6251<br \/>\nWeste: 100% Polyamid<br \/>\nMaterialzusammensetzung: 100 % Polyester<br \/>\nUnser Model ist 175cm \u00fcppig im \u00dcbrigen tr\u00e4gt Zuwachs 36<br \/>\n<div class=\"main-cross-sell\" data-asin=\"B07NDSKQ25\">\n\n\t<div class=\"WooZone-cross-sell-loader\">\n\t\t<div>\n\t\t\t<div id=\"floatingBarsG\">\n\t\t\t\t<div class=\"blockG\" id=\"rotateG_01\"><\/div>\n\t\t\t\t<div class=\"blockG\" id=\"rotateG_02\"><\/div>\n\t\t\t\t<div class=\"blockG\" id=\"rotateG_03\"><\/div>\n\t\t\t\t<div class=\"blockG\" id=\"rotateG_04\"><\/div>\n\t\t\t\t<div class=\"blockG\" id=\"rotateG_05\"><\/div>\n\t\t\t\t<div class=\"blockG\" id=\"rotateG_06\"><\/div>\n\t\t\t\t<div class=\"blockG\" id=\"rotateG_07\"><\/div>\n\t\t\t\t<div class=\"blockG\" id=\"rotateG_08\"><\/div>\n\t\t\t<\/div>\n\t\t\t<div class=\"WooZone-cross-sell-loader-text\"><\/div>\n\t\t<\/div>\n\t<\/div>\n\n\t\t\n<\/div>\n<div style=\"clear:both;\"><\/div><\/p>\n","protected":false},"excerpt":{"rendered":"<p>\u00c4rmelfutter: 100% Polyester<br \/>\nPelzbesatz: 88% Modacryl, 12% Polyester<br \/>\nKragenform: Kapuze<\/p>\n","protected":false},"featured_media":7192,"comment_status":"open","ping_status":"closed","template":"","meta":[],"product_cat":[133,119],"product_tag":[],"yoast_head":"<!-- This site is optimized with the Yoast SEO plugin v20.6 - https:\/\/yoast.com\/wordpress\/plugins\/seo\/ -->\n<title>Gil Bret Damen Jacke - FamilienMode<\/title>\n<meta name=\"robots\" content=\"index, follow, max-snippet:-1, max-image-preview:large, max-video-preview:-1\" \/>\n<link rel=\"canonical\" href=\"https:\/\/bekleidungscenter.com\/?product=gil-bret-steppjacke-damen\" \/>\n<meta property=\"og:locale\" content=\"de_DE\" \/>\n<meta property=\"og:type\" content=\"article\" \/>\n<meta property=\"og:title\" content=\"Gil Bret Damen Jacke - FamilienMode\" \/>\n<meta property=\"og:description\" content=\"\u00c4rmelfutter: 100% Polyester Pelzbesatz: 88% Modacryl, 12% Polyester Kragenform: Kapuze\" \/>\n<meta property=\"og:url\" content=\"https:\/\/bekleidungscenter.com\/?product=gil-bret-steppjacke-damen\" \/>\n<meta property=\"og:site_name\" content=\"FamilienMode\" \/>\n<meta property=\"article:modified_time\" content=\"2023-04-05T21:52:33+00:00\" \/>\n<meta property=\"og:image\" content=\"https:\/\/images-na.ssl-images-amazon.com\/images\/I\/4124zGYli4L.jpg\" \/>\n\t<meta property=\"og:image:width\" content=\"500\" \/>\n\t<meta property=\"og:image:height\" content=\"500\" \/>\n\t<meta property=\"og:image:type\" content=\"image\/jpeg\" \/>\n<meta name=\"twitter:card\" content=\"summary_large_image\" \/>\n<script type=\"application\/ld+json\" class=\"yoast-schema-graph\">{\"@context\":\"https:\/\/schema.org\",\"@graph\":[{\"@type\":\"WebPage\",\"@id\":\"https:\/\/bekleidungscenter.com\/?product=gil-bret-steppjacke-damen\",\"url\":\"https:\/\/bekleidungscenter.com\/?product=gil-bret-steppjacke-damen\",\"name\":\"Gil Bret Damen Jacke - FamilienMode\",\"isPartOf\":{\"@id\":\"https:\/\/bekleidungscenter.com\/#website\"},\"datePublished\":\"2021-01-03T18:17:59+00:00\",\"dateModified\":\"2023-04-05T21:52:33+00:00\",\"breadcrumb\":{\"@id\":\"https:\/\/bekleidungscenter.com\/?product=gil-bret-steppjacke-damen#breadcrumb\"},\"inLanguage\":\"de\",\"potentialAction\":[{\"@type\":\"ReadAction\",\"target\":[\"https:\/\/bekleidungscenter.com\/?product=gil-bret-steppjacke-damen\"]}]},{\"@type\":\"BreadcrumbList\",\"@id\":\"https:\/\/bekleidungscenter.com\/?product=gil-bret-steppjacke-damen#breadcrumb\",\"itemListElement\":[{\"@type\":\"ListItem\",\"position\":1,\"name\":\"Home\",\"item\":\"https:\/\/bekleidungscenter.com\/\"},{\"@type\":\"ListItem\",\"position\":2,\"name\":\"Shop\",\"item\":\"https:\/\/bekleidungscenter.com\/?page_id=7\"},{\"@type\":\"ListItem\",\"position\":3,\"name\":\"Gil Bret Damen Jacke\"}]},{\"@type\":\"WebSite\",\"@id\":\"https:\/\/bekleidungscenter.com\/#website\",\"url\":\"https:\/\/bekleidungscenter.com\/\",\"name\":\"FamilienMode\",\"description\":\"Alles f\u00fcr die ganze Familie\",\"potentialAction\":[{\"@type\":\"SearchAction\",\"target\":{\"@type\":\"EntryPoint\",\"urlTemplate\":\"https:\/\/bekleidungscenter.com\/?s={search_term_string}\"},\"query-input\":\"required name=search_term_string\"}],\"inLanguage\":\"de\"}]}<\/script>\n<!-- \/ Yoast SEO plugin. -->","yoast_head_json":{"title":"Gil Bret Damen Jacke - FamilienMode","robots":{"index":"index","follow":"follow","max-snippet":"max-snippet:-1","max-image-preview":"max-image-preview:large","max-video-preview":"max-video-preview:-1"},"canonical":"https:\/\/bekleidungscenter.com\/?product=gil-bret-steppjacke-damen","og_locale":"de_DE","og_type":"article","og_title":"Gil Bret Damen Jacke - FamilienMode","og_description":"\u00c4rmelfutter: 100% Polyester Pelzbesatz: 88% Modacryl, 12% Polyester Kragenform: Kapuze","og_url":"https:\/\/bekleidungscenter.com\/?product=gil-bret-steppjacke-damen","og_site_name":"FamilienMode","article_modified_time":"2023-04-05T21:52:33+00:00","og_image":[{"width":500,"height":500,"url":"https:\/\/images-na.ssl-images-amazon.com\/images\/I\/4124zGYli4L.jpg","type":"image\/jpeg"}],"twitter_card":"summary_large_image","schema":{"@context":"https:\/\/schema.org","@graph":[{"@type":"WebPage","@id":"https:\/\/bekleidungscenter.com\/?product=gil-bret-steppjacke-damen","url":"https:\/\/bekleidungscenter.com\/?product=gil-bret-steppjacke-damen","name":"Gil Bret Damen Jacke - FamilienMode","isPartOf":{"@id":"https:\/\/bekleidungscenter.com\/#website"},"datePublished":"2021-01-03T18:17:59+00:00","dateModified":"2023-04-05T21:52:33+00:00","breadcrumb":{"@id":"https:\/\/bekleidungscenter.com\/?product=gil-bret-steppjacke-damen#breadcrumb"},"inLanguage":"de","potentialAction":[{"@type":"ReadAction","target":["https:\/\/bekleidungscenter.com\/?product=gil-bret-steppjacke-damen"]}]},{"@type":"BreadcrumbList","@id":"https:\/\/bekleidungscenter.com\/?product=gil-bret-steppjacke-damen#breadcrumb","itemListElement":[{"@type":"ListItem","position":1,"name":"Home","item":"https:\/\/bekleidungscenter.com\/"},{"@type":"ListItem","position":2,"name":"Shop","item":"https:\/\/bekleidungscenter.com\/?page_id=7"},{"@type":"ListItem","position":3,"name":"Gil Bret Damen Jacke"}]},{"@type":"WebSite","@id":"https:\/\/bekleidungscenter.com\/#website","url":"https:\/\/bekleidungscenter.com\/","name":"FamilienMode","description":"Alles f\u00fcr die ganze Familie","potentialAction":[{"@type":"SearchAction","target":{"@type":"EntryPoint","urlTemplate":"https:\/\/bekleidungscenter.com\/?s={search_term_string}"},"query-input":"required name=search_term_string"}],"inLanguage":"de"}]}},"_links":{"self":[{"href":"https:\/\/bekleidungscenter.com\/index.php?rest_route=\/wp\/v2\/product\/7191"}],"collection":[{"href":"https:\/\/bekleidungscenter.com\/index.php?rest_route=\/wp\/v2\/product"}],"about":[{"href":"https:\/\/bekleidungscenter.com\/index.php?rest_route=\/wp\/v2\/types\/product"}],"replies":[{"embeddable":true,"href":"https:\/\/bekleidungscenter.com\/index.php?rest_route=%2Fwp%2Fv2%2Fcomments&post=7191"}],"wp:featuredmedia":[{"embeddable":true,"href":"https:\/\/bekleidungscenter.com\/index.php?rest_route=\/wp\/v2\/media\/7192"}],"wp:attachment":[{"href":"https:\/\/bekleidungscenter.com\/index.php?rest_route=%2Fwp%2Fv2%2Fmedia&parent=7191"}],"wp:term":[{"taxonomy":"product_cat","embeddable":true,"href":"https:\/\/bekleidungscenter.com\/index.php?rest_route=%2Fwp%2Fv2%2Fproduct_cat&post=7191"},{"taxonomy":"product_tag","embeddable":true,"href":"https:\/\/bekleidungscenter.com\/index.php?rest_route=%2Fwp%2Fv2%2Fproduct_tag&post=7191"}],"curies":[{"name":"wp","href":"https:\/\/api.w.org\/{rel}","templated":true}]}}