{"id":7203,"date":"2021-01-03T18:18:12","date_gmt":"2021-01-03T18:18:12","guid":{"rendered":"http:\/\/bekleidungscenter.com\/?product=m-o-d-gesteppte-damenjacke-ja130-18-verstaubare-kapuze"},"modified":"2023-04-05T21:52:33","modified_gmt":"2023-04-05T21:52:33","slug":"m-o-d-gesteppte-damenjacke-ja130-18-verstaubare-kapuze","status":"publish","type":"product","link":"https:\/\/bekleidungscenter.com\/?product=m-o-d-gesteppte-damenjacke-ja130-18-verstaubare-kapuze","title":{"rendered":"M.O.D Gesteppte Damenjacke JA130 (18) verstaubare Kapuze Marine S"},"content":{"rendered":"<p><!-- show up to 2 reviews by default --> <\/p>\n<p>schicke Damenjacke f\u00fcr kalte Tage <br \/> leicht taillierte Passform <br \/> durch Frontrei\u00dfverschluss und Knopfleiste zu schlie\u00dfen<br \/> hoher Stehkragen mit integrierter Kapuze. mittels Zipper verschlie\u00dfbar <br \/> Kragen innen jeglicher weichem Teddyfell <br \/> 2 Einschubtaschen mit 2 Klappen. Druckknopfverschluss und dar\u00fcber liegendem Fakezipper <br \/> 1 Innentasche<br \/> leicht abgerundeter Saum <br \/>Applikationen<br \/> Maschinenw\u00e4sche bei 30\u00b0C im Schonwaschgang <br \/> Material: Obermaterial: 100% Polyester. Futter: 100% Polyester. Wattierung: 100% Polyester <\/p>\n<p>top gestylt durch die kalte Jahreszeit \u2013 mit der Steppjacke der Marke M.O.D hat Frau nicht nunmehr den Winter sondern aka den aktuellen Modetrend fest im Griff. ein tolles Keypiece was Du von jetzt auf gleich lieben wirst!<br \/>\nPassform: Regular Fit \u2013 normale Passform. antaillierte Schnittf\u00fchrung. h\u00fcftlang<br \/>\nObermaterial: 100% Polyester. Futter: 100% Polyester. Wattierung: 100% Polyester<br \/>\nMerkmale: Verschluss durch Frontzipper und Kn\u00f6pfe. hoher w\u00e4rmender Kragen mit flauschiger Innenseite und integrierter Kapuze. seitliche Taschen mit doppelter Patte. 1 Tasche innen. w\u00e4rmende Qualit\u00e4t<br \/>\ndas perfekte Basic f\u00fcr Mischung Styles und Gelegenheiten. der Freizeitparka ist superleicht zu schlussfolgern und bietet mit seinem topmodernen Design die Gesamtheit was Du f\u00fcr ein gelungenes Outfit in der Herbst-Winter-Saison brauchst<br \/>\nQualit\u00e4t: beste Vollzug. hochwertige Materialien. super Taxe-Leistungs-Liebesaff\u00e4re. perfekt f\u00fcr Jung und Alt<br \/>\n<div class=\"main-cross-sell\" data-asin=\"B07HMWVJR4\">\n\n\t<div class=\"WooZone-cross-sell-loader\">\n\t\t<div>\n\t\t\t<div id=\"floatingBarsG\">\n\t\t\t\t<div class=\"blockG\" id=\"rotateG_01\"><\/div>\n\t\t\t\t<div class=\"blockG\" id=\"rotateG_02\"><\/div>\n\t\t\t\t<div class=\"blockG\" id=\"rotateG_03\"><\/div>\n\t\t\t\t<div class=\"blockG\" id=\"rotateG_04\"><\/div>\n\t\t\t\t<div class=\"blockG\" id=\"rotateG_05\"><\/div>\n\t\t\t\t<div class=\"blockG\" id=\"rotateG_06\"><\/div>\n\t\t\t\t<div class=\"blockG\" id=\"rotateG_07\"><\/div>\n\t\t\t\t<div class=\"blockG\" id=\"rotateG_08\"><\/div>\n\t\t\t<\/div>\n\t\t\t<div class=\"WooZone-cross-sell-loader-text\"><\/div>\n\t\t<\/div>\n\t<\/div>\n\n\t\t\n<\/div>\n<div style=\"clear:both;\"><\/div><\/p>\n","protected":false},"excerpt":{"rendered":"<p>top gestylt durch die kalte Jahreszeit \u2013 mit der Steppjacke der Marke M.O.D hat Frau nicht nur den Winter sondern auch den aktuellen Modetrend fest im Griff. ein tolles Keypiece was Du sofort lieben wirst!<br \/>\nPassform: Regular Fit \u2013 normale Passform. antaillierte Schnittf\u00fchrung. h\u00fcftlang<br \/>\nObermaterial: 100% Polyester. Futter: 100% Polyester. Wattierung: 100% Polyester<\/p>\n","protected":false},"featured_media":7204,"comment_status":"open","ping_status":"closed","template":"","meta":[],"product_cat":[133,119],"product_tag":[],"yoast_head":"<!-- This site is optimized with the Yoast SEO plugin v20.6 - https:\/\/yoast.com\/wordpress\/plugins\/seo\/ -->\n<title>M.O.D Gesteppte Damenjacke JA130 (18) verstaubare Kapuze Marine S - FamilienMode<\/title>\n<meta name=\"robots\" content=\"index, follow, max-snippet:-1, max-image-preview:large, max-video-preview:-1\" \/>\n<link rel=\"canonical\" href=\"https:\/\/bekleidungscenter.com\/?product=m-o-d-gesteppte-damenjacke-ja130-18-verstaubare-kapuze\" \/>\n<meta property=\"og:locale\" content=\"de_DE\" \/>\n<meta property=\"og:type\" content=\"article\" \/>\n<meta property=\"og:title\" content=\"M.O.D Gesteppte Damenjacke JA130 (18) verstaubare Kapuze Marine S - FamilienMode\" \/>\n<meta property=\"og:description\" content=\"top gestylt durch die kalte Jahreszeit \u2013 mit der Steppjacke der Marke M.O.D hat Frau nicht nur den Winter sondern auch den aktuellen Modetrend fest im Griff. ein tolles Keypiece was Du sofort lieben wirst! Passform: Regular Fit \u2013 normale Passform. antaillierte Schnittf\u00fchrung. h\u00fcftlang Obermaterial: 100% Polyester. Futter: 100% Polyester. Wattierung: 100% Polyester\" \/>\n<meta property=\"og:url\" content=\"https:\/\/bekleidungscenter.com\/?product=m-o-d-gesteppte-damenjacke-ja130-18-verstaubare-kapuze\" \/>\n<meta property=\"og:site_name\" content=\"FamilienMode\" \/>\n<meta property=\"article:modified_time\" content=\"2023-04-05T21:52:33+00:00\" \/>\n<meta property=\"og:image\" content=\"https:\/\/images-na.ssl-images-amazon.com\/images\/I\/41bJxlO76KL.jpg\" \/>\n\t<meta property=\"og:image:width\" content=\"500\" \/>\n\t<meta property=\"og:image:height\" content=\"500\" \/>\n\t<meta property=\"og:image:type\" content=\"image\/jpeg\" \/>\n<meta name=\"twitter:card\" content=\"summary_large_image\" \/>\n<meta name=\"twitter:label1\" content=\"Gesch\u00e4tzte Lesezeit\" \/>\n\t<meta name=\"twitter:data1\" content=\"1\u00a0Minute\" \/>\n<script type=\"application\/ld+json\" class=\"yoast-schema-graph\">{\"@context\":\"https:\/\/schema.org\",\"@graph\":[{\"@type\":\"WebPage\",\"@id\":\"https:\/\/bekleidungscenter.com\/?product=m-o-d-gesteppte-damenjacke-ja130-18-verstaubare-kapuze\",\"url\":\"https:\/\/bekleidungscenter.com\/?product=m-o-d-gesteppte-damenjacke-ja130-18-verstaubare-kapuze\",\"name\":\"M.O.D Gesteppte Damenjacke JA130 (18) verstaubare Kapuze Marine S - FamilienMode\",\"isPartOf\":{\"@id\":\"https:\/\/bekleidungscenter.com\/#website\"},\"datePublished\":\"2021-01-03T18:18:12+00:00\",\"dateModified\":\"2023-04-05T21:52:33+00:00\",\"breadcrumb\":{\"@id\":\"https:\/\/bekleidungscenter.com\/?product=m-o-d-gesteppte-damenjacke-ja130-18-verstaubare-kapuze#breadcrumb\"},\"inLanguage\":\"de\",\"potentialAction\":[{\"@type\":\"ReadAction\",\"target\":[\"https:\/\/bekleidungscenter.com\/?product=m-o-d-gesteppte-damenjacke-ja130-18-verstaubare-kapuze\"]}]},{\"@type\":\"BreadcrumbList\",\"@id\":\"https:\/\/bekleidungscenter.com\/?product=m-o-d-gesteppte-damenjacke-ja130-18-verstaubare-kapuze#breadcrumb\",\"itemListElement\":[{\"@type\":\"ListItem\",\"position\":1,\"name\":\"Home\",\"item\":\"https:\/\/bekleidungscenter.com\/\"},{\"@type\":\"ListItem\",\"position\":2,\"name\":\"Shop\",\"item\":\"https:\/\/bekleidungscenter.com\/?page_id=7\"},{\"@type\":\"ListItem\",\"position\":3,\"name\":\"M.O.D Gesteppte Damenjacke JA130 (18) verstaubare Kapuze Marine S\"}]},{\"@type\":\"WebSite\",\"@id\":\"https:\/\/bekleidungscenter.com\/#website\",\"url\":\"https:\/\/bekleidungscenter.com\/\",\"name\":\"FamilienMode\",\"description\":\"Alles f\u00fcr die ganze Familie\",\"potentialAction\":[{\"@type\":\"SearchAction\",\"target\":{\"@type\":\"EntryPoint\",\"urlTemplate\":\"https:\/\/bekleidungscenter.com\/?s={search_term_string}\"},\"query-input\":\"required name=search_term_string\"}],\"inLanguage\":\"de\"}]}<\/script>\n<!-- \/ Yoast SEO plugin. -->","yoast_head_json":{"title":"M.O.D Gesteppte Damenjacke JA130 (18) verstaubare Kapuze Marine S - FamilienMode","robots":{"index":"index","follow":"follow","max-snippet":"max-snippet:-1","max-image-preview":"max-image-preview:large","max-video-preview":"max-video-preview:-1"},"canonical":"https:\/\/bekleidungscenter.com\/?product=m-o-d-gesteppte-damenjacke-ja130-18-verstaubare-kapuze","og_locale":"de_DE","og_type":"article","og_title":"M.O.D Gesteppte Damenjacke JA130 (18) verstaubare Kapuze Marine S - FamilienMode","og_description":"top gestylt durch die kalte Jahreszeit \u2013 mit der Steppjacke der Marke M.O.D hat Frau nicht nur den Winter sondern auch den aktuellen Modetrend fest im Griff. ein tolles Keypiece was Du sofort lieben wirst! Passform: Regular Fit \u2013 normale Passform. antaillierte Schnittf\u00fchrung. h\u00fcftlang Obermaterial: 100% Polyester. Futter: 100% Polyester. Wattierung: 100% Polyester","og_url":"https:\/\/bekleidungscenter.com\/?product=m-o-d-gesteppte-damenjacke-ja130-18-verstaubare-kapuze","og_site_name":"FamilienMode","article_modified_time":"2023-04-05T21:52:33+00:00","og_image":[{"width":500,"height":500,"url":"https:\/\/images-na.ssl-images-amazon.com\/images\/I\/41bJxlO76KL.jpg","type":"image\/jpeg"}],"twitter_card":"summary_large_image","twitter_misc":{"Gesch\u00e4tzte Lesezeit":"1\u00a0Minute"},"schema":{"@context":"https:\/\/schema.org","@graph":[{"@type":"WebPage","@id":"https:\/\/bekleidungscenter.com\/?product=m-o-d-gesteppte-damenjacke-ja130-18-verstaubare-kapuze","url":"https:\/\/bekleidungscenter.com\/?product=m-o-d-gesteppte-damenjacke-ja130-18-verstaubare-kapuze","name":"M.O.D Gesteppte Damenjacke JA130 (18) verstaubare Kapuze Marine S - FamilienMode","isPartOf":{"@id":"https:\/\/bekleidungscenter.com\/#website"},"datePublished":"2021-01-03T18:18:12+00:00","dateModified":"2023-04-05T21:52:33+00:00","breadcrumb":{"@id":"https:\/\/bekleidungscenter.com\/?product=m-o-d-gesteppte-damenjacke-ja130-18-verstaubare-kapuze#breadcrumb"},"inLanguage":"de","potentialAction":[{"@type":"ReadAction","target":["https:\/\/bekleidungscenter.com\/?product=m-o-d-gesteppte-damenjacke-ja130-18-verstaubare-kapuze"]}]},{"@type":"BreadcrumbList","@id":"https:\/\/bekleidungscenter.com\/?product=m-o-d-gesteppte-damenjacke-ja130-18-verstaubare-kapuze#breadcrumb","itemListElement":[{"@type":"ListItem","position":1,"name":"Home","item":"https:\/\/bekleidungscenter.com\/"},{"@type":"ListItem","position":2,"name":"Shop","item":"https:\/\/bekleidungscenter.com\/?page_id=7"},{"@type":"ListItem","position":3,"name":"M.O.D Gesteppte Damenjacke JA130 (18) verstaubare Kapuze Marine S"}]},{"@type":"WebSite","@id":"https:\/\/bekleidungscenter.com\/#website","url":"https:\/\/bekleidungscenter.com\/","name":"FamilienMode","description":"Alles f\u00fcr die ganze Familie","potentialAction":[{"@type":"SearchAction","target":{"@type":"EntryPoint","urlTemplate":"https:\/\/bekleidungscenter.com\/?s={search_term_string}"},"query-input":"required name=search_term_string"}],"inLanguage":"de"}]}},"_links":{"self":[{"href":"https:\/\/bekleidungscenter.com\/index.php?rest_route=\/wp\/v2\/product\/7203"}],"collection":[{"href":"https:\/\/bekleidungscenter.com\/index.php?rest_route=\/wp\/v2\/product"}],"about":[{"href":"https:\/\/bekleidungscenter.com\/index.php?rest_route=\/wp\/v2\/types\/product"}],"replies":[{"embeddable":true,"href":"https:\/\/bekleidungscenter.com\/index.php?rest_route=%2Fwp%2Fv2%2Fcomments&post=7203"}],"wp:featuredmedia":[{"embeddable":true,"href":"https:\/\/bekleidungscenter.com\/index.php?rest_route=\/wp\/v2\/media\/7204"}],"wp:attachment":[{"href":"https:\/\/bekleidungscenter.com\/index.php?rest_route=%2Fwp%2Fv2%2Fmedia&parent=7203"}],"wp:term":[{"taxonomy":"product_cat","embeddable":true,"href":"https:\/\/bekleidungscenter.com\/index.php?rest_route=%2Fwp%2Fv2%2Fproduct_cat&post=7203"},{"taxonomy":"product_tag","embeddable":true,"href":"https:\/\/bekleidungscenter.com\/index.php?rest_route=%2Fwp%2Fv2%2Fproduct_tag&post=7203"}],"curies":[{"name":"wp","href":"https:\/\/api.w.org\/{rel}","templated":true}]}}