{"id":7238,"date":"2021-01-03T18:19:07","date_gmt":"2021-01-03T18:19:07","guid":{"rendered":"http:\/\/bekleidungscenter.com\/?product=desires-melody-damen-uebergangsjacke-parka-mantel-jacke-gefuettert-mit-kapuze"},"modified":"2023-04-05T21:52:34","modified_gmt":"2023-04-05T21:52:34","slug":"desires-melody-damen-uebergangsjacke-parka-mantel-jacke-gefuettert-mit-kapuze","status":"publish","type":"product","link":"https:\/\/bekleidungscenter.com\/?product=desires-melody-damen-uebergangsjacke-parka-mantel-jacke-gefuettert-mit-kapuze","title":{"rendered":"DESIRES Melody Damen \u00dcbergangsjacke Parka Mantel Jacke gef\u00fcttert mit Kapuze"},"content":{"rendered":"<p><!-- show up to 2 reviews by default --> <\/p>\n<p>Ein Must-Have f\u00fcr k\u00fchle Tage: Der Parka von DESIRES! Dieser Mantel h\u00e4lt mit seiner Wattierung wunderbar warm. Die Kapuze kommt mit aufkn\u00f6pfbaren Schirm und die Gummiz\u00fcge auf Taillenh\u00f6he sowie an der Kapuze versprechen eine optimale Passform.<\/p>\n<\/p>\n<ul>\n<li><b>DETAILS &amp; HIGHLIGHTS:<\/b> Stehkragen mit Kapuze und Gummizug, Knopfdetails an der Kapuze, Schirm zum ausklappen, gestepptes Innenfutter, hochwertige viele Optik, Gummizug an der Taille, Brusttasche mit verdecktem Druckknopf, seitliche Eingriffstaschen mit Druckkn\u00f6pfen, gummierte und kontrastfarbene Details, Logo-Ziph\u00e4nger, auff\u00e4lliges Innenlabel, Windstopperdetails an den \u00c4rmeln<\/li>\n<li><b>PASSFORM:<\/b> Regular- Fit &#8211; unser Model ist 1,70 m gro\u00df und tr\u00e4gt die Gr\u00f6\u00dfe Small- S. Tr\u00e4gst du f\u00fcr durchschnittlich eine Gr\u00f6\u00dfe &#8218;S&#8216;? Dann ist diese bekannt als von uns ideal f\u00fcr dich!<\/li>\n<li><b>NACHHALTIGKEIT:<\/b> Die verantwortungsvolle Nutzung von nat\u00fcrlichen Ressourcen liegt uns am Herzen! Doch schuften wir mit recycelten Versand- und Verpackungsmaterialien und produzieren die meisten unserer Styles unter den Bedingungen der <b>BETTER COTTON INITIATIVE<\/b>, die sich weltweit f\u00fcr nachhaltig produzierte Baumwolle einsetzt.<\/li>\n<li>Genau wie eine sch\u00f6n warme Winterjacke oder eine wasserdichte Regenjacke, geh\u00f6rt eine sportliche, leichte \u00dcbergangsjacke in deinen Kleiderschrank.<\/li>\n<li>Du kannst diese hochwertig verarbeitete Damenjacke sowohl als Herbstjacke, als bekannt als im Fr\u00fchjahr, oder als leichte Winterjacke katalysieren. Ob sportlich mit T-Shirt und Jeans kombiniert, oder mit einer Chino und delegieren Oberteilen wie einer Bluse gestylt, du siehst immerdar top bekleidet aufgebraucht. Diese Jacke f\u00fcr den \u00dcbergang geh\u00f6rt einfach in jeden Kleiderschrank!<\/li>\n<\/ul>\n<\/p>\n<p>DETAILS &amp; HIGHLIGHTS: Stehkragen mit Kapuze und Gummizug, Knopfdetails an der Kapuze, Schirm zum ausklappen, gestepptes Innenfutter, hochwertige viele Optik, Gummizug an der Taille, Brusttasche mit verdecktem Druckknopf, seitliche Eingriffstaschen mit Druckkn\u00f6pfen, gummierte und kontrastfarbene Details, Logo-Ziph\u00e4nger, auff\u00e4lliges Innenlabel, Windstopperdetails an den \u00c4rmeln<br \/>\nPASSFORM: Regular- Fit &#8211; unser Model ist 1,70 m gro\u00df und tr\u00e4gt die Gr\u00f6\u00dfe Small- S. Tr\u00e4gst du f\u00fcr durchschnittlich eine Gr\u00f6\u00dfe &#8218;S&#8216;? Dann ist diese bekannt als von uns ideal f\u00fcr dich!<br \/>\nMATERIALZUSAMMENSETZUNG: Obermaterial: 100% Polyester, Futter: 100% Polyester, F\u00fctterung: 100% Polyester<br \/>\nParka<br \/>\nNACHHALTIGKEIT: Die verantwortungsvolle Nutzung von nat\u00fcrlichen Ressourcen liegt uns am Herzen! Doch schuften wir mit recycelten Versand- und Verpackungsmaterialien und produzieren die meisten unserer Styles unter den Bedingungen der BETTER COTTON INITIATIVE, die sich weltweit f\u00fcr nachhaltig produzierte Baumwolle einsetzt.<br \/>\nPr\u00e4gnant wie eine sch\u00f6n warme Winterjacke oder eine wasserdichte Regenjacke, geh\u00f6rt eine sportliche, leichte \u00dcbergangsjacke in deinen Kleiderschrank.<br \/>\nDu kannst diese hochwertig verarbeitete Damenjacke sowohl als Herbstjacke, als bekannt als im Fr\u00fchjahr, oder als leichte Winterjacke katalysieren. Ob sportlich mit T-Shirt und Jeans kombiniert, oder mit einer Chino und delegieren Oberteilen wie einer Bluse gestylt, du siehst immerdar top bekleidet aufgebraucht. Diese Jacke f\u00fcr den \u00dcbergang geh\u00f6rt einfach in jeden Kleiderschrank!<br \/>\n<div class=\"main-cross-sell\" data-asin=\"B07GSCYP7B\">\n\n\t<div class=\"WooZone-cross-sell-loader\">\n\t\t<div>\n\t\t\t<div id=\"floatingBarsG\">\n\t\t\t\t<div class=\"blockG\" id=\"rotateG_01\"><\/div>\n\t\t\t\t<div class=\"blockG\" id=\"rotateG_02\"><\/div>\n\t\t\t\t<div class=\"blockG\" id=\"rotateG_03\"><\/div>\n\t\t\t\t<div class=\"blockG\" id=\"rotateG_04\"><\/div>\n\t\t\t\t<div class=\"blockG\" id=\"rotateG_05\"><\/div>\n\t\t\t\t<div class=\"blockG\" id=\"rotateG_06\"><\/div>\n\t\t\t\t<div class=\"blockG\" id=\"rotateG_07\"><\/div>\n\t\t\t\t<div class=\"blockG\" id=\"rotateG_08\"><\/div>\n\t\t\t<\/div>\n\t\t\t<div class=\"WooZone-cross-sell-loader-text\"><\/div>\n\t\t<\/div>\n\t<\/div>\n\n\t\t\n<\/div>\n<div style=\"clear:both;\"><\/div><\/p>\n","protected":false},"excerpt":{"rendered":"<p>DETAILS &amp; HIGHLIGHTS: Stehkragen mit Kapuze und Gummizug, Knopfdetails an der Kapuze, Schirm zum ausklappen, gestepptes Innenfutter, hochwertige Melange Optik, Gummizug an der Taille, Brusttasche mit verdecktem Druckknopf, seitliche Eingriffstaschen mit Druckkn\u00f6pfen, gummierte und kontrastfarbene Details, Logo-Ziph\u00e4nger, auff\u00e4lliges Innenlabel, Windstopperdetails an den \u00c4rmeln<br \/>\nPASSFORM: Regular- Fit &#8211; unser Model ist 1,70 m gro\u00df und tr\u00e4gt die Gr\u00f6\u00dfe Small- S. Tr\u00e4gst du f\u00fcr gew\u00f6hnlich eine Gr\u00f6\u00dfe &#8218;S&#8216;? Dann ist diese auch von uns ideal f\u00fcr dich!<br \/>\nMATERIALZUSAMMENSETZUNG: Obermaterial: 100% Polyester, Futter: 100% Polyester, F\u00fctterung: 100% Polyester<\/p>\n","protected":false},"featured_media":7239,"comment_status":"open","ping_status":"closed","template":"","meta":[],"product_cat":[133,119],"product_tag":[],"yoast_head":"<!-- This site is optimized with the Yoast SEO plugin v20.6 - https:\/\/yoast.com\/wordpress\/plugins\/seo\/ -->\n<title>DESIRES Melody Damen \u00dcbergangsjacke Parka Mantel Jacke gef\u00fcttert mit Kapuze - FamilienMode<\/title>\n<meta name=\"robots\" content=\"index, follow, max-snippet:-1, max-image-preview:large, max-video-preview:-1\" \/>\n<link rel=\"canonical\" href=\"https:\/\/bekleidungscenter.com\/?product=desires-melody-damen-uebergangsjacke-parka-mantel-jacke-gefuettert-mit-kapuze\" \/>\n<meta property=\"og:locale\" content=\"de_DE\" \/>\n<meta property=\"og:type\" content=\"article\" \/>\n<meta property=\"og:title\" content=\"DESIRES Melody Damen \u00dcbergangsjacke Parka Mantel Jacke gef\u00fcttert mit Kapuze - FamilienMode\" \/>\n<meta property=\"og:description\" content=\"DETAILS &amp; HIGHLIGHTS: Stehkragen mit Kapuze und Gummizug, Knopfdetails an der Kapuze, Schirm zum ausklappen, gestepptes Innenfutter, hochwertige Melange Optik, Gummizug an der Taille, Brusttasche mit verdecktem Druckknopf, seitliche Eingriffstaschen mit Druckkn\u00f6pfen, gummierte und kontrastfarbene Details, Logo-Ziph\u00e4nger, auff\u00e4lliges Innenlabel, Windstopperdetails an den \u00c4rmeln PASSFORM: Regular- Fit - unser Model ist 1,70 m gro\u00df und tr\u00e4gt die Gr\u00f6\u00dfe Small- S. Tr\u00e4gst du f\u00fcr gew\u00f6hnlich eine Gr\u00f6\u00dfe &#039;S&#039;? Dann ist diese auch von uns ideal f\u00fcr dich! MATERIALZUSAMMENSETZUNG: Obermaterial: 100% Polyester, Futter: 100% Polyester, F\u00fctterung: 100% Polyester\" \/>\n<meta property=\"og:url\" content=\"https:\/\/bekleidungscenter.com\/?product=desires-melody-damen-uebergangsjacke-parka-mantel-jacke-gefuettert-mit-kapuze\" \/>\n<meta property=\"og:site_name\" content=\"FamilienMode\" \/>\n<meta property=\"article:modified_time\" content=\"2023-04-05T21:52:34+00:00\" \/>\n<meta property=\"og:image\" content=\"https:\/\/images-na.ssl-images-amazon.com\/images\/I\/31t3LcLCVGL.jpg\" \/>\n\t<meta property=\"og:image:width\" content=\"500\" \/>\n\t<meta property=\"og:image:height\" content=\"500\" \/>\n\t<meta property=\"og:image:type\" content=\"image\/jpeg\" \/>\n<meta name=\"twitter:card\" content=\"summary_large_image\" \/>\n<meta name=\"twitter:label1\" content=\"Gesch\u00e4tzte Lesezeit\" \/>\n\t<meta name=\"twitter:data1\" content=\"2\u00a0Minuten\" \/>\n<script type=\"application\/ld+json\" class=\"yoast-schema-graph\">{\"@context\":\"https:\/\/schema.org\",\"@graph\":[{\"@type\":\"WebPage\",\"@id\":\"https:\/\/bekleidungscenter.com\/?product=desires-melody-damen-uebergangsjacke-parka-mantel-jacke-gefuettert-mit-kapuze\",\"url\":\"https:\/\/bekleidungscenter.com\/?product=desires-melody-damen-uebergangsjacke-parka-mantel-jacke-gefuettert-mit-kapuze\",\"name\":\"DESIRES Melody Damen \u00dcbergangsjacke Parka Mantel Jacke gef\u00fcttert mit Kapuze - FamilienMode\",\"isPartOf\":{\"@id\":\"https:\/\/bekleidungscenter.com\/#website\"},\"datePublished\":\"2021-01-03T18:19:07+00:00\",\"dateModified\":\"2023-04-05T21:52:34+00:00\",\"breadcrumb\":{\"@id\":\"https:\/\/bekleidungscenter.com\/?product=desires-melody-damen-uebergangsjacke-parka-mantel-jacke-gefuettert-mit-kapuze#breadcrumb\"},\"inLanguage\":\"de\",\"potentialAction\":[{\"@type\":\"ReadAction\",\"target\":[\"https:\/\/bekleidungscenter.com\/?product=desires-melody-damen-uebergangsjacke-parka-mantel-jacke-gefuettert-mit-kapuze\"]}]},{\"@type\":\"BreadcrumbList\",\"@id\":\"https:\/\/bekleidungscenter.com\/?product=desires-melody-damen-uebergangsjacke-parka-mantel-jacke-gefuettert-mit-kapuze#breadcrumb\",\"itemListElement\":[{\"@type\":\"ListItem\",\"position\":1,\"name\":\"Home\",\"item\":\"https:\/\/bekleidungscenter.com\/\"},{\"@type\":\"ListItem\",\"position\":2,\"name\":\"Shop\",\"item\":\"https:\/\/bekleidungscenter.com\/?page_id=7\"},{\"@type\":\"ListItem\",\"position\":3,\"name\":\"DESIRES Melody Damen \u00dcbergangsjacke Parka Mantel Jacke gef\u00fcttert mit Kapuze\"}]},{\"@type\":\"WebSite\",\"@id\":\"https:\/\/bekleidungscenter.com\/#website\",\"url\":\"https:\/\/bekleidungscenter.com\/\",\"name\":\"FamilienMode\",\"description\":\"Alles f\u00fcr die ganze Familie\",\"potentialAction\":[{\"@type\":\"SearchAction\",\"target\":{\"@type\":\"EntryPoint\",\"urlTemplate\":\"https:\/\/bekleidungscenter.com\/?s={search_term_string}\"},\"query-input\":\"required name=search_term_string\"}],\"inLanguage\":\"de\"}]}<\/script>\n<!-- \/ Yoast SEO plugin. -->","yoast_head_json":{"title":"DESIRES Melody Damen \u00dcbergangsjacke Parka Mantel Jacke gef\u00fcttert mit Kapuze - FamilienMode","robots":{"index":"index","follow":"follow","max-snippet":"max-snippet:-1","max-image-preview":"max-image-preview:large","max-video-preview":"max-video-preview:-1"},"canonical":"https:\/\/bekleidungscenter.com\/?product=desires-melody-damen-uebergangsjacke-parka-mantel-jacke-gefuettert-mit-kapuze","og_locale":"de_DE","og_type":"article","og_title":"DESIRES Melody Damen \u00dcbergangsjacke Parka Mantel Jacke gef\u00fcttert mit Kapuze - FamilienMode","og_description":"DETAILS &amp; HIGHLIGHTS: Stehkragen mit Kapuze und Gummizug, Knopfdetails an der Kapuze, Schirm zum ausklappen, gestepptes Innenfutter, hochwertige Melange Optik, Gummizug an der Taille, Brusttasche mit verdecktem Druckknopf, seitliche Eingriffstaschen mit Druckkn\u00f6pfen, gummierte und kontrastfarbene Details, Logo-Ziph\u00e4nger, auff\u00e4lliges Innenlabel, Windstopperdetails an den \u00c4rmeln PASSFORM: Regular- Fit - unser Model ist 1,70 m gro\u00df und tr\u00e4gt die Gr\u00f6\u00dfe Small- S. Tr\u00e4gst du f\u00fcr gew\u00f6hnlich eine Gr\u00f6\u00dfe 'S'? Dann ist diese auch von uns ideal f\u00fcr dich! MATERIALZUSAMMENSETZUNG: Obermaterial: 100% Polyester, Futter: 100% Polyester, F\u00fctterung: 100% Polyester","og_url":"https:\/\/bekleidungscenter.com\/?product=desires-melody-damen-uebergangsjacke-parka-mantel-jacke-gefuettert-mit-kapuze","og_site_name":"FamilienMode","article_modified_time":"2023-04-05T21:52:34+00:00","og_image":[{"width":500,"height":500,"url":"https:\/\/images-na.ssl-images-amazon.com\/images\/I\/31t3LcLCVGL.jpg","type":"image\/jpeg"}],"twitter_card":"summary_large_image","twitter_misc":{"Gesch\u00e4tzte Lesezeit":"2\u00a0Minuten"},"schema":{"@context":"https:\/\/schema.org","@graph":[{"@type":"WebPage","@id":"https:\/\/bekleidungscenter.com\/?product=desires-melody-damen-uebergangsjacke-parka-mantel-jacke-gefuettert-mit-kapuze","url":"https:\/\/bekleidungscenter.com\/?product=desires-melody-damen-uebergangsjacke-parka-mantel-jacke-gefuettert-mit-kapuze","name":"DESIRES Melody Damen \u00dcbergangsjacke Parka Mantel Jacke gef\u00fcttert mit Kapuze - FamilienMode","isPartOf":{"@id":"https:\/\/bekleidungscenter.com\/#website"},"datePublished":"2021-01-03T18:19:07+00:00","dateModified":"2023-04-05T21:52:34+00:00","breadcrumb":{"@id":"https:\/\/bekleidungscenter.com\/?product=desires-melody-damen-uebergangsjacke-parka-mantel-jacke-gefuettert-mit-kapuze#breadcrumb"},"inLanguage":"de","potentialAction":[{"@type":"ReadAction","target":["https:\/\/bekleidungscenter.com\/?product=desires-melody-damen-uebergangsjacke-parka-mantel-jacke-gefuettert-mit-kapuze"]}]},{"@type":"BreadcrumbList","@id":"https:\/\/bekleidungscenter.com\/?product=desires-melody-damen-uebergangsjacke-parka-mantel-jacke-gefuettert-mit-kapuze#breadcrumb","itemListElement":[{"@type":"ListItem","position":1,"name":"Home","item":"https:\/\/bekleidungscenter.com\/"},{"@type":"ListItem","position":2,"name":"Shop","item":"https:\/\/bekleidungscenter.com\/?page_id=7"},{"@type":"ListItem","position":3,"name":"DESIRES Melody Damen \u00dcbergangsjacke Parka Mantel Jacke gef\u00fcttert mit Kapuze"}]},{"@type":"WebSite","@id":"https:\/\/bekleidungscenter.com\/#website","url":"https:\/\/bekleidungscenter.com\/","name":"FamilienMode","description":"Alles f\u00fcr die ganze Familie","potentialAction":[{"@type":"SearchAction","target":{"@type":"EntryPoint","urlTemplate":"https:\/\/bekleidungscenter.com\/?s={search_term_string}"},"query-input":"required name=search_term_string"}],"inLanguage":"de"}]}},"_links":{"self":[{"href":"https:\/\/bekleidungscenter.com\/index.php?rest_route=\/wp\/v2\/product\/7238"}],"collection":[{"href":"https:\/\/bekleidungscenter.com\/index.php?rest_route=\/wp\/v2\/product"}],"about":[{"href":"https:\/\/bekleidungscenter.com\/index.php?rest_route=\/wp\/v2\/types\/product"}],"replies":[{"embeddable":true,"href":"https:\/\/bekleidungscenter.com\/index.php?rest_route=%2Fwp%2Fv2%2Fcomments&post=7238"}],"wp:featuredmedia":[{"embeddable":true,"href":"https:\/\/bekleidungscenter.com\/index.php?rest_route=\/wp\/v2\/media\/7239"}],"wp:attachment":[{"href":"https:\/\/bekleidungscenter.com\/index.php?rest_route=%2Fwp%2Fv2%2Fmedia&parent=7238"}],"wp:term":[{"taxonomy":"product_cat","embeddable":true,"href":"https:\/\/bekleidungscenter.com\/index.php?rest_route=%2Fwp%2Fv2%2Fproduct_cat&post=7238"},{"taxonomy":"product_tag","embeddable":true,"href":"https:\/\/bekleidungscenter.com\/index.php?rest_route=%2Fwp%2Fv2%2Fproduct_tag&post=7238"}],"curies":[{"name":"wp","href":"https:\/\/api.w.org\/{rel}","templated":true}]}}