{"id":7244,"date":"2021-01-03T18:19:20","date_gmt":"2021-01-03T18:19:20","guid":{"rendered":"http:\/\/bekleidungscenter.com\/?product=geographical-norway-damen-steppjacke-parka-astana-kapuze"},"modified":"2023-04-05T21:52:34","modified_gmt":"2023-04-05T21:52:34","slug":"geographical-norway-damen-steppjacke-parka-astana-kapuze","status":"publish","type":"product","link":"https:\/\/bekleidungscenter.com\/?product=geographical-norway-damen-steppjacke-parka-astana-kapuze","title":{"rendered":"Geographical Norway Damen Steppjacke Parka Astana Kapuze"},"content":{"rendered":"<p><!-- show up to 2 reviews by default --> <\/p>\n<p>gesteppter Kurzmantel an Stelle Damen<br \/> wattiert<br \/> tailliert geschnitten <br \/> fixierte Kapuze durch Tunnelzug auch Stopper <br \/> hochschlie\u00dfender Frontrei\u00dfverschluss <br \/> Einschubtaschen durch Zipper <br \/> 2 Innentaschen durch Klettverschlu\u00df <br \/> kontrastfarbiges Innenfutter <br \/> Handw\u00e4sche<br \/> Material: 80% Polyester, 20% Polyamid, Futter\/F\u00fcllung: 100% Polyester <\/p>\n<p> Bitte Ma\u00dfangaben akzeptieren! Wenn Sie zwischen 2 Gr\u00f6\u00dfen schwanken, andeuten wir die gr\u00f6\u00dfere Gr\u00f6\u00dfe.<\/p>\n<p> Ma\u00dfabgaben:<\/p>\n<p> Gr\u00f6\u00dfe S: Gesamtl\u00e4nge 70 cm, Brustweite 45 cm, \u00c4rmell\u00e4nge ab Achsel 48 cm<br \/> Gr\u00f6\u00dfe M: Gesamtl\u00e4nge 73 cm, Brustweite 48 cm, \u00c4rmell\u00e4nge ab Achsel 49 cm<br \/> Gr\u00f6\u00dfe L: Gesamtl\u00e4nge 76 cm, Brustweite 51 cm, \u00c4rmell\u00e4nge ab Achsel 50 cm<br \/> Gr\u00f6\u00dfe XL: Gesamtl\u00e4nge 77 cm, Brustweite 54 cm, \u00c4rmell\u00e4nge ab Achsel 50 cm<br \/> Gr\u00f6\u00dfe XXL: Gesamtl\u00e4nge 78 cm, Brustweite 57 cm, \u00c4rmell\u00e4nge ab Achsel 51 cm <\/p>\n<p>gesteppte Freizeitjacke an Stelle die kalte Jahreszeit, topmodern im Design, super w\u00e4rmend infolge Wattierung, ein Fashion-Keypiece an Stelle jede Weib<br \/>\nPassform: Regular Fit \u2013 normale Passform durch antaillierter Schnittf\u00fchrung, h\u00fcftlang<br \/>\n80% Polyester, 20% Polyamid, Futter\/F\u00fcllung: 100% Polyester<br \/>\nDaunen<br \/>\nDetails: Kapuze (nicht abnehmbar) durch Schn\u00fcrung, Verschluss hinsichtlich Frontzipper, praktische Taschen innen auch au\u00dfen, meliert<br \/>\nspielerisch leicht kombinierbar, zeitlos im Design, moderner Casual-Etikette, fair an Stelle jede Lebenslage<br \/>\nBitte Ma\u00dfangaben akzeptieren! Wenn Sie zwischen 2 Gr\u00f6\u00dfen schwanken, andeuten wir die gr\u00f6\u00dfere Gr\u00f6\u00dfe.<br \/>\n<div class=\"main-cross-sell\" data-asin=\"B07H5TLRJF\">\n\n\t<div class=\"WooZone-cross-sell-loader\">\n\t\t<div>\n\t\t\t<div id=\"floatingBarsG\">\n\t\t\t\t<div class=\"blockG\" id=\"rotateG_01\"><\/div>\n\t\t\t\t<div class=\"blockG\" id=\"rotateG_02\"><\/div>\n\t\t\t\t<div class=\"blockG\" id=\"rotateG_03\"><\/div>\n\t\t\t\t<div class=\"blockG\" id=\"rotateG_04\"><\/div>\n\t\t\t\t<div class=\"blockG\" id=\"rotateG_05\"><\/div>\n\t\t\t\t<div class=\"blockG\" id=\"rotateG_06\"><\/div>\n\t\t\t\t<div class=\"blockG\" id=\"rotateG_07\"><\/div>\n\t\t\t\t<div class=\"blockG\" id=\"rotateG_08\"><\/div>\n\t\t\t<\/div>\n\t\t\t<div class=\"WooZone-cross-sell-loader-text\"><\/div>\n\t\t<\/div>\n\t<\/div>\n\n\t\t\n<\/div>\n<div style=\"clear:both;\"><\/div><\/p>\n","protected":false},"excerpt":{"rendered":"<p>gesteppte Freizeitjacke f\u00fcr die kalte Jahreszeit, topmodern im Design, super w\u00e4rmend dank Wattierung, ein Fashion-Keypiece f\u00fcr jede Frau<br \/>\nPassform: Regular Fit \u2013 normale Passform mit antaillierter Schnittf\u00fchrung, h\u00fcftlang<br \/>\n80% Polyester, 20% Polyamid, Futter\/F\u00fcllung: 100% Polyester<\/p>\n","protected":false},"featured_media":7245,"comment_status":"open","ping_status":"closed","template":"","meta":[],"product_cat":[133,119],"product_tag":[],"yoast_head":"<!-- This site is optimized with the Yoast SEO plugin v20.6 - https:\/\/yoast.com\/wordpress\/plugins\/seo\/ -->\n<title>Geographical Norway Damen Steppjacke Parka Astana Kapuze - FamilienMode<\/title>\n<meta name=\"robots\" content=\"index, follow, max-snippet:-1, max-image-preview:large, max-video-preview:-1\" \/>\n<link rel=\"canonical\" href=\"https:\/\/bekleidungscenter.com\/?product=geographical-norway-damen-steppjacke-parka-astana-kapuze\" \/>\n<meta property=\"og:locale\" content=\"de_DE\" \/>\n<meta property=\"og:type\" content=\"article\" \/>\n<meta property=\"og:title\" content=\"Geographical Norway Damen Steppjacke Parka Astana Kapuze - FamilienMode\" \/>\n<meta property=\"og:description\" content=\"gesteppte Freizeitjacke f\u00fcr die kalte Jahreszeit, topmodern im Design, super w\u00e4rmend dank Wattierung, ein Fashion-Keypiece f\u00fcr jede Frau Passform: Regular Fit \u2013 normale Passform mit antaillierter Schnittf\u00fchrung, h\u00fcftlang 80% Polyester, 20% Polyamid, Futter\/F\u00fcllung: 100% Polyester\" \/>\n<meta property=\"og:url\" content=\"https:\/\/bekleidungscenter.com\/?product=geographical-norway-damen-steppjacke-parka-astana-kapuze\" \/>\n<meta property=\"og:site_name\" content=\"FamilienMode\" \/>\n<meta property=\"article:modified_time\" content=\"2023-04-05T21:52:34+00:00\" \/>\n<meta property=\"og:image\" content=\"https:\/\/images-na.ssl-images-amazon.com\/images\/I\/41R5tJ%2BtQ%2BL.jpg\" \/>\n\t<meta property=\"og:image:width\" content=\"500\" \/>\n\t<meta property=\"og:image:height\" content=\"500\" \/>\n\t<meta property=\"og:image:type\" content=\"image\/jpeg\" \/>\n<meta name=\"twitter:card\" content=\"summary_large_image\" \/>\n<meta name=\"twitter:label1\" content=\"Gesch\u00e4tzte Lesezeit\" \/>\n\t<meta name=\"twitter:data1\" content=\"1\u00a0Minute\" \/>\n<script type=\"application\/ld+json\" class=\"yoast-schema-graph\">{\"@context\":\"https:\/\/schema.org\",\"@graph\":[{\"@type\":\"WebPage\",\"@id\":\"https:\/\/bekleidungscenter.com\/?product=geographical-norway-damen-steppjacke-parka-astana-kapuze\",\"url\":\"https:\/\/bekleidungscenter.com\/?product=geographical-norway-damen-steppjacke-parka-astana-kapuze\",\"name\":\"Geographical Norway Damen Steppjacke Parka Astana Kapuze - FamilienMode\",\"isPartOf\":{\"@id\":\"https:\/\/bekleidungscenter.com\/#website\"},\"datePublished\":\"2021-01-03T18:19:20+00:00\",\"dateModified\":\"2023-04-05T21:52:34+00:00\",\"breadcrumb\":{\"@id\":\"https:\/\/bekleidungscenter.com\/?product=geographical-norway-damen-steppjacke-parka-astana-kapuze#breadcrumb\"},\"inLanguage\":\"de\",\"potentialAction\":[{\"@type\":\"ReadAction\",\"target\":[\"https:\/\/bekleidungscenter.com\/?product=geographical-norway-damen-steppjacke-parka-astana-kapuze\"]}]},{\"@type\":\"BreadcrumbList\",\"@id\":\"https:\/\/bekleidungscenter.com\/?product=geographical-norway-damen-steppjacke-parka-astana-kapuze#breadcrumb\",\"itemListElement\":[{\"@type\":\"ListItem\",\"position\":1,\"name\":\"Home\",\"item\":\"https:\/\/bekleidungscenter.com\/\"},{\"@type\":\"ListItem\",\"position\":2,\"name\":\"Shop\",\"item\":\"https:\/\/bekleidungscenter.com\/?page_id=7\"},{\"@type\":\"ListItem\",\"position\":3,\"name\":\"Geographical Norway Damen Steppjacke Parka Astana Kapuze\"}]},{\"@type\":\"WebSite\",\"@id\":\"https:\/\/bekleidungscenter.com\/#website\",\"url\":\"https:\/\/bekleidungscenter.com\/\",\"name\":\"FamilienMode\",\"description\":\"Alles f\u00fcr die ganze Familie\",\"potentialAction\":[{\"@type\":\"SearchAction\",\"target\":{\"@type\":\"EntryPoint\",\"urlTemplate\":\"https:\/\/bekleidungscenter.com\/?s={search_term_string}\"},\"query-input\":\"required name=search_term_string\"}],\"inLanguage\":\"de\"}]}<\/script>\n<!-- \/ Yoast SEO plugin. -->","yoast_head_json":{"title":"Geographical Norway Damen Steppjacke Parka Astana Kapuze - FamilienMode","robots":{"index":"index","follow":"follow","max-snippet":"max-snippet:-1","max-image-preview":"max-image-preview:large","max-video-preview":"max-video-preview:-1"},"canonical":"https:\/\/bekleidungscenter.com\/?product=geographical-norway-damen-steppjacke-parka-astana-kapuze","og_locale":"de_DE","og_type":"article","og_title":"Geographical Norway Damen Steppjacke Parka Astana Kapuze - FamilienMode","og_description":"gesteppte Freizeitjacke f\u00fcr die kalte Jahreszeit, topmodern im Design, super w\u00e4rmend dank Wattierung, ein Fashion-Keypiece f\u00fcr jede Frau Passform: Regular Fit \u2013 normale Passform mit antaillierter Schnittf\u00fchrung, h\u00fcftlang 80% Polyester, 20% Polyamid, Futter\/F\u00fcllung: 100% Polyester","og_url":"https:\/\/bekleidungscenter.com\/?product=geographical-norway-damen-steppjacke-parka-astana-kapuze","og_site_name":"FamilienMode","article_modified_time":"2023-04-05T21:52:34+00:00","og_image":[{"width":500,"height":500,"url":"https:\/\/images-na.ssl-images-amazon.com\/images\/I\/41R5tJ%2BtQ%2BL.jpg","type":"image\/jpeg"}],"twitter_card":"summary_large_image","twitter_misc":{"Gesch\u00e4tzte Lesezeit":"1\u00a0Minute"},"schema":{"@context":"https:\/\/schema.org","@graph":[{"@type":"WebPage","@id":"https:\/\/bekleidungscenter.com\/?product=geographical-norway-damen-steppjacke-parka-astana-kapuze","url":"https:\/\/bekleidungscenter.com\/?product=geographical-norway-damen-steppjacke-parka-astana-kapuze","name":"Geographical Norway Damen Steppjacke Parka Astana Kapuze - FamilienMode","isPartOf":{"@id":"https:\/\/bekleidungscenter.com\/#website"},"datePublished":"2021-01-03T18:19:20+00:00","dateModified":"2023-04-05T21:52:34+00:00","breadcrumb":{"@id":"https:\/\/bekleidungscenter.com\/?product=geographical-norway-damen-steppjacke-parka-astana-kapuze#breadcrumb"},"inLanguage":"de","potentialAction":[{"@type":"ReadAction","target":["https:\/\/bekleidungscenter.com\/?product=geographical-norway-damen-steppjacke-parka-astana-kapuze"]}]},{"@type":"BreadcrumbList","@id":"https:\/\/bekleidungscenter.com\/?product=geographical-norway-damen-steppjacke-parka-astana-kapuze#breadcrumb","itemListElement":[{"@type":"ListItem","position":1,"name":"Home","item":"https:\/\/bekleidungscenter.com\/"},{"@type":"ListItem","position":2,"name":"Shop","item":"https:\/\/bekleidungscenter.com\/?page_id=7"},{"@type":"ListItem","position":3,"name":"Geographical Norway Damen Steppjacke Parka Astana Kapuze"}]},{"@type":"WebSite","@id":"https:\/\/bekleidungscenter.com\/#website","url":"https:\/\/bekleidungscenter.com\/","name":"FamilienMode","description":"Alles f\u00fcr die ganze Familie","potentialAction":[{"@type":"SearchAction","target":{"@type":"EntryPoint","urlTemplate":"https:\/\/bekleidungscenter.com\/?s={search_term_string}"},"query-input":"required name=search_term_string"}],"inLanguage":"de"}]}},"_links":{"self":[{"href":"https:\/\/bekleidungscenter.com\/index.php?rest_route=\/wp\/v2\/product\/7244"}],"collection":[{"href":"https:\/\/bekleidungscenter.com\/index.php?rest_route=\/wp\/v2\/product"}],"about":[{"href":"https:\/\/bekleidungscenter.com\/index.php?rest_route=\/wp\/v2\/types\/product"}],"replies":[{"embeddable":true,"href":"https:\/\/bekleidungscenter.com\/index.php?rest_route=%2Fwp%2Fv2%2Fcomments&post=7244"}],"wp:featuredmedia":[{"embeddable":true,"href":"https:\/\/bekleidungscenter.com\/index.php?rest_route=\/wp\/v2\/media\/7245"}],"wp:attachment":[{"href":"https:\/\/bekleidungscenter.com\/index.php?rest_route=%2Fwp%2Fv2%2Fmedia&parent=7244"}],"wp:term":[{"taxonomy":"product_cat","embeddable":true,"href":"https:\/\/bekleidungscenter.com\/index.php?rest_route=%2Fwp%2Fv2%2Fproduct_cat&post=7244"},{"taxonomy":"product_tag","embeddable":true,"href":"https:\/\/bekleidungscenter.com\/index.php?rest_route=%2Fwp%2Fv2%2Fproduct_tag&post=7244"}],"curies":[{"name":"wp","href":"https:\/\/api.w.org\/{rel}","templated":true}]}}