{"id":7262,"date":"2021-01-03T18:19:50","date_gmt":"2021-01-03T18:19:50","guid":{"rendered":"http:\/\/bekleidungscenter.com\/?product=navahoo-damen-jacke-fruehling-uebergangsjacke-parka-mantel-kapuze-b692"},"modified":"2023-04-05T21:52:35","modified_gmt":"2023-04-05T21:52:35","slug":"navahoo-damen-jacke-fruehling-uebergangsjacke-parka-mantel-kapuze-b692","status":"publish","type":"product","link":"https:\/\/bekleidungscenter.com\/?product=navahoo-damen-jacke-fruehling-uebergangsjacke-parka-mantel-kapuze-b692","title":{"rendered":"Navahoo Damen Jacke Fr\u00fchling \u00dcbergangsjacke Parka Mantel Kapuze B692"},"content":{"rendered":"<p>Angeboten wird eine enorm sch\u00f6ne Damen \u00dcbergangsjacke der Trendmarke &#8222;Navahoo&#8220;.<br \/>\nDie Jacken leer dem Hause Navahoo bildlich darstellen stets den aktuellen Modetrend ansonsten sind \u00fcber gro\u00dfer Liebe zum Kleinigkeit gefertigt. Sichern Sie sich einer dieser Premium Jacken ansonsten lassen Sie sich von dem einmaligen Aufwand-Leistungsverh\u00e4ltnis beeindrucken.<br \/>\nObermaterial: 100% Baumwolle, Innenmaterial: 100% Polyester<br \/>\nBlouson<br \/>\nKapuze \u00fcber Kordelzug (Kapuze ist in keinster Weise abnehmbar)<br \/>\nZwei Taschenattrappen vorne \u00fcber Knopfverschluss<br \/>\nEine Innentasche \u00fcber Rei\u00dfverschluss, sittsam statt Handy oder Mp3 Player<br \/>\n<div class=\"main-cross-sell\" data-asin=\"B07P24R743\">\n\n\t<div class=\"WooZone-cross-sell-loader\">\n\t\t<div>\n\t\t\t<div id=\"floatingBarsG\">\n\t\t\t\t<div class=\"blockG\" id=\"rotateG_01\"><\/div>\n\t\t\t\t<div class=\"blockG\" id=\"rotateG_02\"><\/div>\n\t\t\t\t<div class=\"blockG\" id=\"rotateG_03\"><\/div>\n\t\t\t\t<div class=\"blockG\" id=\"rotateG_04\"><\/div>\n\t\t\t\t<div class=\"blockG\" id=\"rotateG_05\"><\/div>\n\t\t\t\t<div class=\"blockG\" id=\"rotateG_06\"><\/div>\n\t\t\t\t<div class=\"blockG\" id=\"rotateG_07\"><\/div>\n\t\t\t\t<div class=\"blockG\" id=\"rotateG_08\"><\/div>\n\t\t\t<\/div>\n\t\t\t<div class=\"WooZone-cross-sell-loader-text\"><\/div>\n\t\t<\/div>\n\t<\/div>\n\n\t\t\n<\/div>\n<div style=\"clear:both;\"><\/div><\/p>\n","protected":false},"excerpt":{"rendered":"<p>Angeboten wird eine sehr sch\u00f6ne Damen \u00dcbergangsjacke der Trendmarke &#8222;Navahoo&#8220;.<br \/>\nDie Jacken aus dem Hause Navahoo repr\u00e4sentieren stets den aktuellen Modetrend und sind mit gro\u00dfer Liebe zum Detail gefertigt. Sichern Sie sich einer dieser Premium Jacken und lassen Sie sich von dem einmaligen Preis-Leistungsverh\u00e4ltnis beeindrucken.<br \/>\nObermaterial: 100% Baumwolle, Innenmaterial: 100% Polyester<\/p>\n","protected":false},"featured_media":7263,"comment_status":"open","ping_status":"closed","template":"","meta":[],"product_cat":[133,119],"product_tag":[],"yoast_head":"<!-- This site is optimized with the Yoast SEO plugin v20.6 - https:\/\/yoast.com\/wordpress\/plugins\/seo\/ -->\n<title>Navahoo Damen Jacke Fr\u00fchling \u00dcbergangsjacke Parka Mantel Kapuze B692 - FamilienMode<\/title>\n<meta name=\"robots\" content=\"index, follow, max-snippet:-1, max-image-preview:large, max-video-preview:-1\" \/>\n<link rel=\"canonical\" href=\"https:\/\/bekleidungscenter.com\/?product=navahoo-damen-jacke-fruehling-uebergangsjacke-parka-mantel-kapuze-b692\" \/>\n<meta property=\"og:locale\" content=\"de_DE\" \/>\n<meta property=\"og:type\" content=\"article\" \/>\n<meta property=\"og:title\" content=\"Navahoo Damen Jacke Fr\u00fchling \u00dcbergangsjacke Parka Mantel Kapuze B692 - FamilienMode\" \/>\n<meta property=\"og:description\" content=\"Angeboten wird eine sehr sch\u00f6ne Damen \u00dcbergangsjacke der Trendmarke &quot;Navahoo&quot;. Die Jacken aus dem Hause Navahoo repr\u00e4sentieren stets den aktuellen Modetrend und sind mit gro\u00dfer Liebe zum Detail gefertigt. Sichern Sie sich einer dieser Premium Jacken und lassen Sie sich von dem einmaligen Preis-Leistungsverh\u00e4ltnis beeindrucken. Obermaterial: 100% Baumwolle, Innenmaterial: 100% Polyester\" \/>\n<meta property=\"og:url\" content=\"https:\/\/bekleidungscenter.com\/?product=navahoo-damen-jacke-fruehling-uebergangsjacke-parka-mantel-kapuze-b692\" \/>\n<meta property=\"og:site_name\" content=\"FamilienMode\" \/>\n<meta property=\"article:modified_time\" content=\"2023-04-05T21:52:35+00:00\" \/>\n<meta property=\"og:image\" content=\"https:\/\/images-na.ssl-images-amazon.com\/images\/I\/51qmuDFgkpL.jpg\" \/>\n\t<meta property=\"og:image:width\" content=\"500\" \/>\n\t<meta property=\"og:image:height\" content=\"500\" \/>\n\t<meta property=\"og:image:type\" content=\"image\/jpeg\" \/>\n<meta name=\"twitter:card\" content=\"summary_large_image\" \/>\n<script type=\"application\/ld+json\" class=\"yoast-schema-graph\">{\"@context\":\"https:\/\/schema.org\",\"@graph\":[{\"@type\":\"WebPage\",\"@id\":\"https:\/\/bekleidungscenter.com\/?product=navahoo-damen-jacke-fruehling-uebergangsjacke-parka-mantel-kapuze-b692\",\"url\":\"https:\/\/bekleidungscenter.com\/?product=navahoo-damen-jacke-fruehling-uebergangsjacke-parka-mantel-kapuze-b692\",\"name\":\"Navahoo Damen Jacke Fr\u00fchling \u00dcbergangsjacke Parka Mantel Kapuze B692 - FamilienMode\",\"isPartOf\":{\"@id\":\"https:\/\/bekleidungscenter.com\/#website\"},\"datePublished\":\"2021-01-03T18:19:50+00:00\",\"dateModified\":\"2023-04-05T21:52:35+00:00\",\"breadcrumb\":{\"@id\":\"https:\/\/bekleidungscenter.com\/?product=navahoo-damen-jacke-fruehling-uebergangsjacke-parka-mantel-kapuze-b692#breadcrumb\"},\"inLanguage\":\"de\",\"potentialAction\":[{\"@type\":\"ReadAction\",\"target\":[\"https:\/\/bekleidungscenter.com\/?product=navahoo-damen-jacke-fruehling-uebergangsjacke-parka-mantel-kapuze-b692\"]}]},{\"@type\":\"BreadcrumbList\",\"@id\":\"https:\/\/bekleidungscenter.com\/?product=navahoo-damen-jacke-fruehling-uebergangsjacke-parka-mantel-kapuze-b692#breadcrumb\",\"itemListElement\":[{\"@type\":\"ListItem\",\"position\":1,\"name\":\"Home\",\"item\":\"https:\/\/bekleidungscenter.com\/\"},{\"@type\":\"ListItem\",\"position\":2,\"name\":\"Shop\",\"item\":\"https:\/\/bekleidungscenter.com\/?page_id=7\"},{\"@type\":\"ListItem\",\"position\":3,\"name\":\"Navahoo Damen Jacke Fr\u00fchling \u00dcbergangsjacke Parka Mantel Kapuze B692\"}]},{\"@type\":\"WebSite\",\"@id\":\"https:\/\/bekleidungscenter.com\/#website\",\"url\":\"https:\/\/bekleidungscenter.com\/\",\"name\":\"FamilienMode\",\"description\":\"Alles f\u00fcr die ganze Familie\",\"potentialAction\":[{\"@type\":\"SearchAction\",\"target\":{\"@type\":\"EntryPoint\",\"urlTemplate\":\"https:\/\/bekleidungscenter.com\/?s={search_term_string}\"},\"query-input\":\"required name=search_term_string\"}],\"inLanguage\":\"de\"}]}<\/script>\n<!-- \/ Yoast SEO plugin. -->","yoast_head_json":{"title":"Navahoo Damen Jacke Fr\u00fchling \u00dcbergangsjacke Parka Mantel Kapuze B692 - FamilienMode","robots":{"index":"index","follow":"follow","max-snippet":"max-snippet:-1","max-image-preview":"max-image-preview:large","max-video-preview":"max-video-preview:-1"},"canonical":"https:\/\/bekleidungscenter.com\/?product=navahoo-damen-jacke-fruehling-uebergangsjacke-parka-mantel-kapuze-b692","og_locale":"de_DE","og_type":"article","og_title":"Navahoo Damen Jacke Fr\u00fchling \u00dcbergangsjacke Parka Mantel Kapuze B692 - FamilienMode","og_description":"Angeboten wird eine sehr sch\u00f6ne Damen \u00dcbergangsjacke der Trendmarke \"Navahoo\". Die Jacken aus dem Hause Navahoo repr\u00e4sentieren stets den aktuellen Modetrend und sind mit gro\u00dfer Liebe zum Detail gefertigt. Sichern Sie sich einer dieser Premium Jacken und lassen Sie sich von dem einmaligen Preis-Leistungsverh\u00e4ltnis beeindrucken. Obermaterial: 100% Baumwolle, Innenmaterial: 100% Polyester","og_url":"https:\/\/bekleidungscenter.com\/?product=navahoo-damen-jacke-fruehling-uebergangsjacke-parka-mantel-kapuze-b692","og_site_name":"FamilienMode","article_modified_time":"2023-04-05T21:52:35+00:00","og_image":[{"width":500,"height":500,"url":"https:\/\/images-na.ssl-images-amazon.com\/images\/I\/51qmuDFgkpL.jpg","type":"image\/jpeg"}],"twitter_card":"summary_large_image","schema":{"@context":"https:\/\/schema.org","@graph":[{"@type":"WebPage","@id":"https:\/\/bekleidungscenter.com\/?product=navahoo-damen-jacke-fruehling-uebergangsjacke-parka-mantel-kapuze-b692","url":"https:\/\/bekleidungscenter.com\/?product=navahoo-damen-jacke-fruehling-uebergangsjacke-parka-mantel-kapuze-b692","name":"Navahoo Damen Jacke Fr\u00fchling \u00dcbergangsjacke Parka Mantel Kapuze B692 - FamilienMode","isPartOf":{"@id":"https:\/\/bekleidungscenter.com\/#website"},"datePublished":"2021-01-03T18:19:50+00:00","dateModified":"2023-04-05T21:52:35+00:00","breadcrumb":{"@id":"https:\/\/bekleidungscenter.com\/?product=navahoo-damen-jacke-fruehling-uebergangsjacke-parka-mantel-kapuze-b692#breadcrumb"},"inLanguage":"de","potentialAction":[{"@type":"ReadAction","target":["https:\/\/bekleidungscenter.com\/?product=navahoo-damen-jacke-fruehling-uebergangsjacke-parka-mantel-kapuze-b692"]}]},{"@type":"BreadcrumbList","@id":"https:\/\/bekleidungscenter.com\/?product=navahoo-damen-jacke-fruehling-uebergangsjacke-parka-mantel-kapuze-b692#breadcrumb","itemListElement":[{"@type":"ListItem","position":1,"name":"Home","item":"https:\/\/bekleidungscenter.com\/"},{"@type":"ListItem","position":2,"name":"Shop","item":"https:\/\/bekleidungscenter.com\/?page_id=7"},{"@type":"ListItem","position":3,"name":"Navahoo Damen Jacke Fr\u00fchling \u00dcbergangsjacke Parka Mantel Kapuze B692"}]},{"@type":"WebSite","@id":"https:\/\/bekleidungscenter.com\/#website","url":"https:\/\/bekleidungscenter.com\/","name":"FamilienMode","description":"Alles f\u00fcr die ganze Familie","potentialAction":[{"@type":"SearchAction","target":{"@type":"EntryPoint","urlTemplate":"https:\/\/bekleidungscenter.com\/?s={search_term_string}"},"query-input":"required name=search_term_string"}],"inLanguage":"de"}]}},"_links":{"self":[{"href":"https:\/\/bekleidungscenter.com\/index.php?rest_route=\/wp\/v2\/product\/7262"}],"collection":[{"href":"https:\/\/bekleidungscenter.com\/index.php?rest_route=\/wp\/v2\/product"}],"about":[{"href":"https:\/\/bekleidungscenter.com\/index.php?rest_route=\/wp\/v2\/types\/product"}],"replies":[{"embeddable":true,"href":"https:\/\/bekleidungscenter.com\/index.php?rest_route=%2Fwp%2Fv2%2Fcomments&post=7262"}],"wp:featuredmedia":[{"embeddable":true,"href":"https:\/\/bekleidungscenter.com\/index.php?rest_route=\/wp\/v2\/media\/7263"}],"wp:attachment":[{"href":"https:\/\/bekleidungscenter.com\/index.php?rest_route=%2Fwp%2Fv2%2Fmedia&parent=7262"}],"wp:term":[{"taxonomy":"product_cat","embeddable":true,"href":"https:\/\/bekleidungscenter.com\/index.php?rest_route=%2Fwp%2Fv2%2Fproduct_cat&post=7262"},{"taxonomy":"product_tag","embeddable":true,"href":"https:\/\/bekleidungscenter.com\/index.php?rest_route=%2Fwp%2Fv2%2Fproduct_tag&post=7262"}],"curies":[{"name":"wp","href":"https:\/\/api.w.org\/{rel}","templated":true}]}}