{"id":7266,"date":"2021-01-03T18:19:56","date_gmt":"2021-01-03T18:19:56","guid":{"rendered":"http:\/\/bekleidungscenter.com\/?product=jack-wolfskin-damen-rochelle-3in1-jacket-w-jacke"},"modified":"2023-04-05T21:52:35","modified_gmt":"2023-04-05T21:52:35","slug":"jack-wolfskin-damen-rochelle-3in1-jacket-w-jacke","status":"publish","type":"product","link":"https:\/\/bekleidungscenter.com\/?product=jack-wolfskin-damen-rochelle-3in1-jacket-w-jacke","title":{"rendered":"Jack Wolfskin Damen Rochelle 3in1 Jacke Damen Jacke"},"content":{"rendered":"<p><!-- show up to 2 reviews by default --> <\/p>\n<p>Kalter Wind und Schneeregen sind das Richtige Wetter f\u00fcr die Rohrschelle Jacket. Ziehen Sie einfach die Kapuze hoch, umleiten Sie die Jacke mit einem Rei\u00dfverschluss und machen Sie sich abgekoppelt vom Wetter auf den Wie weggeblasen zu Ihrem Ereignis.Dank der texapore-gewebetechnologie k\u00f6nnen Sie z\u00e4h sein, dass sie trocken bleiben, w\u00e4hrend Sie sich am\u00fcsieren. Auch der Klimakomfort ist typisch f\u00fcr TEXAPORE. Und die warme Fleece-Innenjacke h\u00e4lt die K\u00e4lte fern.Im Sommer, wenn Sie dennoch die Umschlag ben\u00f6tigen, oder im Herbst, wenn Sie dennoch die warme Innenjacke ben\u00f6tigen, k\u00f6nnen Sie den Systemrei\u00dfverschluss loshaken und die beiden Jacken verriegelt unterst\u00fctzen. <\/p>\n<p>100% recyceltes, sehr wasserdichtes, winddichtes und sehr atmungsaktives Obermaterial mit samtiger Oberfl\u00e4che<br \/>\nFeste Kapuze mit einstellbarer Lautst\u00e4rke und Sichtfeld<br \/>\n2 Handtaschen, Secret Pocket<br \/>\nTaille Kordelzug<br \/>\ndusty grey<br \/>\n<div class=\"main-cross-sell\" data-asin=\"B07R46YP39\">\n\n\t<div class=\"WooZone-cross-sell-loader\">\n\t\t<div>\n\t\t\t<div id=\"floatingBarsG\">\n\t\t\t\t<div class=\"blockG\" id=\"rotateG_01\"><\/div>\n\t\t\t\t<div class=\"blockG\" id=\"rotateG_02\"><\/div>\n\t\t\t\t<div class=\"blockG\" id=\"rotateG_03\"><\/div>\n\t\t\t\t<div class=\"blockG\" id=\"rotateG_04\"><\/div>\n\t\t\t\t<div class=\"blockG\" id=\"rotateG_05\"><\/div>\n\t\t\t\t<div class=\"blockG\" id=\"rotateG_06\"><\/div>\n\t\t\t\t<div class=\"blockG\" id=\"rotateG_07\"><\/div>\n\t\t\t\t<div class=\"blockG\" id=\"rotateG_08\"><\/div>\n\t\t\t<\/div>\n\t\t\t<div class=\"WooZone-cross-sell-loader-text\"><\/div>\n\t\t<\/div>\n\t<\/div>\n\n\t\t\n<\/div>\n<div style=\"clear:both;\"><\/div><\/p>\n","protected":false},"excerpt":{"rendered":"<p>100% recyceltes, sehr wasserdichtes, winddichtes und sehr atmungsaktives Obermaterial mit samtiger Oberfl\u00e4che<br \/>\nFeste Kapuze mit einstellbarer Lautst\u00e4rke und Sichtfeld<br \/>\n2 Handtaschen, Secret Pocket<\/p>\n","protected":false},"featured_media":7267,"comment_status":"open","ping_status":"closed","template":"","meta":[],"product_cat":[133,119],"product_tag":[],"yoast_head":"<!-- This site is optimized with the Yoast SEO plugin v20.6 - https:\/\/yoast.com\/wordpress\/plugins\/seo\/ -->\n<title>Jack Wolfskin Damen Rochelle 3in1 Jacke Damen Jacke - FamilienMode<\/title>\n<meta name=\"robots\" content=\"index, follow, max-snippet:-1, max-image-preview:large, max-video-preview:-1\" \/>\n<link rel=\"canonical\" href=\"https:\/\/bekleidungscenter.com\/?product=jack-wolfskin-damen-rochelle-3in1-jacket-w-jacke\" \/>\n<meta property=\"og:locale\" content=\"de_DE\" \/>\n<meta property=\"og:type\" content=\"article\" \/>\n<meta property=\"og:title\" content=\"Jack Wolfskin Damen Rochelle 3in1 Jacke Damen Jacke - FamilienMode\" \/>\n<meta property=\"og:description\" content=\"100% recyceltes, sehr wasserdichtes, winddichtes und sehr atmungsaktives Obermaterial mit samtiger Oberfl\u00e4che Feste Kapuze mit einstellbarer Lautst\u00e4rke und Sichtfeld 2 Handtaschen, Secret Pocket\" \/>\n<meta property=\"og:url\" content=\"https:\/\/bekleidungscenter.com\/?product=jack-wolfskin-damen-rochelle-3in1-jacket-w-jacke\" \/>\n<meta property=\"og:site_name\" content=\"FamilienMode\" \/>\n<meta property=\"article:modified_time\" content=\"2023-04-05T21:52:35+00:00\" \/>\n<meta property=\"og:image\" content=\"https:\/\/images-na.ssl-images-amazon.com\/images\/I\/416dEIdD7xL.jpg\" \/>\n\t<meta property=\"og:image:width\" content=\"500\" \/>\n\t<meta property=\"og:image:height\" content=\"500\" \/>\n\t<meta property=\"og:image:type\" content=\"image\/jpeg\" \/>\n<meta name=\"twitter:card\" content=\"summary_large_image\" \/>\n<meta name=\"twitter:label1\" content=\"Gesch\u00e4tzte Lesezeit\" \/>\n\t<meta name=\"twitter:data1\" content=\"1\u00a0Minute\" \/>\n<script type=\"application\/ld+json\" class=\"yoast-schema-graph\">{\"@context\":\"https:\/\/schema.org\",\"@graph\":[{\"@type\":\"WebPage\",\"@id\":\"https:\/\/bekleidungscenter.com\/?product=jack-wolfskin-damen-rochelle-3in1-jacket-w-jacke\",\"url\":\"https:\/\/bekleidungscenter.com\/?product=jack-wolfskin-damen-rochelle-3in1-jacket-w-jacke\",\"name\":\"Jack Wolfskin Damen Rochelle 3in1 Jacke Damen Jacke - FamilienMode\",\"isPartOf\":{\"@id\":\"https:\/\/bekleidungscenter.com\/#website\"},\"datePublished\":\"2021-01-03T18:19:56+00:00\",\"dateModified\":\"2023-04-05T21:52:35+00:00\",\"breadcrumb\":{\"@id\":\"https:\/\/bekleidungscenter.com\/?product=jack-wolfskin-damen-rochelle-3in1-jacket-w-jacke#breadcrumb\"},\"inLanguage\":\"de\",\"potentialAction\":[{\"@type\":\"ReadAction\",\"target\":[\"https:\/\/bekleidungscenter.com\/?product=jack-wolfskin-damen-rochelle-3in1-jacket-w-jacke\"]}]},{\"@type\":\"BreadcrumbList\",\"@id\":\"https:\/\/bekleidungscenter.com\/?product=jack-wolfskin-damen-rochelle-3in1-jacket-w-jacke#breadcrumb\",\"itemListElement\":[{\"@type\":\"ListItem\",\"position\":1,\"name\":\"Home\",\"item\":\"https:\/\/bekleidungscenter.com\/\"},{\"@type\":\"ListItem\",\"position\":2,\"name\":\"Shop\",\"item\":\"https:\/\/bekleidungscenter.com\/?page_id=7\"},{\"@type\":\"ListItem\",\"position\":3,\"name\":\"Jack Wolfskin Damen Rochelle 3in1 Jacke Damen Jacke\"}]},{\"@type\":\"WebSite\",\"@id\":\"https:\/\/bekleidungscenter.com\/#website\",\"url\":\"https:\/\/bekleidungscenter.com\/\",\"name\":\"FamilienMode\",\"description\":\"Alles f\u00fcr die ganze Familie\",\"potentialAction\":[{\"@type\":\"SearchAction\",\"target\":{\"@type\":\"EntryPoint\",\"urlTemplate\":\"https:\/\/bekleidungscenter.com\/?s={search_term_string}\"},\"query-input\":\"required name=search_term_string\"}],\"inLanguage\":\"de\"}]}<\/script>\n<!-- \/ Yoast SEO plugin. -->","yoast_head_json":{"title":"Jack Wolfskin Damen Rochelle 3in1 Jacke Damen Jacke - FamilienMode","robots":{"index":"index","follow":"follow","max-snippet":"max-snippet:-1","max-image-preview":"max-image-preview:large","max-video-preview":"max-video-preview:-1"},"canonical":"https:\/\/bekleidungscenter.com\/?product=jack-wolfskin-damen-rochelle-3in1-jacket-w-jacke","og_locale":"de_DE","og_type":"article","og_title":"Jack Wolfskin Damen Rochelle 3in1 Jacke Damen Jacke - FamilienMode","og_description":"100% recyceltes, sehr wasserdichtes, winddichtes und sehr atmungsaktives Obermaterial mit samtiger Oberfl\u00e4che Feste Kapuze mit einstellbarer Lautst\u00e4rke und Sichtfeld 2 Handtaschen, Secret Pocket","og_url":"https:\/\/bekleidungscenter.com\/?product=jack-wolfskin-damen-rochelle-3in1-jacket-w-jacke","og_site_name":"FamilienMode","article_modified_time":"2023-04-05T21:52:35+00:00","og_image":[{"width":500,"height":500,"url":"https:\/\/images-na.ssl-images-amazon.com\/images\/I\/416dEIdD7xL.jpg","type":"image\/jpeg"}],"twitter_card":"summary_large_image","twitter_misc":{"Gesch\u00e4tzte Lesezeit":"1\u00a0Minute"},"schema":{"@context":"https:\/\/schema.org","@graph":[{"@type":"WebPage","@id":"https:\/\/bekleidungscenter.com\/?product=jack-wolfskin-damen-rochelle-3in1-jacket-w-jacke","url":"https:\/\/bekleidungscenter.com\/?product=jack-wolfskin-damen-rochelle-3in1-jacket-w-jacke","name":"Jack Wolfskin Damen Rochelle 3in1 Jacke Damen Jacke - FamilienMode","isPartOf":{"@id":"https:\/\/bekleidungscenter.com\/#website"},"datePublished":"2021-01-03T18:19:56+00:00","dateModified":"2023-04-05T21:52:35+00:00","breadcrumb":{"@id":"https:\/\/bekleidungscenter.com\/?product=jack-wolfskin-damen-rochelle-3in1-jacket-w-jacke#breadcrumb"},"inLanguage":"de","potentialAction":[{"@type":"ReadAction","target":["https:\/\/bekleidungscenter.com\/?product=jack-wolfskin-damen-rochelle-3in1-jacket-w-jacke"]}]},{"@type":"BreadcrumbList","@id":"https:\/\/bekleidungscenter.com\/?product=jack-wolfskin-damen-rochelle-3in1-jacket-w-jacke#breadcrumb","itemListElement":[{"@type":"ListItem","position":1,"name":"Home","item":"https:\/\/bekleidungscenter.com\/"},{"@type":"ListItem","position":2,"name":"Shop","item":"https:\/\/bekleidungscenter.com\/?page_id=7"},{"@type":"ListItem","position":3,"name":"Jack Wolfskin Damen Rochelle 3in1 Jacke Damen Jacke"}]},{"@type":"WebSite","@id":"https:\/\/bekleidungscenter.com\/#website","url":"https:\/\/bekleidungscenter.com\/","name":"FamilienMode","description":"Alles f\u00fcr die ganze Familie","potentialAction":[{"@type":"SearchAction","target":{"@type":"EntryPoint","urlTemplate":"https:\/\/bekleidungscenter.com\/?s={search_term_string}"},"query-input":"required name=search_term_string"}],"inLanguage":"de"}]}},"_links":{"self":[{"href":"https:\/\/bekleidungscenter.com\/index.php?rest_route=\/wp\/v2\/product\/7266"}],"collection":[{"href":"https:\/\/bekleidungscenter.com\/index.php?rest_route=\/wp\/v2\/product"}],"about":[{"href":"https:\/\/bekleidungscenter.com\/index.php?rest_route=\/wp\/v2\/types\/product"}],"replies":[{"embeddable":true,"href":"https:\/\/bekleidungscenter.com\/index.php?rest_route=%2Fwp%2Fv2%2Fcomments&post=7266"}],"wp:featuredmedia":[{"embeddable":true,"href":"https:\/\/bekleidungscenter.com\/index.php?rest_route=\/wp\/v2\/media\/7267"}],"wp:attachment":[{"href":"https:\/\/bekleidungscenter.com\/index.php?rest_route=%2Fwp%2Fv2%2Fmedia&parent=7266"}],"wp:term":[{"taxonomy":"product_cat","embeddable":true,"href":"https:\/\/bekleidungscenter.com\/index.php?rest_route=%2Fwp%2Fv2%2Fproduct_cat&post=7266"},{"taxonomy":"product_tag","embeddable":true,"href":"https:\/\/bekleidungscenter.com\/index.php?rest_route=%2Fwp%2Fv2%2Fproduct_tag&post=7266"}],"curies":[{"name":"wp","href":"https:\/\/api.w.org\/{rel}","templated":true}]}}