{"id":7283,"date":"2021-01-03T18:20:26","date_gmt":"2021-01-03T18:20:26","guid":{"rendered":"http:\/\/bekleidungscenter.com\/?product=only-damen-onlhannah-glazed-faux-leather-biker-otw-jacke"},"modified":"2023-04-05T21:52:35","modified_gmt":"2023-04-05T21:52:35","slug":"only-damen-onlhannah-glazed-faux-leather-biker-otw-jacke","status":"publish","type":"product","link":"https:\/\/bekleidungscenter.com\/?product=only-damen-onlhannah-glazed-faux-leather-biker-otw-jacke","title":{"rendered":"ONLY Damen Onlhannah Glazed Faux Leather Biker OTW Jacke"},"content":{"rendered":"<p><!-- show up to 2 reviews by default --> <\/p>\n<p>Coolness strahlt diese Lederimitatjacke von ONLY s\u00e4mtliche. Ein absoluter Blickfang ist die metallische F\u00e4rbemittel ansonsten die authentischen Biker-Elemente. Die Jacke ist Mit Hilfe von figurbetonten Stepp- ansonsten Teilungsn\u00e4hten, einem asymmetrischem Rei\u00dfverschluss sowie schr\u00e4gen Rei\u00dfverschlusstaschen hinaus der Vorderseite ausgestattet. Der Kragen ansonsten die \u00c4rmelabschl\u00fcsse bearbeiten Mit Hilfe von einem Druckknopf das coole Design. Wink: Du kannst die Bikerjacke Mit Hilfe von trendiger Jeans folgern oder zu Minikleid ansonsten Heels katalysieren. Mit Hilfe von der rockigen Jacke s\u00e4mtliche Lederimitat von ONLY wertest du jedes Casualoutfit im Handumdrehen noch einmal hinaus! <\/p>\n<p>Kragenform: Stehkragen<br \/>\nLangarm<br \/>\nVerschluss: Rei\u00dfverschluss<br \/>\n85% Viskose, 15% Polyester<br \/>\nKunstlederjacke<br \/>\nModellnummer: 15169945<br \/>\n<div class=\"main-cross-sell\" data-asin=\"B07NF93J2B\">\n\n\t<div class=\"WooZone-cross-sell-loader\">\n\t\t<div>\n\t\t\t<div id=\"floatingBarsG\">\n\t\t\t\t<div class=\"blockG\" id=\"rotateG_01\"><\/div>\n\t\t\t\t<div class=\"blockG\" id=\"rotateG_02\"><\/div>\n\t\t\t\t<div class=\"blockG\" id=\"rotateG_03\"><\/div>\n\t\t\t\t<div class=\"blockG\" id=\"rotateG_04\"><\/div>\n\t\t\t\t<div class=\"blockG\" id=\"rotateG_05\"><\/div>\n\t\t\t\t<div class=\"blockG\" id=\"rotateG_06\"><\/div>\n\t\t\t\t<div class=\"blockG\" id=\"rotateG_07\"><\/div>\n\t\t\t\t<div class=\"blockG\" id=\"rotateG_08\"><\/div>\n\t\t\t<\/div>\n\t\t\t<div class=\"WooZone-cross-sell-loader-text\"><\/div>\n\t\t<\/div>\n\t<\/div>\n\n\t\t\n<\/div>\n<div style=\"clear:both;\"><\/div><\/p>\n","protected":false},"excerpt":{"rendered":"<p>Kragenform: Stehkragen<br \/>\nLangarm<br \/>\nVerschluss: Rei\u00dfverschluss<\/p>\n","protected":false},"featured_media":7284,"comment_status":"open","ping_status":"closed","template":"","meta":[],"product_cat":[133,119],"product_tag":[],"yoast_head":"<!-- This site is optimized with the Yoast SEO plugin v20.6 - https:\/\/yoast.com\/wordpress\/plugins\/seo\/ -->\n<title>ONLY Damen Onlhannah Glazed Faux Leather Biker OTW Jacke - FamilienMode<\/title>\n<meta name=\"robots\" content=\"index, follow, max-snippet:-1, max-image-preview:large, max-video-preview:-1\" \/>\n<link rel=\"canonical\" href=\"https:\/\/bekleidungscenter.com\/?product=only-damen-onlhannah-glazed-faux-leather-biker-otw-jacke\" \/>\n<meta property=\"og:locale\" content=\"de_DE\" \/>\n<meta property=\"og:type\" content=\"article\" \/>\n<meta property=\"og:title\" content=\"ONLY Damen Onlhannah Glazed Faux Leather Biker OTW Jacke - FamilienMode\" \/>\n<meta property=\"og:description\" content=\"Kragenform: Stehkragen Langarm Verschluss: Rei\u00dfverschluss\" \/>\n<meta property=\"og:url\" content=\"https:\/\/bekleidungscenter.com\/?product=only-damen-onlhannah-glazed-faux-leather-biker-otw-jacke\" \/>\n<meta property=\"og:site_name\" content=\"FamilienMode\" \/>\n<meta property=\"article:modified_time\" content=\"2023-04-05T21:52:35+00:00\" \/>\n<meta property=\"og:image\" content=\"https:\/\/images-na.ssl-images-amazon.com\/images\/I\/419ZayblwpL.jpg\" \/>\n\t<meta property=\"og:image:width\" content=\"500\" \/>\n\t<meta property=\"og:image:height\" content=\"500\" \/>\n\t<meta property=\"og:image:type\" content=\"image\/jpeg\" \/>\n<meta name=\"twitter:card\" content=\"summary_large_image\" \/>\n<meta name=\"twitter:label1\" content=\"Gesch\u00e4tzte Lesezeit\" \/>\n\t<meta name=\"twitter:data1\" content=\"1\u00a0Minute\" \/>\n<script type=\"application\/ld+json\" class=\"yoast-schema-graph\">{\"@context\":\"https:\/\/schema.org\",\"@graph\":[{\"@type\":\"WebPage\",\"@id\":\"https:\/\/bekleidungscenter.com\/?product=only-damen-onlhannah-glazed-faux-leather-biker-otw-jacke\",\"url\":\"https:\/\/bekleidungscenter.com\/?product=only-damen-onlhannah-glazed-faux-leather-biker-otw-jacke\",\"name\":\"ONLY Damen Onlhannah Glazed Faux Leather Biker OTW Jacke - FamilienMode\",\"isPartOf\":{\"@id\":\"https:\/\/bekleidungscenter.com\/#website\"},\"datePublished\":\"2021-01-03T18:20:26+00:00\",\"dateModified\":\"2023-04-05T21:52:35+00:00\",\"breadcrumb\":{\"@id\":\"https:\/\/bekleidungscenter.com\/?product=only-damen-onlhannah-glazed-faux-leather-biker-otw-jacke#breadcrumb\"},\"inLanguage\":\"de\",\"potentialAction\":[{\"@type\":\"ReadAction\",\"target\":[\"https:\/\/bekleidungscenter.com\/?product=only-damen-onlhannah-glazed-faux-leather-biker-otw-jacke\"]}]},{\"@type\":\"BreadcrumbList\",\"@id\":\"https:\/\/bekleidungscenter.com\/?product=only-damen-onlhannah-glazed-faux-leather-biker-otw-jacke#breadcrumb\",\"itemListElement\":[{\"@type\":\"ListItem\",\"position\":1,\"name\":\"Home\",\"item\":\"https:\/\/bekleidungscenter.com\/\"},{\"@type\":\"ListItem\",\"position\":2,\"name\":\"Shop\",\"item\":\"https:\/\/bekleidungscenter.com\/?page_id=7\"},{\"@type\":\"ListItem\",\"position\":3,\"name\":\"ONLY Damen Onlhannah Glazed Faux Leather Biker OTW Jacke\"}]},{\"@type\":\"WebSite\",\"@id\":\"https:\/\/bekleidungscenter.com\/#website\",\"url\":\"https:\/\/bekleidungscenter.com\/\",\"name\":\"FamilienMode\",\"description\":\"Alles f\u00fcr die ganze Familie\",\"potentialAction\":[{\"@type\":\"SearchAction\",\"target\":{\"@type\":\"EntryPoint\",\"urlTemplate\":\"https:\/\/bekleidungscenter.com\/?s={search_term_string}\"},\"query-input\":\"required name=search_term_string\"}],\"inLanguage\":\"de\"}]}<\/script>\n<!-- \/ Yoast SEO plugin. -->","yoast_head_json":{"title":"ONLY Damen Onlhannah Glazed Faux Leather Biker OTW Jacke - FamilienMode","robots":{"index":"index","follow":"follow","max-snippet":"max-snippet:-1","max-image-preview":"max-image-preview:large","max-video-preview":"max-video-preview:-1"},"canonical":"https:\/\/bekleidungscenter.com\/?product=only-damen-onlhannah-glazed-faux-leather-biker-otw-jacke","og_locale":"de_DE","og_type":"article","og_title":"ONLY Damen Onlhannah Glazed Faux Leather Biker OTW Jacke - FamilienMode","og_description":"Kragenform: Stehkragen Langarm Verschluss: Rei\u00dfverschluss","og_url":"https:\/\/bekleidungscenter.com\/?product=only-damen-onlhannah-glazed-faux-leather-biker-otw-jacke","og_site_name":"FamilienMode","article_modified_time":"2023-04-05T21:52:35+00:00","og_image":[{"width":500,"height":500,"url":"https:\/\/images-na.ssl-images-amazon.com\/images\/I\/419ZayblwpL.jpg","type":"image\/jpeg"}],"twitter_card":"summary_large_image","twitter_misc":{"Gesch\u00e4tzte Lesezeit":"1\u00a0Minute"},"schema":{"@context":"https:\/\/schema.org","@graph":[{"@type":"WebPage","@id":"https:\/\/bekleidungscenter.com\/?product=only-damen-onlhannah-glazed-faux-leather-biker-otw-jacke","url":"https:\/\/bekleidungscenter.com\/?product=only-damen-onlhannah-glazed-faux-leather-biker-otw-jacke","name":"ONLY Damen Onlhannah Glazed Faux Leather Biker OTW Jacke - FamilienMode","isPartOf":{"@id":"https:\/\/bekleidungscenter.com\/#website"},"datePublished":"2021-01-03T18:20:26+00:00","dateModified":"2023-04-05T21:52:35+00:00","breadcrumb":{"@id":"https:\/\/bekleidungscenter.com\/?product=only-damen-onlhannah-glazed-faux-leather-biker-otw-jacke#breadcrumb"},"inLanguage":"de","potentialAction":[{"@type":"ReadAction","target":["https:\/\/bekleidungscenter.com\/?product=only-damen-onlhannah-glazed-faux-leather-biker-otw-jacke"]}]},{"@type":"BreadcrumbList","@id":"https:\/\/bekleidungscenter.com\/?product=only-damen-onlhannah-glazed-faux-leather-biker-otw-jacke#breadcrumb","itemListElement":[{"@type":"ListItem","position":1,"name":"Home","item":"https:\/\/bekleidungscenter.com\/"},{"@type":"ListItem","position":2,"name":"Shop","item":"https:\/\/bekleidungscenter.com\/?page_id=7"},{"@type":"ListItem","position":3,"name":"ONLY Damen Onlhannah Glazed Faux Leather Biker OTW Jacke"}]},{"@type":"WebSite","@id":"https:\/\/bekleidungscenter.com\/#website","url":"https:\/\/bekleidungscenter.com\/","name":"FamilienMode","description":"Alles f\u00fcr die ganze Familie","potentialAction":[{"@type":"SearchAction","target":{"@type":"EntryPoint","urlTemplate":"https:\/\/bekleidungscenter.com\/?s={search_term_string}"},"query-input":"required name=search_term_string"}],"inLanguage":"de"}]}},"_links":{"self":[{"href":"https:\/\/bekleidungscenter.com\/index.php?rest_route=\/wp\/v2\/product\/7283"}],"collection":[{"href":"https:\/\/bekleidungscenter.com\/index.php?rest_route=\/wp\/v2\/product"}],"about":[{"href":"https:\/\/bekleidungscenter.com\/index.php?rest_route=\/wp\/v2\/types\/product"}],"replies":[{"embeddable":true,"href":"https:\/\/bekleidungscenter.com\/index.php?rest_route=%2Fwp%2Fv2%2Fcomments&post=7283"}],"wp:featuredmedia":[{"embeddable":true,"href":"https:\/\/bekleidungscenter.com\/index.php?rest_route=\/wp\/v2\/media\/7284"}],"wp:attachment":[{"href":"https:\/\/bekleidungscenter.com\/index.php?rest_route=%2Fwp%2Fv2%2Fmedia&parent=7283"}],"wp:term":[{"taxonomy":"product_cat","embeddable":true,"href":"https:\/\/bekleidungscenter.com\/index.php?rest_route=%2Fwp%2Fv2%2Fproduct_cat&post=7283"},{"taxonomy":"product_tag","embeddable":true,"href":"https:\/\/bekleidungscenter.com\/index.php?rest_route=%2Fwp%2Fv2%2Fproduct_tag&post=7283"}],"curies":[{"name":"wp","href":"https:\/\/api.w.org\/{rel}","templated":true}]}}