{"id":7319,"date":"2021-01-03T18:29:59","date_gmt":"2021-01-03T18:29:59","guid":{"rendered":"http:\/\/bekleidungscenter.com\/?product=amazon-essentials-damen-maxikleid-in-uebergroesse-mit-tank-taille-dresses"},"modified":"2023-04-05T21:52:36","modified_gmt":"2023-04-05T21:52:36","slug":"amazon-essentials-damen-maxikleid-in-uebergroesse-mit-tank-taille-dresses","status":"publish","type":"product","link":"https:\/\/bekleidungscenter.com\/?product=amazon-essentials-damen-maxikleid-in-uebergroesse-mit-tank-taille-dresses","title":{"rendered":"Amazon Essentials Damen Tailliertes Tanktop-Maxikleid(erh\u00e4ltlich in \u00dcbergr\u00f6\u00dfe)"},"content":{"rendered":"<p><!-- show up to 2 reviews by default --> <\/p>\n<p>Amazon Essentials konzentriert sich darauf, erschwingliche, hochwertige und langlebige Alltagskleidung zu schaffen, auf die Sie sich verlassen k\u00f6nnen. Unsere Damenbekleidung umfasst Pullover aus Kaschmir, Fleece- und Daunenjacken und vieles mehr, einschlie\u00dflich Optionen in \u00dcbergr\u00f6\u00dfen. Unsere konsistente Gr\u00f6\u00dfe nimmt das R\u00e4tselraten beim Einkaufen und jedes St\u00fcck wird auf die Probe gestellt, um h\u00f6chste Anspr\u00fcche an Qualit\u00e4t und Komfort zu erf\u00fcllen. <\/p>\n<p>Dieses vielseitige und figurschmeichelnde Kleid \u00fcbertr\u00e4gt leicht von Tag zu Nacht.<br \/>\nDer Alltag wird besser gemacht: Wir h\u00f6ren auf Kundenfeedback und optimieren jedes Detail, um Qualit\u00e4t, Passform und Komfort zu gew\u00e4hrleisten.<br \/>\n\u00c4rmellos<br \/>\nVerschluss: No Closure<br \/>\n95% Viskose, 5% Elasthan<br \/>\nMaxikleid in \u00dcbergr\u00f6\u00dfe mit Tank-Taille<br \/>\nPflegehinweis: Maschinenw\u00e4sche<br \/>\nModellnummer: AE19313614<br \/>\n<div class=\"main-cross-sell\" data-asin=\"B07YGQ5R5D\">\n\n\t<div class=\"WooZone-cross-sell-loader\">\n\t\t<div>\n\t\t\t<div id=\"floatingBarsG\">\n\t\t\t\t<div class=\"blockG\" id=\"rotateG_01\"><\/div>\n\t\t\t\t<div class=\"blockG\" id=\"rotateG_02\"><\/div>\n\t\t\t\t<div class=\"blockG\" id=\"rotateG_03\"><\/div>\n\t\t\t\t<div class=\"blockG\" id=\"rotateG_04\"><\/div>\n\t\t\t\t<div class=\"blockG\" id=\"rotateG_05\"><\/div>\n\t\t\t\t<div class=\"blockG\" id=\"rotateG_06\"><\/div>\n\t\t\t\t<div class=\"blockG\" id=\"rotateG_07\"><\/div>\n\t\t\t\t<div class=\"blockG\" id=\"rotateG_08\"><\/div>\n\t\t\t<\/div>\n\t\t\t<div class=\"WooZone-cross-sell-loader-text\"><\/div>\n\t\t<\/div>\n\t<\/div>\n\n\t\t\n<\/div>\n<div style=\"clear:both;\"><\/div><\/p>\n","protected":false},"excerpt":{"rendered":"<p>Dieses vielseitige und figurschmeichelnde Kleid \u00fcbertr\u00e4gt leicht von Tag zu Nacht.<br \/>\nDer Alltag wird besser gemacht: Wir h\u00f6ren auf Kundenfeedback und optimieren jedes Detail, um Qualit\u00e4t, Passform und Komfort zu gew\u00e4hrleisten.<br \/>\n\u00c4rmellos<\/p>\n","protected":false},"featured_media":7320,"comment_status":"open","ping_status":"closed","template":"","meta":[],"product_cat":[133,121],"product_tag":[],"yoast_head":"<!-- This site is optimized with the Yoast SEO plugin v20.6 - https:\/\/yoast.com\/wordpress\/plugins\/seo\/ -->\n<title>Amazon Essentials Damen Tailliertes Tanktop-Maxikleid(erh\u00e4ltlich in \u00dcbergr\u00f6\u00dfe) - FamilienMode<\/title>\n<meta name=\"robots\" content=\"index, follow, max-snippet:-1, max-image-preview:large, max-video-preview:-1\" \/>\n<link rel=\"canonical\" href=\"https:\/\/bekleidungscenter.com\/?product=amazon-essentials-damen-maxikleid-in-uebergroesse-mit-tank-taille-dresses\" \/>\n<meta property=\"og:locale\" content=\"de_DE\" \/>\n<meta property=\"og:type\" content=\"article\" \/>\n<meta property=\"og:title\" content=\"Amazon Essentials Damen Tailliertes Tanktop-Maxikleid(erh\u00e4ltlich in \u00dcbergr\u00f6\u00dfe) - FamilienMode\" \/>\n<meta property=\"og:description\" content=\"Dieses vielseitige und figurschmeichelnde Kleid \u00fcbertr\u00e4gt leicht von Tag zu Nacht. Der Alltag wird besser gemacht: Wir h\u00f6ren auf Kundenfeedback und optimieren jedes Detail, um Qualit\u00e4t, Passform und Komfort zu gew\u00e4hrleisten. \u00c4rmellos\" \/>\n<meta property=\"og:url\" content=\"https:\/\/bekleidungscenter.com\/?product=amazon-essentials-damen-maxikleid-in-uebergroesse-mit-tank-taille-dresses\" \/>\n<meta property=\"og:site_name\" content=\"FamilienMode\" \/>\n<meta property=\"article:modified_time\" content=\"2023-04-05T21:52:36+00:00\" \/>\n<meta property=\"og:image\" content=\"https:\/\/images-na.ssl-images-amazon.com\/images\/I\/31D8ZOZke1L.jpg\" \/>\n\t<meta property=\"og:image:width\" content=\"500\" \/>\n\t<meta property=\"og:image:height\" content=\"500\" \/>\n\t<meta property=\"og:image:type\" content=\"image\/jpeg\" \/>\n<meta name=\"twitter:card\" content=\"summary_large_image\" \/>\n<meta name=\"twitter:label1\" content=\"Gesch\u00e4tzte Lesezeit\" \/>\n\t<meta name=\"twitter:data1\" content=\"1\u00a0Minute\" \/>\n<script type=\"application\/ld+json\" class=\"yoast-schema-graph\">{\"@context\":\"https:\/\/schema.org\",\"@graph\":[{\"@type\":\"WebPage\",\"@id\":\"https:\/\/bekleidungscenter.com\/?product=amazon-essentials-damen-maxikleid-in-uebergroesse-mit-tank-taille-dresses\",\"url\":\"https:\/\/bekleidungscenter.com\/?product=amazon-essentials-damen-maxikleid-in-uebergroesse-mit-tank-taille-dresses\",\"name\":\"Amazon Essentials Damen Tailliertes Tanktop-Maxikleid(erh\u00e4ltlich in \u00dcbergr\u00f6\u00dfe) - FamilienMode\",\"isPartOf\":{\"@id\":\"https:\/\/bekleidungscenter.com\/#website\"},\"datePublished\":\"2021-01-03T18:29:59+00:00\",\"dateModified\":\"2023-04-05T21:52:36+00:00\",\"breadcrumb\":{\"@id\":\"https:\/\/bekleidungscenter.com\/?product=amazon-essentials-damen-maxikleid-in-uebergroesse-mit-tank-taille-dresses#breadcrumb\"},\"inLanguage\":\"de\",\"potentialAction\":[{\"@type\":\"ReadAction\",\"target\":[\"https:\/\/bekleidungscenter.com\/?product=amazon-essentials-damen-maxikleid-in-uebergroesse-mit-tank-taille-dresses\"]}]},{\"@type\":\"BreadcrumbList\",\"@id\":\"https:\/\/bekleidungscenter.com\/?product=amazon-essentials-damen-maxikleid-in-uebergroesse-mit-tank-taille-dresses#breadcrumb\",\"itemListElement\":[{\"@type\":\"ListItem\",\"position\":1,\"name\":\"Home\",\"item\":\"https:\/\/bekleidungscenter.com\/\"},{\"@type\":\"ListItem\",\"position\":2,\"name\":\"Shop\",\"item\":\"https:\/\/bekleidungscenter.com\/?page_id=7\"},{\"@type\":\"ListItem\",\"position\":3,\"name\":\"Amazon Essentials Damen Tailliertes Tanktop-Maxikleid(erh\u00e4ltlich in \u00dcbergr\u00f6\u00dfe)\"}]},{\"@type\":\"WebSite\",\"@id\":\"https:\/\/bekleidungscenter.com\/#website\",\"url\":\"https:\/\/bekleidungscenter.com\/\",\"name\":\"FamilienMode\",\"description\":\"Alles f\u00fcr die ganze Familie\",\"potentialAction\":[{\"@type\":\"SearchAction\",\"target\":{\"@type\":\"EntryPoint\",\"urlTemplate\":\"https:\/\/bekleidungscenter.com\/?s={search_term_string}\"},\"query-input\":\"required name=search_term_string\"}],\"inLanguage\":\"de\"}]}<\/script>\n<!-- \/ Yoast SEO plugin. -->","yoast_head_json":{"title":"Amazon Essentials Damen Tailliertes Tanktop-Maxikleid(erh\u00e4ltlich in \u00dcbergr\u00f6\u00dfe) - FamilienMode","robots":{"index":"index","follow":"follow","max-snippet":"max-snippet:-1","max-image-preview":"max-image-preview:large","max-video-preview":"max-video-preview:-1"},"canonical":"https:\/\/bekleidungscenter.com\/?product=amazon-essentials-damen-maxikleid-in-uebergroesse-mit-tank-taille-dresses","og_locale":"de_DE","og_type":"article","og_title":"Amazon Essentials Damen Tailliertes Tanktop-Maxikleid(erh\u00e4ltlich in \u00dcbergr\u00f6\u00dfe) - FamilienMode","og_description":"Dieses vielseitige und figurschmeichelnde Kleid \u00fcbertr\u00e4gt leicht von Tag zu Nacht. Der Alltag wird besser gemacht: Wir h\u00f6ren auf Kundenfeedback und optimieren jedes Detail, um Qualit\u00e4t, Passform und Komfort zu gew\u00e4hrleisten. \u00c4rmellos","og_url":"https:\/\/bekleidungscenter.com\/?product=amazon-essentials-damen-maxikleid-in-uebergroesse-mit-tank-taille-dresses","og_site_name":"FamilienMode","article_modified_time":"2023-04-05T21:52:36+00:00","og_image":[{"width":500,"height":500,"url":"https:\/\/images-na.ssl-images-amazon.com\/images\/I\/31D8ZOZke1L.jpg","type":"image\/jpeg"}],"twitter_card":"summary_large_image","twitter_misc":{"Gesch\u00e4tzte Lesezeit":"1\u00a0Minute"},"schema":{"@context":"https:\/\/schema.org","@graph":[{"@type":"WebPage","@id":"https:\/\/bekleidungscenter.com\/?product=amazon-essentials-damen-maxikleid-in-uebergroesse-mit-tank-taille-dresses","url":"https:\/\/bekleidungscenter.com\/?product=amazon-essentials-damen-maxikleid-in-uebergroesse-mit-tank-taille-dresses","name":"Amazon Essentials Damen Tailliertes Tanktop-Maxikleid(erh\u00e4ltlich in \u00dcbergr\u00f6\u00dfe) - FamilienMode","isPartOf":{"@id":"https:\/\/bekleidungscenter.com\/#website"},"datePublished":"2021-01-03T18:29:59+00:00","dateModified":"2023-04-05T21:52:36+00:00","breadcrumb":{"@id":"https:\/\/bekleidungscenter.com\/?product=amazon-essentials-damen-maxikleid-in-uebergroesse-mit-tank-taille-dresses#breadcrumb"},"inLanguage":"de","potentialAction":[{"@type":"ReadAction","target":["https:\/\/bekleidungscenter.com\/?product=amazon-essentials-damen-maxikleid-in-uebergroesse-mit-tank-taille-dresses"]}]},{"@type":"BreadcrumbList","@id":"https:\/\/bekleidungscenter.com\/?product=amazon-essentials-damen-maxikleid-in-uebergroesse-mit-tank-taille-dresses#breadcrumb","itemListElement":[{"@type":"ListItem","position":1,"name":"Home","item":"https:\/\/bekleidungscenter.com\/"},{"@type":"ListItem","position":2,"name":"Shop","item":"https:\/\/bekleidungscenter.com\/?page_id=7"},{"@type":"ListItem","position":3,"name":"Amazon Essentials Damen Tailliertes Tanktop-Maxikleid(erh\u00e4ltlich in \u00dcbergr\u00f6\u00dfe)"}]},{"@type":"WebSite","@id":"https:\/\/bekleidungscenter.com\/#website","url":"https:\/\/bekleidungscenter.com\/","name":"FamilienMode","description":"Alles f\u00fcr die ganze Familie","potentialAction":[{"@type":"SearchAction","target":{"@type":"EntryPoint","urlTemplate":"https:\/\/bekleidungscenter.com\/?s={search_term_string}"},"query-input":"required name=search_term_string"}],"inLanguage":"de"}]}},"_links":{"self":[{"href":"https:\/\/bekleidungscenter.com\/index.php?rest_route=\/wp\/v2\/product\/7319"}],"collection":[{"href":"https:\/\/bekleidungscenter.com\/index.php?rest_route=\/wp\/v2\/product"}],"about":[{"href":"https:\/\/bekleidungscenter.com\/index.php?rest_route=\/wp\/v2\/types\/product"}],"replies":[{"embeddable":true,"href":"https:\/\/bekleidungscenter.com\/index.php?rest_route=%2Fwp%2Fv2%2Fcomments&post=7319"}],"wp:featuredmedia":[{"embeddable":true,"href":"https:\/\/bekleidungscenter.com\/index.php?rest_route=\/wp\/v2\/media\/7320"}],"wp:attachment":[{"href":"https:\/\/bekleidungscenter.com\/index.php?rest_route=%2Fwp%2Fv2%2Fmedia&parent=7319"}],"wp:term":[{"taxonomy":"product_cat","embeddable":true,"href":"https:\/\/bekleidungscenter.com\/index.php?rest_route=%2Fwp%2Fv2%2Fproduct_cat&post=7319"},{"taxonomy":"product_tag","embeddable":true,"href":"https:\/\/bekleidungscenter.com\/index.php?rest_route=%2Fwp%2Fv2%2Fproduct_tag&post=7319"}],"curies":[{"name":"wp","href":"https:\/\/api.w.org\/{rel}","templated":true}]}}