{"id":7345,"date":"2021-01-03T18:44:56","date_gmt":"2021-01-03T18:44:56","guid":{"rendered":"http:\/\/bekleidungscenter.com\/?product=only-female-skinny-fit-jeans-onlblush-mid-ankle"},"modified":"2023-04-05T21:52:37","modified_gmt":"2023-04-05T21:52:37","slug":"only-female-skinny-fit-jeans-onlblush-mid-ankle","status":"publish","type":"product","link":"https:\/\/bekleidungscenter.com\/?product=only-female-skinny-fit-jeans-onlblush-mid-ankle","title":{"rendered":"ONLY Female Skinny Fit Jeans ONLBlush mid Ankle"},"content":{"rendered":"<p><!-- show up to 2 reviews by default --> <\/p>\n<p>Sanft dar\u00fcber hinaus zuverl\u00e4ssig sitzt diese Jeans s\u00e4mtliche dem Hause ONLY am Bein. Die Hose ist schmal geschnitten dar\u00fcber hinaus betont das Bein zus\u00e4tzlich in Anbetracht des Stretchanteils in der weichen Fasermischung. Au\u00dfergew\u00f6hnlich rockig wird die Jeans dank die offenen Kanten am Saum. Das kn\u00f6chellange Modell im Used-Look beisitzt eine regul\u00e4re Bundh\u00f6he. <\/p>\n<p>Only Damen-Jeans in sch\u00f6ner Slim Fit Passform, destroyed dar\u00fcber hinaus via Stretch Teilzahlung. Used Effekte auf dem Oberschenkel geben der Jeans ein WOW Effekt.<br \/>\nOnly Damen Hose, Artikelnummer: 15159306, Model: OnlBlush Mid Ank Raw Jeans Rea2077\/Noos<br \/>\nNormaler Allianz<br \/>\nVerschluss: Rei\u00dfverschluss<br \/>\n94% Baumwolle, 4% Polyester, 2% Elasthan<br \/>\nSkinny<br \/>\nModellnummer: 15159306<br \/>\nAu\u00dfergew\u00f6hnlich dehnbarer Stoff via Destroyed Look an den Kn\u00f6cheln<br \/>\nNormaler Taillenschnitt, Au\u00dfergew\u00f6hnlich eng anbei dar\u00fcber hinaus Figurbetont<br \/>\nFarbe: Medium Blue Denim, Material: 94% Baumwolle, 4% Polyester, 2% Elasthan, Maschinenw\u00e4sche: 30\u00b0<br \/>\n<div class=\"main-cross-sell\" data-asin=\"B07BDXSFGF\">\n\n\t<div class=\"WooZone-cross-sell-loader\">\n\t\t<div>\n\t\t\t<div id=\"floatingBarsG\">\n\t\t\t\t<div class=\"blockG\" id=\"rotateG_01\"><\/div>\n\t\t\t\t<div class=\"blockG\" id=\"rotateG_02\"><\/div>\n\t\t\t\t<div class=\"blockG\" id=\"rotateG_03\"><\/div>\n\t\t\t\t<div class=\"blockG\" id=\"rotateG_04\"><\/div>\n\t\t\t\t<div class=\"blockG\" id=\"rotateG_05\"><\/div>\n\t\t\t\t<div class=\"blockG\" id=\"rotateG_06\"><\/div>\n\t\t\t\t<div class=\"blockG\" id=\"rotateG_07\"><\/div>\n\t\t\t\t<div class=\"blockG\" id=\"rotateG_08\"><\/div>\n\t\t\t<\/div>\n\t\t\t<div class=\"WooZone-cross-sell-loader-text\"><\/div>\n\t\t<\/div>\n\t<\/div>\n\n\t\t\n<\/div>\n<div style=\"clear:both;\"><\/div><\/p>\n","protected":false},"excerpt":{"rendered":"<p>Only Damen-Jeans in sch\u00f6ner Slim Fit Passform, destroyed und mit Stretch Anteil. Used Effekte auf dem Oberschenkel geben der Jeans ein WOW Effekt.<br \/>\nOnly Damen Hose, Artikelnummer: 15159306, Model: OnlBlush Mid Ank Raw Jeans Rea2077\/Noos<br \/>\nNormaler Bund<\/p>\n","protected":false},"featured_media":7346,"comment_status":"open","ping_status":"closed","template":"","meta":[],"product_cat":[133,129],"product_tag":[],"yoast_head":"<!-- This site is optimized with the Yoast SEO plugin v20.6 - https:\/\/yoast.com\/wordpress\/plugins\/seo\/ -->\n<title>ONLY Female Skinny Fit Jeans ONLBlush mid Ankle - FamilienMode<\/title>\n<meta name=\"robots\" content=\"index, follow, max-snippet:-1, max-image-preview:large, max-video-preview:-1\" \/>\n<link rel=\"canonical\" href=\"https:\/\/bekleidungscenter.com\/?product=only-female-skinny-fit-jeans-onlblush-mid-ankle\" \/>\n<meta property=\"og:locale\" content=\"de_DE\" \/>\n<meta property=\"og:type\" content=\"article\" \/>\n<meta property=\"og:title\" content=\"ONLY Female Skinny Fit Jeans ONLBlush mid Ankle - FamilienMode\" \/>\n<meta property=\"og:description\" content=\"Only Damen-Jeans in sch\u00f6ner Slim Fit Passform, destroyed und mit Stretch Anteil. Used Effekte auf dem Oberschenkel geben der Jeans ein WOW Effekt. Only Damen Hose, Artikelnummer: 15159306, Model: OnlBlush Mid Ank Raw Jeans Rea2077\/Noos Normaler Bund\" \/>\n<meta property=\"og:url\" content=\"https:\/\/bekleidungscenter.com\/?product=only-female-skinny-fit-jeans-onlblush-mid-ankle\" \/>\n<meta property=\"og:site_name\" content=\"FamilienMode\" \/>\n<meta property=\"article:modified_time\" content=\"2023-04-05T21:52:37+00:00\" \/>\n<meta property=\"og:image\" content=\"https:\/\/images-na.ssl-images-amazon.com\/images\/I\/41vpI4iqDsL.jpg\" \/>\n\t<meta property=\"og:image:width\" content=\"500\" \/>\n\t<meta property=\"og:image:height\" content=\"500\" \/>\n\t<meta property=\"og:image:type\" content=\"image\/jpeg\" \/>\n<meta name=\"twitter:card\" content=\"summary_large_image\" \/>\n<meta name=\"twitter:label1\" content=\"Gesch\u00e4tzte Lesezeit\" \/>\n\t<meta name=\"twitter:data1\" content=\"1\u00a0Minute\" \/>\n<script type=\"application\/ld+json\" class=\"yoast-schema-graph\">{\"@context\":\"https:\/\/schema.org\",\"@graph\":[{\"@type\":\"WebPage\",\"@id\":\"https:\/\/bekleidungscenter.com\/?product=only-female-skinny-fit-jeans-onlblush-mid-ankle\",\"url\":\"https:\/\/bekleidungscenter.com\/?product=only-female-skinny-fit-jeans-onlblush-mid-ankle\",\"name\":\"ONLY Female Skinny Fit Jeans ONLBlush mid Ankle - FamilienMode\",\"isPartOf\":{\"@id\":\"https:\/\/bekleidungscenter.com\/#website\"},\"datePublished\":\"2021-01-03T18:44:56+00:00\",\"dateModified\":\"2023-04-05T21:52:37+00:00\",\"breadcrumb\":{\"@id\":\"https:\/\/bekleidungscenter.com\/?product=only-female-skinny-fit-jeans-onlblush-mid-ankle#breadcrumb\"},\"inLanguage\":\"de\",\"potentialAction\":[{\"@type\":\"ReadAction\",\"target\":[\"https:\/\/bekleidungscenter.com\/?product=only-female-skinny-fit-jeans-onlblush-mid-ankle\"]}]},{\"@type\":\"BreadcrumbList\",\"@id\":\"https:\/\/bekleidungscenter.com\/?product=only-female-skinny-fit-jeans-onlblush-mid-ankle#breadcrumb\",\"itemListElement\":[{\"@type\":\"ListItem\",\"position\":1,\"name\":\"Home\",\"item\":\"https:\/\/bekleidungscenter.com\/\"},{\"@type\":\"ListItem\",\"position\":2,\"name\":\"Shop\",\"item\":\"https:\/\/bekleidungscenter.com\/?page_id=7\"},{\"@type\":\"ListItem\",\"position\":3,\"name\":\"ONLY Female Skinny Fit Jeans ONLBlush mid Ankle\"}]},{\"@type\":\"WebSite\",\"@id\":\"https:\/\/bekleidungscenter.com\/#website\",\"url\":\"https:\/\/bekleidungscenter.com\/\",\"name\":\"FamilienMode\",\"description\":\"Alles f\u00fcr die ganze Familie\",\"potentialAction\":[{\"@type\":\"SearchAction\",\"target\":{\"@type\":\"EntryPoint\",\"urlTemplate\":\"https:\/\/bekleidungscenter.com\/?s={search_term_string}\"},\"query-input\":\"required name=search_term_string\"}],\"inLanguage\":\"de\"}]}<\/script>\n<!-- \/ Yoast SEO plugin. -->","yoast_head_json":{"title":"ONLY Female Skinny Fit Jeans ONLBlush mid Ankle - FamilienMode","robots":{"index":"index","follow":"follow","max-snippet":"max-snippet:-1","max-image-preview":"max-image-preview:large","max-video-preview":"max-video-preview:-1"},"canonical":"https:\/\/bekleidungscenter.com\/?product=only-female-skinny-fit-jeans-onlblush-mid-ankle","og_locale":"de_DE","og_type":"article","og_title":"ONLY Female Skinny Fit Jeans ONLBlush mid Ankle - FamilienMode","og_description":"Only Damen-Jeans in sch\u00f6ner Slim Fit Passform, destroyed und mit Stretch Anteil. Used Effekte auf dem Oberschenkel geben der Jeans ein WOW Effekt. Only Damen Hose, Artikelnummer: 15159306, Model: OnlBlush Mid Ank Raw Jeans Rea2077\/Noos Normaler Bund","og_url":"https:\/\/bekleidungscenter.com\/?product=only-female-skinny-fit-jeans-onlblush-mid-ankle","og_site_name":"FamilienMode","article_modified_time":"2023-04-05T21:52:37+00:00","og_image":[{"width":500,"height":500,"url":"https:\/\/images-na.ssl-images-amazon.com\/images\/I\/41vpI4iqDsL.jpg","type":"image\/jpeg"}],"twitter_card":"summary_large_image","twitter_misc":{"Gesch\u00e4tzte Lesezeit":"1\u00a0Minute"},"schema":{"@context":"https:\/\/schema.org","@graph":[{"@type":"WebPage","@id":"https:\/\/bekleidungscenter.com\/?product=only-female-skinny-fit-jeans-onlblush-mid-ankle","url":"https:\/\/bekleidungscenter.com\/?product=only-female-skinny-fit-jeans-onlblush-mid-ankle","name":"ONLY Female Skinny Fit Jeans ONLBlush mid Ankle - FamilienMode","isPartOf":{"@id":"https:\/\/bekleidungscenter.com\/#website"},"datePublished":"2021-01-03T18:44:56+00:00","dateModified":"2023-04-05T21:52:37+00:00","breadcrumb":{"@id":"https:\/\/bekleidungscenter.com\/?product=only-female-skinny-fit-jeans-onlblush-mid-ankle#breadcrumb"},"inLanguage":"de","potentialAction":[{"@type":"ReadAction","target":["https:\/\/bekleidungscenter.com\/?product=only-female-skinny-fit-jeans-onlblush-mid-ankle"]}]},{"@type":"BreadcrumbList","@id":"https:\/\/bekleidungscenter.com\/?product=only-female-skinny-fit-jeans-onlblush-mid-ankle#breadcrumb","itemListElement":[{"@type":"ListItem","position":1,"name":"Home","item":"https:\/\/bekleidungscenter.com\/"},{"@type":"ListItem","position":2,"name":"Shop","item":"https:\/\/bekleidungscenter.com\/?page_id=7"},{"@type":"ListItem","position":3,"name":"ONLY Female Skinny Fit Jeans ONLBlush mid Ankle"}]},{"@type":"WebSite","@id":"https:\/\/bekleidungscenter.com\/#website","url":"https:\/\/bekleidungscenter.com\/","name":"FamilienMode","description":"Alles f\u00fcr die ganze Familie","potentialAction":[{"@type":"SearchAction","target":{"@type":"EntryPoint","urlTemplate":"https:\/\/bekleidungscenter.com\/?s={search_term_string}"},"query-input":"required name=search_term_string"}],"inLanguage":"de"}]}},"_links":{"self":[{"href":"https:\/\/bekleidungscenter.com\/index.php?rest_route=\/wp\/v2\/product\/7345"}],"collection":[{"href":"https:\/\/bekleidungscenter.com\/index.php?rest_route=\/wp\/v2\/product"}],"about":[{"href":"https:\/\/bekleidungscenter.com\/index.php?rest_route=\/wp\/v2\/types\/product"}],"replies":[{"embeddable":true,"href":"https:\/\/bekleidungscenter.com\/index.php?rest_route=%2Fwp%2Fv2%2Fcomments&post=7345"}],"wp:featuredmedia":[{"embeddable":true,"href":"https:\/\/bekleidungscenter.com\/index.php?rest_route=\/wp\/v2\/media\/7346"}],"wp:attachment":[{"href":"https:\/\/bekleidungscenter.com\/index.php?rest_route=%2Fwp%2Fv2%2Fmedia&parent=7345"}],"wp:term":[{"taxonomy":"product_cat","embeddable":true,"href":"https:\/\/bekleidungscenter.com\/index.php?rest_route=%2Fwp%2Fv2%2Fproduct_cat&post=7345"},{"taxonomy":"product_tag","embeddable":true,"href":"https:\/\/bekleidungscenter.com\/index.php?rest_route=%2Fwp%2Fv2%2Fproduct_tag&post=7345"}],"curies":[{"name":"wp","href":"https:\/\/api.w.org\/{rel}","templated":true}]}}