{"id":7399,"date":"2021-01-03T18:45:43","date_gmt":"2021-01-03T18:45:43","guid":{"rendered":"http:\/\/bekleidungscenter.com\/?product=mavi-damen-adriana-ankle-mid-str-jeanshose"},"modified":"2023-04-05T21:52:38","modified_gmt":"2023-04-05T21:52:38","slug":"mavi-damen-adriana-ankle-mid-str-jeanshose","status":"publish","type":"product","link":"https:\/\/bekleidungscenter.com\/?product=mavi-damen-adriana-ankle-mid-str-jeanshose","title":{"rendered":"Mavi Damen Adriana Ankle Mid STR Jeanshose"},"content":{"rendered":"<p><!-- show up to 2 reviews by default --> <\/p>\n<p>Die Adriana Ankle ist eine verk\u00fcrzte super skinny Jeans mit Hilfe von einer mittleren Leibh\u00f6he. Auf Grund den Elasthananteil schmiegt sie sich dem K\u00f6rper an dar\u00fcber hinaus hat einen angenehmen Tragekomfort. Die Waschung ist zeitlos dar\u00fcber hinaus ist allerdings zu allem kombinierbar.<\/p>\n<p>b2c_beinl\u00e4nge: ankle<\/p>\n<p>b2c_bundh\u00f6he: mittel<\/p>\n<p>b2c_passform_jeans_hos: super skinny<\/p>\n<p>b2c_styles: ADRIANA ANKLE<\/p>\n<p>Besondere Merkmale: Verk\u00fcrzt<\/p>\n<p>Materialzusammensetzung in %: 98% Baumwolle,2% Elasthan<\/p>\n<p>Pflegehinweise: 30\u00b0C Maschinenw\u00e4sche<\/p>\n<p>Geschlecht: Erwachsene<\/p>\n<\/p>\n<p>Auf Grund die mittlere Leibh\u00f6he dar\u00fcber hinaus den schmalen Beinverlauf schmeichelt die Adriana deiner Figur uns ist als Folge ein absolutes It-Piece in deinem Kleiderschrank.<br \/>\nUsed Look ist der Klassiker dar\u00fcber hinaus dasrf in keinem Kleiderschrank im Stich lassen. Auf Grund die verk\u00fcrzte Beinl\u00e4nge kann man sie super mit Hilfe von Sneaker, gleichwohl bekannt als mit Hilfe von High Heels verstreben.<br \/>\nNormaler Zusammenschluss<br \/>\nVerschluss: Rei\u00dfverschluss<br \/>\n98% Baumwolle, 2% Elasthan<br \/>\nSkinny<br \/>\nPflegehinweis: Maschinenw\u00e4sche<br \/>\nModellnummer: 1072922302<br \/>\n<div class=\"main-cross-sell\" data-asin=\"B01I9LDJ6I\">\n\n\t<div class=\"WooZone-cross-sell-loader\">\n\t\t<div>\n\t\t\t<div id=\"floatingBarsG\">\n\t\t\t\t<div class=\"blockG\" id=\"rotateG_01\"><\/div>\n\t\t\t\t<div class=\"blockG\" id=\"rotateG_02\"><\/div>\n\t\t\t\t<div class=\"blockG\" id=\"rotateG_03\"><\/div>\n\t\t\t\t<div class=\"blockG\" id=\"rotateG_04\"><\/div>\n\t\t\t\t<div class=\"blockG\" id=\"rotateG_05\"><\/div>\n\t\t\t\t<div class=\"blockG\" id=\"rotateG_06\"><\/div>\n\t\t\t\t<div class=\"blockG\" id=\"rotateG_07\"><\/div>\n\t\t\t\t<div class=\"blockG\" id=\"rotateG_08\"><\/div>\n\t\t\t<\/div>\n\t\t\t<div class=\"WooZone-cross-sell-loader-text\"><\/div>\n\t\t<\/div>\n\t<\/div>\n\n\t\t\n<\/div>\n<div style=\"clear:both;\"><\/div><\/p>\n","protected":false},"excerpt":{"rendered":"<p>Durch die mittlere Leibh\u00f6he und den schmalen Beinverlauf schmeichelt die Adriana deiner Figur uns ist somit ein absolutes It-Piece in deinem Kleiderschrank.<br \/>\nUsed Look ist der Klassiker und dasrf in keinem Kleiderschrank fehlen. Durch die verk\u00fcrzte Beinl\u00e4nge kann man sie super mit Sneaker, aber auch mit High Heels tragen.<br \/>\nNormaler Bund<\/p>\n","protected":false},"featured_media":7400,"comment_status":"open","ping_status":"closed","template":"","meta":[],"product_cat":[133,129],"product_tag":[],"yoast_head":"<!-- This site is optimized with the Yoast SEO plugin v20.6 - https:\/\/yoast.com\/wordpress\/plugins\/seo\/ -->\n<title>Mavi Damen Adriana Ankle Mid STR Jeanshose - FamilienMode<\/title>\n<meta name=\"robots\" content=\"index, follow, max-snippet:-1, max-image-preview:large, max-video-preview:-1\" \/>\n<link rel=\"canonical\" href=\"https:\/\/bekleidungscenter.com\/?product=mavi-damen-adriana-ankle-mid-str-jeanshose\" \/>\n<meta property=\"og:locale\" content=\"de_DE\" \/>\n<meta property=\"og:type\" content=\"article\" \/>\n<meta property=\"og:title\" content=\"Mavi Damen Adriana Ankle Mid STR Jeanshose - FamilienMode\" \/>\n<meta property=\"og:description\" content=\"Durch die mittlere Leibh\u00f6he und den schmalen Beinverlauf schmeichelt die Adriana deiner Figur uns ist somit ein absolutes It-Piece in deinem Kleiderschrank. Used Look ist der Klassiker und dasrf in keinem Kleiderschrank fehlen. Durch die verk\u00fcrzte Beinl\u00e4nge kann man sie super mit Sneaker, aber auch mit High Heels tragen. Normaler Bund\" \/>\n<meta property=\"og:url\" content=\"https:\/\/bekleidungscenter.com\/?product=mavi-damen-adriana-ankle-mid-str-jeanshose\" \/>\n<meta property=\"og:site_name\" content=\"FamilienMode\" \/>\n<meta property=\"article:modified_time\" content=\"2023-04-05T21:52:38+00:00\" \/>\n<meta property=\"og:image\" content=\"https:\/\/images-na.ssl-images-amazon.com\/images\/I\/41BmitunbNL.jpg\" \/>\n\t<meta property=\"og:image:width\" content=\"500\" \/>\n\t<meta property=\"og:image:height\" content=\"500\" \/>\n\t<meta property=\"og:image:type\" content=\"image\/jpeg\" \/>\n<meta name=\"twitter:card\" content=\"summary_large_image\" \/>\n<meta name=\"twitter:label1\" content=\"Gesch\u00e4tzte Lesezeit\" \/>\n\t<meta name=\"twitter:data1\" content=\"1\u00a0Minute\" \/>\n<script type=\"application\/ld+json\" class=\"yoast-schema-graph\">{\"@context\":\"https:\/\/schema.org\",\"@graph\":[{\"@type\":\"WebPage\",\"@id\":\"https:\/\/bekleidungscenter.com\/?product=mavi-damen-adriana-ankle-mid-str-jeanshose\",\"url\":\"https:\/\/bekleidungscenter.com\/?product=mavi-damen-adriana-ankle-mid-str-jeanshose\",\"name\":\"Mavi Damen Adriana Ankle Mid STR Jeanshose - FamilienMode\",\"isPartOf\":{\"@id\":\"https:\/\/bekleidungscenter.com\/#website\"},\"datePublished\":\"2021-01-03T18:45:43+00:00\",\"dateModified\":\"2023-04-05T21:52:38+00:00\",\"breadcrumb\":{\"@id\":\"https:\/\/bekleidungscenter.com\/?product=mavi-damen-adriana-ankle-mid-str-jeanshose#breadcrumb\"},\"inLanguage\":\"de\",\"potentialAction\":[{\"@type\":\"ReadAction\",\"target\":[\"https:\/\/bekleidungscenter.com\/?product=mavi-damen-adriana-ankle-mid-str-jeanshose\"]}]},{\"@type\":\"BreadcrumbList\",\"@id\":\"https:\/\/bekleidungscenter.com\/?product=mavi-damen-adriana-ankle-mid-str-jeanshose#breadcrumb\",\"itemListElement\":[{\"@type\":\"ListItem\",\"position\":1,\"name\":\"Home\",\"item\":\"https:\/\/bekleidungscenter.com\/\"},{\"@type\":\"ListItem\",\"position\":2,\"name\":\"Shop\",\"item\":\"https:\/\/bekleidungscenter.com\/?page_id=7\"},{\"@type\":\"ListItem\",\"position\":3,\"name\":\"Mavi Damen Adriana Ankle Mid STR Jeanshose\"}]},{\"@type\":\"WebSite\",\"@id\":\"https:\/\/bekleidungscenter.com\/#website\",\"url\":\"https:\/\/bekleidungscenter.com\/\",\"name\":\"FamilienMode\",\"description\":\"Alles f\u00fcr die ganze Familie\",\"potentialAction\":[{\"@type\":\"SearchAction\",\"target\":{\"@type\":\"EntryPoint\",\"urlTemplate\":\"https:\/\/bekleidungscenter.com\/?s={search_term_string}\"},\"query-input\":\"required name=search_term_string\"}],\"inLanguage\":\"de\"}]}<\/script>\n<!-- \/ Yoast SEO plugin. -->","yoast_head_json":{"title":"Mavi Damen Adriana Ankle Mid STR Jeanshose - FamilienMode","robots":{"index":"index","follow":"follow","max-snippet":"max-snippet:-1","max-image-preview":"max-image-preview:large","max-video-preview":"max-video-preview:-1"},"canonical":"https:\/\/bekleidungscenter.com\/?product=mavi-damen-adriana-ankle-mid-str-jeanshose","og_locale":"de_DE","og_type":"article","og_title":"Mavi Damen Adriana Ankle Mid STR Jeanshose - FamilienMode","og_description":"Durch die mittlere Leibh\u00f6he und den schmalen Beinverlauf schmeichelt die Adriana deiner Figur uns ist somit ein absolutes It-Piece in deinem Kleiderschrank. Used Look ist der Klassiker und dasrf in keinem Kleiderschrank fehlen. Durch die verk\u00fcrzte Beinl\u00e4nge kann man sie super mit Sneaker, aber auch mit High Heels tragen. Normaler Bund","og_url":"https:\/\/bekleidungscenter.com\/?product=mavi-damen-adriana-ankle-mid-str-jeanshose","og_site_name":"FamilienMode","article_modified_time":"2023-04-05T21:52:38+00:00","og_image":[{"width":500,"height":500,"url":"https:\/\/images-na.ssl-images-amazon.com\/images\/I\/41BmitunbNL.jpg","type":"image\/jpeg"}],"twitter_card":"summary_large_image","twitter_misc":{"Gesch\u00e4tzte Lesezeit":"1\u00a0Minute"},"schema":{"@context":"https:\/\/schema.org","@graph":[{"@type":"WebPage","@id":"https:\/\/bekleidungscenter.com\/?product=mavi-damen-adriana-ankle-mid-str-jeanshose","url":"https:\/\/bekleidungscenter.com\/?product=mavi-damen-adriana-ankle-mid-str-jeanshose","name":"Mavi Damen Adriana Ankle Mid STR Jeanshose - FamilienMode","isPartOf":{"@id":"https:\/\/bekleidungscenter.com\/#website"},"datePublished":"2021-01-03T18:45:43+00:00","dateModified":"2023-04-05T21:52:38+00:00","breadcrumb":{"@id":"https:\/\/bekleidungscenter.com\/?product=mavi-damen-adriana-ankle-mid-str-jeanshose#breadcrumb"},"inLanguage":"de","potentialAction":[{"@type":"ReadAction","target":["https:\/\/bekleidungscenter.com\/?product=mavi-damen-adriana-ankle-mid-str-jeanshose"]}]},{"@type":"BreadcrumbList","@id":"https:\/\/bekleidungscenter.com\/?product=mavi-damen-adriana-ankle-mid-str-jeanshose#breadcrumb","itemListElement":[{"@type":"ListItem","position":1,"name":"Home","item":"https:\/\/bekleidungscenter.com\/"},{"@type":"ListItem","position":2,"name":"Shop","item":"https:\/\/bekleidungscenter.com\/?page_id=7"},{"@type":"ListItem","position":3,"name":"Mavi Damen Adriana Ankle Mid STR Jeanshose"}]},{"@type":"WebSite","@id":"https:\/\/bekleidungscenter.com\/#website","url":"https:\/\/bekleidungscenter.com\/","name":"FamilienMode","description":"Alles f\u00fcr die ganze Familie","potentialAction":[{"@type":"SearchAction","target":{"@type":"EntryPoint","urlTemplate":"https:\/\/bekleidungscenter.com\/?s={search_term_string}"},"query-input":"required name=search_term_string"}],"inLanguage":"de"}]}},"_links":{"self":[{"href":"https:\/\/bekleidungscenter.com\/index.php?rest_route=\/wp\/v2\/product\/7399"}],"collection":[{"href":"https:\/\/bekleidungscenter.com\/index.php?rest_route=\/wp\/v2\/product"}],"about":[{"href":"https:\/\/bekleidungscenter.com\/index.php?rest_route=\/wp\/v2\/types\/product"}],"replies":[{"embeddable":true,"href":"https:\/\/bekleidungscenter.com\/index.php?rest_route=%2Fwp%2Fv2%2Fcomments&post=7399"}],"wp:featuredmedia":[{"embeddable":true,"href":"https:\/\/bekleidungscenter.com\/index.php?rest_route=\/wp\/v2\/media\/7400"}],"wp:attachment":[{"href":"https:\/\/bekleidungscenter.com\/index.php?rest_route=%2Fwp%2Fv2%2Fmedia&parent=7399"}],"wp:term":[{"taxonomy":"product_cat","embeddable":true,"href":"https:\/\/bekleidungscenter.com\/index.php?rest_route=%2Fwp%2Fv2%2Fproduct_cat&post=7399"},{"taxonomy":"product_tag","embeddable":true,"href":"https:\/\/bekleidungscenter.com\/index.php?rest_route=%2Fwp%2Fv2%2Fproduct_tag&post=7399"}],"curies":[{"name":"wp","href":"https:\/\/api.w.org\/{rel}","templated":true}]}}