{"id":7464,"date":"2021-01-03T18:46:46","date_gmt":"2021-01-03T18:46:46","guid":{"rendered":"http:\/\/bekleidungscenter.com\/?product=stehmann-ina-740-stretchhose-in-aktuellen-farben"},"modified":"2023-04-10T22:39:06","modified_gmt":"2023-04-10T22:39:06","slug":"stehmann-ina-740-stretchhose-in-aktuellen-farben","status":"publish","type":"product","link":"https:\/\/bekleidungscenter.com\/?product=stehmann-ina-740-stretchhose-in-aktuellen-farben","title":{"rendered":"Stehmann &#8211; INA &#8211; 740 &#8211; Stretchhose in aktuellen Farben"},"content":{"rendered":"<p><!-- show up to 2 reviews by default --> <\/p>\n<p>Die beliebte Figurumschmeichelnde Stehmann Stretchhose , Modell \u201eIna 740\u201c ist ein absolutes Highlight. Sie ist nicht Trotzdem die beliebteste, sie ist bekannt als die meistverkaufte Damenhose Deutschlands. Bei aus Bewegung sitzt sie einfach perfekt durch das super stretchige Viskose Material bekannt als Bengalin Stretch genannt. Durch diesen hohen Viskose Abzahlung gibt es bekannt als bei hei\u00dfen Temperaturen kein schwitzen, so kann sie durchaus f\u00fcr jede Gelegenheit getragen werden. Noch dazu wird sie die sogenannte Kofferqualit\u00e4t die ein B\u00fcgeleisen auf Reisen \u00fcberfl\u00fcssig macht, begeistern. Es gibt bekannt als nach langem Katalysieren keine ausgebeulten Knie und die Form der Hose bleibt erhalten. Durch den hohen und nicht auftragenden Gummibund und keinerlei Taschen und Verschl\u00fcsse ist es die absolute Wohlf\u00fchlhose, die so manche Problemzone massiv gekonnt verdeckt. Trotzdem am Hosenende befindet sich ein kleiner Schlitz und an der Abseite der Hose eine durchgehende L\u00e4ngsnaht, die der Hose das optische \u201eGewisse Etwas\u201c verleiht. Ob elegant oder zum Shoppen sowie bekannt als zum Sport, egal ob Sommer oder Winter. F\u00fcr jede Gelegenheit ist sie die passende Hose. Zu \u00e4stimieren ist die Hosengr\u00f6sse die unbedingt eine bis zwei Nummern kleiner gekauft werden sollte. <\/p>\n<p>Stehmann Ina 740<br \/>\nStehmann<br \/>\nHoher Koalition<br \/>\nVerschluss: ohne Verschluss<br \/>\n72% Viskose, 25% Polyamid, 3% Elasthan<br \/>\nSlim<br \/>\nPflegehinweis: Maschinenw\u00e4sche<br \/>\nModellnummer: Ina 740<br \/>\nHose<br \/>\nHosen<br \/>\n<div class=\"main-cross-sell\" data-asin=\"B00ELQ0YZK\">\n\n\t<div class=\"WooZone-cross-sell-loader\">\n\t\t<div>\n\t\t\t<div id=\"floatingBarsG\">\n\t\t\t\t<div class=\"blockG\" id=\"rotateG_01\"><\/div>\n\t\t\t\t<div class=\"blockG\" id=\"rotateG_02\"><\/div>\n\t\t\t\t<div class=\"blockG\" id=\"rotateG_03\"><\/div>\n\t\t\t\t<div class=\"blockG\" id=\"rotateG_04\"><\/div>\n\t\t\t\t<div class=\"blockG\" id=\"rotateG_05\"><\/div>\n\t\t\t\t<div class=\"blockG\" id=\"rotateG_06\"><\/div>\n\t\t\t\t<div class=\"blockG\" id=\"rotateG_07\"><\/div>\n\t\t\t\t<div class=\"blockG\" id=\"rotateG_08\"><\/div>\n\t\t\t<\/div>\n\t\t\t<div class=\"WooZone-cross-sell-loader-text\"><\/div>\n\t\t<\/div>\n\t<\/div>\n\n\t\t\n<\/div>\n<div style=\"clear:both;\"><\/div><\/p>\n","protected":false},"excerpt":{"rendered":"<p>Stehmann Ina 740<br \/>\nStehmann<br \/>\nHoher Bund<\/p>\n","protected":false},"featured_media":7465,"comment_status":"open","ping_status":"closed","template":"","meta":[],"product_cat":[133,129],"product_tag":[],"yoast_head":"<!-- This site is optimized with the Yoast SEO plugin v20.6 - https:\/\/yoast.com\/wordpress\/plugins\/seo\/ -->\n<title>Stehmann - INA - 740 - Stretchhose in aktuellen Farben - FamilienMode<\/title>\n<meta name=\"robots\" content=\"index, follow, max-snippet:-1, max-image-preview:large, max-video-preview:-1\" \/>\n<link rel=\"canonical\" href=\"https:\/\/bekleidungscenter.com\/?product=stehmann-ina-740-stretchhose-in-aktuellen-farben\" \/>\n<meta property=\"og:locale\" content=\"de_DE\" \/>\n<meta property=\"og:type\" content=\"article\" \/>\n<meta property=\"og:title\" content=\"Stehmann - INA - 740 - Stretchhose in aktuellen Farben - FamilienMode\" \/>\n<meta property=\"og:description\" content=\"Stehmann Ina 740 Stehmann Hoher Bund\" \/>\n<meta property=\"og:url\" content=\"https:\/\/bekleidungscenter.com\/?product=stehmann-ina-740-stretchhose-in-aktuellen-farben\" \/>\n<meta property=\"og:site_name\" content=\"FamilienMode\" \/>\n<meta property=\"article:modified_time\" content=\"2023-04-10T22:39:06+00:00\" \/>\n<meta property=\"og:image\" content=\"https:\/\/images-na.ssl-images-amazon.com\/images\/I\/311gOpVwt9L.jpg\" \/>\n\t<meta property=\"og:image:width\" content=\"500\" \/>\n\t<meta property=\"og:image:height\" content=\"500\" \/>\n\t<meta property=\"og:image:type\" content=\"image\/jpeg\" \/>\n<meta name=\"twitter:card\" content=\"summary_large_image\" \/>\n<meta name=\"twitter:label1\" content=\"Gesch\u00e4tzte Lesezeit\" \/>\n\t<meta name=\"twitter:data1\" content=\"1\u00a0Minute\" \/>\n<script type=\"application\/ld+json\" class=\"yoast-schema-graph\">{\"@context\":\"https:\/\/schema.org\",\"@graph\":[{\"@type\":\"WebPage\",\"@id\":\"https:\/\/bekleidungscenter.com\/?product=stehmann-ina-740-stretchhose-in-aktuellen-farben\",\"url\":\"https:\/\/bekleidungscenter.com\/?product=stehmann-ina-740-stretchhose-in-aktuellen-farben\",\"name\":\"Stehmann - INA - 740 - Stretchhose in aktuellen Farben - FamilienMode\",\"isPartOf\":{\"@id\":\"https:\/\/bekleidungscenter.com\/#website\"},\"datePublished\":\"2021-01-03T18:46:46+00:00\",\"dateModified\":\"2023-04-10T22:39:06+00:00\",\"breadcrumb\":{\"@id\":\"https:\/\/bekleidungscenter.com\/?product=stehmann-ina-740-stretchhose-in-aktuellen-farben#breadcrumb\"},\"inLanguage\":\"de\",\"potentialAction\":[{\"@type\":\"ReadAction\",\"target\":[\"https:\/\/bekleidungscenter.com\/?product=stehmann-ina-740-stretchhose-in-aktuellen-farben\"]}]},{\"@type\":\"BreadcrumbList\",\"@id\":\"https:\/\/bekleidungscenter.com\/?product=stehmann-ina-740-stretchhose-in-aktuellen-farben#breadcrumb\",\"itemListElement\":[{\"@type\":\"ListItem\",\"position\":1,\"name\":\"Home\",\"item\":\"https:\/\/bekleidungscenter.com\/\"},{\"@type\":\"ListItem\",\"position\":2,\"name\":\"Shop\",\"item\":\"https:\/\/bekleidungscenter.com\/?page_id=7\"},{\"@type\":\"ListItem\",\"position\":3,\"name\":\"Stehmann &#8211; INA &#8211; 740 &#8211; Stretchhose in aktuellen Farben\"}]},{\"@type\":\"WebSite\",\"@id\":\"https:\/\/bekleidungscenter.com\/#website\",\"url\":\"https:\/\/bekleidungscenter.com\/\",\"name\":\"FamilienMode\",\"description\":\"Alles f\u00fcr die ganze Familie\",\"potentialAction\":[{\"@type\":\"SearchAction\",\"target\":{\"@type\":\"EntryPoint\",\"urlTemplate\":\"https:\/\/bekleidungscenter.com\/?s={search_term_string}\"},\"query-input\":\"required name=search_term_string\"}],\"inLanguage\":\"de\"}]}<\/script>\n<!-- \/ Yoast SEO plugin. -->","yoast_head_json":{"title":"Stehmann - INA - 740 - Stretchhose in aktuellen Farben - FamilienMode","robots":{"index":"index","follow":"follow","max-snippet":"max-snippet:-1","max-image-preview":"max-image-preview:large","max-video-preview":"max-video-preview:-1"},"canonical":"https:\/\/bekleidungscenter.com\/?product=stehmann-ina-740-stretchhose-in-aktuellen-farben","og_locale":"de_DE","og_type":"article","og_title":"Stehmann - INA - 740 - Stretchhose in aktuellen Farben - FamilienMode","og_description":"Stehmann Ina 740 Stehmann Hoher Bund","og_url":"https:\/\/bekleidungscenter.com\/?product=stehmann-ina-740-stretchhose-in-aktuellen-farben","og_site_name":"FamilienMode","article_modified_time":"2023-04-10T22:39:06+00:00","og_image":[{"width":500,"height":500,"url":"https:\/\/images-na.ssl-images-amazon.com\/images\/I\/311gOpVwt9L.jpg","type":"image\/jpeg"}],"twitter_card":"summary_large_image","twitter_misc":{"Gesch\u00e4tzte Lesezeit":"1\u00a0Minute"},"schema":{"@context":"https:\/\/schema.org","@graph":[{"@type":"WebPage","@id":"https:\/\/bekleidungscenter.com\/?product=stehmann-ina-740-stretchhose-in-aktuellen-farben","url":"https:\/\/bekleidungscenter.com\/?product=stehmann-ina-740-stretchhose-in-aktuellen-farben","name":"Stehmann - INA - 740 - Stretchhose in aktuellen Farben - FamilienMode","isPartOf":{"@id":"https:\/\/bekleidungscenter.com\/#website"},"datePublished":"2021-01-03T18:46:46+00:00","dateModified":"2023-04-10T22:39:06+00:00","breadcrumb":{"@id":"https:\/\/bekleidungscenter.com\/?product=stehmann-ina-740-stretchhose-in-aktuellen-farben#breadcrumb"},"inLanguage":"de","potentialAction":[{"@type":"ReadAction","target":["https:\/\/bekleidungscenter.com\/?product=stehmann-ina-740-stretchhose-in-aktuellen-farben"]}]},{"@type":"BreadcrumbList","@id":"https:\/\/bekleidungscenter.com\/?product=stehmann-ina-740-stretchhose-in-aktuellen-farben#breadcrumb","itemListElement":[{"@type":"ListItem","position":1,"name":"Home","item":"https:\/\/bekleidungscenter.com\/"},{"@type":"ListItem","position":2,"name":"Shop","item":"https:\/\/bekleidungscenter.com\/?page_id=7"},{"@type":"ListItem","position":3,"name":"Stehmann &#8211; INA &#8211; 740 &#8211; Stretchhose in aktuellen Farben"}]},{"@type":"WebSite","@id":"https:\/\/bekleidungscenter.com\/#website","url":"https:\/\/bekleidungscenter.com\/","name":"FamilienMode","description":"Alles f\u00fcr die ganze Familie","potentialAction":[{"@type":"SearchAction","target":{"@type":"EntryPoint","urlTemplate":"https:\/\/bekleidungscenter.com\/?s={search_term_string}"},"query-input":"required name=search_term_string"}],"inLanguage":"de"}]}},"_links":{"self":[{"href":"https:\/\/bekleidungscenter.com\/index.php?rest_route=\/wp\/v2\/product\/7464"}],"collection":[{"href":"https:\/\/bekleidungscenter.com\/index.php?rest_route=\/wp\/v2\/product"}],"about":[{"href":"https:\/\/bekleidungscenter.com\/index.php?rest_route=\/wp\/v2\/types\/product"}],"replies":[{"embeddable":true,"href":"https:\/\/bekleidungscenter.com\/index.php?rest_route=%2Fwp%2Fv2%2Fcomments&post=7464"}],"wp:featuredmedia":[{"embeddable":true,"href":"https:\/\/bekleidungscenter.com\/index.php?rest_route=\/wp\/v2\/media\/7465"}],"wp:attachment":[{"href":"https:\/\/bekleidungscenter.com\/index.php?rest_route=%2Fwp%2Fv2%2Fmedia&parent=7464"}],"wp:term":[{"taxonomy":"product_cat","embeddable":true,"href":"https:\/\/bekleidungscenter.com\/index.php?rest_route=%2Fwp%2Fv2%2Fproduct_cat&post=7464"},{"taxonomy":"product_tag","embeddable":true,"href":"https:\/\/bekleidungscenter.com\/index.php?rest_route=%2Fwp%2Fv2%2Fproduct_tag&post=7464"}],"curies":[{"name":"wp","href":"https:\/\/api.w.org\/{rel}","templated":true}]}}