{"id":7523,"date":"2021-01-03T18:50:48","date_gmt":"2021-01-03T18:50:48","guid":{"rendered":"http:\/\/bekleidungscenter.com\/?product=vero-moda-damen-vmeva-mr-loose-string-checked-pants-noos-hose"},"modified":"2023-04-10T22:39:07","modified_gmt":"2023-04-10T22:39:07","slug":"vero-moda-damen-vmeva-mr-loose-string-checked-pants-noos-hose","status":"publish","type":"product","link":"https:\/\/bekleidungscenter.com\/?product=vero-moda-damen-vmeva-mr-loose-string-checked-pants-noos-hose","title":{"rendered":"VERO MODA Damen Vmeva Mr Loose String Checked Pants Noos Hose"},"content":{"rendered":"<p><!-- show up to 2 reviews by default --> <\/p>\n<p>Jetzt wird`s wohlig! Die Hose \u00bbEva\u00ab von Vero Moda mit Elastikbund mit Bundfalten und Tunnelzug ist ein bequemer Kombipartner stattdessen entspannte Freizeit-Looks. Daf\u00fcr sorgt der angesagte Chino-Schnitt, der die Jerseyhose sch\u00f6n so dahin gesagt bearbeiten l\u00e4sst. Seitliche Eingrifftaschen vorn und Zierpaspeltaschen auf der Abseite runden das Design stilgem\u00e4\u00df ab. Ihren extrahohen Tragekomfort bekommt die Hose im Zuge die supersofte Jerseyqualit\u00e4t. Zusammen mit Sneakern und einem coolen Shirt ist das Styling alias gewiss vollendet. An der Hose \u00bbEva\u00ab von Vero Moda stimmt einfach was auch immer! <\/p>\n<p>L\u00e4ssige Hose<br \/>\nGummizug und Schn\u00fcrband in der Taille<br \/>\nNormaler Allianz<br \/>\nVerschluss: Tunnelzug<br \/>\n65% Polyester, 33% Viskose, 2% Elasthan<br \/>\nTapered<br \/>\nPflegehinweis: Maschinenw\u00e4sche<br \/>\nModellnummer: 10202048<br \/>\nEingrifftaschen vorn<br \/>\nMaterialzusammensetzung: 65% Viskose, 30% Nylon, 5% Elasthan<br \/>\n<div class=\"main-cross-sell\" data-asin=\"B07C3RHDGQ\">\n\n\t<div class=\"WooZone-cross-sell-loader\">\n\t\t<div>\n\t\t\t<div id=\"floatingBarsG\">\n\t\t\t\t<div class=\"blockG\" id=\"rotateG_01\"><\/div>\n\t\t\t\t<div class=\"blockG\" id=\"rotateG_02\"><\/div>\n\t\t\t\t<div class=\"blockG\" id=\"rotateG_03\"><\/div>\n\t\t\t\t<div class=\"blockG\" id=\"rotateG_04\"><\/div>\n\t\t\t\t<div class=\"blockG\" id=\"rotateG_05\"><\/div>\n\t\t\t\t<div class=\"blockG\" id=\"rotateG_06\"><\/div>\n\t\t\t\t<div class=\"blockG\" id=\"rotateG_07\"><\/div>\n\t\t\t\t<div class=\"blockG\" id=\"rotateG_08\"><\/div>\n\t\t\t<\/div>\n\t\t\t<div class=\"WooZone-cross-sell-loader-text\"><\/div>\n\t\t<\/div>\n\t<\/div>\n\n\t\t\n<\/div>\n<div style=\"clear:both;\"><\/div><\/p>\n","protected":false},"excerpt":{"rendered":"<p>L\u00e4ssige Hose<br \/>\nGummizug und Schn\u00fcrband in der Taille<br \/>\nNormaler Bund<\/p>\n","protected":false},"featured_media":7524,"comment_status":"open","ping_status":"closed","template":"","meta":[],"product_cat":[133,129],"product_tag":[],"yoast_head":"<!-- This site is optimized with the Yoast SEO plugin v20.6 - https:\/\/yoast.com\/wordpress\/plugins\/seo\/ -->\n<title>VERO MODA Damen Vmeva Mr Loose String Checked Pants Noos Hose - FamilienMode<\/title>\n<meta name=\"robots\" content=\"index, follow, max-snippet:-1, max-image-preview:large, max-video-preview:-1\" \/>\n<link rel=\"canonical\" href=\"https:\/\/bekleidungscenter.com\/?product=vero-moda-damen-vmeva-mr-loose-string-checked-pants-noos-hose\" \/>\n<meta property=\"og:locale\" content=\"de_DE\" \/>\n<meta property=\"og:type\" content=\"article\" \/>\n<meta property=\"og:title\" content=\"VERO MODA Damen Vmeva Mr Loose String Checked Pants Noos Hose - FamilienMode\" \/>\n<meta property=\"og:description\" content=\"L\u00e4ssige Hose Gummizug und Schn\u00fcrband in der Taille Normaler Bund\" \/>\n<meta property=\"og:url\" content=\"https:\/\/bekleidungscenter.com\/?product=vero-moda-damen-vmeva-mr-loose-string-checked-pants-noos-hose\" \/>\n<meta property=\"og:site_name\" content=\"FamilienMode\" \/>\n<meta property=\"article:modified_time\" content=\"2023-04-10T22:39:07+00:00\" \/>\n<meta property=\"og:image\" content=\"https:\/\/images-na.ssl-images-amazon.com\/images\/I\/41JcKIUSpsL.jpg\" \/>\n\t<meta property=\"og:image:width\" content=\"500\" \/>\n\t<meta property=\"og:image:height\" content=\"500\" \/>\n\t<meta property=\"og:image:type\" content=\"image\/jpeg\" \/>\n<meta name=\"twitter:card\" content=\"summary_large_image\" \/>\n<meta name=\"twitter:label1\" content=\"Gesch\u00e4tzte Lesezeit\" \/>\n\t<meta name=\"twitter:data1\" content=\"1\u00a0Minute\" \/>\n<script type=\"application\/ld+json\" class=\"yoast-schema-graph\">{\"@context\":\"https:\/\/schema.org\",\"@graph\":[{\"@type\":\"WebPage\",\"@id\":\"https:\/\/bekleidungscenter.com\/?product=vero-moda-damen-vmeva-mr-loose-string-checked-pants-noos-hose\",\"url\":\"https:\/\/bekleidungscenter.com\/?product=vero-moda-damen-vmeva-mr-loose-string-checked-pants-noos-hose\",\"name\":\"VERO MODA Damen Vmeva Mr Loose String Checked Pants Noos Hose - FamilienMode\",\"isPartOf\":{\"@id\":\"https:\/\/bekleidungscenter.com\/#website\"},\"datePublished\":\"2021-01-03T18:50:48+00:00\",\"dateModified\":\"2023-04-10T22:39:07+00:00\",\"breadcrumb\":{\"@id\":\"https:\/\/bekleidungscenter.com\/?product=vero-moda-damen-vmeva-mr-loose-string-checked-pants-noos-hose#breadcrumb\"},\"inLanguage\":\"de\",\"potentialAction\":[{\"@type\":\"ReadAction\",\"target\":[\"https:\/\/bekleidungscenter.com\/?product=vero-moda-damen-vmeva-mr-loose-string-checked-pants-noos-hose\"]}]},{\"@type\":\"BreadcrumbList\",\"@id\":\"https:\/\/bekleidungscenter.com\/?product=vero-moda-damen-vmeva-mr-loose-string-checked-pants-noos-hose#breadcrumb\",\"itemListElement\":[{\"@type\":\"ListItem\",\"position\":1,\"name\":\"Home\",\"item\":\"https:\/\/bekleidungscenter.com\/\"},{\"@type\":\"ListItem\",\"position\":2,\"name\":\"Shop\",\"item\":\"https:\/\/bekleidungscenter.com\/?page_id=7\"},{\"@type\":\"ListItem\",\"position\":3,\"name\":\"VERO MODA Damen Vmeva Mr Loose String Checked Pants Noos Hose\"}]},{\"@type\":\"WebSite\",\"@id\":\"https:\/\/bekleidungscenter.com\/#website\",\"url\":\"https:\/\/bekleidungscenter.com\/\",\"name\":\"FamilienMode\",\"description\":\"Alles f\u00fcr die ganze Familie\",\"potentialAction\":[{\"@type\":\"SearchAction\",\"target\":{\"@type\":\"EntryPoint\",\"urlTemplate\":\"https:\/\/bekleidungscenter.com\/?s={search_term_string}\"},\"query-input\":\"required name=search_term_string\"}],\"inLanguage\":\"de\"}]}<\/script>\n<!-- \/ Yoast SEO plugin. -->","yoast_head_json":{"title":"VERO MODA Damen Vmeva Mr Loose String Checked Pants Noos Hose - FamilienMode","robots":{"index":"index","follow":"follow","max-snippet":"max-snippet:-1","max-image-preview":"max-image-preview:large","max-video-preview":"max-video-preview:-1"},"canonical":"https:\/\/bekleidungscenter.com\/?product=vero-moda-damen-vmeva-mr-loose-string-checked-pants-noos-hose","og_locale":"de_DE","og_type":"article","og_title":"VERO MODA Damen Vmeva Mr Loose String Checked Pants Noos Hose - FamilienMode","og_description":"L\u00e4ssige Hose Gummizug und Schn\u00fcrband in der Taille Normaler Bund","og_url":"https:\/\/bekleidungscenter.com\/?product=vero-moda-damen-vmeva-mr-loose-string-checked-pants-noos-hose","og_site_name":"FamilienMode","article_modified_time":"2023-04-10T22:39:07+00:00","og_image":[{"width":500,"height":500,"url":"https:\/\/images-na.ssl-images-amazon.com\/images\/I\/41JcKIUSpsL.jpg","type":"image\/jpeg"}],"twitter_card":"summary_large_image","twitter_misc":{"Gesch\u00e4tzte Lesezeit":"1\u00a0Minute"},"schema":{"@context":"https:\/\/schema.org","@graph":[{"@type":"WebPage","@id":"https:\/\/bekleidungscenter.com\/?product=vero-moda-damen-vmeva-mr-loose-string-checked-pants-noos-hose","url":"https:\/\/bekleidungscenter.com\/?product=vero-moda-damen-vmeva-mr-loose-string-checked-pants-noos-hose","name":"VERO MODA Damen Vmeva Mr Loose String Checked Pants Noos Hose - FamilienMode","isPartOf":{"@id":"https:\/\/bekleidungscenter.com\/#website"},"datePublished":"2021-01-03T18:50:48+00:00","dateModified":"2023-04-10T22:39:07+00:00","breadcrumb":{"@id":"https:\/\/bekleidungscenter.com\/?product=vero-moda-damen-vmeva-mr-loose-string-checked-pants-noos-hose#breadcrumb"},"inLanguage":"de","potentialAction":[{"@type":"ReadAction","target":["https:\/\/bekleidungscenter.com\/?product=vero-moda-damen-vmeva-mr-loose-string-checked-pants-noos-hose"]}]},{"@type":"BreadcrumbList","@id":"https:\/\/bekleidungscenter.com\/?product=vero-moda-damen-vmeva-mr-loose-string-checked-pants-noos-hose#breadcrumb","itemListElement":[{"@type":"ListItem","position":1,"name":"Home","item":"https:\/\/bekleidungscenter.com\/"},{"@type":"ListItem","position":2,"name":"Shop","item":"https:\/\/bekleidungscenter.com\/?page_id=7"},{"@type":"ListItem","position":3,"name":"VERO MODA Damen Vmeva Mr Loose String Checked Pants Noos Hose"}]},{"@type":"WebSite","@id":"https:\/\/bekleidungscenter.com\/#website","url":"https:\/\/bekleidungscenter.com\/","name":"FamilienMode","description":"Alles f\u00fcr die ganze Familie","potentialAction":[{"@type":"SearchAction","target":{"@type":"EntryPoint","urlTemplate":"https:\/\/bekleidungscenter.com\/?s={search_term_string}"},"query-input":"required name=search_term_string"}],"inLanguage":"de"}]}},"_links":{"self":[{"href":"https:\/\/bekleidungscenter.com\/index.php?rest_route=\/wp\/v2\/product\/7523"}],"collection":[{"href":"https:\/\/bekleidungscenter.com\/index.php?rest_route=\/wp\/v2\/product"}],"about":[{"href":"https:\/\/bekleidungscenter.com\/index.php?rest_route=\/wp\/v2\/types\/product"}],"replies":[{"embeddable":true,"href":"https:\/\/bekleidungscenter.com\/index.php?rest_route=%2Fwp%2Fv2%2Fcomments&post=7523"}],"wp:featuredmedia":[{"embeddable":true,"href":"https:\/\/bekleidungscenter.com\/index.php?rest_route=\/wp\/v2\/media\/7524"}],"wp:attachment":[{"href":"https:\/\/bekleidungscenter.com\/index.php?rest_route=%2Fwp%2Fv2%2Fmedia&parent=7523"}],"wp:term":[{"taxonomy":"product_cat","embeddable":true,"href":"https:\/\/bekleidungscenter.com\/index.php?rest_route=%2Fwp%2Fv2%2Fproduct_cat&post=7523"},{"taxonomy":"product_tag","embeddable":true,"href":"https:\/\/bekleidungscenter.com\/index.php?rest_route=%2Fwp%2Fv2%2Fproduct_tag&post=7523"}],"curies":[{"name":"wp","href":"https:\/\/api.w.org\/{rel}","templated":true}]}}