{"id":7558,"date":"2021-01-03T18:51:45","date_gmt":"2021-01-03T18:51:45","guid":{"rendered":"http:\/\/bekleidungscenter.com\/?product=ulla-popken-damen-tilda-hose"},"modified":"2023-04-10T22:39:08","modified_gmt":"2023-04-10T22:39:08","slug":"ulla-popken-damen-tilda-hose","status":"publish","type":"product","link":"https:\/\/bekleidungscenter.com\/?product=ulla-popken-damen-tilda-hose","title":{"rendered":"Ulla Popken Damen Tilda Hose"},"content":{"rendered":"<p><!-- show up to 2 reviews by default --> <\/p>\n<p>Moderne Schnitte, weich flie\u00dfende Materialien dar\u00fcber hinaus aktuelle Trends zeichnen das Sortiment von Ulla Popken ganz. Das vielf\u00e4ltige Sonderpreis von Ulla Popken reicht von Mode anstatt jeden Tag mit Business-Outfits dar\u00fcber hinaus Abendmode bis hin zu funktionaler Sportkleidung, Bademoden, verspielten Dessous, Accessoires dar\u00fcber hinaus Schuhen. <\/p>\n<p>Klassische Businesshose Tilda anstatt gro\u00dfe Gr\u00f6\u00dfen in Normalgr\u00f6\u00dfe &#8211; optimal anstatt ein schickes B\u00fcro-Gewand! Unter Einsatz von dezenter Leistentasche, knitterarme Struktur.<br \/>\nPassform: Mandy. Durchschnittlich: Schrittl\u00e4nge ca. 82 cm \/ Kurz: Schrittl\u00e4nge ca. 78 cm \/ Lang: Schrittl\u00e4nge ca. 88 cm<br \/>\nNormaler Union<br \/>\nVerschluss: Knopf dar\u00fcber hinaus Rei\u00dfverschluss<br \/>\n63% Polyester, 32% Elasthan, 5% Elasthan<br \/>\nSlim<br \/>\nPflegehinweis: Maschinenw\u00e4sche<br \/>\nModellnummer: 701852<br \/>\n<div class=\"main-cross-sell\" data-asin=\"B015HQT5RA\">\n\n\t<div class=\"WooZone-cross-sell-loader\">\n\t\t<div>\n\t\t\t<div id=\"floatingBarsG\">\n\t\t\t\t<div class=\"blockG\" id=\"rotateG_01\"><\/div>\n\t\t\t\t<div class=\"blockG\" id=\"rotateG_02\"><\/div>\n\t\t\t\t<div class=\"blockG\" id=\"rotateG_03\"><\/div>\n\t\t\t\t<div class=\"blockG\" id=\"rotateG_04\"><\/div>\n\t\t\t\t<div class=\"blockG\" id=\"rotateG_05\"><\/div>\n\t\t\t\t<div class=\"blockG\" id=\"rotateG_06\"><\/div>\n\t\t\t\t<div class=\"blockG\" id=\"rotateG_07\"><\/div>\n\t\t\t\t<div class=\"blockG\" id=\"rotateG_08\"><\/div>\n\t\t\t<\/div>\n\t\t\t<div class=\"WooZone-cross-sell-loader-text\"><\/div>\n\t\t<\/div>\n\t<\/div>\n\n\t\t\n<\/div>\n<div style=\"clear:both;\"><\/div><\/p>\n","protected":false},"excerpt":{"rendered":"<p>Klassische Businesshose Tilda f\u00fcr gro\u00dfe Gr\u00f6\u00dfen in Normalgr\u00f6\u00dfe &#8211; optimal f\u00fcr ein schickes B\u00fcro-Outfit! Mit dezenter Leistentasche, knitterarme Qualit\u00e4t.<br \/>\nPassform: Mandy. Normal: Schrittl\u00e4nge ca. 82 cm \/ Kurz: Schrittl\u00e4nge ca. 78 cm \/ Lang: Schrittl\u00e4nge ca. 88 cm<br \/>\nNormaler Bund<\/p>\n","protected":false},"featured_media":7559,"comment_status":"open","ping_status":"closed","template":"","meta":[],"product_cat":[133,129],"product_tag":[],"yoast_head":"<!-- This site is optimized with the Yoast SEO plugin v20.6 - https:\/\/yoast.com\/wordpress\/plugins\/seo\/ -->\n<title>Ulla Popken Damen Tilda Hose - FamilienMode<\/title>\n<meta name=\"robots\" content=\"index, follow, max-snippet:-1, max-image-preview:large, max-video-preview:-1\" \/>\n<link rel=\"canonical\" href=\"https:\/\/bekleidungscenter.com\/?product=ulla-popken-damen-tilda-hose\" \/>\n<meta property=\"og:locale\" content=\"de_DE\" \/>\n<meta property=\"og:type\" content=\"article\" \/>\n<meta property=\"og:title\" content=\"Ulla Popken Damen Tilda Hose - FamilienMode\" \/>\n<meta property=\"og:description\" content=\"Klassische Businesshose Tilda f\u00fcr gro\u00dfe Gr\u00f6\u00dfen in Normalgr\u00f6\u00dfe - optimal f\u00fcr ein schickes B\u00fcro-Outfit! Mit dezenter Leistentasche, knitterarme Qualit\u00e4t. Passform: Mandy. Normal: Schrittl\u00e4nge ca. 82 cm \/ Kurz: Schrittl\u00e4nge ca. 78 cm \/ Lang: Schrittl\u00e4nge ca. 88 cm Normaler Bund\" \/>\n<meta property=\"og:url\" content=\"https:\/\/bekleidungscenter.com\/?product=ulla-popken-damen-tilda-hose\" \/>\n<meta property=\"og:site_name\" content=\"FamilienMode\" \/>\n<meta property=\"article:modified_time\" content=\"2023-04-10T22:39:08+00:00\" \/>\n<meta property=\"og:image\" content=\"https:\/\/images-na.ssl-images-amazon.com\/images\/I\/31Fhd7uXBoL.jpg\" \/>\n\t<meta property=\"og:image:width\" content=\"500\" \/>\n\t<meta property=\"og:image:height\" content=\"500\" \/>\n\t<meta property=\"og:image:type\" content=\"image\/jpeg\" \/>\n<meta name=\"twitter:card\" content=\"summary_large_image\" \/>\n<meta name=\"twitter:label1\" content=\"Gesch\u00e4tzte Lesezeit\" \/>\n\t<meta name=\"twitter:data1\" content=\"1\u00a0Minute\" \/>\n<script type=\"application\/ld+json\" class=\"yoast-schema-graph\">{\"@context\":\"https:\/\/schema.org\",\"@graph\":[{\"@type\":\"WebPage\",\"@id\":\"https:\/\/bekleidungscenter.com\/?product=ulla-popken-damen-tilda-hose\",\"url\":\"https:\/\/bekleidungscenter.com\/?product=ulla-popken-damen-tilda-hose\",\"name\":\"Ulla Popken Damen Tilda Hose - FamilienMode\",\"isPartOf\":{\"@id\":\"https:\/\/bekleidungscenter.com\/#website\"},\"datePublished\":\"2021-01-03T18:51:45+00:00\",\"dateModified\":\"2023-04-10T22:39:08+00:00\",\"breadcrumb\":{\"@id\":\"https:\/\/bekleidungscenter.com\/?product=ulla-popken-damen-tilda-hose#breadcrumb\"},\"inLanguage\":\"de\",\"potentialAction\":[{\"@type\":\"ReadAction\",\"target\":[\"https:\/\/bekleidungscenter.com\/?product=ulla-popken-damen-tilda-hose\"]}]},{\"@type\":\"BreadcrumbList\",\"@id\":\"https:\/\/bekleidungscenter.com\/?product=ulla-popken-damen-tilda-hose#breadcrumb\",\"itemListElement\":[{\"@type\":\"ListItem\",\"position\":1,\"name\":\"Home\",\"item\":\"https:\/\/bekleidungscenter.com\/\"},{\"@type\":\"ListItem\",\"position\":2,\"name\":\"Shop\",\"item\":\"https:\/\/bekleidungscenter.com\/?page_id=7\"},{\"@type\":\"ListItem\",\"position\":3,\"name\":\"Ulla Popken Damen Tilda Hose\"}]},{\"@type\":\"WebSite\",\"@id\":\"https:\/\/bekleidungscenter.com\/#website\",\"url\":\"https:\/\/bekleidungscenter.com\/\",\"name\":\"FamilienMode\",\"description\":\"Alles f\u00fcr die ganze Familie\",\"potentialAction\":[{\"@type\":\"SearchAction\",\"target\":{\"@type\":\"EntryPoint\",\"urlTemplate\":\"https:\/\/bekleidungscenter.com\/?s={search_term_string}\"},\"query-input\":\"required name=search_term_string\"}],\"inLanguage\":\"de\"}]}<\/script>\n<!-- \/ Yoast SEO plugin. -->","yoast_head_json":{"title":"Ulla Popken Damen Tilda Hose - FamilienMode","robots":{"index":"index","follow":"follow","max-snippet":"max-snippet:-1","max-image-preview":"max-image-preview:large","max-video-preview":"max-video-preview:-1"},"canonical":"https:\/\/bekleidungscenter.com\/?product=ulla-popken-damen-tilda-hose","og_locale":"de_DE","og_type":"article","og_title":"Ulla Popken Damen Tilda Hose - FamilienMode","og_description":"Klassische Businesshose Tilda f\u00fcr gro\u00dfe Gr\u00f6\u00dfen in Normalgr\u00f6\u00dfe - optimal f\u00fcr ein schickes B\u00fcro-Outfit! Mit dezenter Leistentasche, knitterarme Qualit\u00e4t. Passform: Mandy. Normal: Schrittl\u00e4nge ca. 82 cm \/ Kurz: Schrittl\u00e4nge ca. 78 cm \/ Lang: Schrittl\u00e4nge ca. 88 cm Normaler Bund","og_url":"https:\/\/bekleidungscenter.com\/?product=ulla-popken-damen-tilda-hose","og_site_name":"FamilienMode","article_modified_time":"2023-04-10T22:39:08+00:00","og_image":[{"width":500,"height":500,"url":"https:\/\/images-na.ssl-images-amazon.com\/images\/I\/31Fhd7uXBoL.jpg","type":"image\/jpeg"}],"twitter_card":"summary_large_image","twitter_misc":{"Gesch\u00e4tzte Lesezeit":"1\u00a0Minute"},"schema":{"@context":"https:\/\/schema.org","@graph":[{"@type":"WebPage","@id":"https:\/\/bekleidungscenter.com\/?product=ulla-popken-damen-tilda-hose","url":"https:\/\/bekleidungscenter.com\/?product=ulla-popken-damen-tilda-hose","name":"Ulla Popken Damen Tilda Hose - FamilienMode","isPartOf":{"@id":"https:\/\/bekleidungscenter.com\/#website"},"datePublished":"2021-01-03T18:51:45+00:00","dateModified":"2023-04-10T22:39:08+00:00","breadcrumb":{"@id":"https:\/\/bekleidungscenter.com\/?product=ulla-popken-damen-tilda-hose#breadcrumb"},"inLanguage":"de","potentialAction":[{"@type":"ReadAction","target":["https:\/\/bekleidungscenter.com\/?product=ulla-popken-damen-tilda-hose"]}]},{"@type":"BreadcrumbList","@id":"https:\/\/bekleidungscenter.com\/?product=ulla-popken-damen-tilda-hose#breadcrumb","itemListElement":[{"@type":"ListItem","position":1,"name":"Home","item":"https:\/\/bekleidungscenter.com\/"},{"@type":"ListItem","position":2,"name":"Shop","item":"https:\/\/bekleidungscenter.com\/?page_id=7"},{"@type":"ListItem","position":3,"name":"Ulla Popken Damen Tilda Hose"}]},{"@type":"WebSite","@id":"https:\/\/bekleidungscenter.com\/#website","url":"https:\/\/bekleidungscenter.com\/","name":"FamilienMode","description":"Alles f\u00fcr die ganze Familie","potentialAction":[{"@type":"SearchAction","target":{"@type":"EntryPoint","urlTemplate":"https:\/\/bekleidungscenter.com\/?s={search_term_string}"},"query-input":"required name=search_term_string"}],"inLanguage":"de"}]}},"_links":{"self":[{"href":"https:\/\/bekleidungscenter.com\/index.php?rest_route=\/wp\/v2\/product\/7558"}],"collection":[{"href":"https:\/\/bekleidungscenter.com\/index.php?rest_route=\/wp\/v2\/product"}],"about":[{"href":"https:\/\/bekleidungscenter.com\/index.php?rest_route=\/wp\/v2\/types\/product"}],"replies":[{"embeddable":true,"href":"https:\/\/bekleidungscenter.com\/index.php?rest_route=%2Fwp%2Fv2%2Fcomments&post=7558"}],"wp:featuredmedia":[{"embeddable":true,"href":"https:\/\/bekleidungscenter.com\/index.php?rest_route=\/wp\/v2\/media\/7559"}],"wp:attachment":[{"href":"https:\/\/bekleidungscenter.com\/index.php?rest_route=%2Fwp%2Fv2%2Fmedia&parent=7558"}],"wp:term":[{"taxonomy":"product_cat","embeddable":true,"href":"https:\/\/bekleidungscenter.com\/index.php?rest_route=%2Fwp%2Fv2%2Fproduct_cat&post=7558"},{"taxonomy":"product_tag","embeddable":true,"href":"https:\/\/bekleidungscenter.com\/index.php?rest_route=%2Fwp%2Fv2%2Fproduct_tag&post=7558"}],"curies":[{"name":"wp","href":"https:\/\/api.w.org\/{rel}","templated":true}]}}