{"id":7633,"date":"2021-01-03T18:53:50","date_gmt":"2021-01-03T18:53:50","guid":{"rendered":"http:\/\/bekleidungscenter.com\/?product=jack-wolfskin-damen-activate-softshellhose-xt"},"modified":"2023-04-10T22:39:09","modified_gmt":"2023-04-10T22:39:09","slug":"jack-wolfskin-damen-activate-softshellhose-xt","status":"publish","type":"product","link":"https:\/\/bekleidungscenter.com\/?product=jack-wolfskin-damen-activate-softshellhose-xt","title":{"rendered":"Jack Wolfskin Damen Activate Softshellhose XT,"},"content":{"rendered":"<p><!-- show up to 2 reviews by default --> <\/p>\n<p><b>Jack Wolfskin Activate XT Women \u2013 die enorm atmungsaktive Wander- und Trekkinghose ganz stretchigem Softshell-Material<\/b><\/p>\n<p>Die Activate XT Women ist eine Outdoorhose f\u00fcr jeden Tag: Ob sportliche Tageswanderung, Alltag oder Trekkingtour drau\u00dfen im Gel\u00e4nde <b>\u2013<\/b> <b><\/b>die Softshellhose ist immer praktisch und bequem. Mit ihrem bi-elastischen FLEX SHIELD Softshell-Material h\u00e4lt sie adrett was ganz und sch\u00fctzt beim Wandern durch die Natur. In anspruchsvollem Gel\u00e4nde punktet die Hose mit dem richtigen Tragekomfort, denn der stretchige, atmungsaktive Stoff der Hose bietet beste Bewegungsfreiheit und h\u00e4lt trocken \u2013 bei schwei\u00dftreibenden Aufstiegen und leichten Schauern. Sie ist wind- und wasserabweisend und der elastische F\u00f6deration und einstellbare Beinabschluss sehen nach die optimale Passform. In den vier Taschen k\u00f6nnen wichtige Dinge wie das Smartphone, Geld oder ein Multitool verstaut werden. <\/p>\n<p><b>Die Produktvorteile im \u00dcberblick: <\/b><\/p>\n<ul>\n<li>Softshellhose f\u00fcr Wander- und Trekkingtouren<\/li>\n<li>Wind- und wasserabweisend<\/li>\n<li>Besonders atmungsaktiv und elastisch<\/li>\n<li>2 H\u00fcfttaschen, Beintasche, Ges\u00e4\u00dftasche<\/li>\n<li>Elastischer F\u00f6deration und einstellbarer Beinabschluss<\/li>\n<li>Material: Flex Shield<\/li>\n<li>Gewicht: 380 g (Gr\u00f6\u00dfe 38)<\/li>\n<li>Pflegehinweis: Sp\u00fclen 40 \u00b0C, nicht bleichen<\/li>\n<\/ul>\n<p>F\u00fcr Trekkingtouren \u2013 Mit ihrer optimalen Passform und dem hochwertigen Material ist diese Jack Wolfskin Hose f\u00fcr sportliche Tageswanderungen, den Alltag oder Trekkingausfl\u00fcge brauchbar.<br \/>\nWind- &amp; wasserabweisend \u2013 Die Wanderhose f\u00fcr Damen ist wind- und wasserabweisend und sch\u00fctzt in der Natur. Der elastische F\u00f6deration und einstellbare Beinabschluss sehen nach die optimale Passform.<br \/>\n90% Polyamid, 10% Elasthan<br \/>\nACTIVATE XT WOMEN<br \/>\nModellnummer: 1503631<br \/>\nHochwertiges Material \u2013 Durch das robuste und hoch atmungsaktive FLEX SHIELD Softshell-Material ist die Outdoorhose nicht ungeachtet wind- und wasserabweisend, sondern vulgo enorm atmungsaktiv.<br \/>\nPraktische Trekkinghosen \u2013 Selbst in anspruchsvollem Gel\u00e4nde punktet die Damenhose mit Tragekomfort, denn der atmungsaktive Stretch-Stoff bietet beste Bewegungsfreiheit und h\u00e4lt trocken.<br \/>\nEinfache Zustellung \u2013 Jack Wolfskin Activate XT Women Wanderhose Damen lang, Farbe: Schwarz, Gr\u00f6\u00dfe: 36, Gewicht: 380 g (Gr\u00f6\u00dfe 38), Artikelnummer: 1503751<br \/>\n<div class=\"main-cross-sell\" data-asin=\"B01LCFC5QS\">\n\n\t<div class=\"WooZone-cross-sell-loader\">\n\t\t<div>\n\t\t\t<div id=\"floatingBarsG\">\n\t\t\t\t<div class=\"blockG\" id=\"rotateG_01\"><\/div>\n\t\t\t\t<div class=\"blockG\" id=\"rotateG_02\"><\/div>\n\t\t\t\t<div class=\"blockG\" id=\"rotateG_03\"><\/div>\n\t\t\t\t<div class=\"blockG\" id=\"rotateG_04\"><\/div>\n\t\t\t\t<div class=\"blockG\" id=\"rotateG_05\"><\/div>\n\t\t\t\t<div class=\"blockG\" id=\"rotateG_06\"><\/div>\n\t\t\t\t<div class=\"blockG\" id=\"rotateG_07\"><\/div>\n\t\t\t\t<div class=\"blockG\" id=\"rotateG_08\"><\/div>\n\t\t\t<\/div>\n\t\t\t<div class=\"WooZone-cross-sell-loader-text\"><\/div>\n\t\t<\/div>\n\t<\/div>\n\n\t\t\n<\/div>\n<div style=\"clear:both;\"><\/div><\/p>\n","protected":false},"excerpt":{"rendered":"<p>F\u00fcr Trekkingtouren \u2013 Mit ihrer optimalen Passform und dem hochwertigen Material ist diese Jack Wolfskin Hose f\u00fcr sportliche Tageswanderungen, den Alltag oder Trekkingausfl\u00fcge geeignet.<br \/>\nWind- &amp; wasserabweisend \u2013 Die Wanderhose f\u00fcr Damen ist wind- und wasserabweisend und sch\u00fctzt in der Natur. Der elastische Bund und einstellbare Beinabschluss sorgen f\u00fcr die optimale Passform.<br \/>\n90% Polyamid, 10% Elasthan<\/p>\n","protected":false},"featured_media":7634,"comment_status":"open","ping_status":"closed","template":"","meta":[],"product_cat":[133,129],"product_tag":[],"yoast_head":"<!-- This site is optimized with the Yoast SEO plugin v20.6 - https:\/\/yoast.com\/wordpress\/plugins\/seo\/ -->\n<title>Jack Wolfskin Damen Activate Softshellhose XT, - FamilienMode<\/title>\n<meta name=\"robots\" content=\"index, follow, max-snippet:-1, max-image-preview:large, max-video-preview:-1\" \/>\n<link rel=\"canonical\" href=\"https:\/\/bekleidungscenter.com\/?product=jack-wolfskin-damen-activate-softshellhose-xt\" \/>\n<meta property=\"og:locale\" content=\"de_DE\" \/>\n<meta property=\"og:type\" content=\"article\" \/>\n<meta property=\"og:title\" content=\"Jack Wolfskin Damen Activate Softshellhose XT, - FamilienMode\" \/>\n<meta property=\"og:description\" content=\"F\u00fcr Trekkingtouren \u2013 Mit ihrer optimalen Passform und dem hochwertigen Material ist diese Jack Wolfskin Hose f\u00fcr sportliche Tageswanderungen, den Alltag oder Trekkingausfl\u00fcge geeignet. Wind- &amp; wasserabweisend \u2013 Die Wanderhose f\u00fcr Damen ist wind- und wasserabweisend und sch\u00fctzt in der Natur. Der elastische Bund und einstellbare Beinabschluss sorgen f\u00fcr die optimale Passform. 90% Polyamid, 10% Elasthan\" \/>\n<meta property=\"og:url\" content=\"https:\/\/bekleidungscenter.com\/?product=jack-wolfskin-damen-activate-softshellhose-xt\" \/>\n<meta property=\"og:site_name\" content=\"FamilienMode\" \/>\n<meta property=\"article:modified_time\" content=\"2023-04-10T22:39:09+00:00\" \/>\n<meta property=\"og:image\" content=\"https:\/\/images-na.ssl-images-amazon.com\/images\/I\/31QtlSzTdgL.jpg\" \/>\n\t<meta property=\"og:image:width\" content=\"500\" \/>\n\t<meta property=\"og:image:height\" content=\"500\" \/>\n\t<meta property=\"og:image:type\" content=\"image\/jpeg\" \/>\n<meta name=\"twitter:card\" content=\"summary_large_image\" \/>\n<meta name=\"twitter:label1\" content=\"Gesch\u00e4tzte Lesezeit\" \/>\n\t<meta name=\"twitter:data1\" content=\"2\u00a0Minuten\" \/>\n<script type=\"application\/ld+json\" class=\"yoast-schema-graph\">{\"@context\":\"https:\/\/schema.org\",\"@graph\":[{\"@type\":\"WebPage\",\"@id\":\"https:\/\/bekleidungscenter.com\/?product=jack-wolfskin-damen-activate-softshellhose-xt\",\"url\":\"https:\/\/bekleidungscenter.com\/?product=jack-wolfskin-damen-activate-softshellhose-xt\",\"name\":\"Jack Wolfskin Damen Activate Softshellhose XT, - FamilienMode\",\"isPartOf\":{\"@id\":\"https:\/\/bekleidungscenter.com\/#website\"},\"datePublished\":\"2021-01-03T18:53:50+00:00\",\"dateModified\":\"2023-04-10T22:39:09+00:00\",\"breadcrumb\":{\"@id\":\"https:\/\/bekleidungscenter.com\/?product=jack-wolfskin-damen-activate-softshellhose-xt#breadcrumb\"},\"inLanguage\":\"de\",\"potentialAction\":[{\"@type\":\"ReadAction\",\"target\":[\"https:\/\/bekleidungscenter.com\/?product=jack-wolfskin-damen-activate-softshellhose-xt\"]}]},{\"@type\":\"BreadcrumbList\",\"@id\":\"https:\/\/bekleidungscenter.com\/?product=jack-wolfskin-damen-activate-softshellhose-xt#breadcrumb\",\"itemListElement\":[{\"@type\":\"ListItem\",\"position\":1,\"name\":\"Home\",\"item\":\"https:\/\/bekleidungscenter.com\/\"},{\"@type\":\"ListItem\",\"position\":2,\"name\":\"Shop\",\"item\":\"https:\/\/bekleidungscenter.com\/?page_id=7\"},{\"@type\":\"ListItem\",\"position\":3,\"name\":\"Jack Wolfskin Damen Activate Softshellhose XT,\"}]},{\"@type\":\"WebSite\",\"@id\":\"https:\/\/bekleidungscenter.com\/#website\",\"url\":\"https:\/\/bekleidungscenter.com\/\",\"name\":\"FamilienMode\",\"description\":\"Alles f\u00fcr die ganze Familie\",\"potentialAction\":[{\"@type\":\"SearchAction\",\"target\":{\"@type\":\"EntryPoint\",\"urlTemplate\":\"https:\/\/bekleidungscenter.com\/?s={search_term_string}\"},\"query-input\":\"required name=search_term_string\"}],\"inLanguage\":\"de\"}]}<\/script>\n<!-- \/ Yoast SEO plugin. -->","yoast_head_json":{"title":"Jack Wolfskin Damen Activate Softshellhose XT, - FamilienMode","robots":{"index":"index","follow":"follow","max-snippet":"max-snippet:-1","max-image-preview":"max-image-preview:large","max-video-preview":"max-video-preview:-1"},"canonical":"https:\/\/bekleidungscenter.com\/?product=jack-wolfskin-damen-activate-softshellhose-xt","og_locale":"de_DE","og_type":"article","og_title":"Jack Wolfskin Damen Activate Softshellhose XT, - FamilienMode","og_description":"F\u00fcr Trekkingtouren \u2013 Mit ihrer optimalen Passform und dem hochwertigen Material ist diese Jack Wolfskin Hose f\u00fcr sportliche Tageswanderungen, den Alltag oder Trekkingausfl\u00fcge geeignet. Wind- &amp; wasserabweisend \u2013 Die Wanderhose f\u00fcr Damen ist wind- und wasserabweisend und sch\u00fctzt in der Natur. Der elastische Bund und einstellbare Beinabschluss sorgen f\u00fcr die optimale Passform. 90% Polyamid, 10% Elasthan","og_url":"https:\/\/bekleidungscenter.com\/?product=jack-wolfskin-damen-activate-softshellhose-xt","og_site_name":"FamilienMode","article_modified_time":"2023-04-10T22:39:09+00:00","og_image":[{"width":500,"height":500,"url":"https:\/\/images-na.ssl-images-amazon.com\/images\/I\/31QtlSzTdgL.jpg","type":"image\/jpeg"}],"twitter_card":"summary_large_image","twitter_misc":{"Gesch\u00e4tzte Lesezeit":"2\u00a0Minuten"},"schema":{"@context":"https:\/\/schema.org","@graph":[{"@type":"WebPage","@id":"https:\/\/bekleidungscenter.com\/?product=jack-wolfskin-damen-activate-softshellhose-xt","url":"https:\/\/bekleidungscenter.com\/?product=jack-wolfskin-damen-activate-softshellhose-xt","name":"Jack Wolfskin Damen Activate Softshellhose XT, - FamilienMode","isPartOf":{"@id":"https:\/\/bekleidungscenter.com\/#website"},"datePublished":"2021-01-03T18:53:50+00:00","dateModified":"2023-04-10T22:39:09+00:00","breadcrumb":{"@id":"https:\/\/bekleidungscenter.com\/?product=jack-wolfskin-damen-activate-softshellhose-xt#breadcrumb"},"inLanguage":"de","potentialAction":[{"@type":"ReadAction","target":["https:\/\/bekleidungscenter.com\/?product=jack-wolfskin-damen-activate-softshellhose-xt"]}]},{"@type":"BreadcrumbList","@id":"https:\/\/bekleidungscenter.com\/?product=jack-wolfskin-damen-activate-softshellhose-xt#breadcrumb","itemListElement":[{"@type":"ListItem","position":1,"name":"Home","item":"https:\/\/bekleidungscenter.com\/"},{"@type":"ListItem","position":2,"name":"Shop","item":"https:\/\/bekleidungscenter.com\/?page_id=7"},{"@type":"ListItem","position":3,"name":"Jack Wolfskin Damen Activate Softshellhose XT,"}]},{"@type":"WebSite","@id":"https:\/\/bekleidungscenter.com\/#website","url":"https:\/\/bekleidungscenter.com\/","name":"FamilienMode","description":"Alles f\u00fcr die ganze Familie","potentialAction":[{"@type":"SearchAction","target":{"@type":"EntryPoint","urlTemplate":"https:\/\/bekleidungscenter.com\/?s={search_term_string}"},"query-input":"required name=search_term_string"}],"inLanguage":"de"}]}},"_links":{"self":[{"href":"https:\/\/bekleidungscenter.com\/index.php?rest_route=\/wp\/v2\/product\/7633"}],"collection":[{"href":"https:\/\/bekleidungscenter.com\/index.php?rest_route=\/wp\/v2\/product"}],"about":[{"href":"https:\/\/bekleidungscenter.com\/index.php?rest_route=\/wp\/v2\/types\/product"}],"replies":[{"embeddable":true,"href":"https:\/\/bekleidungscenter.com\/index.php?rest_route=%2Fwp%2Fv2%2Fcomments&post=7633"}],"wp:featuredmedia":[{"embeddable":true,"href":"https:\/\/bekleidungscenter.com\/index.php?rest_route=\/wp\/v2\/media\/7634"}],"wp:attachment":[{"href":"https:\/\/bekleidungscenter.com\/index.php?rest_route=%2Fwp%2Fv2%2Fmedia&parent=7633"}],"wp:term":[{"taxonomy":"product_cat","embeddable":true,"href":"https:\/\/bekleidungscenter.com\/index.php?rest_route=%2Fwp%2Fv2%2Fproduct_cat&post=7633"},{"taxonomy":"product_tag","embeddable":true,"href":"https:\/\/bekleidungscenter.com\/index.php?rest_route=%2Fwp%2Fv2%2Fproduct_tag&post=7633"}],"curies":[{"name":"wp","href":"https:\/\/api.w.org\/{rel}","templated":true}]}}