{"id":7642,"date":"2021-01-03T18:54:13","date_gmt":"2021-01-03T18:54:13","guid":{"rendered":"http:\/\/bekleidungscenter.com\/?product=puma-damen-active-3-4-leggings-hose"},"modified":"2023-04-10T22:39:10","modified_gmt":"2023-04-10T22:39:10","slug":"puma-damen-active-3-4-leggings-hose","status":"publish","type":"product","link":"https:\/\/bekleidungscenter.com\/?product=puma-damen-active-3-4-leggings-hose","title":{"rendered":"PUMA Damen Hose, Schwarz, XS"},"content":{"rendered":"<p><!-- show up to 2 reviews by default --> <\/p>\n<p>PUMA Active 3\/4 Leggings f\u00fcr Damen Die dreiviertellange Fitness-Hose von PUMA ist nicht nunmehr ein idealer Trainings-Begleiter, die Sport-Leggings f\u00fcr Damen ist vulgo optisch ein stylisher Hingucker. Das im Pigmentdruck-Verfahren aufgebrachte PUMA Cat Logo verleiht der Lauf-Tight einen einzeln sportlichen Look. PUMA dryCELL Technologie: Das hochfunktionelle Material der 3\/4-langen Leggings transportiert den Schwei\u00df nach au\u00dfen, so bietet die Damen Sport-Hose ein angenehmes und trockenes Hautgef\u00fchl w\u00e4hrend des Trainings. Die speziellen PUMA Flatlock-N\u00e4hte und der Zwickel Acht geben abz\u00fcglich Schl\u00e4ge und mehr Komfort beim St\u00fctzen der bequemen Lauf-Hose. Der breite H\u00fcftbund der Jogging-Pants forgt f\u00fcr eine figurschmeichelnde Passform und ein tolles Tragegef\u00fchl. So passt die Sports-Wear ideal zum Workout, zum Yoga oder zum Freizeit-Outfit. Die Fitness-Hosen und Trainings-Hosen von PUMA passen ideal zu jedem Sport-Outfit. Egal ob Sommer, Herbst oder Winter \u2013 Jogging-Hosen von PUMA sind immer anpassbar, immer cool und immer bequem. Die trendstarken Freizeit-Hosen sind f\u00fcr viele Sportarten qualifiziert, so z. B. f\u00fcr Jogging, Fitness oder im Gym. Immerhin vulgo als Casual Sweat-Pants in der Freizeit machen die Jogger eine gute Figur. PUMA \u2013 Forever Faster Mit der Markenbotschaft \u201cForever Faster\u201d verhilft PUMA Sportlern zur H\u00f6chstleistung. PUMA hat f\u00fcr jeden Sport die passende Sport-Bekleidung und verbindet dabei fortschrittliche Technologie und Funktionalit\u00e4t mit l\u00e4ssigem Style. Egal welche Farbe, welche Gr\u00f6\u00dfe, ob atmungsaktiv, rutschfest oder ultra-leicht: Professionelle Sport-Kleidung f\u00fcr maximale Performance \u2013 immer im PUMA-typischen Sport-Style. <\/p>\n<p>Sporttyp: Streetwear<br \/>\n89% Polyester, 11% Elasthan<br \/>\nActive 3\/4 Leggings<br \/>\nModellnummer: 851778<br \/>\n<div class=\"main-cross-sell\" data-asin=\"B07DFQMRF5\">\n\n\t<div class=\"WooZone-cross-sell-loader\">\n\t\t<div>\n\t\t\t<div id=\"floatingBarsG\">\n\t\t\t\t<div class=\"blockG\" id=\"rotateG_01\"><\/div>\n\t\t\t\t<div class=\"blockG\" id=\"rotateG_02\"><\/div>\n\t\t\t\t<div class=\"blockG\" id=\"rotateG_03\"><\/div>\n\t\t\t\t<div class=\"blockG\" id=\"rotateG_04\"><\/div>\n\t\t\t\t<div class=\"blockG\" id=\"rotateG_05\"><\/div>\n\t\t\t\t<div class=\"blockG\" id=\"rotateG_06\"><\/div>\n\t\t\t\t<div class=\"blockG\" id=\"rotateG_07\"><\/div>\n\t\t\t\t<div class=\"blockG\" id=\"rotateG_08\"><\/div>\n\t\t\t<\/div>\n\t\t\t<div class=\"WooZone-cross-sell-loader-text\"><\/div>\n\t\t<\/div>\n\t<\/div>\n\n\t\t\n<\/div>\n<div style=\"clear:both;\"><\/div><\/p>\n","protected":false},"excerpt":{"rendered":"<p>Sporttyp: Streetwear<br \/>\n89% Polyester, 11% Elasthan<br \/>\nActive 3\/4 Leggings<\/p>\n","protected":false},"featured_media":7643,"comment_status":"open","ping_status":"closed","template":"","meta":[],"product_cat":[133,129],"product_tag":[],"yoast_head":"<!-- This site is optimized with the Yoast SEO plugin v20.6 - https:\/\/yoast.com\/wordpress\/plugins\/seo\/ -->\n<title>PUMA Damen Hose, Schwarz, XS - FamilienMode<\/title>\n<meta name=\"robots\" content=\"index, follow, max-snippet:-1, max-image-preview:large, max-video-preview:-1\" \/>\n<link rel=\"canonical\" href=\"https:\/\/bekleidungscenter.com\/?product=puma-damen-active-3-4-leggings-hose\" \/>\n<meta property=\"og:locale\" content=\"de_DE\" \/>\n<meta property=\"og:type\" content=\"article\" \/>\n<meta property=\"og:title\" content=\"PUMA Damen Hose, Schwarz, XS - FamilienMode\" \/>\n<meta property=\"og:description\" content=\"Sporttyp: Streetwear 89% Polyester, 11% Elasthan Active 3\/4 Leggings\" \/>\n<meta property=\"og:url\" content=\"https:\/\/bekleidungscenter.com\/?product=puma-damen-active-3-4-leggings-hose\" \/>\n<meta property=\"og:site_name\" content=\"FamilienMode\" \/>\n<meta property=\"article:modified_time\" content=\"2023-04-10T22:39:10+00:00\" \/>\n<meta property=\"og:image\" content=\"https:\/\/images-na.ssl-images-amazon.com\/images\/I\/31aaLvdm25L.jpg\" \/>\n\t<meta property=\"og:image:width\" content=\"500\" \/>\n\t<meta property=\"og:image:height\" content=\"500\" \/>\n\t<meta property=\"og:image:type\" content=\"image\/jpeg\" \/>\n<meta name=\"twitter:card\" content=\"summary_large_image\" \/>\n<meta name=\"twitter:label1\" content=\"Gesch\u00e4tzte Lesezeit\" \/>\n\t<meta name=\"twitter:data1\" content=\"1\u00a0Minute\" \/>\n<script type=\"application\/ld+json\" class=\"yoast-schema-graph\">{\"@context\":\"https:\/\/schema.org\",\"@graph\":[{\"@type\":\"WebPage\",\"@id\":\"https:\/\/bekleidungscenter.com\/?product=puma-damen-active-3-4-leggings-hose\",\"url\":\"https:\/\/bekleidungscenter.com\/?product=puma-damen-active-3-4-leggings-hose\",\"name\":\"PUMA Damen Hose, Schwarz, XS - FamilienMode\",\"isPartOf\":{\"@id\":\"https:\/\/bekleidungscenter.com\/#website\"},\"datePublished\":\"2021-01-03T18:54:13+00:00\",\"dateModified\":\"2023-04-10T22:39:10+00:00\",\"breadcrumb\":{\"@id\":\"https:\/\/bekleidungscenter.com\/?product=puma-damen-active-3-4-leggings-hose#breadcrumb\"},\"inLanguage\":\"de\",\"potentialAction\":[{\"@type\":\"ReadAction\",\"target\":[\"https:\/\/bekleidungscenter.com\/?product=puma-damen-active-3-4-leggings-hose\"]}]},{\"@type\":\"BreadcrumbList\",\"@id\":\"https:\/\/bekleidungscenter.com\/?product=puma-damen-active-3-4-leggings-hose#breadcrumb\",\"itemListElement\":[{\"@type\":\"ListItem\",\"position\":1,\"name\":\"Home\",\"item\":\"https:\/\/bekleidungscenter.com\/\"},{\"@type\":\"ListItem\",\"position\":2,\"name\":\"Shop\",\"item\":\"https:\/\/bekleidungscenter.com\/?page_id=7\"},{\"@type\":\"ListItem\",\"position\":3,\"name\":\"PUMA Damen Hose, Schwarz, XS\"}]},{\"@type\":\"WebSite\",\"@id\":\"https:\/\/bekleidungscenter.com\/#website\",\"url\":\"https:\/\/bekleidungscenter.com\/\",\"name\":\"FamilienMode\",\"description\":\"Alles f\u00fcr die ganze Familie\",\"potentialAction\":[{\"@type\":\"SearchAction\",\"target\":{\"@type\":\"EntryPoint\",\"urlTemplate\":\"https:\/\/bekleidungscenter.com\/?s={search_term_string}\"},\"query-input\":\"required name=search_term_string\"}],\"inLanguage\":\"de\"}]}<\/script>\n<!-- \/ Yoast SEO plugin. -->","yoast_head_json":{"title":"PUMA Damen Hose, Schwarz, XS - FamilienMode","robots":{"index":"index","follow":"follow","max-snippet":"max-snippet:-1","max-image-preview":"max-image-preview:large","max-video-preview":"max-video-preview:-1"},"canonical":"https:\/\/bekleidungscenter.com\/?product=puma-damen-active-3-4-leggings-hose","og_locale":"de_DE","og_type":"article","og_title":"PUMA Damen Hose, Schwarz, XS - FamilienMode","og_description":"Sporttyp: Streetwear 89% Polyester, 11% Elasthan Active 3\/4 Leggings","og_url":"https:\/\/bekleidungscenter.com\/?product=puma-damen-active-3-4-leggings-hose","og_site_name":"FamilienMode","article_modified_time":"2023-04-10T22:39:10+00:00","og_image":[{"width":500,"height":500,"url":"https:\/\/images-na.ssl-images-amazon.com\/images\/I\/31aaLvdm25L.jpg","type":"image\/jpeg"}],"twitter_card":"summary_large_image","twitter_misc":{"Gesch\u00e4tzte Lesezeit":"1\u00a0Minute"},"schema":{"@context":"https:\/\/schema.org","@graph":[{"@type":"WebPage","@id":"https:\/\/bekleidungscenter.com\/?product=puma-damen-active-3-4-leggings-hose","url":"https:\/\/bekleidungscenter.com\/?product=puma-damen-active-3-4-leggings-hose","name":"PUMA Damen Hose, Schwarz, XS - FamilienMode","isPartOf":{"@id":"https:\/\/bekleidungscenter.com\/#website"},"datePublished":"2021-01-03T18:54:13+00:00","dateModified":"2023-04-10T22:39:10+00:00","breadcrumb":{"@id":"https:\/\/bekleidungscenter.com\/?product=puma-damen-active-3-4-leggings-hose#breadcrumb"},"inLanguage":"de","potentialAction":[{"@type":"ReadAction","target":["https:\/\/bekleidungscenter.com\/?product=puma-damen-active-3-4-leggings-hose"]}]},{"@type":"BreadcrumbList","@id":"https:\/\/bekleidungscenter.com\/?product=puma-damen-active-3-4-leggings-hose#breadcrumb","itemListElement":[{"@type":"ListItem","position":1,"name":"Home","item":"https:\/\/bekleidungscenter.com\/"},{"@type":"ListItem","position":2,"name":"Shop","item":"https:\/\/bekleidungscenter.com\/?page_id=7"},{"@type":"ListItem","position":3,"name":"PUMA Damen Hose, Schwarz, XS"}]},{"@type":"WebSite","@id":"https:\/\/bekleidungscenter.com\/#website","url":"https:\/\/bekleidungscenter.com\/","name":"FamilienMode","description":"Alles f\u00fcr die ganze Familie","potentialAction":[{"@type":"SearchAction","target":{"@type":"EntryPoint","urlTemplate":"https:\/\/bekleidungscenter.com\/?s={search_term_string}"},"query-input":"required name=search_term_string"}],"inLanguage":"de"}]}},"_links":{"self":[{"href":"https:\/\/bekleidungscenter.com\/index.php?rest_route=\/wp\/v2\/product\/7642"}],"collection":[{"href":"https:\/\/bekleidungscenter.com\/index.php?rest_route=\/wp\/v2\/product"}],"about":[{"href":"https:\/\/bekleidungscenter.com\/index.php?rest_route=\/wp\/v2\/types\/product"}],"replies":[{"embeddable":true,"href":"https:\/\/bekleidungscenter.com\/index.php?rest_route=%2Fwp%2Fv2%2Fcomments&post=7642"}],"wp:featuredmedia":[{"embeddable":true,"href":"https:\/\/bekleidungscenter.com\/index.php?rest_route=\/wp\/v2\/media\/7643"}],"wp:attachment":[{"href":"https:\/\/bekleidungscenter.com\/index.php?rest_route=%2Fwp%2Fv2%2Fmedia&parent=7642"}],"wp:term":[{"taxonomy":"product_cat","embeddable":true,"href":"https:\/\/bekleidungscenter.com\/index.php?rest_route=%2Fwp%2Fv2%2Fproduct_cat&post=7642"},{"taxonomy":"product_tag","embeddable":true,"href":"https:\/\/bekleidungscenter.com\/index.php?rest_route=%2Fwp%2Fv2%2Fproduct_tag&post=7642"}],"curies":[{"name":"wp","href":"https:\/\/api.w.org\/{rel}","templated":true}]}}