{"id":7696,"date":"2021-01-03T19:33:09","date_gmt":"2021-01-03T19:33:09","guid":{"rendered":"http:\/\/bekleidungscenter.com\/?product=stehmann-ina-804-stretchige-thermo-damenhose"},"modified":"2023-04-10T22:39:10","modified_gmt":"2023-04-10T22:39:10","slug":"stehmann-ina-804-stretchige-thermo-damenhose","status":"publish","type":"product","link":"https:\/\/bekleidungscenter.com\/?product=stehmann-ina-804-stretchige-thermo-damenhose","title":{"rendered":"Stehmann, INA-804, elastische Thermo-Damenhose"},"content":{"rendered":"<p><!-- show up to 2 reviews by default --> <\/p>\n<p>Bequeme Damenhose in Thermojersey mit Stretch-Vereinigung und ohne Verschluss. Das Bein ist neuartig geschnitten und hat einen kleinen Schlitz am Saumende. Die beliebte bequeme STEHMANN Stretchhose, Modell Ina-804 ist ein absolutes Highlight. Sie ist in der Innenseite leicht angeraut und gibt somit einen warmen, kuschligen Tragekomfort. Sie sitzt einfach fortw\u00e4hrend perfekt durch ihr super stretchiges Material. Durch den hohen Quote an Stretch entstehen keine ausgebeulten Knie, die Form bleibt fortw\u00e4hrend gleich. Durch den hohen Schnitt und dem nicht auftragenden Gummibund, ist es die absolute Wohlf\u00fchlhose, die so manche Problemzone verdeckt. Man sp\u00fcrt sie fast nie, sie f\u00fchlt sich an wie eine zweite Haut da sie keinen auftragenden Vereinigung, Reissverschluss oder Taschen besitzt. Durch ihre Materialzusammensetzung gibt es kein schwitzen, so kann sie durchaus f\u00fcr jede Gelegenheit getragen werden. Ob elegant oder zum Shoppen sowie vulgo zum Sport, dass ist perfekte Hose f\u00fcr die k\u00e4ltere Jahreszeit. Am Hosenende befindet sich ein kleiner Schlitz. Sie passt zu jedem Schuh. Zu akzeptieren ist die Hosengr\u00f6sse die unbedingt eine Nummer kleiner gekauft werden sollte. Wenn Sie also Gr\u00f6\u00dfe 40 st\u00fctzen, subskribieren Sie bitte bei diesem Model die Gr\u00f6\u00dfe 38 !!! <\/p>\n<p>Thermohose<br \/>\ninnen leicht angeraut<br \/>\nHoher Vereinigung<br \/>\nVerschluss: ohne<br \/>\n85% Polyamid, 15% Elasthan<br \/>\nSlim<br \/>\nPflegehinweis: 40\u00b0 Feinw\u00e4sche, keinen Weichspueler verwenden<br \/>\nModellnummer: Ina-804<br \/>\nSchlitz am Hosenende<br \/>\n<div class=\"main-cross-sell\" data-asin=\"B00EOO6LXI\">\n\n\t<div class=\"WooZone-cross-sell-loader\">\n\t\t<div>\n\t\t\t<div id=\"floatingBarsG\">\n\t\t\t\t<div class=\"blockG\" id=\"rotateG_01\"><\/div>\n\t\t\t\t<div class=\"blockG\" id=\"rotateG_02\"><\/div>\n\t\t\t\t<div class=\"blockG\" id=\"rotateG_03\"><\/div>\n\t\t\t\t<div class=\"blockG\" id=\"rotateG_04\"><\/div>\n\t\t\t\t<div class=\"blockG\" id=\"rotateG_05\"><\/div>\n\t\t\t\t<div class=\"blockG\" id=\"rotateG_06\"><\/div>\n\t\t\t\t<div class=\"blockG\" id=\"rotateG_07\"><\/div>\n\t\t\t\t<div class=\"blockG\" id=\"rotateG_08\"><\/div>\n\t\t\t<\/div>\n\t\t\t<div class=\"WooZone-cross-sell-loader-text\"><\/div>\n\t\t<\/div>\n\t<\/div>\n\n\t\t\n<\/div>\n<div style=\"clear:both;\"><\/div><\/p>\n","protected":false},"excerpt":{"rendered":"<p>Thermohose<br \/>\ninnen leicht angeraut<br \/>\nHoher Bund<\/p>\n","protected":false},"featured_media":7697,"comment_status":"open","ping_status":"closed","template":"","meta":[],"product_cat":[133,129],"product_tag":[],"yoast_head":"<!-- This site is optimized with the Yoast SEO plugin v20.6 - https:\/\/yoast.com\/wordpress\/plugins\/seo\/ -->\n<title>Stehmann, INA-804, elastische Thermo-Damenhose - FamilienMode<\/title>\n<meta name=\"robots\" content=\"index, follow, max-snippet:-1, max-image-preview:large, max-video-preview:-1\" \/>\n<link rel=\"canonical\" href=\"https:\/\/bekleidungscenter.com\/?product=stehmann-ina-804-stretchige-thermo-damenhose\" \/>\n<meta property=\"og:locale\" content=\"de_DE\" \/>\n<meta property=\"og:type\" content=\"article\" \/>\n<meta property=\"og:title\" content=\"Stehmann, INA-804, elastische Thermo-Damenhose - FamilienMode\" \/>\n<meta property=\"og:description\" content=\"Thermohose innen leicht angeraut Hoher Bund\" \/>\n<meta property=\"og:url\" content=\"https:\/\/bekleidungscenter.com\/?product=stehmann-ina-804-stretchige-thermo-damenhose\" \/>\n<meta property=\"og:site_name\" content=\"FamilienMode\" \/>\n<meta property=\"article:modified_time\" content=\"2023-04-10T22:39:10+00:00\" \/>\n<meta property=\"og:image\" content=\"https:\/\/images-na.ssl-images-amazon.com\/images\/I\/31Esx6qHAiL.jpg\" \/>\n\t<meta property=\"og:image:width\" content=\"500\" \/>\n\t<meta property=\"og:image:height\" content=\"500\" \/>\n\t<meta property=\"og:image:type\" content=\"image\/jpeg\" \/>\n<meta name=\"twitter:card\" content=\"summary_large_image\" \/>\n<meta name=\"twitter:label1\" content=\"Gesch\u00e4tzte Lesezeit\" \/>\n\t<meta name=\"twitter:data1\" content=\"1\u00a0Minute\" \/>\n<script type=\"application\/ld+json\" class=\"yoast-schema-graph\">{\"@context\":\"https:\/\/schema.org\",\"@graph\":[{\"@type\":\"WebPage\",\"@id\":\"https:\/\/bekleidungscenter.com\/?product=stehmann-ina-804-stretchige-thermo-damenhose\",\"url\":\"https:\/\/bekleidungscenter.com\/?product=stehmann-ina-804-stretchige-thermo-damenhose\",\"name\":\"Stehmann, INA-804, elastische Thermo-Damenhose - FamilienMode\",\"isPartOf\":{\"@id\":\"https:\/\/bekleidungscenter.com\/#website\"},\"datePublished\":\"2021-01-03T19:33:09+00:00\",\"dateModified\":\"2023-04-10T22:39:10+00:00\",\"breadcrumb\":{\"@id\":\"https:\/\/bekleidungscenter.com\/?product=stehmann-ina-804-stretchige-thermo-damenhose#breadcrumb\"},\"inLanguage\":\"de\",\"potentialAction\":[{\"@type\":\"ReadAction\",\"target\":[\"https:\/\/bekleidungscenter.com\/?product=stehmann-ina-804-stretchige-thermo-damenhose\"]}]},{\"@type\":\"BreadcrumbList\",\"@id\":\"https:\/\/bekleidungscenter.com\/?product=stehmann-ina-804-stretchige-thermo-damenhose#breadcrumb\",\"itemListElement\":[{\"@type\":\"ListItem\",\"position\":1,\"name\":\"Home\",\"item\":\"https:\/\/bekleidungscenter.com\/\"},{\"@type\":\"ListItem\",\"position\":2,\"name\":\"Shop\",\"item\":\"https:\/\/bekleidungscenter.com\/?page_id=7\"},{\"@type\":\"ListItem\",\"position\":3,\"name\":\"Stehmann, INA-804, elastische Thermo-Damenhose\"}]},{\"@type\":\"WebSite\",\"@id\":\"https:\/\/bekleidungscenter.com\/#website\",\"url\":\"https:\/\/bekleidungscenter.com\/\",\"name\":\"FamilienMode\",\"description\":\"Alles f\u00fcr die ganze Familie\",\"potentialAction\":[{\"@type\":\"SearchAction\",\"target\":{\"@type\":\"EntryPoint\",\"urlTemplate\":\"https:\/\/bekleidungscenter.com\/?s={search_term_string}\"},\"query-input\":\"required name=search_term_string\"}],\"inLanguage\":\"de\"}]}<\/script>\n<!-- \/ Yoast SEO plugin. -->","yoast_head_json":{"title":"Stehmann, INA-804, elastische Thermo-Damenhose - FamilienMode","robots":{"index":"index","follow":"follow","max-snippet":"max-snippet:-1","max-image-preview":"max-image-preview:large","max-video-preview":"max-video-preview:-1"},"canonical":"https:\/\/bekleidungscenter.com\/?product=stehmann-ina-804-stretchige-thermo-damenhose","og_locale":"de_DE","og_type":"article","og_title":"Stehmann, INA-804, elastische Thermo-Damenhose - FamilienMode","og_description":"Thermohose innen leicht angeraut Hoher Bund","og_url":"https:\/\/bekleidungscenter.com\/?product=stehmann-ina-804-stretchige-thermo-damenhose","og_site_name":"FamilienMode","article_modified_time":"2023-04-10T22:39:10+00:00","og_image":[{"width":500,"height":500,"url":"https:\/\/images-na.ssl-images-amazon.com\/images\/I\/31Esx6qHAiL.jpg","type":"image\/jpeg"}],"twitter_card":"summary_large_image","twitter_misc":{"Gesch\u00e4tzte Lesezeit":"1\u00a0Minute"},"schema":{"@context":"https:\/\/schema.org","@graph":[{"@type":"WebPage","@id":"https:\/\/bekleidungscenter.com\/?product=stehmann-ina-804-stretchige-thermo-damenhose","url":"https:\/\/bekleidungscenter.com\/?product=stehmann-ina-804-stretchige-thermo-damenhose","name":"Stehmann, INA-804, elastische Thermo-Damenhose - FamilienMode","isPartOf":{"@id":"https:\/\/bekleidungscenter.com\/#website"},"datePublished":"2021-01-03T19:33:09+00:00","dateModified":"2023-04-10T22:39:10+00:00","breadcrumb":{"@id":"https:\/\/bekleidungscenter.com\/?product=stehmann-ina-804-stretchige-thermo-damenhose#breadcrumb"},"inLanguage":"de","potentialAction":[{"@type":"ReadAction","target":["https:\/\/bekleidungscenter.com\/?product=stehmann-ina-804-stretchige-thermo-damenhose"]}]},{"@type":"BreadcrumbList","@id":"https:\/\/bekleidungscenter.com\/?product=stehmann-ina-804-stretchige-thermo-damenhose#breadcrumb","itemListElement":[{"@type":"ListItem","position":1,"name":"Home","item":"https:\/\/bekleidungscenter.com\/"},{"@type":"ListItem","position":2,"name":"Shop","item":"https:\/\/bekleidungscenter.com\/?page_id=7"},{"@type":"ListItem","position":3,"name":"Stehmann, INA-804, elastische Thermo-Damenhose"}]},{"@type":"WebSite","@id":"https:\/\/bekleidungscenter.com\/#website","url":"https:\/\/bekleidungscenter.com\/","name":"FamilienMode","description":"Alles f\u00fcr die ganze Familie","potentialAction":[{"@type":"SearchAction","target":{"@type":"EntryPoint","urlTemplate":"https:\/\/bekleidungscenter.com\/?s={search_term_string}"},"query-input":"required name=search_term_string"}],"inLanguage":"de"}]}},"_links":{"self":[{"href":"https:\/\/bekleidungscenter.com\/index.php?rest_route=\/wp\/v2\/product\/7696"}],"collection":[{"href":"https:\/\/bekleidungscenter.com\/index.php?rest_route=\/wp\/v2\/product"}],"about":[{"href":"https:\/\/bekleidungscenter.com\/index.php?rest_route=\/wp\/v2\/types\/product"}],"replies":[{"embeddable":true,"href":"https:\/\/bekleidungscenter.com\/index.php?rest_route=%2Fwp%2Fv2%2Fcomments&post=7696"}],"wp:featuredmedia":[{"embeddable":true,"href":"https:\/\/bekleidungscenter.com\/index.php?rest_route=\/wp\/v2\/media\/7697"}],"wp:attachment":[{"href":"https:\/\/bekleidungscenter.com\/index.php?rest_route=%2Fwp%2Fv2%2Fmedia&parent=7696"}],"wp:term":[{"taxonomy":"product_cat","embeddable":true,"href":"https:\/\/bekleidungscenter.com\/index.php?rest_route=%2Fwp%2Fv2%2Fproduct_cat&post=7696"},{"taxonomy":"product_tag","embeddable":true,"href":"https:\/\/bekleidungscenter.com\/index.php?rest_route=%2Fwp%2Fv2%2Fproduct_tag&post=7696"}],"curies":[{"name":"wp","href":"https:\/\/api.w.org\/{rel}","templated":true}]}}