{"id":7708,"date":"2021-01-03T19:33:25","date_gmt":"2021-01-03T19:33:25","guid":{"rendered":"http:\/\/bekleidungscenter.com\/?product=raphaela-by-brax-damen-style-lavina-hose"},"modified":"2023-04-10T22:39:10","modified_gmt":"2023-04-10T22:39:10","slug":"raphaela-by-brax-damen-style-lavina-hose","status":"publish","type":"product","link":"https:\/\/bekleidungscenter.com\/?product=raphaela-by-brax-damen-style-lavina-hose","title":{"rendered":"Raphaela by Brax Damen Style Lavina Sommerlichem Dynamic Cotton Five-Pocket Hose"},"content":{"rendered":"<p><!-- show up to 2 reviews by default --> <\/p>\n<p>Wer sagt als, dass bequem nicht aka elegant-sportiv t\u00e4tig sein kann? Passform und Tragekomfort werden bei dieser Damenhose gro\u00dfgeschrieben und besonders stilvoll in einer leichten Dynamic Cotton-Qualit\u00e4t umgesetzt. Bei dieser Schlupfhosen-Variet\u00e4t sorgt n\u00e4mlich der tonige Mit allen Schikanen-Jerseybund mit innenliegendem Gummi f\u00fcr zus\u00e4tzliche Bewegungsfreiheit. Bequem, wertig und Gewiss letzter Schrei in der superschlanken Form. Jeglicher modisch in fr\u00fchlingshaften Farben konzipiert, beeindruckt die Damenhose vor allem mit einem leichten und elastischen Material. Funktional, mit hohen R\u00fccksprungswerten und einem soften Griff &#8211; das ergibt eine sommerliche Hose mit hervorragendem Wohlgef\u00fchl. <\/p>\n<p>Marke: Raphaela by Brax<br \/>\nDamenhose<br \/>\nHoher Zusammenschluss<br \/>\nVerschluss: Elastischer Zusammenschluss<br \/>\n86% Baumwolle, 10% Elastomultiester, 4% Elasthan<br \/>\nSkinny<br \/>\nPflegehinweis: Maschinenw\u00e4sche<br \/>\nModellnummer: 14-1557<br \/>\nFive-Pocket-Hose<br \/>\nFive-Pocket-Taschen<br \/>\nAufgesetzte Ges\u00e4\u00dftaschen mit abgestimmten Stitching<br \/>\n<div class=\"main-cross-sell\" data-asin=\"B07WRM2FFH\">\n\n\t<div class=\"WooZone-cross-sell-loader\">\n\t\t<div>\n\t\t\t<div id=\"floatingBarsG\">\n\t\t\t\t<div class=\"blockG\" id=\"rotateG_01\"><\/div>\n\t\t\t\t<div class=\"blockG\" id=\"rotateG_02\"><\/div>\n\t\t\t\t<div class=\"blockG\" id=\"rotateG_03\"><\/div>\n\t\t\t\t<div class=\"blockG\" id=\"rotateG_04\"><\/div>\n\t\t\t\t<div class=\"blockG\" id=\"rotateG_05\"><\/div>\n\t\t\t\t<div class=\"blockG\" id=\"rotateG_06\"><\/div>\n\t\t\t\t<div class=\"blockG\" id=\"rotateG_07\"><\/div>\n\t\t\t\t<div class=\"blockG\" id=\"rotateG_08\"><\/div>\n\t\t\t<\/div>\n\t\t\t<div class=\"WooZone-cross-sell-loader-text\"><\/div>\n\t\t<\/div>\n\t<\/div>\n\n\t\t\n<\/div>\n<div style=\"clear:both;\"><\/div><\/p>\n","protected":false},"excerpt":{"rendered":"<p>Marke: Raphaela by Brax<br \/>\nDamenhose<br \/>\nHoher Bund<\/p>\n","protected":false},"featured_media":7709,"comment_status":"open","ping_status":"closed","template":"","meta":[],"product_cat":[133,129],"product_tag":[],"yoast_head":"<!-- This site is optimized with the Yoast SEO plugin v20.6 - https:\/\/yoast.com\/wordpress\/plugins\/seo\/ -->\n<title>Raphaela by Brax Damen Style Lavina Sommerlichem Dynamic Cotton Five-Pocket Hose - FamilienMode<\/title>\n<meta name=\"robots\" content=\"index, follow, max-snippet:-1, max-image-preview:large, max-video-preview:-1\" \/>\n<link rel=\"canonical\" href=\"https:\/\/bekleidungscenter.com\/?product=raphaela-by-brax-damen-style-lavina-hose\" \/>\n<meta property=\"og:locale\" content=\"de_DE\" \/>\n<meta property=\"og:type\" content=\"article\" \/>\n<meta property=\"og:title\" content=\"Raphaela by Brax Damen Style Lavina Sommerlichem Dynamic Cotton Five-Pocket Hose - FamilienMode\" \/>\n<meta property=\"og:description\" content=\"Marke: Raphaela by Brax Damenhose Hoher Bund\" \/>\n<meta property=\"og:url\" content=\"https:\/\/bekleidungscenter.com\/?product=raphaela-by-brax-damen-style-lavina-hose\" \/>\n<meta property=\"og:site_name\" content=\"FamilienMode\" \/>\n<meta property=\"article:modified_time\" content=\"2023-04-10T22:39:10+00:00\" \/>\n<meta property=\"og:image\" content=\"https:\/\/images-na.ssl-images-amazon.com\/images\/I\/311mF4ZnoTL.jpg\" \/>\n\t<meta property=\"og:image:width\" content=\"500\" \/>\n\t<meta property=\"og:image:height\" content=\"500\" \/>\n\t<meta property=\"og:image:type\" content=\"image\/jpeg\" \/>\n<meta name=\"twitter:card\" content=\"summary_large_image\" \/>\n<meta name=\"twitter:label1\" content=\"Gesch\u00e4tzte Lesezeit\" \/>\n\t<meta name=\"twitter:data1\" content=\"1\u00a0Minute\" \/>\n<script type=\"application\/ld+json\" class=\"yoast-schema-graph\">{\"@context\":\"https:\/\/schema.org\",\"@graph\":[{\"@type\":\"WebPage\",\"@id\":\"https:\/\/bekleidungscenter.com\/?product=raphaela-by-brax-damen-style-lavina-hose\",\"url\":\"https:\/\/bekleidungscenter.com\/?product=raphaela-by-brax-damen-style-lavina-hose\",\"name\":\"Raphaela by Brax Damen Style Lavina Sommerlichem Dynamic Cotton Five-Pocket Hose - FamilienMode\",\"isPartOf\":{\"@id\":\"https:\/\/bekleidungscenter.com\/#website\"},\"datePublished\":\"2021-01-03T19:33:25+00:00\",\"dateModified\":\"2023-04-10T22:39:10+00:00\",\"breadcrumb\":{\"@id\":\"https:\/\/bekleidungscenter.com\/?product=raphaela-by-brax-damen-style-lavina-hose#breadcrumb\"},\"inLanguage\":\"de\",\"potentialAction\":[{\"@type\":\"ReadAction\",\"target\":[\"https:\/\/bekleidungscenter.com\/?product=raphaela-by-brax-damen-style-lavina-hose\"]}]},{\"@type\":\"BreadcrumbList\",\"@id\":\"https:\/\/bekleidungscenter.com\/?product=raphaela-by-brax-damen-style-lavina-hose#breadcrumb\",\"itemListElement\":[{\"@type\":\"ListItem\",\"position\":1,\"name\":\"Home\",\"item\":\"https:\/\/bekleidungscenter.com\/\"},{\"@type\":\"ListItem\",\"position\":2,\"name\":\"Shop\",\"item\":\"https:\/\/bekleidungscenter.com\/?page_id=7\"},{\"@type\":\"ListItem\",\"position\":3,\"name\":\"Raphaela by Brax Damen Style Lavina Sommerlichem Dynamic Cotton Five-Pocket Hose\"}]},{\"@type\":\"WebSite\",\"@id\":\"https:\/\/bekleidungscenter.com\/#website\",\"url\":\"https:\/\/bekleidungscenter.com\/\",\"name\":\"FamilienMode\",\"description\":\"Alles f\u00fcr die ganze Familie\",\"potentialAction\":[{\"@type\":\"SearchAction\",\"target\":{\"@type\":\"EntryPoint\",\"urlTemplate\":\"https:\/\/bekleidungscenter.com\/?s={search_term_string}\"},\"query-input\":\"required name=search_term_string\"}],\"inLanguage\":\"de\"}]}<\/script>\n<!-- \/ Yoast SEO plugin. -->","yoast_head_json":{"title":"Raphaela by Brax Damen Style Lavina Sommerlichem Dynamic Cotton Five-Pocket Hose - FamilienMode","robots":{"index":"index","follow":"follow","max-snippet":"max-snippet:-1","max-image-preview":"max-image-preview:large","max-video-preview":"max-video-preview:-1"},"canonical":"https:\/\/bekleidungscenter.com\/?product=raphaela-by-brax-damen-style-lavina-hose","og_locale":"de_DE","og_type":"article","og_title":"Raphaela by Brax Damen Style Lavina Sommerlichem Dynamic Cotton Five-Pocket Hose - FamilienMode","og_description":"Marke: Raphaela by Brax Damenhose Hoher Bund","og_url":"https:\/\/bekleidungscenter.com\/?product=raphaela-by-brax-damen-style-lavina-hose","og_site_name":"FamilienMode","article_modified_time":"2023-04-10T22:39:10+00:00","og_image":[{"width":500,"height":500,"url":"https:\/\/images-na.ssl-images-amazon.com\/images\/I\/311mF4ZnoTL.jpg","type":"image\/jpeg"}],"twitter_card":"summary_large_image","twitter_misc":{"Gesch\u00e4tzte Lesezeit":"1\u00a0Minute"},"schema":{"@context":"https:\/\/schema.org","@graph":[{"@type":"WebPage","@id":"https:\/\/bekleidungscenter.com\/?product=raphaela-by-brax-damen-style-lavina-hose","url":"https:\/\/bekleidungscenter.com\/?product=raphaela-by-brax-damen-style-lavina-hose","name":"Raphaela by Brax Damen Style Lavina Sommerlichem Dynamic Cotton Five-Pocket Hose - FamilienMode","isPartOf":{"@id":"https:\/\/bekleidungscenter.com\/#website"},"datePublished":"2021-01-03T19:33:25+00:00","dateModified":"2023-04-10T22:39:10+00:00","breadcrumb":{"@id":"https:\/\/bekleidungscenter.com\/?product=raphaela-by-brax-damen-style-lavina-hose#breadcrumb"},"inLanguage":"de","potentialAction":[{"@type":"ReadAction","target":["https:\/\/bekleidungscenter.com\/?product=raphaela-by-brax-damen-style-lavina-hose"]}]},{"@type":"BreadcrumbList","@id":"https:\/\/bekleidungscenter.com\/?product=raphaela-by-brax-damen-style-lavina-hose#breadcrumb","itemListElement":[{"@type":"ListItem","position":1,"name":"Home","item":"https:\/\/bekleidungscenter.com\/"},{"@type":"ListItem","position":2,"name":"Shop","item":"https:\/\/bekleidungscenter.com\/?page_id=7"},{"@type":"ListItem","position":3,"name":"Raphaela by Brax Damen Style Lavina Sommerlichem Dynamic Cotton Five-Pocket Hose"}]},{"@type":"WebSite","@id":"https:\/\/bekleidungscenter.com\/#website","url":"https:\/\/bekleidungscenter.com\/","name":"FamilienMode","description":"Alles f\u00fcr die ganze Familie","potentialAction":[{"@type":"SearchAction","target":{"@type":"EntryPoint","urlTemplate":"https:\/\/bekleidungscenter.com\/?s={search_term_string}"},"query-input":"required name=search_term_string"}],"inLanguage":"de"}]}},"_links":{"self":[{"href":"https:\/\/bekleidungscenter.com\/index.php?rest_route=\/wp\/v2\/product\/7708"}],"collection":[{"href":"https:\/\/bekleidungscenter.com\/index.php?rest_route=\/wp\/v2\/product"}],"about":[{"href":"https:\/\/bekleidungscenter.com\/index.php?rest_route=\/wp\/v2\/types\/product"}],"replies":[{"embeddable":true,"href":"https:\/\/bekleidungscenter.com\/index.php?rest_route=%2Fwp%2Fv2%2Fcomments&post=7708"}],"wp:featuredmedia":[{"embeddable":true,"href":"https:\/\/bekleidungscenter.com\/index.php?rest_route=\/wp\/v2\/media\/7709"}],"wp:attachment":[{"href":"https:\/\/bekleidungscenter.com\/index.php?rest_route=%2Fwp%2Fv2%2Fmedia&parent=7708"}],"wp:term":[{"taxonomy":"product_cat","embeddable":true,"href":"https:\/\/bekleidungscenter.com\/index.php?rest_route=%2Fwp%2Fv2%2Fproduct_cat&post=7708"},{"taxonomy":"product_tag","embeddable":true,"href":"https:\/\/bekleidungscenter.com\/index.php?rest_route=%2Fwp%2Fv2%2Fproduct_tag&post=7708"}],"curies":[{"name":"wp","href":"https:\/\/api.w.org\/{rel}","templated":true}]}}