{"id":7733,"date":"2021-01-03T19:34:14","date_gmt":"2021-01-03T19:34:14","guid":{"rendered":"http:\/\/bekleidungscenter.com\/?product=tom-tailor-damen-treggins-hose"},"modified":"2023-04-10T22:39:11","modified_gmt":"2023-04-10T22:39:11","slug":"tom-tailor-damen-treggins-hose","status":"publish","type":"product","link":"https:\/\/bekleidungscenter.com\/?product=tom-tailor-damen-treggins-hose","title":{"rendered":"TOM TAILOR Damen Treggins in Ankle-L\u00e4nge"},"content":{"rendered":"<p><!-- show up to 2 reviews by default --> <\/p>\n<p>\u201eDas 1962 in Hamburg gegr\u00fcndete Label TOM TAILOR interpretiert internationale Trends leer Jersey-, Sweat- im \u00dcbrigen Jeansmaterialien via internationalen Einfl\u00fcssen im \u00dcbrigen Fokus aufw\u00e4rts klaren Schnitten, detailliertem Design im \u00dcbrigen modernen Prints. Diese super bequeme Jersey Hose ist der perfekte Vorbehalt an Stelle deine Freizeitaktivit\u00e4ten. Kombiniert via T-Shirt oder Top bist du fortlaufend top angezogen. Die Jersey Hose kann im normalen Waschgang farblich sortiert gereinigt werden. Beachte hierzu gen\u00fcgsam die Hinweise im Pflegeetikett.\u201c <\/p>\n<p>via elastischem B\u00fcndnis<br \/>\nleer Interlock<br \/>\nNormaler B\u00fcndnis<br \/>\nVerschluss: Elastischer B\u00fcndnis<br \/>\n68% Viskose, 26% Polyester, 6% Elasthan<br \/>\nSlim<br \/>\nPflegehinweis: Maschinenw\u00e4sche<br \/>\nModellnummer: 1013267<br \/>\nvia Teiln\u00e4hten entlang der Beine<br \/>\nunifarben<br \/>\nFrauen<br \/>\n<div class=\"main-cross-sell\" data-asin=\"B07SZG81QY\">\n\n\t<div class=\"WooZone-cross-sell-loader\">\n\t\t<div>\n\t\t\t<div id=\"floatingBarsG\">\n\t\t\t\t<div class=\"blockG\" id=\"rotateG_01\"><\/div>\n\t\t\t\t<div class=\"blockG\" id=\"rotateG_02\"><\/div>\n\t\t\t\t<div class=\"blockG\" id=\"rotateG_03\"><\/div>\n\t\t\t\t<div class=\"blockG\" id=\"rotateG_04\"><\/div>\n\t\t\t\t<div class=\"blockG\" id=\"rotateG_05\"><\/div>\n\t\t\t\t<div class=\"blockG\" id=\"rotateG_06\"><\/div>\n\t\t\t\t<div class=\"blockG\" id=\"rotateG_07\"><\/div>\n\t\t\t\t<div class=\"blockG\" id=\"rotateG_08\"><\/div>\n\t\t\t<\/div>\n\t\t\t<div class=\"WooZone-cross-sell-loader-text\"><\/div>\n\t\t<\/div>\n\t<\/div>\n\n\t\t\n<\/div>\n<div style=\"clear:both;\"><\/div><\/p>\n","protected":false},"excerpt":{"rendered":"<p>mit elastischem Bund<br \/>\naus Interlock<br \/>\nNormaler Bund<\/p>\n","protected":false},"featured_media":7734,"comment_status":"open","ping_status":"closed","template":"","meta":[],"product_cat":[133,129],"product_tag":[],"yoast_head":"<!-- This site is optimized with the Yoast SEO plugin v20.6 - https:\/\/yoast.com\/wordpress\/plugins\/seo\/ -->\n<title>TOM TAILOR Damen Treggins in Ankle-L\u00e4nge - FamilienMode<\/title>\n<meta name=\"robots\" content=\"index, follow, max-snippet:-1, max-image-preview:large, max-video-preview:-1\" \/>\n<link rel=\"canonical\" href=\"https:\/\/bekleidungscenter.com\/?product=tom-tailor-damen-treggins-hose\" \/>\n<meta property=\"og:locale\" content=\"de_DE\" \/>\n<meta property=\"og:type\" content=\"article\" \/>\n<meta property=\"og:title\" content=\"TOM TAILOR Damen Treggins in Ankle-L\u00e4nge - FamilienMode\" \/>\n<meta property=\"og:description\" content=\"mit elastischem Bund aus Interlock Normaler Bund\" \/>\n<meta property=\"og:url\" content=\"https:\/\/bekleidungscenter.com\/?product=tom-tailor-damen-treggins-hose\" \/>\n<meta property=\"og:site_name\" content=\"FamilienMode\" \/>\n<meta property=\"article:modified_time\" content=\"2023-04-10T22:39:11+00:00\" \/>\n<meta property=\"og:image\" content=\"https:\/\/images-na.ssl-images-amazon.com\/images\/I\/31ORcxIY%2BBL.jpg\" \/>\n\t<meta property=\"og:image:width\" content=\"500\" \/>\n\t<meta property=\"og:image:height\" content=\"500\" \/>\n\t<meta property=\"og:image:type\" content=\"image\/jpeg\" \/>\n<meta name=\"twitter:card\" content=\"summary_large_image\" \/>\n<meta name=\"twitter:label1\" content=\"Gesch\u00e4tzte Lesezeit\" \/>\n\t<meta name=\"twitter:data1\" content=\"1\u00a0Minute\" \/>\n<script type=\"application\/ld+json\" class=\"yoast-schema-graph\">{\"@context\":\"https:\/\/schema.org\",\"@graph\":[{\"@type\":\"WebPage\",\"@id\":\"https:\/\/bekleidungscenter.com\/?product=tom-tailor-damen-treggins-hose\",\"url\":\"https:\/\/bekleidungscenter.com\/?product=tom-tailor-damen-treggins-hose\",\"name\":\"TOM TAILOR Damen Treggins in Ankle-L\u00e4nge - FamilienMode\",\"isPartOf\":{\"@id\":\"https:\/\/bekleidungscenter.com\/#website\"},\"datePublished\":\"2021-01-03T19:34:14+00:00\",\"dateModified\":\"2023-04-10T22:39:11+00:00\",\"breadcrumb\":{\"@id\":\"https:\/\/bekleidungscenter.com\/?product=tom-tailor-damen-treggins-hose#breadcrumb\"},\"inLanguage\":\"de\",\"potentialAction\":[{\"@type\":\"ReadAction\",\"target\":[\"https:\/\/bekleidungscenter.com\/?product=tom-tailor-damen-treggins-hose\"]}]},{\"@type\":\"BreadcrumbList\",\"@id\":\"https:\/\/bekleidungscenter.com\/?product=tom-tailor-damen-treggins-hose#breadcrumb\",\"itemListElement\":[{\"@type\":\"ListItem\",\"position\":1,\"name\":\"Home\",\"item\":\"https:\/\/bekleidungscenter.com\/\"},{\"@type\":\"ListItem\",\"position\":2,\"name\":\"Shop\",\"item\":\"https:\/\/bekleidungscenter.com\/?page_id=7\"},{\"@type\":\"ListItem\",\"position\":3,\"name\":\"TOM TAILOR Damen Treggins in Ankle-L\u00e4nge\"}]},{\"@type\":\"WebSite\",\"@id\":\"https:\/\/bekleidungscenter.com\/#website\",\"url\":\"https:\/\/bekleidungscenter.com\/\",\"name\":\"FamilienMode\",\"description\":\"Alles f\u00fcr die ganze Familie\",\"potentialAction\":[{\"@type\":\"SearchAction\",\"target\":{\"@type\":\"EntryPoint\",\"urlTemplate\":\"https:\/\/bekleidungscenter.com\/?s={search_term_string}\"},\"query-input\":\"required name=search_term_string\"}],\"inLanguage\":\"de\"}]}<\/script>\n<!-- \/ Yoast SEO plugin. -->","yoast_head_json":{"title":"TOM TAILOR Damen Treggins in Ankle-L\u00e4nge - FamilienMode","robots":{"index":"index","follow":"follow","max-snippet":"max-snippet:-1","max-image-preview":"max-image-preview:large","max-video-preview":"max-video-preview:-1"},"canonical":"https:\/\/bekleidungscenter.com\/?product=tom-tailor-damen-treggins-hose","og_locale":"de_DE","og_type":"article","og_title":"TOM TAILOR Damen Treggins in Ankle-L\u00e4nge - FamilienMode","og_description":"mit elastischem Bund aus Interlock Normaler Bund","og_url":"https:\/\/bekleidungscenter.com\/?product=tom-tailor-damen-treggins-hose","og_site_name":"FamilienMode","article_modified_time":"2023-04-10T22:39:11+00:00","og_image":[{"width":500,"height":500,"url":"https:\/\/images-na.ssl-images-amazon.com\/images\/I\/31ORcxIY%2BBL.jpg","type":"image\/jpeg"}],"twitter_card":"summary_large_image","twitter_misc":{"Gesch\u00e4tzte Lesezeit":"1\u00a0Minute"},"schema":{"@context":"https:\/\/schema.org","@graph":[{"@type":"WebPage","@id":"https:\/\/bekleidungscenter.com\/?product=tom-tailor-damen-treggins-hose","url":"https:\/\/bekleidungscenter.com\/?product=tom-tailor-damen-treggins-hose","name":"TOM TAILOR Damen Treggins in Ankle-L\u00e4nge - FamilienMode","isPartOf":{"@id":"https:\/\/bekleidungscenter.com\/#website"},"datePublished":"2021-01-03T19:34:14+00:00","dateModified":"2023-04-10T22:39:11+00:00","breadcrumb":{"@id":"https:\/\/bekleidungscenter.com\/?product=tom-tailor-damen-treggins-hose#breadcrumb"},"inLanguage":"de","potentialAction":[{"@type":"ReadAction","target":["https:\/\/bekleidungscenter.com\/?product=tom-tailor-damen-treggins-hose"]}]},{"@type":"BreadcrumbList","@id":"https:\/\/bekleidungscenter.com\/?product=tom-tailor-damen-treggins-hose#breadcrumb","itemListElement":[{"@type":"ListItem","position":1,"name":"Home","item":"https:\/\/bekleidungscenter.com\/"},{"@type":"ListItem","position":2,"name":"Shop","item":"https:\/\/bekleidungscenter.com\/?page_id=7"},{"@type":"ListItem","position":3,"name":"TOM TAILOR Damen Treggins in Ankle-L\u00e4nge"}]},{"@type":"WebSite","@id":"https:\/\/bekleidungscenter.com\/#website","url":"https:\/\/bekleidungscenter.com\/","name":"FamilienMode","description":"Alles f\u00fcr die ganze Familie","potentialAction":[{"@type":"SearchAction","target":{"@type":"EntryPoint","urlTemplate":"https:\/\/bekleidungscenter.com\/?s={search_term_string}"},"query-input":"required name=search_term_string"}],"inLanguage":"de"}]}},"_links":{"self":[{"href":"https:\/\/bekleidungscenter.com\/index.php?rest_route=\/wp\/v2\/product\/7733"}],"collection":[{"href":"https:\/\/bekleidungscenter.com\/index.php?rest_route=\/wp\/v2\/product"}],"about":[{"href":"https:\/\/bekleidungscenter.com\/index.php?rest_route=\/wp\/v2\/types\/product"}],"replies":[{"embeddable":true,"href":"https:\/\/bekleidungscenter.com\/index.php?rest_route=%2Fwp%2Fv2%2Fcomments&post=7733"}],"wp:featuredmedia":[{"embeddable":true,"href":"https:\/\/bekleidungscenter.com\/index.php?rest_route=\/wp\/v2\/media\/7734"}],"wp:attachment":[{"href":"https:\/\/bekleidungscenter.com\/index.php?rest_route=%2Fwp%2Fv2%2Fmedia&parent=7733"}],"wp:term":[{"taxonomy":"product_cat","embeddable":true,"href":"https:\/\/bekleidungscenter.com\/index.php?rest_route=%2Fwp%2Fv2%2Fproduct_cat&post=7733"},{"taxonomy":"product_tag","embeddable":true,"href":"https:\/\/bekleidungscenter.com\/index.php?rest_route=%2Fwp%2Fv2%2Fproduct_tag&post=7733"}],"curies":[{"name":"wp","href":"https:\/\/api.w.org\/{rel}","templated":true}]}}