{"id":7749,"date":"2021-01-03T19:34:43","date_gmt":"2021-01-03T19:34:43","guid":{"rendered":"http:\/\/bekleidungscenter.com\/?product=jdy-damen-jdynewthunder-coated-reg-skn-pnt-noos-hose"},"modified":"2023-04-10T22:39:11","modified_gmt":"2023-04-10T22:39:11","slug":"jdy-damen-jdynewthunder-coated-reg-skn-pnt-noos-hose","status":"publish","type":"product","link":"https:\/\/bekleidungscenter.com\/?product=jdy-damen-jdynewthunder-coated-reg-skn-pnt-noos-hose","title":{"rendered":"JACQUELINE de YONG Female Skinny Fit Jeans JDYNew Thunder Coated Gre"},"content":{"rendered":"<p><!-- show up to 2 reviews by default --> <\/p>\n<p>Diese Hosen von JdY ist ein echter Eyecatcher! Durch schmalen Beinen unter anderem einer elastischen Materialqualit\u00e4t schaut die Hosen zu jedem Anziehsachen einverstanden ganz. Eine Unregelm\u00e4\u00dfigkeit ist der beschichtete Suchtmittel, hinsichtlich den die Hosen ein mattes Finish erh\u00e4lt. <\/p>\n<p>Beschichtete Hosen<br \/>\nRegul\u00e4re leibh\u00f6he<br \/>\nVerschluss: Knopfleiste<br \/>\n76% Viskose, 21% Nylon, 3% Elasthan<br \/>\nSkinny<br \/>\nPflegehinweis: Maschinenw\u00e4sche<br \/>\nModellnummer: 15211788<br \/>\nSkinny Hosen<br \/>\nEinfarbige Hosen<br \/>\nSchlichte Hosen<br \/>\n<div class=\"main-cross-sell\" data-asin=\"B089Q2NKTF\">\n\n\t<div class=\"WooZone-cross-sell-loader\">\n\t\t<div>\n\t\t\t<div id=\"floatingBarsG\">\n\t\t\t\t<div class=\"blockG\" id=\"rotateG_01\"><\/div>\n\t\t\t\t<div class=\"blockG\" id=\"rotateG_02\"><\/div>\n\t\t\t\t<div class=\"blockG\" id=\"rotateG_03\"><\/div>\n\t\t\t\t<div class=\"blockG\" id=\"rotateG_04\"><\/div>\n\t\t\t\t<div class=\"blockG\" id=\"rotateG_05\"><\/div>\n\t\t\t\t<div class=\"blockG\" id=\"rotateG_06\"><\/div>\n\t\t\t\t<div class=\"blockG\" id=\"rotateG_07\"><\/div>\n\t\t\t\t<div class=\"blockG\" id=\"rotateG_08\"><\/div>\n\t\t\t<\/div>\n\t\t\t<div class=\"WooZone-cross-sell-loader-text\"><\/div>\n\t\t<\/div>\n\t<\/div>\n\n\t\t\n<\/div>\n<div style=\"clear:both;\"><\/div><\/p>\n","protected":false},"excerpt":{"rendered":"<p>Beschichtete Hose<br \/>\nRegul\u00e4re leibh\u00f6he<br \/>\nVerschluss: Knopfleiste<\/p>\n","protected":false},"featured_media":7750,"comment_status":"open","ping_status":"closed","template":"","meta":[],"product_cat":[133,129],"product_tag":[],"yoast_head":"<!-- This site is optimized with the Yoast SEO plugin v20.6 - https:\/\/yoast.com\/wordpress\/plugins\/seo\/ -->\n<title>JACQUELINE de YONG Female Skinny Fit Jeans JDYNew Thunder Coated Gre - FamilienMode<\/title>\n<meta name=\"robots\" content=\"index, follow, max-snippet:-1, max-image-preview:large, max-video-preview:-1\" \/>\n<link rel=\"canonical\" href=\"https:\/\/bekleidungscenter.com\/?product=jdy-damen-jdynewthunder-coated-reg-skn-pnt-noos-hose\" \/>\n<meta property=\"og:locale\" content=\"de_DE\" \/>\n<meta property=\"og:type\" content=\"article\" \/>\n<meta property=\"og:title\" content=\"JACQUELINE de YONG Female Skinny Fit Jeans JDYNew Thunder Coated Gre - FamilienMode\" \/>\n<meta property=\"og:description\" content=\"Beschichtete Hose Regul\u00e4re leibh\u00f6he Verschluss: Knopfleiste\" \/>\n<meta property=\"og:url\" content=\"https:\/\/bekleidungscenter.com\/?product=jdy-damen-jdynewthunder-coated-reg-skn-pnt-noos-hose\" \/>\n<meta property=\"og:site_name\" content=\"FamilienMode\" \/>\n<meta property=\"article:modified_time\" content=\"2023-04-10T22:39:11+00:00\" \/>\n<meta property=\"og:image\" content=\"https:\/\/images-na.ssl-images-amazon.com\/images\/I\/315rN4cUitL.jpg\" \/>\n\t<meta property=\"og:image:width\" content=\"500\" \/>\n\t<meta property=\"og:image:height\" content=\"500\" \/>\n\t<meta property=\"og:image:type\" content=\"image\/jpeg\" \/>\n<meta name=\"twitter:card\" content=\"summary_large_image\" \/>\n<script type=\"application\/ld+json\" class=\"yoast-schema-graph\">{\"@context\":\"https:\/\/schema.org\",\"@graph\":[{\"@type\":\"WebPage\",\"@id\":\"https:\/\/bekleidungscenter.com\/?product=jdy-damen-jdynewthunder-coated-reg-skn-pnt-noos-hose\",\"url\":\"https:\/\/bekleidungscenter.com\/?product=jdy-damen-jdynewthunder-coated-reg-skn-pnt-noos-hose\",\"name\":\"JACQUELINE de YONG Female Skinny Fit Jeans JDYNew Thunder Coated Gre - FamilienMode\",\"isPartOf\":{\"@id\":\"https:\/\/bekleidungscenter.com\/#website\"},\"datePublished\":\"2021-01-03T19:34:43+00:00\",\"dateModified\":\"2023-04-10T22:39:11+00:00\",\"breadcrumb\":{\"@id\":\"https:\/\/bekleidungscenter.com\/?product=jdy-damen-jdynewthunder-coated-reg-skn-pnt-noos-hose#breadcrumb\"},\"inLanguage\":\"de\",\"potentialAction\":[{\"@type\":\"ReadAction\",\"target\":[\"https:\/\/bekleidungscenter.com\/?product=jdy-damen-jdynewthunder-coated-reg-skn-pnt-noos-hose\"]}]},{\"@type\":\"BreadcrumbList\",\"@id\":\"https:\/\/bekleidungscenter.com\/?product=jdy-damen-jdynewthunder-coated-reg-skn-pnt-noos-hose#breadcrumb\",\"itemListElement\":[{\"@type\":\"ListItem\",\"position\":1,\"name\":\"Home\",\"item\":\"https:\/\/bekleidungscenter.com\/\"},{\"@type\":\"ListItem\",\"position\":2,\"name\":\"Shop\",\"item\":\"https:\/\/bekleidungscenter.com\/?page_id=7\"},{\"@type\":\"ListItem\",\"position\":3,\"name\":\"JACQUELINE de YONG Female Skinny Fit Jeans JDYNew Thunder Coated Gre\"}]},{\"@type\":\"WebSite\",\"@id\":\"https:\/\/bekleidungscenter.com\/#website\",\"url\":\"https:\/\/bekleidungscenter.com\/\",\"name\":\"FamilienMode\",\"description\":\"Alles f\u00fcr die ganze Familie\",\"potentialAction\":[{\"@type\":\"SearchAction\",\"target\":{\"@type\":\"EntryPoint\",\"urlTemplate\":\"https:\/\/bekleidungscenter.com\/?s={search_term_string}\"},\"query-input\":\"required name=search_term_string\"}],\"inLanguage\":\"de\"}]}<\/script>\n<!-- \/ Yoast SEO plugin. -->","yoast_head_json":{"title":"JACQUELINE de YONG Female Skinny Fit Jeans JDYNew Thunder Coated Gre - FamilienMode","robots":{"index":"index","follow":"follow","max-snippet":"max-snippet:-1","max-image-preview":"max-image-preview:large","max-video-preview":"max-video-preview:-1"},"canonical":"https:\/\/bekleidungscenter.com\/?product=jdy-damen-jdynewthunder-coated-reg-skn-pnt-noos-hose","og_locale":"de_DE","og_type":"article","og_title":"JACQUELINE de YONG Female Skinny Fit Jeans JDYNew Thunder Coated Gre - FamilienMode","og_description":"Beschichtete Hose Regul\u00e4re leibh\u00f6he Verschluss: Knopfleiste","og_url":"https:\/\/bekleidungscenter.com\/?product=jdy-damen-jdynewthunder-coated-reg-skn-pnt-noos-hose","og_site_name":"FamilienMode","article_modified_time":"2023-04-10T22:39:11+00:00","og_image":[{"width":500,"height":500,"url":"https:\/\/images-na.ssl-images-amazon.com\/images\/I\/315rN4cUitL.jpg","type":"image\/jpeg"}],"twitter_card":"summary_large_image","schema":{"@context":"https:\/\/schema.org","@graph":[{"@type":"WebPage","@id":"https:\/\/bekleidungscenter.com\/?product=jdy-damen-jdynewthunder-coated-reg-skn-pnt-noos-hose","url":"https:\/\/bekleidungscenter.com\/?product=jdy-damen-jdynewthunder-coated-reg-skn-pnt-noos-hose","name":"JACQUELINE de YONG Female Skinny Fit Jeans JDYNew Thunder Coated Gre - FamilienMode","isPartOf":{"@id":"https:\/\/bekleidungscenter.com\/#website"},"datePublished":"2021-01-03T19:34:43+00:00","dateModified":"2023-04-10T22:39:11+00:00","breadcrumb":{"@id":"https:\/\/bekleidungscenter.com\/?product=jdy-damen-jdynewthunder-coated-reg-skn-pnt-noos-hose#breadcrumb"},"inLanguage":"de","potentialAction":[{"@type":"ReadAction","target":["https:\/\/bekleidungscenter.com\/?product=jdy-damen-jdynewthunder-coated-reg-skn-pnt-noos-hose"]}]},{"@type":"BreadcrumbList","@id":"https:\/\/bekleidungscenter.com\/?product=jdy-damen-jdynewthunder-coated-reg-skn-pnt-noos-hose#breadcrumb","itemListElement":[{"@type":"ListItem","position":1,"name":"Home","item":"https:\/\/bekleidungscenter.com\/"},{"@type":"ListItem","position":2,"name":"Shop","item":"https:\/\/bekleidungscenter.com\/?page_id=7"},{"@type":"ListItem","position":3,"name":"JACQUELINE de YONG Female Skinny Fit Jeans JDYNew Thunder Coated Gre"}]},{"@type":"WebSite","@id":"https:\/\/bekleidungscenter.com\/#website","url":"https:\/\/bekleidungscenter.com\/","name":"FamilienMode","description":"Alles f\u00fcr die ganze Familie","potentialAction":[{"@type":"SearchAction","target":{"@type":"EntryPoint","urlTemplate":"https:\/\/bekleidungscenter.com\/?s={search_term_string}"},"query-input":"required name=search_term_string"}],"inLanguage":"de"}]}},"_links":{"self":[{"href":"https:\/\/bekleidungscenter.com\/index.php?rest_route=\/wp\/v2\/product\/7749"}],"collection":[{"href":"https:\/\/bekleidungscenter.com\/index.php?rest_route=\/wp\/v2\/product"}],"about":[{"href":"https:\/\/bekleidungscenter.com\/index.php?rest_route=\/wp\/v2\/types\/product"}],"replies":[{"embeddable":true,"href":"https:\/\/bekleidungscenter.com\/index.php?rest_route=%2Fwp%2Fv2%2Fcomments&post=7749"}],"wp:featuredmedia":[{"embeddable":true,"href":"https:\/\/bekleidungscenter.com\/index.php?rest_route=\/wp\/v2\/media\/7750"}],"wp:attachment":[{"href":"https:\/\/bekleidungscenter.com\/index.php?rest_route=%2Fwp%2Fv2%2Fmedia&parent=7749"}],"wp:term":[{"taxonomy":"product_cat","embeddable":true,"href":"https:\/\/bekleidungscenter.com\/index.php?rest_route=%2Fwp%2Fv2%2Fproduct_cat&post=7749"},{"taxonomy":"product_tag","embeddable":true,"href":"https:\/\/bekleidungscenter.com\/index.php?rest_route=%2Fwp%2Fv2%2Fproduct_tag&post=7749"}],"curies":[{"name":"wp","href":"https:\/\/api.w.org\/{rel}","templated":true}]}}