{"id":7846,"date":"2021-01-03T19:41:20","date_gmt":"2021-01-03T19:41:20","guid":{"rendered":"http:\/\/bekleidungscenter.com\/?product=tom-tailor-damen-longbluse-bluse"},"modified":"2023-04-10T22:39:13","modified_gmt":"2023-04-10T22:39:13","slug":"tom-tailor-damen-longbluse-bluse","status":"publish","type":"product","link":"https:\/\/bekleidungscenter.com\/?product=tom-tailor-damen-longbluse-bluse","title":{"rendered":"TOM TAILOR Damen Basic Longbluse"},"content":{"rendered":"<p><!-- show up to 2 reviews by default --> <\/p>\n<p>Das 1962 in Hamburg gegr\u00fcndete Label TOM TAILOR interpretiert Trends jedweder Jersey-, Sweat- unter anderem Jeansmaterialien mit Hilfe von internationalen Einfl\u00fcssen unter anderem Fokus auf klaren Schnitten, detailliertem Design unter anderem modernen Prints. Fashion-Liebling: F\u00fchl dich gleichwohl in deiner neuen Bluse! Die locker fallende Befehl, der Hemdblusenkragen unter anderem die langen \u00c4rmeln zum Krempeln, gestalten einen typischen Hemdblusen-Look. Abgestimmt wird das Design der Damenbluse mit Hilfe von Streifen unter anderem einer weichen sowie strukturierten Webware. Unpr\u00e4tenti\u00f6s \u00fcberwerfen, mit Hilfe von einer eleganten Hose folgern unter anderem fertig ist dein Look An Stelle B\u00fcro oder Freizeit. An Stelle die richtige Pflege beachte hierzu die individuellen Hinweise im Pflegeetikett. <\/p>\n<p>Verdeckte Knopfleiste<br \/>\n3\/4-Arm<br \/>\nVerschluss: Pull On<br \/>\n70% Viskose, 30% Leinen<br \/>\nBluse<br \/>\nPflegehinweis: Maschinenw\u00e4sche<br \/>\nModellnummer: 1016196<br \/>\n<div class=\"main-cross-sell\" data-asin=\"B082KXLYZ9\">\n\n\t<div class=\"WooZone-cross-sell-loader\">\n\t\t<div>\n\t\t\t<div id=\"floatingBarsG\">\n\t\t\t\t<div class=\"blockG\" id=\"rotateG_01\"><\/div>\n\t\t\t\t<div class=\"blockG\" id=\"rotateG_02\"><\/div>\n\t\t\t\t<div class=\"blockG\" id=\"rotateG_03\"><\/div>\n\t\t\t\t<div class=\"blockG\" id=\"rotateG_04\"><\/div>\n\t\t\t\t<div class=\"blockG\" id=\"rotateG_05\"><\/div>\n\t\t\t\t<div class=\"blockG\" id=\"rotateG_06\"><\/div>\n\t\t\t\t<div class=\"blockG\" id=\"rotateG_07\"><\/div>\n\t\t\t\t<div class=\"blockG\" id=\"rotateG_08\"><\/div>\n\t\t\t<\/div>\n\t\t\t<div class=\"WooZone-cross-sell-loader-text\"><\/div>\n\t\t<\/div>\n\t<\/div>\n\n\t\t\n<\/div>\n<div style=\"clear:both;\"><\/div><\/p>\n","protected":false},"excerpt":{"rendered":"<p>Verdeckte Knopfleiste<br \/>\n3\/4-Arm<br \/>\nVerschluss: Pull On<\/p>\n","protected":false},"featured_media":7847,"comment_status":"open","ping_status":"closed","template":"","meta":[],"product_cat":[122,133],"product_tag":[],"yoast_head":"<!-- This site is optimized with the Yoast SEO plugin v20.6 - https:\/\/yoast.com\/wordpress\/plugins\/seo\/ -->\n<title>TOM TAILOR Damen Basic Longbluse - FamilienMode<\/title>\n<meta name=\"robots\" content=\"index, follow, max-snippet:-1, max-image-preview:large, max-video-preview:-1\" \/>\n<link rel=\"canonical\" href=\"https:\/\/bekleidungscenter.com\/?product=tom-tailor-damen-longbluse-bluse\" \/>\n<meta property=\"og:locale\" content=\"de_DE\" \/>\n<meta property=\"og:type\" content=\"article\" \/>\n<meta property=\"og:title\" content=\"TOM TAILOR Damen Basic Longbluse - FamilienMode\" \/>\n<meta property=\"og:description\" content=\"Verdeckte Knopfleiste 3\/4-Arm Verschluss: Pull On\" \/>\n<meta property=\"og:url\" content=\"https:\/\/bekleidungscenter.com\/?product=tom-tailor-damen-longbluse-bluse\" \/>\n<meta property=\"og:site_name\" content=\"FamilienMode\" \/>\n<meta property=\"article:modified_time\" content=\"2023-04-10T22:39:13+00:00\" \/>\n<meta property=\"og:image\" content=\"https:\/\/images-na.ssl-images-amazon.com\/images\/I\/41CP6qHQBVL.jpg\" \/>\n\t<meta property=\"og:image:width\" content=\"500\" \/>\n\t<meta property=\"og:image:height\" content=\"500\" \/>\n\t<meta property=\"og:image:type\" content=\"image\/jpeg\" \/>\n<meta name=\"twitter:card\" content=\"summary_large_image\" \/>\n<meta name=\"twitter:label1\" content=\"Gesch\u00e4tzte Lesezeit\" \/>\n\t<meta name=\"twitter:data1\" content=\"1\u00a0Minute\" \/>\n<script type=\"application\/ld+json\" class=\"yoast-schema-graph\">{\"@context\":\"https:\/\/schema.org\",\"@graph\":[{\"@type\":\"WebPage\",\"@id\":\"https:\/\/bekleidungscenter.com\/?product=tom-tailor-damen-longbluse-bluse\",\"url\":\"https:\/\/bekleidungscenter.com\/?product=tom-tailor-damen-longbluse-bluse\",\"name\":\"TOM TAILOR Damen Basic Longbluse - FamilienMode\",\"isPartOf\":{\"@id\":\"https:\/\/bekleidungscenter.com\/#website\"},\"datePublished\":\"2021-01-03T19:41:20+00:00\",\"dateModified\":\"2023-04-10T22:39:13+00:00\",\"breadcrumb\":{\"@id\":\"https:\/\/bekleidungscenter.com\/?product=tom-tailor-damen-longbluse-bluse#breadcrumb\"},\"inLanguage\":\"de\",\"potentialAction\":[{\"@type\":\"ReadAction\",\"target\":[\"https:\/\/bekleidungscenter.com\/?product=tom-tailor-damen-longbluse-bluse\"]}]},{\"@type\":\"BreadcrumbList\",\"@id\":\"https:\/\/bekleidungscenter.com\/?product=tom-tailor-damen-longbluse-bluse#breadcrumb\",\"itemListElement\":[{\"@type\":\"ListItem\",\"position\":1,\"name\":\"Home\",\"item\":\"https:\/\/bekleidungscenter.com\/\"},{\"@type\":\"ListItem\",\"position\":2,\"name\":\"Shop\",\"item\":\"https:\/\/bekleidungscenter.com\/?page_id=7\"},{\"@type\":\"ListItem\",\"position\":3,\"name\":\"TOM TAILOR Damen Basic Longbluse\"}]},{\"@type\":\"WebSite\",\"@id\":\"https:\/\/bekleidungscenter.com\/#website\",\"url\":\"https:\/\/bekleidungscenter.com\/\",\"name\":\"FamilienMode\",\"description\":\"Alles f\u00fcr die ganze Familie\",\"potentialAction\":[{\"@type\":\"SearchAction\",\"target\":{\"@type\":\"EntryPoint\",\"urlTemplate\":\"https:\/\/bekleidungscenter.com\/?s={search_term_string}\"},\"query-input\":\"required name=search_term_string\"}],\"inLanguage\":\"de\"}]}<\/script>\n<!-- \/ Yoast SEO plugin. -->","yoast_head_json":{"title":"TOM TAILOR Damen Basic Longbluse - FamilienMode","robots":{"index":"index","follow":"follow","max-snippet":"max-snippet:-1","max-image-preview":"max-image-preview:large","max-video-preview":"max-video-preview:-1"},"canonical":"https:\/\/bekleidungscenter.com\/?product=tom-tailor-damen-longbluse-bluse","og_locale":"de_DE","og_type":"article","og_title":"TOM TAILOR Damen Basic Longbluse - FamilienMode","og_description":"Verdeckte Knopfleiste 3\/4-Arm Verschluss: Pull On","og_url":"https:\/\/bekleidungscenter.com\/?product=tom-tailor-damen-longbluse-bluse","og_site_name":"FamilienMode","article_modified_time":"2023-04-10T22:39:13+00:00","og_image":[{"width":500,"height":500,"url":"https:\/\/images-na.ssl-images-amazon.com\/images\/I\/41CP6qHQBVL.jpg","type":"image\/jpeg"}],"twitter_card":"summary_large_image","twitter_misc":{"Gesch\u00e4tzte Lesezeit":"1\u00a0Minute"},"schema":{"@context":"https:\/\/schema.org","@graph":[{"@type":"WebPage","@id":"https:\/\/bekleidungscenter.com\/?product=tom-tailor-damen-longbluse-bluse","url":"https:\/\/bekleidungscenter.com\/?product=tom-tailor-damen-longbluse-bluse","name":"TOM TAILOR Damen Basic Longbluse - FamilienMode","isPartOf":{"@id":"https:\/\/bekleidungscenter.com\/#website"},"datePublished":"2021-01-03T19:41:20+00:00","dateModified":"2023-04-10T22:39:13+00:00","breadcrumb":{"@id":"https:\/\/bekleidungscenter.com\/?product=tom-tailor-damen-longbluse-bluse#breadcrumb"},"inLanguage":"de","potentialAction":[{"@type":"ReadAction","target":["https:\/\/bekleidungscenter.com\/?product=tom-tailor-damen-longbluse-bluse"]}]},{"@type":"BreadcrumbList","@id":"https:\/\/bekleidungscenter.com\/?product=tom-tailor-damen-longbluse-bluse#breadcrumb","itemListElement":[{"@type":"ListItem","position":1,"name":"Home","item":"https:\/\/bekleidungscenter.com\/"},{"@type":"ListItem","position":2,"name":"Shop","item":"https:\/\/bekleidungscenter.com\/?page_id=7"},{"@type":"ListItem","position":3,"name":"TOM TAILOR Damen Basic Longbluse"}]},{"@type":"WebSite","@id":"https:\/\/bekleidungscenter.com\/#website","url":"https:\/\/bekleidungscenter.com\/","name":"FamilienMode","description":"Alles f\u00fcr die ganze Familie","potentialAction":[{"@type":"SearchAction","target":{"@type":"EntryPoint","urlTemplate":"https:\/\/bekleidungscenter.com\/?s={search_term_string}"},"query-input":"required name=search_term_string"}],"inLanguage":"de"}]}},"_links":{"self":[{"href":"https:\/\/bekleidungscenter.com\/index.php?rest_route=\/wp\/v2\/product\/7846"}],"collection":[{"href":"https:\/\/bekleidungscenter.com\/index.php?rest_route=\/wp\/v2\/product"}],"about":[{"href":"https:\/\/bekleidungscenter.com\/index.php?rest_route=\/wp\/v2\/types\/product"}],"replies":[{"embeddable":true,"href":"https:\/\/bekleidungscenter.com\/index.php?rest_route=%2Fwp%2Fv2%2Fcomments&post=7846"}],"wp:featuredmedia":[{"embeddable":true,"href":"https:\/\/bekleidungscenter.com\/index.php?rest_route=\/wp\/v2\/media\/7847"}],"wp:attachment":[{"href":"https:\/\/bekleidungscenter.com\/index.php?rest_route=%2Fwp%2Fv2%2Fmedia&parent=7846"}],"wp:term":[{"taxonomy":"product_cat","embeddable":true,"href":"https:\/\/bekleidungscenter.com\/index.php?rest_route=%2Fwp%2Fv2%2Fproduct_cat&post=7846"},{"taxonomy":"product_tag","embeddable":true,"href":"https:\/\/bekleidungscenter.com\/index.php?rest_route=%2Fwp%2Fv2%2Fproduct_tag&post=7846"}],"curies":[{"name":"wp","href":"https:\/\/api.w.org\/{rel}","templated":true}]}}