{"id":7874,"date":"2021-01-03T19:41:59","date_gmt":"2021-01-03T19:41:59","guid":{"rendered":"http:\/\/bekleidungscenter.com\/?product=only-damen-onlkimmi-s-l-wvn-noos-top"},"modified":"2023-04-10T22:39:13","modified_gmt":"2023-04-10T22:39:13","slug":"only-damen-onlkimmi-s-l-wvn-noos-top","status":"publish","type":"product","link":"https:\/\/bekleidungscenter.com\/?product=only-damen-onlkimmi-s-l-wvn-noos-top","title":{"rendered":"ONLY Female Oberteil ohne \u00c4rmel Detailliertes"},"content":{"rendered":"<p><!-- show up to 2 reviews by default --> <\/p>\n<p>So sieht Jener perfekte Alltagsbegleiter statt warme Tage leer. Dies \u00e4rmellose Oberteil von ONLY gl\u00e4nzt \u00fcber Leichtigkeit weiterhin feinem H\u00e4keleinsatz. Jener raffinierte St\u00fcckchen lockert Dies Top uff weiterhin rundet den Look ab. Vulgo in Kombination \u00fcber einem Blazer entsteht ein schicker Office-Look. <\/p>\n<p>Damen Top von Only<br \/>\n\u00e4rmellos<br \/>\nKragenform: V-St\u00fcckchen<br \/>\n\u00c4rmellos<br \/>\n100% Viskose<br \/>\nPflegehinweis: Maschinenw\u00e4sche<br \/>\nModellnummer: 15157656<br \/>\nV-St\u00fcckchen<br \/>\nangenehmes Tragegef\u00fchl<br \/>\nbew\u00e4hrte Only Positionierung<br \/>\n<div class=\"main-cross-sell\" data-asin=\"B07PRLZ9V9\">\n\n\t<div class=\"WooZone-cross-sell-loader\">\n\t\t<div>\n\t\t\t<div id=\"floatingBarsG\">\n\t\t\t\t<div class=\"blockG\" id=\"rotateG_01\"><\/div>\n\t\t\t\t<div class=\"blockG\" id=\"rotateG_02\"><\/div>\n\t\t\t\t<div class=\"blockG\" id=\"rotateG_03\"><\/div>\n\t\t\t\t<div class=\"blockG\" id=\"rotateG_04\"><\/div>\n\t\t\t\t<div class=\"blockG\" id=\"rotateG_05\"><\/div>\n\t\t\t\t<div class=\"blockG\" id=\"rotateG_06\"><\/div>\n\t\t\t\t<div class=\"blockG\" id=\"rotateG_07\"><\/div>\n\t\t\t\t<div class=\"blockG\" id=\"rotateG_08\"><\/div>\n\t\t\t<\/div>\n\t\t\t<div class=\"WooZone-cross-sell-loader-text\"><\/div>\n\t\t<\/div>\n\t<\/div>\n\n\t\t\n<\/div>\n<div style=\"clear:both;\"><\/div><\/p>\n","protected":false},"excerpt":{"rendered":"<p>Damen Top von Only<br \/>\n\u00e4rmellos<br \/>\nKragenform: V-Ausschnitt<\/p>\n","protected":false},"featured_media":7875,"comment_status":"open","ping_status":"closed","template":"","meta":[],"product_cat":[122,133],"product_tag":[],"yoast_head":"<!-- This site is optimized with the Yoast SEO plugin v20.6 - https:\/\/yoast.com\/wordpress\/plugins\/seo\/ -->\n<title>ONLY Female Oberteil ohne \u00c4rmel Detailliertes - FamilienMode<\/title>\n<meta name=\"robots\" content=\"index, follow, max-snippet:-1, max-image-preview:large, max-video-preview:-1\" \/>\n<link rel=\"canonical\" href=\"https:\/\/bekleidungscenter.com\/?product=only-damen-onlkimmi-s-l-wvn-noos-top\" \/>\n<meta property=\"og:locale\" content=\"de_DE\" \/>\n<meta property=\"og:type\" content=\"article\" \/>\n<meta property=\"og:title\" content=\"ONLY Female Oberteil ohne \u00c4rmel Detailliertes - FamilienMode\" \/>\n<meta property=\"og:description\" content=\"Damen Top von Only \u00e4rmellos Kragenform: V-Ausschnitt\" \/>\n<meta property=\"og:url\" content=\"https:\/\/bekleidungscenter.com\/?product=only-damen-onlkimmi-s-l-wvn-noos-top\" \/>\n<meta property=\"og:site_name\" content=\"FamilienMode\" \/>\n<meta property=\"article:modified_time\" content=\"2023-04-10T22:39:13+00:00\" \/>\n<meta property=\"og:image\" content=\"https:\/\/images-na.ssl-images-amazon.com\/images\/I\/41eES%2BajJOL.jpg\" \/>\n\t<meta property=\"og:image:width\" content=\"500\" \/>\n\t<meta property=\"og:image:height\" content=\"500\" \/>\n\t<meta property=\"og:image:type\" content=\"image\/jpeg\" \/>\n<meta name=\"twitter:card\" content=\"summary_large_image\" \/>\n<script type=\"application\/ld+json\" class=\"yoast-schema-graph\">{\"@context\":\"https:\/\/schema.org\",\"@graph\":[{\"@type\":\"WebPage\",\"@id\":\"https:\/\/bekleidungscenter.com\/?product=only-damen-onlkimmi-s-l-wvn-noos-top\",\"url\":\"https:\/\/bekleidungscenter.com\/?product=only-damen-onlkimmi-s-l-wvn-noos-top\",\"name\":\"ONLY Female Oberteil ohne \u00c4rmel Detailliertes - FamilienMode\",\"isPartOf\":{\"@id\":\"https:\/\/bekleidungscenter.com\/#website\"},\"datePublished\":\"2021-01-03T19:41:59+00:00\",\"dateModified\":\"2023-04-10T22:39:13+00:00\",\"breadcrumb\":{\"@id\":\"https:\/\/bekleidungscenter.com\/?product=only-damen-onlkimmi-s-l-wvn-noos-top#breadcrumb\"},\"inLanguage\":\"de\",\"potentialAction\":[{\"@type\":\"ReadAction\",\"target\":[\"https:\/\/bekleidungscenter.com\/?product=only-damen-onlkimmi-s-l-wvn-noos-top\"]}]},{\"@type\":\"BreadcrumbList\",\"@id\":\"https:\/\/bekleidungscenter.com\/?product=only-damen-onlkimmi-s-l-wvn-noos-top#breadcrumb\",\"itemListElement\":[{\"@type\":\"ListItem\",\"position\":1,\"name\":\"Home\",\"item\":\"https:\/\/bekleidungscenter.com\/\"},{\"@type\":\"ListItem\",\"position\":2,\"name\":\"Shop\",\"item\":\"https:\/\/bekleidungscenter.com\/?page_id=7\"},{\"@type\":\"ListItem\",\"position\":3,\"name\":\"ONLY Female Oberteil ohne \u00c4rmel Detailliertes\"}]},{\"@type\":\"WebSite\",\"@id\":\"https:\/\/bekleidungscenter.com\/#website\",\"url\":\"https:\/\/bekleidungscenter.com\/\",\"name\":\"FamilienMode\",\"description\":\"Alles f\u00fcr die ganze Familie\",\"potentialAction\":[{\"@type\":\"SearchAction\",\"target\":{\"@type\":\"EntryPoint\",\"urlTemplate\":\"https:\/\/bekleidungscenter.com\/?s={search_term_string}\"},\"query-input\":\"required name=search_term_string\"}],\"inLanguage\":\"de\"}]}<\/script>\n<!-- \/ Yoast SEO plugin. -->","yoast_head_json":{"title":"ONLY Female Oberteil ohne \u00c4rmel Detailliertes - FamilienMode","robots":{"index":"index","follow":"follow","max-snippet":"max-snippet:-1","max-image-preview":"max-image-preview:large","max-video-preview":"max-video-preview:-1"},"canonical":"https:\/\/bekleidungscenter.com\/?product=only-damen-onlkimmi-s-l-wvn-noos-top","og_locale":"de_DE","og_type":"article","og_title":"ONLY Female Oberteil ohne \u00c4rmel Detailliertes - FamilienMode","og_description":"Damen Top von Only \u00e4rmellos Kragenform: V-Ausschnitt","og_url":"https:\/\/bekleidungscenter.com\/?product=only-damen-onlkimmi-s-l-wvn-noos-top","og_site_name":"FamilienMode","article_modified_time":"2023-04-10T22:39:13+00:00","og_image":[{"width":500,"height":500,"url":"https:\/\/images-na.ssl-images-amazon.com\/images\/I\/41eES%2BajJOL.jpg","type":"image\/jpeg"}],"twitter_card":"summary_large_image","schema":{"@context":"https:\/\/schema.org","@graph":[{"@type":"WebPage","@id":"https:\/\/bekleidungscenter.com\/?product=only-damen-onlkimmi-s-l-wvn-noos-top","url":"https:\/\/bekleidungscenter.com\/?product=only-damen-onlkimmi-s-l-wvn-noos-top","name":"ONLY Female Oberteil ohne \u00c4rmel Detailliertes - FamilienMode","isPartOf":{"@id":"https:\/\/bekleidungscenter.com\/#website"},"datePublished":"2021-01-03T19:41:59+00:00","dateModified":"2023-04-10T22:39:13+00:00","breadcrumb":{"@id":"https:\/\/bekleidungscenter.com\/?product=only-damen-onlkimmi-s-l-wvn-noos-top#breadcrumb"},"inLanguage":"de","potentialAction":[{"@type":"ReadAction","target":["https:\/\/bekleidungscenter.com\/?product=only-damen-onlkimmi-s-l-wvn-noos-top"]}]},{"@type":"BreadcrumbList","@id":"https:\/\/bekleidungscenter.com\/?product=only-damen-onlkimmi-s-l-wvn-noos-top#breadcrumb","itemListElement":[{"@type":"ListItem","position":1,"name":"Home","item":"https:\/\/bekleidungscenter.com\/"},{"@type":"ListItem","position":2,"name":"Shop","item":"https:\/\/bekleidungscenter.com\/?page_id=7"},{"@type":"ListItem","position":3,"name":"ONLY Female Oberteil ohne \u00c4rmel Detailliertes"}]},{"@type":"WebSite","@id":"https:\/\/bekleidungscenter.com\/#website","url":"https:\/\/bekleidungscenter.com\/","name":"FamilienMode","description":"Alles f\u00fcr die ganze Familie","potentialAction":[{"@type":"SearchAction","target":{"@type":"EntryPoint","urlTemplate":"https:\/\/bekleidungscenter.com\/?s={search_term_string}"},"query-input":"required name=search_term_string"}],"inLanguage":"de"}]}},"_links":{"self":[{"href":"https:\/\/bekleidungscenter.com\/index.php?rest_route=\/wp\/v2\/product\/7874"}],"collection":[{"href":"https:\/\/bekleidungscenter.com\/index.php?rest_route=\/wp\/v2\/product"}],"about":[{"href":"https:\/\/bekleidungscenter.com\/index.php?rest_route=\/wp\/v2\/types\/product"}],"replies":[{"embeddable":true,"href":"https:\/\/bekleidungscenter.com\/index.php?rest_route=%2Fwp%2Fv2%2Fcomments&post=7874"}],"wp:featuredmedia":[{"embeddable":true,"href":"https:\/\/bekleidungscenter.com\/index.php?rest_route=\/wp\/v2\/media\/7875"}],"wp:attachment":[{"href":"https:\/\/bekleidungscenter.com\/index.php?rest_route=%2Fwp%2Fv2%2Fmedia&parent=7874"}],"wp:term":[{"taxonomy":"product_cat","embeddable":true,"href":"https:\/\/bekleidungscenter.com\/index.php?rest_route=%2Fwp%2Fv2%2Fproduct_cat&post=7874"},{"taxonomy":"product_tag","embeddable":true,"href":"https:\/\/bekleidungscenter.com\/index.php?rest_route=%2Fwp%2Fv2%2Fproduct_tag&post=7874"}],"curies":[{"name":"wp","href":"https:\/\/api.w.org\/{rel}","templated":true}]}}