{"id":7960,"date":"2021-01-03T19:44:00","date_gmt":"2021-01-03T19:44:00","guid":{"rendered":"http:\/\/bekleidungscenter.com\/?product=seidensticker-damen-bluse-buegelleichteschmal-taillierte-hemdbluse-mit-hemdblusenkragen-und-kragen-ausschnitt-langarm-96-baumwolle4-elastan"},"modified":"2023-04-07T22:05:43","modified_gmt":"2023-04-07T22:05:43","slug":"seidensticker-damen-bluse-buegelleichteschmal-taillierte-hemdbluse-mit-hemdblusenkragen-und-kragen-ausschnitt-langarm-96-baumwolle4-elastan","status":"publish","type":"product","link":"https:\/\/bekleidungscenter.com\/?product=seidensticker-damen-bluse-buegelleichteschmal-taillierte-hemdbluse-mit-hemdblusenkragen-und-kragen-ausschnitt-langarm-96-baumwolle4-elastan","title":{"rendered":"Seidensticker Damen Hemdbluse Langarm Slim Fit Uni Stretch Hemd"},"content":{"rendered":"<p><!-- show up to 2 reviews by default --> <\/p>\n<h3>Seidensticker Damen Bluse<\/h3>\n<p>Durch ihre optimale Passform und die Unterst\u00fctzung der femininen Figur einer Frau, eignet sich diese Seidensticker Bluse f\u00fcr jeden Anlass. Sie macht<br \/>sich super unter einem Hosenanzug oder einem Blazer im B\u00fcro. Sie kann leger mit einer Jeans kombiniert oder auf die Party am Abend ausgef\u00fchrt wer-<br \/>den. Durch ihr Material mit Baumwolle eignet sie sich f\u00fcr Business-Reisen, da sie so o. k. wie knitterfrei aufgebraucht dem Koffer entnommen werden kann &#8211; glei-<br \/>ches gilt f\u00fcr die W\u00e4sche, vulgo hier kommt sie fast ohne Falten aufgebraucht der Luftfahrzeug. Seidensticker Blusen entsprechen dem tolerabel-TEX Standard 100.<\/p>\n<p><strong>Produktdetails<\/strong><\/p>\n<ul>\n<li>B\u00fcgelleichte Damen Bluse<\/li>\n<li>Optimales Tragegef\u00fchl<\/li>\n<li>Passform: Slim Fit<\/li>\n<li>Material: 96% Baumwolle, 4% Elastan<\/li>\n<li>Webart: Popeline Stretch<\/li>\n<\/ul>\n<p><strong>Seidensticker<\/strong><\/p>\n<p>Souver\u00e4nit\u00e4t, schlichte Eleganz und Zeitlosigkeit: Seidensticker ist nicht Gewiss der Hemdenhersteller mit dem h\u00f6chsten Bekanntheitsgrad in Deutschland,<br \/>sondern vereint vor allem Tradition und Innovation und steht f\u00fcr modernes Stilgef\u00fchl. Konzentrierte Sortimente von Hemden und Blusen verbinden sich<br \/>mit Trends zu klaren Kollektionen &#8211; versinnbildlicht durch die Schwarze Rose, das unverkennbare alphabetisches Zeichen der Marke.<\/p>\n<\/p>\n<p>Der perfekte Begleiter f\u00fcr jeden Anlass: Im B\u00fcro, auf der Party oder in der Freizeit, die Seidensticker Bluse ist klassisch-im Trend &amp; l\u00e4sst jede Frau erhaben &amp; schick aussehen &#8211; oder sexy, je nach Look<br \/>\nKnitterfalte ad\u00e9: Das Oberteil ist b\u00fcgelleicht und l\u00e4sst sich z.B. super mit auf Reisen nehmen &#8211; einfach falten, in den Koffer legen und fast ohne Falten neuerlich herausholen<br \/>\nKragenform: Kent<br \/>\nLangarm<br \/>\nVerschluss: Knopfleiste<br \/>\n96% Baumwolle, 4% Elasthan<br \/>\nBluse<br \/>\nPflegehinweis: Maschinenw\u00e4sche<br \/>\nModellnummer: 80612<br \/>\n<div class=\"main-cross-sell\" data-asin=\"B008AHEXAI\">\n\n\t<div class=\"WooZone-cross-sell-loader\">\n\t\t<div>\n\t\t\t<div id=\"floatingBarsG\">\n\t\t\t\t<div class=\"blockG\" id=\"rotateG_01\"><\/div>\n\t\t\t\t<div class=\"blockG\" id=\"rotateG_02\"><\/div>\n\t\t\t\t<div class=\"blockG\" id=\"rotateG_03\"><\/div>\n\t\t\t\t<div class=\"blockG\" id=\"rotateG_04\"><\/div>\n\t\t\t\t<div class=\"blockG\" id=\"rotateG_05\"><\/div>\n\t\t\t\t<div class=\"blockG\" id=\"rotateG_06\"><\/div>\n\t\t\t\t<div class=\"blockG\" id=\"rotateG_07\"><\/div>\n\t\t\t\t<div class=\"blockG\" id=\"rotateG_08\"><\/div>\n\t\t\t<\/div>\n\t\t\t<div class=\"WooZone-cross-sell-loader-text\"><\/div>\n\t\t<\/div>\n\t<\/div>\n\n\t\t\n<\/div>\n<div style=\"clear:both;\"><\/div><\/p>\n","protected":false},"excerpt":{"rendered":"<p>Der perfekte Begleiter f\u00fcr jeden Anlass: Im B\u00fcro, auf der Party oder in der Freizeit, die Seidensticker Bluse ist klassisch-modern &amp; l\u00e4sst jede Frau edel &amp; schick aussehen &#8211; oder sexy, je nach Look<br \/>\nKnitterfalte ad\u00e9: Das Oberteil ist b\u00fcgelleicht und l\u00e4sst sich z.B. super mit auf Reisen nehmen &#8211; einfach falten, in den Koffer legen und fast ohne Falten wieder herausholen<br \/>\nKragenform: Kent<\/p>\n","protected":false},"featured_media":7961,"comment_status":"open","ping_status":"closed","template":"","meta":[],"product_cat":[122,133],"product_tag":[],"yoast_head":"<!-- This site is optimized with the Yoast SEO plugin v20.6 - https:\/\/yoast.com\/wordpress\/plugins\/seo\/ -->\n<title>Seidensticker Damen Hemdbluse Langarm Slim Fit Uni Stretch Hemd - FamilienMode<\/title>\n<meta name=\"robots\" content=\"index, follow, max-snippet:-1, max-image-preview:large, max-video-preview:-1\" \/>\n<link rel=\"canonical\" href=\"https:\/\/bekleidungscenter.com\/?product=seidensticker-damen-bluse-buegelleichteschmal-taillierte-hemdbluse-mit-hemdblusenkragen-und-kragen-ausschnitt-langarm-96-baumwolle4-elastan\" \/>\n<meta property=\"og:locale\" content=\"de_DE\" \/>\n<meta property=\"og:type\" content=\"article\" \/>\n<meta property=\"og:title\" content=\"Seidensticker Damen Hemdbluse Langarm Slim Fit Uni Stretch Hemd - FamilienMode\" \/>\n<meta property=\"og:description\" content=\"Der perfekte Begleiter f\u00fcr jeden Anlass: Im B\u00fcro, auf der Party oder in der Freizeit, die Seidensticker Bluse ist klassisch-modern &amp; l\u00e4sst jede Frau edel &amp; schick aussehen - oder sexy, je nach Look Knitterfalte ad\u00e9: Das Oberteil ist b\u00fcgelleicht und l\u00e4sst sich z.B. super mit auf Reisen nehmen - einfach falten, in den Koffer legen und fast ohne Falten wieder herausholen Kragenform: Kent\" \/>\n<meta property=\"og:url\" content=\"https:\/\/bekleidungscenter.com\/?product=seidensticker-damen-bluse-buegelleichteschmal-taillierte-hemdbluse-mit-hemdblusenkragen-und-kragen-ausschnitt-langarm-96-baumwolle4-elastan\" \/>\n<meta property=\"og:site_name\" content=\"FamilienMode\" \/>\n<meta property=\"article:modified_time\" content=\"2023-04-07T22:05:43+00:00\" \/>\n<meta property=\"og:image\" content=\"https:\/\/images-na.ssl-images-amazon.com\/images\/I\/31qW3q9vPhL.jpg\" \/>\n\t<meta property=\"og:image:width\" content=\"500\" \/>\n\t<meta property=\"og:image:height\" content=\"500\" \/>\n\t<meta property=\"og:image:type\" content=\"image\/jpeg\" \/>\n<meta name=\"twitter:card\" content=\"summary_large_image\" \/>\n<meta name=\"twitter:label1\" content=\"Gesch\u00e4tzte Lesezeit\" \/>\n\t<meta name=\"twitter:data1\" content=\"1\u00a0Minute\" \/>\n<script type=\"application\/ld+json\" class=\"yoast-schema-graph\">{\"@context\":\"https:\/\/schema.org\",\"@graph\":[{\"@type\":\"WebPage\",\"@id\":\"https:\/\/bekleidungscenter.com\/?product=seidensticker-damen-bluse-buegelleichteschmal-taillierte-hemdbluse-mit-hemdblusenkragen-und-kragen-ausschnitt-langarm-96-baumwolle4-elastan\",\"url\":\"https:\/\/bekleidungscenter.com\/?product=seidensticker-damen-bluse-buegelleichteschmal-taillierte-hemdbluse-mit-hemdblusenkragen-und-kragen-ausschnitt-langarm-96-baumwolle4-elastan\",\"name\":\"Seidensticker Damen Hemdbluse Langarm Slim Fit Uni Stretch Hemd - FamilienMode\",\"isPartOf\":{\"@id\":\"https:\/\/bekleidungscenter.com\/#website\"},\"datePublished\":\"2021-01-03T19:44:00+00:00\",\"dateModified\":\"2023-04-07T22:05:43+00:00\",\"breadcrumb\":{\"@id\":\"https:\/\/bekleidungscenter.com\/?product=seidensticker-damen-bluse-buegelleichteschmal-taillierte-hemdbluse-mit-hemdblusenkragen-und-kragen-ausschnitt-langarm-96-baumwolle4-elastan#breadcrumb\"},\"inLanguage\":\"de\",\"potentialAction\":[{\"@type\":\"ReadAction\",\"target\":[\"https:\/\/bekleidungscenter.com\/?product=seidensticker-damen-bluse-buegelleichteschmal-taillierte-hemdbluse-mit-hemdblusenkragen-und-kragen-ausschnitt-langarm-96-baumwolle4-elastan\"]}]},{\"@type\":\"BreadcrumbList\",\"@id\":\"https:\/\/bekleidungscenter.com\/?product=seidensticker-damen-bluse-buegelleichteschmal-taillierte-hemdbluse-mit-hemdblusenkragen-und-kragen-ausschnitt-langarm-96-baumwolle4-elastan#breadcrumb\",\"itemListElement\":[{\"@type\":\"ListItem\",\"position\":1,\"name\":\"Home\",\"item\":\"https:\/\/bekleidungscenter.com\/\"},{\"@type\":\"ListItem\",\"position\":2,\"name\":\"Shop\",\"item\":\"https:\/\/bekleidungscenter.com\/?page_id=7\"},{\"@type\":\"ListItem\",\"position\":3,\"name\":\"Seidensticker Damen Hemdbluse Langarm Slim Fit Uni Stretch Hemd\"}]},{\"@type\":\"WebSite\",\"@id\":\"https:\/\/bekleidungscenter.com\/#website\",\"url\":\"https:\/\/bekleidungscenter.com\/\",\"name\":\"FamilienMode\",\"description\":\"Alles f\u00fcr die ganze Familie\",\"potentialAction\":[{\"@type\":\"SearchAction\",\"target\":{\"@type\":\"EntryPoint\",\"urlTemplate\":\"https:\/\/bekleidungscenter.com\/?s={search_term_string}\"},\"query-input\":\"required name=search_term_string\"}],\"inLanguage\":\"de\"}]}<\/script>\n<!-- \/ Yoast SEO plugin. -->","yoast_head_json":{"title":"Seidensticker Damen Hemdbluse Langarm Slim Fit Uni Stretch Hemd - FamilienMode","robots":{"index":"index","follow":"follow","max-snippet":"max-snippet:-1","max-image-preview":"max-image-preview:large","max-video-preview":"max-video-preview:-1"},"canonical":"https:\/\/bekleidungscenter.com\/?product=seidensticker-damen-bluse-buegelleichteschmal-taillierte-hemdbluse-mit-hemdblusenkragen-und-kragen-ausschnitt-langarm-96-baumwolle4-elastan","og_locale":"de_DE","og_type":"article","og_title":"Seidensticker Damen Hemdbluse Langarm Slim Fit Uni Stretch Hemd - FamilienMode","og_description":"Der perfekte Begleiter f\u00fcr jeden Anlass: Im B\u00fcro, auf der Party oder in der Freizeit, die Seidensticker Bluse ist klassisch-modern &amp; l\u00e4sst jede Frau edel &amp; schick aussehen - oder sexy, je nach Look Knitterfalte ad\u00e9: Das Oberteil ist b\u00fcgelleicht und l\u00e4sst sich z.B. super mit auf Reisen nehmen - einfach falten, in den Koffer legen und fast ohne Falten wieder herausholen Kragenform: Kent","og_url":"https:\/\/bekleidungscenter.com\/?product=seidensticker-damen-bluse-buegelleichteschmal-taillierte-hemdbluse-mit-hemdblusenkragen-und-kragen-ausschnitt-langarm-96-baumwolle4-elastan","og_site_name":"FamilienMode","article_modified_time":"2023-04-07T22:05:43+00:00","og_image":[{"width":500,"height":500,"url":"https:\/\/images-na.ssl-images-amazon.com\/images\/I\/31qW3q9vPhL.jpg","type":"image\/jpeg"}],"twitter_card":"summary_large_image","twitter_misc":{"Gesch\u00e4tzte Lesezeit":"1\u00a0Minute"},"schema":{"@context":"https:\/\/schema.org","@graph":[{"@type":"WebPage","@id":"https:\/\/bekleidungscenter.com\/?product=seidensticker-damen-bluse-buegelleichteschmal-taillierte-hemdbluse-mit-hemdblusenkragen-und-kragen-ausschnitt-langarm-96-baumwolle4-elastan","url":"https:\/\/bekleidungscenter.com\/?product=seidensticker-damen-bluse-buegelleichteschmal-taillierte-hemdbluse-mit-hemdblusenkragen-und-kragen-ausschnitt-langarm-96-baumwolle4-elastan","name":"Seidensticker Damen Hemdbluse Langarm Slim Fit Uni Stretch Hemd - FamilienMode","isPartOf":{"@id":"https:\/\/bekleidungscenter.com\/#website"},"datePublished":"2021-01-03T19:44:00+00:00","dateModified":"2023-04-07T22:05:43+00:00","breadcrumb":{"@id":"https:\/\/bekleidungscenter.com\/?product=seidensticker-damen-bluse-buegelleichteschmal-taillierte-hemdbluse-mit-hemdblusenkragen-und-kragen-ausschnitt-langarm-96-baumwolle4-elastan#breadcrumb"},"inLanguage":"de","potentialAction":[{"@type":"ReadAction","target":["https:\/\/bekleidungscenter.com\/?product=seidensticker-damen-bluse-buegelleichteschmal-taillierte-hemdbluse-mit-hemdblusenkragen-und-kragen-ausschnitt-langarm-96-baumwolle4-elastan"]}]},{"@type":"BreadcrumbList","@id":"https:\/\/bekleidungscenter.com\/?product=seidensticker-damen-bluse-buegelleichteschmal-taillierte-hemdbluse-mit-hemdblusenkragen-und-kragen-ausschnitt-langarm-96-baumwolle4-elastan#breadcrumb","itemListElement":[{"@type":"ListItem","position":1,"name":"Home","item":"https:\/\/bekleidungscenter.com\/"},{"@type":"ListItem","position":2,"name":"Shop","item":"https:\/\/bekleidungscenter.com\/?page_id=7"},{"@type":"ListItem","position":3,"name":"Seidensticker Damen Hemdbluse Langarm Slim Fit Uni Stretch Hemd"}]},{"@type":"WebSite","@id":"https:\/\/bekleidungscenter.com\/#website","url":"https:\/\/bekleidungscenter.com\/","name":"FamilienMode","description":"Alles f\u00fcr die ganze Familie","potentialAction":[{"@type":"SearchAction","target":{"@type":"EntryPoint","urlTemplate":"https:\/\/bekleidungscenter.com\/?s={search_term_string}"},"query-input":"required name=search_term_string"}],"inLanguage":"de"}]}},"_links":{"self":[{"href":"https:\/\/bekleidungscenter.com\/index.php?rest_route=\/wp\/v2\/product\/7960"}],"collection":[{"href":"https:\/\/bekleidungscenter.com\/index.php?rest_route=\/wp\/v2\/product"}],"about":[{"href":"https:\/\/bekleidungscenter.com\/index.php?rest_route=\/wp\/v2\/types\/product"}],"replies":[{"embeddable":true,"href":"https:\/\/bekleidungscenter.com\/index.php?rest_route=%2Fwp%2Fv2%2Fcomments&post=7960"}],"wp:featuredmedia":[{"embeddable":true,"href":"https:\/\/bekleidungscenter.com\/index.php?rest_route=\/wp\/v2\/media\/7961"}],"wp:attachment":[{"href":"https:\/\/bekleidungscenter.com\/index.php?rest_route=%2Fwp%2Fv2%2Fmedia&parent=7960"}],"wp:term":[{"taxonomy":"product_cat","embeddable":true,"href":"https:\/\/bekleidungscenter.com\/index.php?rest_route=%2Fwp%2Fv2%2Fproduct_cat&post=7960"},{"taxonomy":"product_tag","embeddable":true,"href":"https:\/\/bekleidungscenter.com\/index.php?rest_route=%2Fwp%2Fv2%2Fproduct_tag&post=7960"}],"curies":[{"name":"wp","href":"https:\/\/api.w.org\/{rel}","templated":true}]}}