{"id":8004,"date":"2021-01-03T19:46:40","date_gmt":"2021-01-03T19:46:40","guid":{"rendered":"http:\/\/bekleidungscenter.com\/?product=vero-moda-female-hemd-mit-3-4-aermeln-gestreiftes"},"modified":"2023-04-07T22:05:44","modified_gmt":"2023-04-07T22:05:44","slug":"vero-moda-female-hemd-mit-3-4-aermeln-gestreiftes","status":"publish","type":"product","link":"https:\/\/bekleidungscenter.com\/?product=vero-moda-female-hemd-mit-3-4-aermeln-gestreiftes","title":{"rendered":"VERO MODA Female Hemd mit 3\/4 \u00c4rmeln Gestreiftes"},"content":{"rendered":"<p><!-- show up to 2 reviews by default --> <\/p>\n<p>Diese Tunikabluse von VERO MODA verspr\u00fcht romantischen Boho-Chic. Die Schlichtheit wird erg\u00e4nzt durch Streifen, einen kleinen Stehkragen sowie einen Knopf-Verschluss vorn. Die 3\/4-\u00c4rmel sind mit einem Knopf-Verschluss ausgestattet. Bekannt als die legere Schnittf\u00fchrung unterstreicht den entspannten Look der Damenbluse und macht sie au\u00dfergew\u00f6hnlich angenehm zu st\u00fctzen. Die luftig-leichte Qualit\u00e4t liegt da obendrein supersanft auf der Haut. Ob zur Jeans in Destroyed-Optik, zur Chinohose oder zum Rock \u2013 die Kombinationen sind unterschiedlich. Die Tunikabluse von VERO MODA \u00fcberzeugt wie modisches Highlight! <\/p>\n<p>3\/4-\u00e4rmeliges Hemd.<br \/>\nV\u00f6llig gestreift.<br \/>\nKragenform: Stehkragen<br \/>\n3\/4-Arm<br \/>\nVerschluss: Knopfleiste<br \/>\n75% Viskose, 25% Polyester<br \/>\nRegular Fit<br \/>\nPflegehinweis: Schonwaschgang 30\u00b0C; Nicht bleichen; Nicht hei\u00df b\u00fcgeln; Nicht im Trockner frottieren; Mit \u00e4hnlichen Farben abwaschen<br \/>\nModellnummer: 10168581<br \/>\nV-Segment mit verdeckten Kn\u00f6pfen.<br \/>\nMaterialzusammensetzung: 75% Viskose, 25% Polyester<br \/>\n<div class=\"main-cross-sell\" data-asin=\"B01KZEQA5E\">\n\n\t<div class=\"WooZone-cross-sell-loader\">\n\t\t<div>\n\t\t\t<div id=\"floatingBarsG\">\n\t\t\t\t<div class=\"blockG\" id=\"rotateG_01\"><\/div>\n\t\t\t\t<div class=\"blockG\" id=\"rotateG_02\"><\/div>\n\t\t\t\t<div class=\"blockG\" id=\"rotateG_03\"><\/div>\n\t\t\t\t<div class=\"blockG\" id=\"rotateG_04\"><\/div>\n\t\t\t\t<div class=\"blockG\" id=\"rotateG_05\"><\/div>\n\t\t\t\t<div class=\"blockG\" id=\"rotateG_06\"><\/div>\n\t\t\t\t<div class=\"blockG\" id=\"rotateG_07\"><\/div>\n\t\t\t\t<div class=\"blockG\" id=\"rotateG_08\"><\/div>\n\t\t\t<\/div>\n\t\t\t<div class=\"WooZone-cross-sell-loader-text\"><\/div>\n\t\t<\/div>\n\t<\/div>\n\n\t\t\n<\/div>\n<div style=\"clear:both;\"><\/div><\/p>\n","protected":false},"excerpt":{"rendered":"<p>3\/4-\u00e4rmeliges Hemd.<br \/>\nKomplett gestreift.<br \/>\nKragenform: Stehkragen<\/p>\n","protected":false},"featured_media":8005,"comment_status":"open","ping_status":"closed","template":"","meta":[],"product_cat":[122,133],"product_tag":[],"yoast_head":"<!-- This site is optimized with the Yoast SEO plugin v20.6 - https:\/\/yoast.com\/wordpress\/plugins\/seo\/ -->\n<title>VERO MODA Female Hemd mit 3\/4 \u00c4rmeln Gestreiftes - FamilienMode<\/title>\n<meta name=\"robots\" content=\"index, follow, max-snippet:-1, max-image-preview:large, max-video-preview:-1\" \/>\n<link rel=\"canonical\" href=\"https:\/\/bekleidungscenter.com\/?product=vero-moda-female-hemd-mit-3-4-aermeln-gestreiftes\" \/>\n<meta property=\"og:locale\" content=\"de_DE\" \/>\n<meta property=\"og:type\" content=\"article\" \/>\n<meta property=\"og:title\" content=\"VERO MODA Female Hemd mit 3\/4 \u00c4rmeln Gestreiftes - FamilienMode\" \/>\n<meta property=\"og:description\" content=\"3\/4-\u00e4rmeliges Hemd. Komplett gestreift. Kragenform: Stehkragen\" \/>\n<meta property=\"og:url\" content=\"https:\/\/bekleidungscenter.com\/?product=vero-moda-female-hemd-mit-3-4-aermeln-gestreiftes\" \/>\n<meta property=\"og:site_name\" content=\"FamilienMode\" \/>\n<meta property=\"article:modified_time\" content=\"2023-04-07T22:05:44+00:00\" \/>\n<meta property=\"og:image\" content=\"https:\/\/images-na.ssl-images-amazon.com\/images\/I\/41pojCHOHxL.jpg\" \/>\n\t<meta property=\"og:image:width\" content=\"500\" \/>\n\t<meta property=\"og:image:height\" content=\"500\" \/>\n\t<meta property=\"og:image:type\" content=\"image\/jpeg\" \/>\n<meta name=\"twitter:card\" content=\"summary_large_image\" \/>\n<meta name=\"twitter:label1\" content=\"Gesch\u00e4tzte Lesezeit\" \/>\n\t<meta name=\"twitter:data1\" content=\"1\u00a0Minute\" \/>\n<script type=\"application\/ld+json\" class=\"yoast-schema-graph\">{\"@context\":\"https:\/\/schema.org\",\"@graph\":[{\"@type\":\"WebPage\",\"@id\":\"https:\/\/bekleidungscenter.com\/?product=vero-moda-female-hemd-mit-3-4-aermeln-gestreiftes\",\"url\":\"https:\/\/bekleidungscenter.com\/?product=vero-moda-female-hemd-mit-3-4-aermeln-gestreiftes\",\"name\":\"VERO MODA Female Hemd mit 3\/4 \u00c4rmeln Gestreiftes - FamilienMode\",\"isPartOf\":{\"@id\":\"https:\/\/bekleidungscenter.com\/#website\"},\"datePublished\":\"2021-01-03T19:46:40+00:00\",\"dateModified\":\"2023-04-07T22:05:44+00:00\",\"breadcrumb\":{\"@id\":\"https:\/\/bekleidungscenter.com\/?product=vero-moda-female-hemd-mit-3-4-aermeln-gestreiftes#breadcrumb\"},\"inLanguage\":\"de\",\"potentialAction\":[{\"@type\":\"ReadAction\",\"target\":[\"https:\/\/bekleidungscenter.com\/?product=vero-moda-female-hemd-mit-3-4-aermeln-gestreiftes\"]}]},{\"@type\":\"BreadcrumbList\",\"@id\":\"https:\/\/bekleidungscenter.com\/?product=vero-moda-female-hemd-mit-3-4-aermeln-gestreiftes#breadcrumb\",\"itemListElement\":[{\"@type\":\"ListItem\",\"position\":1,\"name\":\"Home\",\"item\":\"https:\/\/bekleidungscenter.com\/\"},{\"@type\":\"ListItem\",\"position\":2,\"name\":\"Shop\",\"item\":\"https:\/\/bekleidungscenter.com\/?page_id=7\"},{\"@type\":\"ListItem\",\"position\":3,\"name\":\"VERO MODA Female Hemd mit 3\/4 \u00c4rmeln Gestreiftes\"}]},{\"@type\":\"WebSite\",\"@id\":\"https:\/\/bekleidungscenter.com\/#website\",\"url\":\"https:\/\/bekleidungscenter.com\/\",\"name\":\"FamilienMode\",\"description\":\"Alles f\u00fcr die ganze Familie\",\"potentialAction\":[{\"@type\":\"SearchAction\",\"target\":{\"@type\":\"EntryPoint\",\"urlTemplate\":\"https:\/\/bekleidungscenter.com\/?s={search_term_string}\"},\"query-input\":\"required name=search_term_string\"}],\"inLanguage\":\"de\"}]}<\/script>\n<!-- \/ Yoast SEO plugin. -->","yoast_head_json":{"title":"VERO MODA Female Hemd mit 3\/4 \u00c4rmeln Gestreiftes - FamilienMode","robots":{"index":"index","follow":"follow","max-snippet":"max-snippet:-1","max-image-preview":"max-image-preview:large","max-video-preview":"max-video-preview:-1"},"canonical":"https:\/\/bekleidungscenter.com\/?product=vero-moda-female-hemd-mit-3-4-aermeln-gestreiftes","og_locale":"de_DE","og_type":"article","og_title":"VERO MODA Female Hemd mit 3\/4 \u00c4rmeln Gestreiftes - FamilienMode","og_description":"3\/4-\u00e4rmeliges Hemd. Komplett gestreift. Kragenform: Stehkragen","og_url":"https:\/\/bekleidungscenter.com\/?product=vero-moda-female-hemd-mit-3-4-aermeln-gestreiftes","og_site_name":"FamilienMode","article_modified_time":"2023-04-07T22:05:44+00:00","og_image":[{"width":500,"height":500,"url":"https:\/\/images-na.ssl-images-amazon.com\/images\/I\/41pojCHOHxL.jpg","type":"image\/jpeg"}],"twitter_card":"summary_large_image","twitter_misc":{"Gesch\u00e4tzte Lesezeit":"1\u00a0Minute"},"schema":{"@context":"https:\/\/schema.org","@graph":[{"@type":"WebPage","@id":"https:\/\/bekleidungscenter.com\/?product=vero-moda-female-hemd-mit-3-4-aermeln-gestreiftes","url":"https:\/\/bekleidungscenter.com\/?product=vero-moda-female-hemd-mit-3-4-aermeln-gestreiftes","name":"VERO MODA Female Hemd mit 3\/4 \u00c4rmeln Gestreiftes - FamilienMode","isPartOf":{"@id":"https:\/\/bekleidungscenter.com\/#website"},"datePublished":"2021-01-03T19:46:40+00:00","dateModified":"2023-04-07T22:05:44+00:00","breadcrumb":{"@id":"https:\/\/bekleidungscenter.com\/?product=vero-moda-female-hemd-mit-3-4-aermeln-gestreiftes#breadcrumb"},"inLanguage":"de","potentialAction":[{"@type":"ReadAction","target":["https:\/\/bekleidungscenter.com\/?product=vero-moda-female-hemd-mit-3-4-aermeln-gestreiftes"]}]},{"@type":"BreadcrumbList","@id":"https:\/\/bekleidungscenter.com\/?product=vero-moda-female-hemd-mit-3-4-aermeln-gestreiftes#breadcrumb","itemListElement":[{"@type":"ListItem","position":1,"name":"Home","item":"https:\/\/bekleidungscenter.com\/"},{"@type":"ListItem","position":2,"name":"Shop","item":"https:\/\/bekleidungscenter.com\/?page_id=7"},{"@type":"ListItem","position":3,"name":"VERO MODA Female Hemd mit 3\/4 \u00c4rmeln Gestreiftes"}]},{"@type":"WebSite","@id":"https:\/\/bekleidungscenter.com\/#website","url":"https:\/\/bekleidungscenter.com\/","name":"FamilienMode","description":"Alles f\u00fcr die ganze Familie","potentialAction":[{"@type":"SearchAction","target":{"@type":"EntryPoint","urlTemplate":"https:\/\/bekleidungscenter.com\/?s={search_term_string}"},"query-input":"required name=search_term_string"}],"inLanguage":"de"}]}},"_links":{"self":[{"href":"https:\/\/bekleidungscenter.com\/index.php?rest_route=\/wp\/v2\/product\/8004"}],"collection":[{"href":"https:\/\/bekleidungscenter.com\/index.php?rest_route=\/wp\/v2\/product"}],"about":[{"href":"https:\/\/bekleidungscenter.com\/index.php?rest_route=\/wp\/v2\/types\/product"}],"replies":[{"embeddable":true,"href":"https:\/\/bekleidungscenter.com\/index.php?rest_route=%2Fwp%2Fv2%2Fcomments&post=8004"}],"wp:featuredmedia":[{"embeddable":true,"href":"https:\/\/bekleidungscenter.com\/index.php?rest_route=\/wp\/v2\/media\/8005"}],"wp:attachment":[{"href":"https:\/\/bekleidungscenter.com\/index.php?rest_route=%2Fwp%2Fv2%2Fmedia&parent=8004"}],"wp:term":[{"taxonomy":"product_cat","embeddable":true,"href":"https:\/\/bekleidungscenter.com\/index.php?rest_route=%2Fwp%2Fv2%2Fproduct_cat&post=8004"},{"taxonomy":"product_tag","embeddable":true,"href":"https:\/\/bekleidungscenter.com\/index.php?rest_route=%2Fwp%2Fv2%2Fproduct_tag&post=8004"}],"curies":[{"name":"wp","href":"https:\/\/api.w.org\/{rel}","templated":true}]}}