{"id":8024,"date":"2021-01-03T19:47:03","date_gmt":"2021-01-03T19:47:03","guid":{"rendered":"http:\/\/bekleidungscenter.com\/?product=miss-moly-damen-kurzarm-kapuzenpullover-sweatjacke-hoodie-sweatshirt-mit-reissverschluss"},"modified":"2023-04-07T22:05:44","modified_gmt":"2023-04-07T22:05:44","slug":"miss-moly-damen-kurzarm-kapuzenpullover-sweatjacke-hoodie-sweatshirt-mit-reissverschluss","status":"publish","type":"product","link":"https:\/\/bekleidungscenter.com\/?product=miss-moly-damen-kurzarm-kapuzenpullover-sweatjacke-hoodie-sweatshirt-mit-reissverschluss","title":{"rendered":"MISS MOLY Damen Kurzarm Kapuzenpullover Sweatjacke Hoodie Sweatshirt mit Reissverschluss"},"content":{"rendered":"<p>W\u00c4HLEN SIE BITTE IHRE GR\u00d6\u00dfE BASIEREND AUF DEM BRUSTUMFANG UND H\u00dcFTUMFANG(SIEHE UNSER FOTO AUF DER LINKEN SEITE).<br \/>\nKurzarm Kapuzenpullover, durch Reissverschluss des Weiteren K\u00e4ngurutasche.<br \/>\nKurzarm<br \/>\n65% Polyester, 35% Baumwolle<br \/>\nDer Hoodie ist im Slim Look geschnitten des Weiteren die leichte Kapuze hat den typischen Kordelzug<br \/>\nEs hat gerippte Details am Umrandung der Kapuze, am Umrandung der Arme des Weiteren an der Taille, was einen sch\u00f6nen, ma\u00dfgeschneiderten Look gibt, der alltagssprachlich aus zweiter Hand werden kann.<br \/>\nHohe Aufbau, angenehm des Weiteren atmungsaktiv zu abst\u00fctzen.Passt wunderbar zu einer Tank Top! Funktioniert alles klar! an Stelle Fr\u00fchling, Sommer des Weiteren Herbst!<br \/>\n<div class=\"main-cross-sell\" data-asin=\"B07DK1J19F\">\n\n\t<div class=\"WooZone-cross-sell-loader\">\n\t\t<div>\n\t\t\t<div id=\"floatingBarsG\">\n\t\t\t\t<div class=\"blockG\" id=\"rotateG_01\"><\/div>\n\t\t\t\t<div class=\"blockG\" id=\"rotateG_02\"><\/div>\n\t\t\t\t<div class=\"blockG\" id=\"rotateG_03\"><\/div>\n\t\t\t\t<div class=\"blockG\" id=\"rotateG_04\"><\/div>\n\t\t\t\t<div class=\"blockG\" id=\"rotateG_05\"><\/div>\n\t\t\t\t<div class=\"blockG\" id=\"rotateG_06\"><\/div>\n\t\t\t\t<div class=\"blockG\" id=\"rotateG_07\"><\/div>\n\t\t\t\t<div class=\"blockG\" id=\"rotateG_08\"><\/div>\n\t\t\t<\/div>\n\t\t\t<div class=\"WooZone-cross-sell-loader-text\"><\/div>\n\t\t<\/div>\n\t<\/div>\n\n\t\t\n<\/div>\n<div style=\"clear:both;\"><\/div><\/p>\n","protected":false},"excerpt":{"rendered":"<p>W\u00c4HLEN SIE BITTE IHRE GR\u00d6\u00dfE BASIEREND AUF DEM BRUSTUMFANG UND H\u00dcFTUMFANG(SIEHE UNSER FOTO AUF DER LINKEN SEITE).<br \/>\nKurzarm Kapuzenpullover, mit Reissverschluss und K\u00e4ngurutasche.<br \/>\nKurzarm<\/p>\n","protected":false},"featured_media":8025,"comment_status":"open","ping_status":"closed","template":"","meta":[],"product_cat":[122,133],"product_tag":[],"yoast_head":"<!-- This site is optimized with the Yoast SEO plugin v20.6 - https:\/\/yoast.com\/wordpress\/plugins\/seo\/ -->\n<title>MISS MOLY Damen Kurzarm Kapuzenpullover Sweatjacke Hoodie Sweatshirt mit Reissverschluss - FamilienMode<\/title>\n<meta name=\"robots\" content=\"index, follow, max-snippet:-1, max-image-preview:large, max-video-preview:-1\" \/>\n<link rel=\"canonical\" href=\"https:\/\/bekleidungscenter.com\/?product=miss-moly-damen-kurzarm-kapuzenpullover-sweatjacke-hoodie-sweatshirt-mit-reissverschluss\" \/>\n<meta property=\"og:locale\" content=\"de_DE\" \/>\n<meta property=\"og:type\" content=\"article\" \/>\n<meta property=\"og:title\" content=\"MISS MOLY Damen Kurzarm Kapuzenpullover Sweatjacke Hoodie Sweatshirt mit Reissverschluss - FamilienMode\" \/>\n<meta property=\"og:description\" content=\"W\u00c4HLEN SIE BITTE IHRE GR\u00d6\u00dfE BASIEREND AUF DEM BRUSTUMFANG UND H\u00dcFTUMFANG(SIEHE UNSER FOTO AUF DER LINKEN SEITE). Kurzarm Kapuzenpullover, mit Reissverschluss und K\u00e4ngurutasche. Kurzarm\" \/>\n<meta property=\"og:url\" content=\"https:\/\/bekleidungscenter.com\/?product=miss-moly-damen-kurzarm-kapuzenpullover-sweatjacke-hoodie-sweatshirt-mit-reissverschluss\" \/>\n<meta property=\"og:site_name\" content=\"FamilienMode\" \/>\n<meta property=\"article:modified_time\" content=\"2023-04-07T22:05:44+00:00\" \/>\n<meta property=\"og:image\" content=\"https:\/\/images-na.ssl-images-amazon.com\/images\/I\/41Q2%2BtJ7HvL.jpg\" \/>\n\t<meta property=\"og:image:width\" content=\"500\" \/>\n\t<meta property=\"og:image:height\" content=\"500\" \/>\n\t<meta property=\"og:image:type\" content=\"image\/jpeg\" \/>\n<meta name=\"twitter:card\" content=\"summary_large_image\" \/>\n<meta name=\"twitter:label1\" content=\"Gesch\u00e4tzte Lesezeit\" \/>\n\t<meta name=\"twitter:data1\" content=\"1\u00a0Minute\" \/>\n<script type=\"application\/ld+json\" class=\"yoast-schema-graph\">{\"@context\":\"https:\/\/schema.org\",\"@graph\":[{\"@type\":\"WebPage\",\"@id\":\"https:\/\/bekleidungscenter.com\/?product=miss-moly-damen-kurzarm-kapuzenpullover-sweatjacke-hoodie-sweatshirt-mit-reissverschluss\",\"url\":\"https:\/\/bekleidungscenter.com\/?product=miss-moly-damen-kurzarm-kapuzenpullover-sweatjacke-hoodie-sweatshirt-mit-reissverschluss\",\"name\":\"MISS MOLY Damen Kurzarm Kapuzenpullover Sweatjacke Hoodie Sweatshirt mit Reissverschluss - FamilienMode\",\"isPartOf\":{\"@id\":\"https:\/\/bekleidungscenter.com\/#website\"},\"datePublished\":\"2021-01-03T19:47:03+00:00\",\"dateModified\":\"2023-04-07T22:05:44+00:00\",\"breadcrumb\":{\"@id\":\"https:\/\/bekleidungscenter.com\/?product=miss-moly-damen-kurzarm-kapuzenpullover-sweatjacke-hoodie-sweatshirt-mit-reissverschluss#breadcrumb\"},\"inLanguage\":\"de\",\"potentialAction\":[{\"@type\":\"ReadAction\",\"target\":[\"https:\/\/bekleidungscenter.com\/?product=miss-moly-damen-kurzarm-kapuzenpullover-sweatjacke-hoodie-sweatshirt-mit-reissverschluss\"]}]},{\"@type\":\"BreadcrumbList\",\"@id\":\"https:\/\/bekleidungscenter.com\/?product=miss-moly-damen-kurzarm-kapuzenpullover-sweatjacke-hoodie-sweatshirt-mit-reissverschluss#breadcrumb\",\"itemListElement\":[{\"@type\":\"ListItem\",\"position\":1,\"name\":\"Home\",\"item\":\"https:\/\/bekleidungscenter.com\/\"},{\"@type\":\"ListItem\",\"position\":2,\"name\":\"Shop\",\"item\":\"https:\/\/bekleidungscenter.com\/?page_id=7\"},{\"@type\":\"ListItem\",\"position\":3,\"name\":\"MISS MOLY Damen Kurzarm Kapuzenpullover Sweatjacke Hoodie Sweatshirt mit Reissverschluss\"}]},{\"@type\":\"WebSite\",\"@id\":\"https:\/\/bekleidungscenter.com\/#website\",\"url\":\"https:\/\/bekleidungscenter.com\/\",\"name\":\"FamilienMode\",\"description\":\"Alles f\u00fcr die ganze Familie\",\"potentialAction\":[{\"@type\":\"SearchAction\",\"target\":{\"@type\":\"EntryPoint\",\"urlTemplate\":\"https:\/\/bekleidungscenter.com\/?s={search_term_string}\"},\"query-input\":\"required name=search_term_string\"}],\"inLanguage\":\"de\"}]}<\/script>\n<!-- \/ Yoast SEO plugin. -->","yoast_head_json":{"title":"MISS MOLY Damen Kurzarm Kapuzenpullover Sweatjacke Hoodie Sweatshirt mit Reissverschluss - FamilienMode","robots":{"index":"index","follow":"follow","max-snippet":"max-snippet:-1","max-image-preview":"max-image-preview:large","max-video-preview":"max-video-preview:-1"},"canonical":"https:\/\/bekleidungscenter.com\/?product=miss-moly-damen-kurzarm-kapuzenpullover-sweatjacke-hoodie-sweatshirt-mit-reissverschluss","og_locale":"de_DE","og_type":"article","og_title":"MISS MOLY Damen Kurzarm Kapuzenpullover Sweatjacke Hoodie Sweatshirt mit Reissverschluss - FamilienMode","og_description":"W\u00c4HLEN SIE BITTE IHRE GR\u00d6\u00dfE BASIEREND AUF DEM BRUSTUMFANG UND H\u00dcFTUMFANG(SIEHE UNSER FOTO AUF DER LINKEN SEITE). Kurzarm Kapuzenpullover, mit Reissverschluss und K\u00e4ngurutasche. Kurzarm","og_url":"https:\/\/bekleidungscenter.com\/?product=miss-moly-damen-kurzarm-kapuzenpullover-sweatjacke-hoodie-sweatshirt-mit-reissverschluss","og_site_name":"FamilienMode","article_modified_time":"2023-04-07T22:05:44+00:00","og_image":[{"width":500,"height":500,"url":"https:\/\/images-na.ssl-images-amazon.com\/images\/I\/41Q2%2BtJ7HvL.jpg","type":"image\/jpeg"}],"twitter_card":"summary_large_image","twitter_misc":{"Gesch\u00e4tzte Lesezeit":"1\u00a0Minute"},"schema":{"@context":"https:\/\/schema.org","@graph":[{"@type":"WebPage","@id":"https:\/\/bekleidungscenter.com\/?product=miss-moly-damen-kurzarm-kapuzenpullover-sweatjacke-hoodie-sweatshirt-mit-reissverschluss","url":"https:\/\/bekleidungscenter.com\/?product=miss-moly-damen-kurzarm-kapuzenpullover-sweatjacke-hoodie-sweatshirt-mit-reissverschluss","name":"MISS MOLY Damen Kurzarm Kapuzenpullover Sweatjacke Hoodie Sweatshirt mit Reissverschluss - FamilienMode","isPartOf":{"@id":"https:\/\/bekleidungscenter.com\/#website"},"datePublished":"2021-01-03T19:47:03+00:00","dateModified":"2023-04-07T22:05:44+00:00","breadcrumb":{"@id":"https:\/\/bekleidungscenter.com\/?product=miss-moly-damen-kurzarm-kapuzenpullover-sweatjacke-hoodie-sweatshirt-mit-reissverschluss#breadcrumb"},"inLanguage":"de","potentialAction":[{"@type":"ReadAction","target":["https:\/\/bekleidungscenter.com\/?product=miss-moly-damen-kurzarm-kapuzenpullover-sweatjacke-hoodie-sweatshirt-mit-reissverschluss"]}]},{"@type":"BreadcrumbList","@id":"https:\/\/bekleidungscenter.com\/?product=miss-moly-damen-kurzarm-kapuzenpullover-sweatjacke-hoodie-sweatshirt-mit-reissverschluss#breadcrumb","itemListElement":[{"@type":"ListItem","position":1,"name":"Home","item":"https:\/\/bekleidungscenter.com\/"},{"@type":"ListItem","position":2,"name":"Shop","item":"https:\/\/bekleidungscenter.com\/?page_id=7"},{"@type":"ListItem","position":3,"name":"MISS MOLY Damen Kurzarm Kapuzenpullover Sweatjacke Hoodie Sweatshirt mit Reissverschluss"}]},{"@type":"WebSite","@id":"https:\/\/bekleidungscenter.com\/#website","url":"https:\/\/bekleidungscenter.com\/","name":"FamilienMode","description":"Alles f\u00fcr die ganze Familie","potentialAction":[{"@type":"SearchAction","target":{"@type":"EntryPoint","urlTemplate":"https:\/\/bekleidungscenter.com\/?s={search_term_string}"},"query-input":"required name=search_term_string"}],"inLanguage":"de"}]}},"_links":{"self":[{"href":"https:\/\/bekleidungscenter.com\/index.php?rest_route=\/wp\/v2\/product\/8024"}],"collection":[{"href":"https:\/\/bekleidungscenter.com\/index.php?rest_route=\/wp\/v2\/product"}],"about":[{"href":"https:\/\/bekleidungscenter.com\/index.php?rest_route=\/wp\/v2\/types\/product"}],"replies":[{"embeddable":true,"href":"https:\/\/bekleidungscenter.com\/index.php?rest_route=%2Fwp%2Fv2%2Fcomments&post=8024"}],"wp:featuredmedia":[{"embeddable":true,"href":"https:\/\/bekleidungscenter.com\/index.php?rest_route=\/wp\/v2\/media\/8025"}],"wp:attachment":[{"href":"https:\/\/bekleidungscenter.com\/index.php?rest_route=%2Fwp%2Fv2%2Fmedia&parent=8024"}],"wp:term":[{"taxonomy":"product_cat","embeddable":true,"href":"https:\/\/bekleidungscenter.com\/index.php?rest_route=%2Fwp%2Fv2%2Fproduct_cat&post=8024"},{"taxonomy":"product_tag","embeddable":true,"href":"https:\/\/bekleidungscenter.com\/index.php?rest_route=%2Fwp%2Fv2%2Fproduct_tag&post=8024"}],"curies":[{"name":"wp","href":"https:\/\/api.w.org\/{rel}","templated":true}]}}