{"id":8052,"date":"2021-01-03T19:47:32","date_gmt":"2021-01-03T19:47:32","guid":{"rendered":"http:\/\/bekleidungscenter.com\/?product=lalala-longshirt-damen-oberteile-schulterfrei-laessige-tops-langarmshirt-tunika-bluse"},"modified":"2023-04-07T22:05:45","modified_gmt":"2023-04-07T22:05:45","slug":"lalala-longshirt-damen-oberteile-schulterfrei-laessige-tops-langarmshirt-tunika-bluse","status":"publish","type":"product","link":"https:\/\/bekleidungscenter.com\/?product=lalala-longshirt-damen-oberteile-schulterfrei-laessige-tops-langarmshirt-tunika-bluse","title":{"rendered":"Lalala Longshirt Damen Oberteile Elegant Schulterfrei Tshirt Kurzarm\/Langarm Bluse Tunika Shirts"},"content":{"rendered":"<p>Weiches und elastisches Gewebe: T-Shirt aus Baumwollmischung, leicht, atmungsaktiv und biegsam. Hat die beste Passform und das beste Stimmungslage.<br \/>\nStilvolles Design Top: Kann leicht als One-Shoulder oder schulterfreies Oberteil getragen werden.<br \/>\nKragenform: Bootsausschnitt<br \/>\nLangarm<br \/>\nVerschluss: Close<br \/>\n95% Viskose, 5% Elasthan<br \/>\nSchulterfrei<br \/>\nPflegehinweis: Maschinenw\u00e4sche<br \/>\nSchulterfreies Oberteil: Stretchmaterial, breiter Bootsausschnitt und Geb\u00e4nderter unterer Saum design, schr\u00e4ge Schultern\u00e4hte und lockerer Stil sehen nach eine weibliche Weiblichkeit.<br \/>\nIdeal f\u00fcr Freizeit, Alltag, Ausflug, Urlaub, Werk, Dating, Partys, Clubs und mehr. Perfekt f\u00fcr Jeans, Leggings, Shorts und R\u00f6cke.<br \/>\nInformationen zur Gr\u00f6\u00dfe: Standardgr\u00f6\u00dfe DE, lockere Ver\u00e4nderung mit elastischem Stoff. Wenn Sie ein schmal geschnittenes Hemd ben\u00f6tigen, Entscheidung Sie bitte eine kleinere Gr\u00f6\u00dfe. Wenn Sie nichtsdestoweniger einen leicht lockeren Stil ben\u00f6tigen, wie auf dem Kurvenblatt gezeigt, Entscheidung Sie bitte Ihre normale Gr\u00f6\u00dfe. Denken Sie daher, dass die Gurte an der Unterseite m\u00f6glicherweise auch lose sind. Wenn Sie weitere Informationen zu den Abmessungen ben\u00f6tigen, lesen Sie bitte die Ma\u00dftabelle in der Produktbeschreibung.<br \/>\n<div class=\"main-cross-sell\" data-asin=\"B07JXSBZQF\">\n\n\t<div class=\"WooZone-cross-sell-loader\">\n\t\t<div>\n\t\t\t<div id=\"floatingBarsG\">\n\t\t\t\t<div class=\"blockG\" id=\"rotateG_01\"><\/div>\n\t\t\t\t<div class=\"blockG\" id=\"rotateG_02\"><\/div>\n\t\t\t\t<div class=\"blockG\" id=\"rotateG_03\"><\/div>\n\t\t\t\t<div class=\"blockG\" id=\"rotateG_04\"><\/div>\n\t\t\t\t<div class=\"blockG\" id=\"rotateG_05\"><\/div>\n\t\t\t\t<div class=\"blockG\" id=\"rotateG_06\"><\/div>\n\t\t\t\t<div class=\"blockG\" id=\"rotateG_07\"><\/div>\n\t\t\t\t<div class=\"blockG\" id=\"rotateG_08\"><\/div>\n\t\t\t<\/div>\n\t\t\t<div class=\"WooZone-cross-sell-loader-text\"><\/div>\n\t\t<\/div>\n\t<\/div>\n\n\t\t\n<\/div>\n<div style=\"clear:both;\"><\/div><\/p>\n","protected":false},"excerpt":{"rendered":"<p>Weiches und elastisches Gewebe: T-Shirt aus Baumwollmischung, leicht, atmungsaktiv und elastisch. Hat die beste Passform und das beste Gef\u00fchl.<br \/>\nStilvolles Design Top: Kann leicht als One-Shoulder oder schulterfreies Oberteil getragen werden.<br \/>\nKragenform: Bootsausschnitt<\/p>\n","protected":false},"featured_media":8053,"comment_status":"open","ping_status":"closed","template":"","meta":[],"product_cat":[122,133],"product_tag":[],"yoast_head":"<!-- This site is optimized with the Yoast SEO plugin v20.6 - https:\/\/yoast.com\/wordpress\/plugins\/seo\/ -->\n<title>Lalala Longshirt Damen Oberteile Elegant Schulterfrei Tshirt Kurzarm\/Langarm Bluse Tunika Shirts - FamilienMode<\/title>\n<meta name=\"robots\" content=\"index, follow, max-snippet:-1, max-image-preview:large, max-video-preview:-1\" \/>\n<link rel=\"canonical\" href=\"https:\/\/bekleidungscenter.com\/?product=lalala-longshirt-damen-oberteile-schulterfrei-laessige-tops-langarmshirt-tunika-bluse\" \/>\n<meta property=\"og:locale\" content=\"de_DE\" \/>\n<meta property=\"og:type\" content=\"article\" \/>\n<meta property=\"og:title\" content=\"Lalala Longshirt Damen Oberteile Elegant Schulterfrei Tshirt Kurzarm\/Langarm Bluse Tunika Shirts - FamilienMode\" \/>\n<meta property=\"og:description\" content=\"Weiches und elastisches Gewebe: T-Shirt aus Baumwollmischung, leicht, atmungsaktiv und elastisch. Hat die beste Passform und das beste Gef\u00fchl. Stilvolles Design Top: Kann leicht als One-Shoulder oder schulterfreies Oberteil getragen werden. Kragenform: Bootsausschnitt\" \/>\n<meta property=\"og:url\" content=\"https:\/\/bekleidungscenter.com\/?product=lalala-longshirt-damen-oberteile-schulterfrei-laessige-tops-langarmshirt-tunika-bluse\" \/>\n<meta property=\"og:site_name\" content=\"FamilienMode\" \/>\n<meta property=\"article:modified_time\" content=\"2023-04-07T22:05:45+00:00\" \/>\n<meta property=\"og:image\" content=\"https:\/\/images-na.ssl-images-amazon.com\/images\/I\/41rKH5y4Y-L.jpg\" \/>\n\t<meta property=\"og:image:width\" content=\"500\" \/>\n\t<meta property=\"og:image:height\" content=\"500\" \/>\n\t<meta property=\"og:image:type\" content=\"image\/jpeg\" \/>\n<meta name=\"twitter:card\" content=\"summary_large_image\" \/>\n<meta name=\"twitter:label1\" content=\"Gesch\u00e4tzte Lesezeit\" \/>\n\t<meta name=\"twitter:data1\" content=\"1\u00a0Minute\" \/>\n<script type=\"application\/ld+json\" class=\"yoast-schema-graph\">{\"@context\":\"https:\/\/schema.org\",\"@graph\":[{\"@type\":\"WebPage\",\"@id\":\"https:\/\/bekleidungscenter.com\/?product=lalala-longshirt-damen-oberteile-schulterfrei-laessige-tops-langarmshirt-tunika-bluse\",\"url\":\"https:\/\/bekleidungscenter.com\/?product=lalala-longshirt-damen-oberteile-schulterfrei-laessige-tops-langarmshirt-tunika-bluse\",\"name\":\"Lalala Longshirt Damen Oberteile Elegant Schulterfrei Tshirt Kurzarm\/Langarm Bluse Tunika Shirts - FamilienMode\",\"isPartOf\":{\"@id\":\"https:\/\/bekleidungscenter.com\/#website\"},\"datePublished\":\"2021-01-03T19:47:32+00:00\",\"dateModified\":\"2023-04-07T22:05:45+00:00\",\"breadcrumb\":{\"@id\":\"https:\/\/bekleidungscenter.com\/?product=lalala-longshirt-damen-oberteile-schulterfrei-laessige-tops-langarmshirt-tunika-bluse#breadcrumb\"},\"inLanguage\":\"de\",\"potentialAction\":[{\"@type\":\"ReadAction\",\"target\":[\"https:\/\/bekleidungscenter.com\/?product=lalala-longshirt-damen-oberteile-schulterfrei-laessige-tops-langarmshirt-tunika-bluse\"]}]},{\"@type\":\"BreadcrumbList\",\"@id\":\"https:\/\/bekleidungscenter.com\/?product=lalala-longshirt-damen-oberteile-schulterfrei-laessige-tops-langarmshirt-tunika-bluse#breadcrumb\",\"itemListElement\":[{\"@type\":\"ListItem\",\"position\":1,\"name\":\"Home\",\"item\":\"https:\/\/bekleidungscenter.com\/\"},{\"@type\":\"ListItem\",\"position\":2,\"name\":\"Shop\",\"item\":\"https:\/\/bekleidungscenter.com\/?page_id=7\"},{\"@type\":\"ListItem\",\"position\":3,\"name\":\"Lalala Longshirt Damen Oberteile Elegant Schulterfrei Tshirt Kurzarm\/Langarm Bluse Tunika Shirts\"}]},{\"@type\":\"WebSite\",\"@id\":\"https:\/\/bekleidungscenter.com\/#website\",\"url\":\"https:\/\/bekleidungscenter.com\/\",\"name\":\"FamilienMode\",\"description\":\"Alles f\u00fcr die ganze Familie\",\"potentialAction\":[{\"@type\":\"SearchAction\",\"target\":{\"@type\":\"EntryPoint\",\"urlTemplate\":\"https:\/\/bekleidungscenter.com\/?s={search_term_string}\"},\"query-input\":\"required name=search_term_string\"}],\"inLanguage\":\"de\"}]}<\/script>\n<!-- \/ Yoast SEO plugin. -->","yoast_head_json":{"title":"Lalala Longshirt Damen Oberteile Elegant Schulterfrei Tshirt Kurzarm\/Langarm Bluse Tunika Shirts - FamilienMode","robots":{"index":"index","follow":"follow","max-snippet":"max-snippet:-1","max-image-preview":"max-image-preview:large","max-video-preview":"max-video-preview:-1"},"canonical":"https:\/\/bekleidungscenter.com\/?product=lalala-longshirt-damen-oberteile-schulterfrei-laessige-tops-langarmshirt-tunika-bluse","og_locale":"de_DE","og_type":"article","og_title":"Lalala Longshirt Damen Oberteile Elegant Schulterfrei Tshirt Kurzarm\/Langarm Bluse Tunika Shirts - FamilienMode","og_description":"Weiches und elastisches Gewebe: T-Shirt aus Baumwollmischung, leicht, atmungsaktiv und elastisch. Hat die beste Passform und das beste Gef\u00fchl. Stilvolles Design Top: Kann leicht als One-Shoulder oder schulterfreies Oberteil getragen werden. Kragenform: Bootsausschnitt","og_url":"https:\/\/bekleidungscenter.com\/?product=lalala-longshirt-damen-oberteile-schulterfrei-laessige-tops-langarmshirt-tunika-bluse","og_site_name":"FamilienMode","article_modified_time":"2023-04-07T22:05:45+00:00","og_image":[{"width":500,"height":500,"url":"https:\/\/images-na.ssl-images-amazon.com\/images\/I\/41rKH5y4Y-L.jpg","type":"image\/jpeg"}],"twitter_card":"summary_large_image","twitter_misc":{"Gesch\u00e4tzte Lesezeit":"1\u00a0Minute"},"schema":{"@context":"https:\/\/schema.org","@graph":[{"@type":"WebPage","@id":"https:\/\/bekleidungscenter.com\/?product=lalala-longshirt-damen-oberteile-schulterfrei-laessige-tops-langarmshirt-tunika-bluse","url":"https:\/\/bekleidungscenter.com\/?product=lalala-longshirt-damen-oberteile-schulterfrei-laessige-tops-langarmshirt-tunika-bluse","name":"Lalala Longshirt Damen Oberteile Elegant Schulterfrei Tshirt Kurzarm\/Langarm Bluse Tunika Shirts - FamilienMode","isPartOf":{"@id":"https:\/\/bekleidungscenter.com\/#website"},"datePublished":"2021-01-03T19:47:32+00:00","dateModified":"2023-04-07T22:05:45+00:00","breadcrumb":{"@id":"https:\/\/bekleidungscenter.com\/?product=lalala-longshirt-damen-oberteile-schulterfrei-laessige-tops-langarmshirt-tunika-bluse#breadcrumb"},"inLanguage":"de","potentialAction":[{"@type":"ReadAction","target":["https:\/\/bekleidungscenter.com\/?product=lalala-longshirt-damen-oberteile-schulterfrei-laessige-tops-langarmshirt-tunika-bluse"]}]},{"@type":"BreadcrumbList","@id":"https:\/\/bekleidungscenter.com\/?product=lalala-longshirt-damen-oberteile-schulterfrei-laessige-tops-langarmshirt-tunika-bluse#breadcrumb","itemListElement":[{"@type":"ListItem","position":1,"name":"Home","item":"https:\/\/bekleidungscenter.com\/"},{"@type":"ListItem","position":2,"name":"Shop","item":"https:\/\/bekleidungscenter.com\/?page_id=7"},{"@type":"ListItem","position":3,"name":"Lalala Longshirt Damen Oberteile Elegant Schulterfrei Tshirt Kurzarm\/Langarm Bluse Tunika Shirts"}]},{"@type":"WebSite","@id":"https:\/\/bekleidungscenter.com\/#website","url":"https:\/\/bekleidungscenter.com\/","name":"FamilienMode","description":"Alles f\u00fcr die ganze Familie","potentialAction":[{"@type":"SearchAction","target":{"@type":"EntryPoint","urlTemplate":"https:\/\/bekleidungscenter.com\/?s={search_term_string}"},"query-input":"required name=search_term_string"}],"inLanguage":"de"}]}},"_links":{"self":[{"href":"https:\/\/bekleidungscenter.com\/index.php?rest_route=\/wp\/v2\/product\/8052"}],"collection":[{"href":"https:\/\/bekleidungscenter.com\/index.php?rest_route=\/wp\/v2\/product"}],"about":[{"href":"https:\/\/bekleidungscenter.com\/index.php?rest_route=\/wp\/v2\/types\/product"}],"replies":[{"embeddable":true,"href":"https:\/\/bekleidungscenter.com\/index.php?rest_route=%2Fwp%2Fv2%2Fcomments&post=8052"}],"wp:featuredmedia":[{"embeddable":true,"href":"https:\/\/bekleidungscenter.com\/index.php?rest_route=\/wp\/v2\/media\/8053"}],"wp:attachment":[{"href":"https:\/\/bekleidungscenter.com\/index.php?rest_route=%2Fwp%2Fv2%2Fmedia&parent=8052"}],"wp:term":[{"taxonomy":"product_cat","embeddable":true,"href":"https:\/\/bekleidungscenter.com\/index.php?rest_route=%2Fwp%2Fv2%2Fproduct_cat&post=8052"},{"taxonomy":"product_tag","embeddable":true,"href":"https:\/\/bekleidungscenter.com\/index.php?rest_route=%2Fwp%2Fv2%2Fproduct_tag&post=8052"}],"curies":[{"name":"wp","href":"https:\/\/api.w.org\/{rel}","templated":true}]}}