{"id":8096,"date":"2021-01-03T19:48:22","date_gmt":"2021-01-03T19:48:22","guid":{"rendered":"http:\/\/bekleidungscenter.com\/?product=urbancoco-damen-v-ausschnitt-gekraeuselten-schulter-langarm-lose-chiffon-blusen"},"modified":"2023-04-07T22:05:47","modified_gmt":"2023-04-07T22:05:47","slug":"urbancoco-damen-v-ausschnitt-gekraeuselten-schulter-langarm-lose-chiffon-blusen","status":"publish","type":"product","link":"https:\/\/bekleidungscenter.com\/?product=urbancoco-damen-v-ausschnitt-gekraeuselten-schulter-langarm-lose-chiffon-blusen","title":{"rendered":"Urbancoco Damen V-Ausschnitt gekr\u00e4uselten Schulter Leicht Atmungsaktiv Durchscheinend Langarm Lose Chiffon Blusen Button\u2026"},"content":{"rendered":"<p><!-- show up to 2 reviews by default --> <\/p>\n<p>Size chart: <\/p>\n<p>S:Bust:39.3inch~Shoulder:15.3inch~Sleeve:23.4inch~Length:24inch <\/p>\n<p>M:Bust:40.9inch~Shoulder:15.7inch~Sleeve:23.6inch~Length:24.4inch <\/p>\n<p>L:Bust:42.5inch~Shoulder:16.1inch~Sleeve:23.8inch~Length:24.8inch <\/p>\n<p>XL:Bust:44.1inch~Shoulder:16.5inch~Sleeve:24inch~Length:25.2inch <\/p>\n<p>Tunika Loose Fit Oberteil Sommer T-Shirt<br \/>\nChiffon Bluse,V-Neck Design,klassischer Stil<br \/>\nLangarm<br \/>\n100% Polyester<br \/>\nButton-down<br \/>\nModellnummer: CY-M0304L8-GB-S<br \/>\nMaterial: Chiffon, allerbest bequeme im \u00dcbrigen atmungsaktive zu verstreben.<br \/>\nEinfach im \u00dcbrigen charmant eingerichtet,um zu repr\u00e4sentieren Ihrem bezaubernden Kurven im \u00dcbrigen Gnade.<br \/>\nWink: Dieses Shirt ist eine regul\u00e4re Gr\u00f6\u00dfe, nicht ein Plus Gr\u00f6\u00dfe, bitte Auswahl wachsam. Verbringen Sie eine Wahlm\u00f6glichkeit Minute zur Zusammenfassung der Gr\u00f6\u00dfentabelle, unterbinden Sie mehr denn eine Minute zu verbringen zur beantragen.<br \/>\n<div class=\"main-cross-sell\" data-asin=\"B06XYH9GRL\">\n\n\t<div class=\"WooZone-cross-sell-loader\">\n\t\t<div>\n\t\t\t<div id=\"floatingBarsG\">\n\t\t\t\t<div class=\"blockG\" id=\"rotateG_01\"><\/div>\n\t\t\t\t<div class=\"blockG\" id=\"rotateG_02\"><\/div>\n\t\t\t\t<div class=\"blockG\" id=\"rotateG_03\"><\/div>\n\t\t\t\t<div class=\"blockG\" id=\"rotateG_04\"><\/div>\n\t\t\t\t<div class=\"blockG\" id=\"rotateG_05\"><\/div>\n\t\t\t\t<div class=\"blockG\" id=\"rotateG_06\"><\/div>\n\t\t\t\t<div class=\"blockG\" id=\"rotateG_07\"><\/div>\n\t\t\t\t<div class=\"blockG\" id=\"rotateG_08\"><\/div>\n\t\t\t<\/div>\n\t\t\t<div class=\"WooZone-cross-sell-loader-text\"><\/div>\n\t\t<\/div>\n\t<\/div>\n\n\t\t\n<\/div>\n<div style=\"clear:both;\"><\/div><\/p>\n","protected":false},"excerpt":{"rendered":"<p>Tunika Loose Fit Oberteil Sommer T-Shirt<br \/>\nChiffon Bluse,V-Neck Design,klassischer Stil<br \/>\nLangarm<\/p>\n","protected":false},"featured_media":8097,"comment_status":"open","ping_status":"closed","template":"","meta":[],"product_cat":[122,133],"product_tag":[],"yoast_head":"<!-- This site is optimized with the Yoast SEO plugin v20.6 - https:\/\/yoast.com\/wordpress\/plugins\/seo\/ -->\n<title>Urbancoco Damen V-Ausschnitt gekr\u00e4uselten Schulter Leicht Atmungsaktiv Durchscheinend Langarm Lose Chiffon Blusen Button\u2026 - FamilienMode<\/title>\n<meta name=\"robots\" content=\"index, follow, max-snippet:-1, max-image-preview:large, max-video-preview:-1\" \/>\n<link rel=\"canonical\" href=\"https:\/\/bekleidungscenter.com\/?product=urbancoco-damen-v-ausschnitt-gekraeuselten-schulter-langarm-lose-chiffon-blusen\" \/>\n<meta property=\"og:locale\" content=\"de_DE\" \/>\n<meta property=\"og:type\" content=\"article\" \/>\n<meta property=\"og:title\" content=\"Urbancoco Damen V-Ausschnitt gekr\u00e4uselten Schulter Leicht Atmungsaktiv Durchscheinend Langarm Lose Chiffon Blusen Button\u2026 - FamilienMode\" \/>\n<meta property=\"og:description\" content=\"Tunika Loose Fit Oberteil Sommer T-Shirt Chiffon Bluse,V-Neck Design,klassischer Stil Langarm\" \/>\n<meta property=\"og:url\" content=\"https:\/\/bekleidungscenter.com\/?product=urbancoco-damen-v-ausschnitt-gekraeuselten-schulter-langarm-lose-chiffon-blusen\" \/>\n<meta property=\"og:site_name\" content=\"FamilienMode\" \/>\n<meta property=\"article:modified_time\" content=\"2023-04-07T22:05:47+00:00\" \/>\n<meta property=\"og:image\" content=\"https:\/\/images-na.ssl-images-amazon.com\/images\/I\/41R604qYQNL.jpg\" \/>\n\t<meta property=\"og:image:width\" content=\"500\" \/>\n\t<meta property=\"og:image:height\" content=\"500\" \/>\n\t<meta property=\"og:image:type\" content=\"image\/jpeg\" \/>\n<meta name=\"twitter:card\" content=\"summary_large_image\" \/>\n<meta name=\"twitter:label1\" content=\"Gesch\u00e4tzte Lesezeit\" \/>\n\t<meta name=\"twitter:data1\" content=\"1\u00a0Minute\" \/>\n<script type=\"application\/ld+json\" class=\"yoast-schema-graph\">{\"@context\":\"https:\/\/schema.org\",\"@graph\":[{\"@type\":\"WebPage\",\"@id\":\"https:\/\/bekleidungscenter.com\/?product=urbancoco-damen-v-ausschnitt-gekraeuselten-schulter-langarm-lose-chiffon-blusen\",\"url\":\"https:\/\/bekleidungscenter.com\/?product=urbancoco-damen-v-ausschnitt-gekraeuselten-schulter-langarm-lose-chiffon-blusen\",\"name\":\"Urbancoco Damen V-Ausschnitt gekr\u00e4uselten Schulter Leicht Atmungsaktiv Durchscheinend Langarm Lose Chiffon Blusen Button\u2026 - FamilienMode\",\"isPartOf\":{\"@id\":\"https:\/\/bekleidungscenter.com\/#website\"},\"datePublished\":\"2021-01-03T19:48:22+00:00\",\"dateModified\":\"2023-04-07T22:05:47+00:00\",\"breadcrumb\":{\"@id\":\"https:\/\/bekleidungscenter.com\/?product=urbancoco-damen-v-ausschnitt-gekraeuselten-schulter-langarm-lose-chiffon-blusen#breadcrumb\"},\"inLanguage\":\"de\",\"potentialAction\":[{\"@type\":\"ReadAction\",\"target\":[\"https:\/\/bekleidungscenter.com\/?product=urbancoco-damen-v-ausschnitt-gekraeuselten-schulter-langarm-lose-chiffon-blusen\"]}]},{\"@type\":\"BreadcrumbList\",\"@id\":\"https:\/\/bekleidungscenter.com\/?product=urbancoco-damen-v-ausschnitt-gekraeuselten-schulter-langarm-lose-chiffon-blusen#breadcrumb\",\"itemListElement\":[{\"@type\":\"ListItem\",\"position\":1,\"name\":\"Home\",\"item\":\"https:\/\/bekleidungscenter.com\/\"},{\"@type\":\"ListItem\",\"position\":2,\"name\":\"Shop\",\"item\":\"https:\/\/bekleidungscenter.com\/?page_id=7\"},{\"@type\":\"ListItem\",\"position\":3,\"name\":\"Urbancoco Damen V-Ausschnitt gekr\u00e4uselten Schulter Leicht Atmungsaktiv Durchscheinend Langarm Lose Chiffon Blusen Button\u2026\"}]},{\"@type\":\"WebSite\",\"@id\":\"https:\/\/bekleidungscenter.com\/#website\",\"url\":\"https:\/\/bekleidungscenter.com\/\",\"name\":\"FamilienMode\",\"description\":\"Alles f\u00fcr die ganze Familie\",\"potentialAction\":[{\"@type\":\"SearchAction\",\"target\":{\"@type\":\"EntryPoint\",\"urlTemplate\":\"https:\/\/bekleidungscenter.com\/?s={search_term_string}\"},\"query-input\":\"required name=search_term_string\"}],\"inLanguage\":\"de\"}]}<\/script>\n<!-- \/ Yoast SEO plugin. -->","yoast_head_json":{"title":"Urbancoco Damen V-Ausschnitt gekr\u00e4uselten Schulter Leicht Atmungsaktiv Durchscheinend Langarm Lose Chiffon Blusen Button\u2026 - FamilienMode","robots":{"index":"index","follow":"follow","max-snippet":"max-snippet:-1","max-image-preview":"max-image-preview:large","max-video-preview":"max-video-preview:-1"},"canonical":"https:\/\/bekleidungscenter.com\/?product=urbancoco-damen-v-ausschnitt-gekraeuselten-schulter-langarm-lose-chiffon-blusen","og_locale":"de_DE","og_type":"article","og_title":"Urbancoco Damen V-Ausschnitt gekr\u00e4uselten Schulter Leicht Atmungsaktiv Durchscheinend Langarm Lose Chiffon Blusen Button\u2026 - FamilienMode","og_description":"Tunika Loose Fit Oberteil Sommer T-Shirt Chiffon Bluse,V-Neck Design,klassischer Stil Langarm","og_url":"https:\/\/bekleidungscenter.com\/?product=urbancoco-damen-v-ausschnitt-gekraeuselten-schulter-langarm-lose-chiffon-blusen","og_site_name":"FamilienMode","article_modified_time":"2023-04-07T22:05:47+00:00","og_image":[{"width":500,"height":500,"url":"https:\/\/images-na.ssl-images-amazon.com\/images\/I\/41R604qYQNL.jpg","type":"image\/jpeg"}],"twitter_card":"summary_large_image","twitter_misc":{"Gesch\u00e4tzte Lesezeit":"1\u00a0Minute"},"schema":{"@context":"https:\/\/schema.org","@graph":[{"@type":"WebPage","@id":"https:\/\/bekleidungscenter.com\/?product=urbancoco-damen-v-ausschnitt-gekraeuselten-schulter-langarm-lose-chiffon-blusen","url":"https:\/\/bekleidungscenter.com\/?product=urbancoco-damen-v-ausschnitt-gekraeuselten-schulter-langarm-lose-chiffon-blusen","name":"Urbancoco Damen V-Ausschnitt gekr\u00e4uselten Schulter Leicht Atmungsaktiv Durchscheinend Langarm Lose Chiffon Blusen Button\u2026 - FamilienMode","isPartOf":{"@id":"https:\/\/bekleidungscenter.com\/#website"},"datePublished":"2021-01-03T19:48:22+00:00","dateModified":"2023-04-07T22:05:47+00:00","breadcrumb":{"@id":"https:\/\/bekleidungscenter.com\/?product=urbancoco-damen-v-ausschnitt-gekraeuselten-schulter-langarm-lose-chiffon-blusen#breadcrumb"},"inLanguage":"de","potentialAction":[{"@type":"ReadAction","target":["https:\/\/bekleidungscenter.com\/?product=urbancoco-damen-v-ausschnitt-gekraeuselten-schulter-langarm-lose-chiffon-blusen"]}]},{"@type":"BreadcrumbList","@id":"https:\/\/bekleidungscenter.com\/?product=urbancoco-damen-v-ausschnitt-gekraeuselten-schulter-langarm-lose-chiffon-blusen#breadcrumb","itemListElement":[{"@type":"ListItem","position":1,"name":"Home","item":"https:\/\/bekleidungscenter.com\/"},{"@type":"ListItem","position":2,"name":"Shop","item":"https:\/\/bekleidungscenter.com\/?page_id=7"},{"@type":"ListItem","position":3,"name":"Urbancoco Damen V-Ausschnitt gekr\u00e4uselten Schulter Leicht Atmungsaktiv Durchscheinend Langarm Lose Chiffon Blusen Button\u2026"}]},{"@type":"WebSite","@id":"https:\/\/bekleidungscenter.com\/#website","url":"https:\/\/bekleidungscenter.com\/","name":"FamilienMode","description":"Alles f\u00fcr die ganze Familie","potentialAction":[{"@type":"SearchAction","target":{"@type":"EntryPoint","urlTemplate":"https:\/\/bekleidungscenter.com\/?s={search_term_string}"},"query-input":"required name=search_term_string"}],"inLanguage":"de"}]}},"_links":{"self":[{"href":"https:\/\/bekleidungscenter.com\/index.php?rest_route=\/wp\/v2\/product\/8096"}],"collection":[{"href":"https:\/\/bekleidungscenter.com\/index.php?rest_route=\/wp\/v2\/product"}],"about":[{"href":"https:\/\/bekleidungscenter.com\/index.php?rest_route=\/wp\/v2\/types\/product"}],"replies":[{"embeddable":true,"href":"https:\/\/bekleidungscenter.com\/index.php?rest_route=%2Fwp%2Fv2%2Fcomments&post=8096"}],"wp:featuredmedia":[{"embeddable":true,"href":"https:\/\/bekleidungscenter.com\/index.php?rest_route=\/wp\/v2\/media\/8097"}],"wp:attachment":[{"href":"https:\/\/bekleidungscenter.com\/index.php?rest_route=%2Fwp%2Fv2%2Fmedia&parent=8096"}],"wp:term":[{"taxonomy":"product_cat","embeddable":true,"href":"https:\/\/bekleidungscenter.com\/index.php?rest_route=%2Fwp%2Fv2%2Fproduct_cat&post=8096"},{"taxonomy":"product_tag","embeddable":true,"href":"https:\/\/bekleidungscenter.com\/index.php?rest_route=%2Fwp%2Fv2%2Fproduct_tag&post=8096"}],"curies":[{"name":"wp","href":"https:\/\/api.w.org\/{rel}","templated":true}]}}