{"id":8108,"date":"2021-01-03T19:48:38","date_gmt":"2021-01-03T19:48:38","guid":{"rendered":"http:\/\/bekleidungscenter.com\/?product=fruit-of-the-loom-damen-popelin-shirt-lady-fit-hemd"},"modified":"2023-04-07T22:05:47","modified_gmt":"2023-04-07T22:05:47","slug":"fruit-of-the-loom-damen-popelin-shirt-lady-fit-hemd","status":"publish","type":"product","link":"https:\/\/bekleidungscenter.com\/?product=fruit-of-the-loom-damen-popelin-shirt-lady-fit-hemd","title":{"rendered":"Fruit of the Loom Damen Popelin Shirt Lady-fit Hemd"},"content":{"rendered":"<p><!-- show up to 2 reviews by default --> <\/p>\n<h3>Produktbeschreibungen<\/h3>\n<p>Tailliert. Abn\u00e4her im Thorax- ferner R\u00fcckenbereich stattdessen eine bessere Passform. Farblich passende Kn\u00f6pfe. Brusttasche. Gr\u00f6\u00dfenordnung 115-120g\/m\u00b2. Material 55% Baumwolle 45% Polyester. Umfang(Kleidergr\u00f6\u00dfe) XS(34), S(36), M(38), L(40), XL(42), 2XL(44), 3XL(46). <\/p>\n<h3>Warnhinweise<\/h3>\n<p>Bitte dechiffrieren Sie vorweg Software die Produktbeschreibung. <\/p>\n<p>Tailliert.<br \/>\nAbn\u00e4her im Thorax- ferner R\u00fcckenbereich stattdessen eine bessere Passform.<br \/>\nKurzarm<br \/>\nDarmverstopfung: taste ]<br \/>\n55% Baumwolle, 45% Polyester<br \/>\nLetzter Schrei<br \/>\nPflegehinweis: Maschinenw\u00e4sche<br \/>\nModellnummer: UTBC401_8<br \/>\nFarblich passende Kn\u00f6pfe.<br \/>\nBrusttasche.<br \/>\nGr\u00f6\u00dfenordnung 115-120g\/m\u00b2.<br \/>\n<div class=\"main-cross-sell\" data-asin=\"B00B699UF0\">\n\n\t<div class=\"WooZone-cross-sell-loader\">\n\t\t<div>\n\t\t\t<div id=\"floatingBarsG\">\n\t\t\t\t<div class=\"blockG\" id=\"rotateG_01\"><\/div>\n\t\t\t\t<div class=\"blockG\" id=\"rotateG_02\"><\/div>\n\t\t\t\t<div class=\"blockG\" id=\"rotateG_03\"><\/div>\n\t\t\t\t<div class=\"blockG\" id=\"rotateG_04\"><\/div>\n\t\t\t\t<div class=\"blockG\" id=\"rotateG_05\"><\/div>\n\t\t\t\t<div class=\"blockG\" id=\"rotateG_06\"><\/div>\n\t\t\t\t<div class=\"blockG\" id=\"rotateG_07\"><\/div>\n\t\t\t\t<div class=\"blockG\" id=\"rotateG_08\"><\/div>\n\t\t\t<\/div>\n\t\t\t<div class=\"WooZone-cross-sell-loader-text\"><\/div>\n\t\t<\/div>\n\t<\/div>\n\n\t\t\n<\/div>\n<div style=\"clear:both;\"><\/div><\/p>\n","protected":false},"excerpt":{"rendered":"<p>Tailliert.<br \/>\nAbn\u00e4her im Brust- und R\u00fcckenbereich f\u00fcr eine bessere Passform.<br \/>\nKurzarm<\/p>\n","protected":false},"featured_media":8109,"comment_status":"open","ping_status":"closed","template":"","meta":[],"product_cat":[122,133],"product_tag":[],"yoast_head":"<!-- This site is optimized with the Yoast SEO plugin v20.6 - https:\/\/yoast.com\/wordpress\/plugins\/seo\/ -->\n<title>Fruit of the Loom Damen Popelin Shirt Lady-fit Hemd - FamilienMode<\/title>\n<meta name=\"robots\" content=\"index, follow, max-snippet:-1, max-image-preview:large, max-video-preview:-1\" \/>\n<link rel=\"canonical\" href=\"https:\/\/bekleidungscenter.com\/?product=fruit-of-the-loom-damen-popelin-shirt-lady-fit-hemd\" \/>\n<meta property=\"og:locale\" content=\"de_DE\" \/>\n<meta property=\"og:type\" content=\"article\" \/>\n<meta property=\"og:title\" content=\"Fruit of the Loom Damen Popelin Shirt Lady-fit Hemd - FamilienMode\" \/>\n<meta property=\"og:description\" content=\"Tailliert. Abn\u00e4her im Brust- und R\u00fcckenbereich f\u00fcr eine bessere Passform. Kurzarm\" \/>\n<meta property=\"og:url\" content=\"https:\/\/bekleidungscenter.com\/?product=fruit-of-the-loom-damen-popelin-shirt-lady-fit-hemd\" \/>\n<meta property=\"og:site_name\" content=\"FamilienMode\" \/>\n<meta property=\"article:modified_time\" content=\"2023-04-07T22:05:47+00:00\" \/>\n<meta property=\"og:image\" content=\"https:\/\/images-na.ssl-images-amazon.com\/images\/I\/317MfkDB9ZL.jpg\" \/>\n\t<meta property=\"og:image:width\" content=\"500\" \/>\n\t<meta property=\"og:image:height\" content=\"500\" \/>\n\t<meta property=\"og:image:type\" content=\"image\/jpeg\" \/>\n<meta name=\"twitter:card\" content=\"summary_large_image\" \/>\n<script type=\"application\/ld+json\" class=\"yoast-schema-graph\">{\"@context\":\"https:\/\/schema.org\",\"@graph\":[{\"@type\":\"WebPage\",\"@id\":\"https:\/\/bekleidungscenter.com\/?product=fruit-of-the-loom-damen-popelin-shirt-lady-fit-hemd\",\"url\":\"https:\/\/bekleidungscenter.com\/?product=fruit-of-the-loom-damen-popelin-shirt-lady-fit-hemd\",\"name\":\"Fruit of the Loom Damen Popelin Shirt Lady-fit Hemd - FamilienMode\",\"isPartOf\":{\"@id\":\"https:\/\/bekleidungscenter.com\/#website\"},\"datePublished\":\"2021-01-03T19:48:38+00:00\",\"dateModified\":\"2023-04-07T22:05:47+00:00\",\"breadcrumb\":{\"@id\":\"https:\/\/bekleidungscenter.com\/?product=fruit-of-the-loom-damen-popelin-shirt-lady-fit-hemd#breadcrumb\"},\"inLanguage\":\"de\",\"potentialAction\":[{\"@type\":\"ReadAction\",\"target\":[\"https:\/\/bekleidungscenter.com\/?product=fruit-of-the-loom-damen-popelin-shirt-lady-fit-hemd\"]}]},{\"@type\":\"BreadcrumbList\",\"@id\":\"https:\/\/bekleidungscenter.com\/?product=fruit-of-the-loom-damen-popelin-shirt-lady-fit-hemd#breadcrumb\",\"itemListElement\":[{\"@type\":\"ListItem\",\"position\":1,\"name\":\"Home\",\"item\":\"https:\/\/bekleidungscenter.com\/\"},{\"@type\":\"ListItem\",\"position\":2,\"name\":\"Shop\",\"item\":\"https:\/\/bekleidungscenter.com\/?page_id=7\"},{\"@type\":\"ListItem\",\"position\":3,\"name\":\"Fruit of the Loom Damen Popelin Shirt Lady-fit Hemd\"}]},{\"@type\":\"WebSite\",\"@id\":\"https:\/\/bekleidungscenter.com\/#website\",\"url\":\"https:\/\/bekleidungscenter.com\/\",\"name\":\"FamilienMode\",\"description\":\"Alles f\u00fcr die ganze Familie\",\"potentialAction\":[{\"@type\":\"SearchAction\",\"target\":{\"@type\":\"EntryPoint\",\"urlTemplate\":\"https:\/\/bekleidungscenter.com\/?s={search_term_string}\"},\"query-input\":\"required name=search_term_string\"}],\"inLanguage\":\"de\"}]}<\/script>\n<!-- \/ Yoast SEO plugin. -->","yoast_head_json":{"title":"Fruit of the Loom Damen Popelin Shirt Lady-fit Hemd - FamilienMode","robots":{"index":"index","follow":"follow","max-snippet":"max-snippet:-1","max-image-preview":"max-image-preview:large","max-video-preview":"max-video-preview:-1"},"canonical":"https:\/\/bekleidungscenter.com\/?product=fruit-of-the-loom-damen-popelin-shirt-lady-fit-hemd","og_locale":"de_DE","og_type":"article","og_title":"Fruit of the Loom Damen Popelin Shirt Lady-fit Hemd - FamilienMode","og_description":"Tailliert. Abn\u00e4her im Brust- und R\u00fcckenbereich f\u00fcr eine bessere Passform. Kurzarm","og_url":"https:\/\/bekleidungscenter.com\/?product=fruit-of-the-loom-damen-popelin-shirt-lady-fit-hemd","og_site_name":"FamilienMode","article_modified_time":"2023-04-07T22:05:47+00:00","og_image":[{"width":500,"height":500,"url":"https:\/\/images-na.ssl-images-amazon.com\/images\/I\/317MfkDB9ZL.jpg","type":"image\/jpeg"}],"twitter_card":"summary_large_image","schema":{"@context":"https:\/\/schema.org","@graph":[{"@type":"WebPage","@id":"https:\/\/bekleidungscenter.com\/?product=fruit-of-the-loom-damen-popelin-shirt-lady-fit-hemd","url":"https:\/\/bekleidungscenter.com\/?product=fruit-of-the-loom-damen-popelin-shirt-lady-fit-hemd","name":"Fruit of the Loom Damen Popelin Shirt Lady-fit Hemd - FamilienMode","isPartOf":{"@id":"https:\/\/bekleidungscenter.com\/#website"},"datePublished":"2021-01-03T19:48:38+00:00","dateModified":"2023-04-07T22:05:47+00:00","breadcrumb":{"@id":"https:\/\/bekleidungscenter.com\/?product=fruit-of-the-loom-damen-popelin-shirt-lady-fit-hemd#breadcrumb"},"inLanguage":"de","potentialAction":[{"@type":"ReadAction","target":["https:\/\/bekleidungscenter.com\/?product=fruit-of-the-loom-damen-popelin-shirt-lady-fit-hemd"]}]},{"@type":"BreadcrumbList","@id":"https:\/\/bekleidungscenter.com\/?product=fruit-of-the-loom-damen-popelin-shirt-lady-fit-hemd#breadcrumb","itemListElement":[{"@type":"ListItem","position":1,"name":"Home","item":"https:\/\/bekleidungscenter.com\/"},{"@type":"ListItem","position":2,"name":"Shop","item":"https:\/\/bekleidungscenter.com\/?page_id=7"},{"@type":"ListItem","position":3,"name":"Fruit of the Loom Damen Popelin Shirt Lady-fit Hemd"}]},{"@type":"WebSite","@id":"https:\/\/bekleidungscenter.com\/#website","url":"https:\/\/bekleidungscenter.com\/","name":"FamilienMode","description":"Alles f\u00fcr die ganze Familie","potentialAction":[{"@type":"SearchAction","target":{"@type":"EntryPoint","urlTemplate":"https:\/\/bekleidungscenter.com\/?s={search_term_string}"},"query-input":"required name=search_term_string"}],"inLanguage":"de"}]}},"_links":{"self":[{"href":"https:\/\/bekleidungscenter.com\/index.php?rest_route=\/wp\/v2\/product\/8108"}],"collection":[{"href":"https:\/\/bekleidungscenter.com\/index.php?rest_route=\/wp\/v2\/product"}],"about":[{"href":"https:\/\/bekleidungscenter.com\/index.php?rest_route=\/wp\/v2\/types\/product"}],"replies":[{"embeddable":true,"href":"https:\/\/bekleidungscenter.com\/index.php?rest_route=%2Fwp%2Fv2%2Fcomments&post=8108"}],"wp:featuredmedia":[{"embeddable":true,"href":"https:\/\/bekleidungscenter.com\/index.php?rest_route=\/wp\/v2\/media\/8109"}],"wp:attachment":[{"href":"https:\/\/bekleidungscenter.com\/index.php?rest_route=%2Fwp%2Fv2%2Fmedia&parent=8108"}],"wp:term":[{"taxonomy":"product_cat","embeddable":true,"href":"https:\/\/bekleidungscenter.com\/index.php?rest_route=%2Fwp%2Fv2%2Fproduct_cat&post=8108"},{"taxonomy":"product_tag","embeddable":true,"href":"https:\/\/bekleidungscenter.com\/index.php?rest_route=%2Fwp%2Fv2%2Fproduct_tag&post=8108"}],"curies":[{"name":"wp","href":"https:\/\/api.w.org\/{rel}","templated":true}]}}