{"id":8139,"date":"2021-01-03T19:49:15","date_gmt":"2021-01-03T19:49:15","guid":{"rendered":"http:\/\/bekleidungscenter.com\/?product=only-damen-langarmshirt-onlelcos-4-5-solid-top-jrs-noos"},"modified":"2023-04-07T22:05:48","modified_gmt":"2023-04-07T22:05:48","slug":"only-damen-langarmshirt-onlelcos-4-5-solid-top-jrs-noos","status":"publish","type":"product","link":"https:\/\/bekleidungscenter.com\/?product=only-damen-langarmshirt-onlelcos-4-5-solid-top-jrs-noos","title":{"rendered":"ONLY Female Oberteil mit Langen \u00c4rmeln L\u00e4ssiges"},"content":{"rendered":"<p><!-- show up to 2 reviews by default --> <\/p>\n<p>ONLY ist eine internationale Modemarke anstelle junge Frauen. Heute sind wir eine der f\u00fchrenden Denim-Marken in Abendland. ONLY hat seinen Erfolg in Vorgef\u00fchl und fundierte Erfahrung im Einzelhandel und Gro\u00dfhandel verwandelt und wird in mehr qua 4500 Filialen weltweit verkauft. Das NUR M\u00e4dchen sieht immerzu erstaunlich in einer m\u00fchelosen Art und Weise! Mode ist ihre Leidenschaft \u2013 ein kreativer Sph\u00e4re, in dem sie mit unterschiedlichen Einstellungen, Gef\u00fchlen und Looks experimentieren kann. Sie definiert sich nicht durch einen bestimmten Stil, anstatt durch ihre spielerische Aufhebung, das Leben und die Mode und ihre Liebe zu Denim. <\/p>\n<p>Leger gestylt im Routine &#8211; mit diesem lockeren Shirt von ONLY gelingt dir das im Handumdrehen. Der Pulli hat lange \u00c4rmel und einen U-Boot-Stufe.<br \/>\nDie weiche Fasermischung sorgt anstelle einen hohen Tragekomfort.<br \/>\n3\/4 \u00c4rmel<br \/>\nVerschluss: Pull On<br \/>\n95% Polyester, 5% Elasthan<br \/>\nTop<br \/>\nPflegehinweis: Keine Gehabe<br \/>\nModellnummer: 15124402<br \/>\n<div class=\"main-cross-sell\" data-asin=\"B01M1DVET7\">\n\n\t<div class=\"WooZone-cross-sell-loader\">\n\t\t<div>\n\t\t\t<div id=\"floatingBarsG\">\n\t\t\t\t<div class=\"blockG\" id=\"rotateG_01\"><\/div>\n\t\t\t\t<div class=\"blockG\" id=\"rotateG_02\"><\/div>\n\t\t\t\t<div class=\"blockG\" id=\"rotateG_03\"><\/div>\n\t\t\t\t<div class=\"blockG\" id=\"rotateG_04\"><\/div>\n\t\t\t\t<div class=\"blockG\" id=\"rotateG_05\"><\/div>\n\t\t\t\t<div class=\"blockG\" id=\"rotateG_06\"><\/div>\n\t\t\t\t<div class=\"blockG\" id=\"rotateG_07\"><\/div>\n\t\t\t\t<div class=\"blockG\" id=\"rotateG_08\"><\/div>\n\t\t\t<\/div>\n\t\t\t<div class=\"WooZone-cross-sell-loader-text\"><\/div>\n\t\t<\/div>\n\t<\/div>\n\n\t\t\n<\/div>\n<div style=\"clear:both;\"><\/div><\/p>\n","protected":false},"excerpt":{"rendered":"<p>Leger gestylt im Alltag &#8211; mit diesem lockeren Shirt von ONLY gelingt dir das im Handumdrehen. Der Pulli hat lange \u00c4rmel und einen U-Boot-Ausschnitt.<br \/>\nDie weiche Fasermischung sorgt f\u00fcr einen hohen Tragekomfort.<br \/>\n3\/4 \u00c4rmel<\/p>\n","protected":false},"featured_media":8140,"comment_status":"open","ping_status":"closed","template":"","meta":[],"product_cat":[122,133],"product_tag":[],"yoast_head":"<!-- This site is optimized with the Yoast SEO plugin v20.6 - https:\/\/yoast.com\/wordpress\/plugins\/seo\/ -->\n<title>ONLY Female Oberteil mit Langen \u00c4rmeln L\u00e4ssiges - FamilienMode<\/title>\n<meta name=\"robots\" content=\"index, follow, max-snippet:-1, max-image-preview:large, max-video-preview:-1\" \/>\n<link rel=\"canonical\" href=\"https:\/\/bekleidungscenter.com\/?product=only-damen-langarmshirt-onlelcos-4-5-solid-top-jrs-noos\" \/>\n<meta property=\"og:locale\" content=\"de_DE\" \/>\n<meta property=\"og:type\" content=\"article\" \/>\n<meta property=\"og:title\" content=\"ONLY Female Oberteil mit Langen \u00c4rmeln L\u00e4ssiges - FamilienMode\" \/>\n<meta property=\"og:description\" content=\"Leger gestylt im Alltag - mit diesem lockeren Shirt von ONLY gelingt dir das im Handumdrehen. Der Pulli hat lange \u00c4rmel und einen U-Boot-Ausschnitt. Die weiche Fasermischung sorgt f\u00fcr einen hohen Tragekomfort. 3\/4 \u00c4rmel\" \/>\n<meta property=\"og:url\" content=\"https:\/\/bekleidungscenter.com\/?product=only-damen-langarmshirt-onlelcos-4-5-solid-top-jrs-noos\" \/>\n<meta property=\"og:site_name\" content=\"FamilienMode\" \/>\n<meta property=\"article:modified_time\" content=\"2023-04-07T22:05:48+00:00\" \/>\n<meta property=\"og:image\" content=\"https:\/\/images-na.ssl-images-amazon.com\/images\/I\/31e50rDk%2B3L.jpg\" \/>\n\t<meta property=\"og:image:width\" content=\"500\" \/>\n\t<meta property=\"og:image:height\" content=\"500\" \/>\n\t<meta property=\"og:image:type\" content=\"image\/jpeg\" \/>\n<meta name=\"twitter:card\" content=\"summary_large_image\" \/>\n<meta name=\"twitter:label1\" content=\"Gesch\u00e4tzte Lesezeit\" \/>\n\t<meta name=\"twitter:data1\" content=\"1\u00a0Minute\" \/>\n<script type=\"application\/ld+json\" class=\"yoast-schema-graph\">{\"@context\":\"https:\/\/schema.org\",\"@graph\":[{\"@type\":\"WebPage\",\"@id\":\"https:\/\/bekleidungscenter.com\/?product=only-damen-langarmshirt-onlelcos-4-5-solid-top-jrs-noos\",\"url\":\"https:\/\/bekleidungscenter.com\/?product=only-damen-langarmshirt-onlelcos-4-5-solid-top-jrs-noos\",\"name\":\"ONLY Female Oberteil mit Langen \u00c4rmeln L\u00e4ssiges - FamilienMode\",\"isPartOf\":{\"@id\":\"https:\/\/bekleidungscenter.com\/#website\"},\"datePublished\":\"2021-01-03T19:49:15+00:00\",\"dateModified\":\"2023-04-07T22:05:48+00:00\",\"breadcrumb\":{\"@id\":\"https:\/\/bekleidungscenter.com\/?product=only-damen-langarmshirt-onlelcos-4-5-solid-top-jrs-noos#breadcrumb\"},\"inLanguage\":\"de\",\"potentialAction\":[{\"@type\":\"ReadAction\",\"target\":[\"https:\/\/bekleidungscenter.com\/?product=only-damen-langarmshirt-onlelcos-4-5-solid-top-jrs-noos\"]}]},{\"@type\":\"BreadcrumbList\",\"@id\":\"https:\/\/bekleidungscenter.com\/?product=only-damen-langarmshirt-onlelcos-4-5-solid-top-jrs-noos#breadcrumb\",\"itemListElement\":[{\"@type\":\"ListItem\",\"position\":1,\"name\":\"Home\",\"item\":\"https:\/\/bekleidungscenter.com\/\"},{\"@type\":\"ListItem\",\"position\":2,\"name\":\"Shop\",\"item\":\"https:\/\/bekleidungscenter.com\/?page_id=7\"},{\"@type\":\"ListItem\",\"position\":3,\"name\":\"ONLY Female Oberteil mit Langen \u00c4rmeln L\u00e4ssiges\"}]},{\"@type\":\"WebSite\",\"@id\":\"https:\/\/bekleidungscenter.com\/#website\",\"url\":\"https:\/\/bekleidungscenter.com\/\",\"name\":\"FamilienMode\",\"description\":\"Alles f\u00fcr die ganze Familie\",\"potentialAction\":[{\"@type\":\"SearchAction\",\"target\":{\"@type\":\"EntryPoint\",\"urlTemplate\":\"https:\/\/bekleidungscenter.com\/?s={search_term_string}\"},\"query-input\":\"required name=search_term_string\"}],\"inLanguage\":\"de\"}]}<\/script>\n<!-- \/ Yoast SEO plugin. -->","yoast_head_json":{"title":"ONLY Female Oberteil mit Langen \u00c4rmeln L\u00e4ssiges - FamilienMode","robots":{"index":"index","follow":"follow","max-snippet":"max-snippet:-1","max-image-preview":"max-image-preview:large","max-video-preview":"max-video-preview:-1"},"canonical":"https:\/\/bekleidungscenter.com\/?product=only-damen-langarmshirt-onlelcos-4-5-solid-top-jrs-noos","og_locale":"de_DE","og_type":"article","og_title":"ONLY Female Oberteil mit Langen \u00c4rmeln L\u00e4ssiges - FamilienMode","og_description":"Leger gestylt im Alltag - mit diesem lockeren Shirt von ONLY gelingt dir das im Handumdrehen. Der Pulli hat lange \u00c4rmel und einen U-Boot-Ausschnitt. Die weiche Fasermischung sorgt f\u00fcr einen hohen Tragekomfort. 3\/4 \u00c4rmel","og_url":"https:\/\/bekleidungscenter.com\/?product=only-damen-langarmshirt-onlelcos-4-5-solid-top-jrs-noos","og_site_name":"FamilienMode","article_modified_time":"2023-04-07T22:05:48+00:00","og_image":[{"width":500,"height":500,"url":"https:\/\/images-na.ssl-images-amazon.com\/images\/I\/31e50rDk%2B3L.jpg","type":"image\/jpeg"}],"twitter_card":"summary_large_image","twitter_misc":{"Gesch\u00e4tzte Lesezeit":"1\u00a0Minute"},"schema":{"@context":"https:\/\/schema.org","@graph":[{"@type":"WebPage","@id":"https:\/\/bekleidungscenter.com\/?product=only-damen-langarmshirt-onlelcos-4-5-solid-top-jrs-noos","url":"https:\/\/bekleidungscenter.com\/?product=only-damen-langarmshirt-onlelcos-4-5-solid-top-jrs-noos","name":"ONLY Female Oberteil mit Langen \u00c4rmeln L\u00e4ssiges - FamilienMode","isPartOf":{"@id":"https:\/\/bekleidungscenter.com\/#website"},"datePublished":"2021-01-03T19:49:15+00:00","dateModified":"2023-04-07T22:05:48+00:00","breadcrumb":{"@id":"https:\/\/bekleidungscenter.com\/?product=only-damen-langarmshirt-onlelcos-4-5-solid-top-jrs-noos#breadcrumb"},"inLanguage":"de","potentialAction":[{"@type":"ReadAction","target":["https:\/\/bekleidungscenter.com\/?product=only-damen-langarmshirt-onlelcos-4-5-solid-top-jrs-noos"]}]},{"@type":"BreadcrumbList","@id":"https:\/\/bekleidungscenter.com\/?product=only-damen-langarmshirt-onlelcos-4-5-solid-top-jrs-noos#breadcrumb","itemListElement":[{"@type":"ListItem","position":1,"name":"Home","item":"https:\/\/bekleidungscenter.com\/"},{"@type":"ListItem","position":2,"name":"Shop","item":"https:\/\/bekleidungscenter.com\/?page_id=7"},{"@type":"ListItem","position":3,"name":"ONLY Female Oberteil mit Langen \u00c4rmeln L\u00e4ssiges"}]},{"@type":"WebSite","@id":"https:\/\/bekleidungscenter.com\/#website","url":"https:\/\/bekleidungscenter.com\/","name":"FamilienMode","description":"Alles f\u00fcr die ganze Familie","potentialAction":[{"@type":"SearchAction","target":{"@type":"EntryPoint","urlTemplate":"https:\/\/bekleidungscenter.com\/?s={search_term_string}"},"query-input":"required name=search_term_string"}],"inLanguage":"de"}]}},"_links":{"self":[{"href":"https:\/\/bekleidungscenter.com\/index.php?rest_route=\/wp\/v2\/product\/8139"}],"collection":[{"href":"https:\/\/bekleidungscenter.com\/index.php?rest_route=\/wp\/v2\/product"}],"about":[{"href":"https:\/\/bekleidungscenter.com\/index.php?rest_route=\/wp\/v2\/types\/product"}],"replies":[{"embeddable":true,"href":"https:\/\/bekleidungscenter.com\/index.php?rest_route=%2Fwp%2Fv2%2Fcomments&post=8139"}],"wp:featuredmedia":[{"embeddable":true,"href":"https:\/\/bekleidungscenter.com\/index.php?rest_route=\/wp\/v2\/media\/8140"}],"wp:attachment":[{"href":"https:\/\/bekleidungscenter.com\/index.php?rest_route=%2Fwp%2Fv2%2Fmedia&parent=8139"}],"wp:term":[{"taxonomy":"product_cat","embeddable":true,"href":"https:\/\/bekleidungscenter.com\/index.php?rest_route=%2Fwp%2Fv2%2Fproduct_cat&post=8139"},{"taxonomy":"product_tag","embeddable":true,"href":"https:\/\/bekleidungscenter.com\/index.php?rest_route=%2Fwp%2Fv2%2Fproduct_tag&post=8139"}],"curies":[{"name":"wp","href":"https:\/\/api.w.org\/{rel}","templated":true}]}}