{"id":8182,"date":"2021-01-03T19:57:04","date_gmt":"2021-01-03T19:57:04","guid":{"rendered":"http:\/\/bekleidungscenter.com\/?product=lilysilk-seidenhemd-sommerhemd-damenbluse-seide-kurzarmhemd-damen-verpackung-mehrweg"},"modified":"2023-04-07T22:05:49","modified_gmt":"2023-04-07T22:05:49","slug":"lilysilk-seidenhemd-sommerhemd-damenbluse-seide-kurzarmhemd-damen-verpackung-mehrweg","status":"publish","type":"product","link":"https:\/\/bekleidungscenter.com\/?product=lilysilk-seidenhemd-sommerhemd-damenbluse-seide-kurzarmhemd-damen-verpackung-mehrweg","title":{"rendered":"LilySilk Seidenhemd Sommerhemd Damenbluse Seide Kurzarmhemd Damen Verpackung MEHRWEG"},"content":{"rendered":"<p>Das Seidenhemd \u00fcberzeugt unter Einsatz von erfreulich weichem und leichtem Material stattdessen optimalen Tragekomfort<br \/>\nDie modische Seide Damenbluse l\u00e4sst sich so dahin gesagt oder elegant abstrahieren und passt perfekt zu Skinny Pants oder R\u00f6cken.<br \/>\n100% Crepe De Chine Seide<br \/>\nPflegehinweise der Seidenbluse: Maschinenw\u00e4sche oder Handw\u00e4sche angrenzend 30\u00b0C unter Einsatz von Seidenwaschmittel<br \/>\nGeringes Gewicht Material unter Einsatz von seidiges Regung. Die Kurzarmbluse allesamt Seide ist gro\u00dfes Geschenk stattdessen Clan oder Freunde<br \/>\nGepr\u00fcfte Qualit\u00e4t der Seidenbluse : wissenschaftliche Arbeit sind nach \u00d6ko-Tex-Standard 100 zertifiziert. Nat\u00fcrliche Einf\u00e4rbung ohne Chemie Zus\u00e4tze<br \/>\n<div class=\"main-cross-sell\" data-asin=\"B07QPZ43YD\">\n\n\t<div class=\"WooZone-cross-sell-loader\">\n\t\t<div>\n\t\t\t<div id=\"floatingBarsG\">\n\t\t\t\t<div class=\"blockG\" id=\"rotateG_01\"><\/div>\n\t\t\t\t<div class=\"blockG\" id=\"rotateG_02\"><\/div>\n\t\t\t\t<div class=\"blockG\" id=\"rotateG_03\"><\/div>\n\t\t\t\t<div class=\"blockG\" id=\"rotateG_04\"><\/div>\n\t\t\t\t<div class=\"blockG\" id=\"rotateG_05\"><\/div>\n\t\t\t\t<div class=\"blockG\" id=\"rotateG_06\"><\/div>\n\t\t\t\t<div class=\"blockG\" id=\"rotateG_07\"><\/div>\n\t\t\t\t<div class=\"blockG\" id=\"rotateG_08\"><\/div>\n\t\t\t<\/div>\n\t\t\t<div class=\"WooZone-cross-sell-loader-text\"><\/div>\n\t\t<\/div>\n\t<\/div>\n\n\t\t\n<\/div>\n<div style=\"clear:both;\"><\/div><\/p>\n","protected":false},"excerpt":{"rendered":"<p>Das Seidenhemd \u00fcberzeugt mit angenehm weichem und leichtem Material f\u00fcr optimalen Tragekomfort<br \/>\nDie modische Seide Damenbluse l\u00e4sst sich l\u00e4ssig oder elegant kombinieren und passt perfekt zu Skinny Pants oder R\u00f6cken.<br \/>\n100% Crepe De Chine Seide<\/p>\n","protected":false},"featured_media":8183,"comment_status":"open","ping_status":"closed","template":"","meta":[],"product_cat":[122,133],"product_tag":[],"yoast_head":"<!-- This site is optimized with the Yoast SEO plugin v20.6 - https:\/\/yoast.com\/wordpress\/plugins\/seo\/ -->\n<title>LilySilk Seidenhemd Sommerhemd Damenbluse Seide Kurzarmhemd Damen Verpackung MEHRWEG - FamilienMode<\/title>\n<meta name=\"robots\" content=\"index, follow, max-snippet:-1, max-image-preview:large, max-video-preview:-1\" \/>\n<link rel=\"canonical\" href=\"https:\/\/bekleidungscenter.com\/?product=lilysilk-seidenhemd-sommerhemd-damenbluse-seide-kurzarmhemd-damen-verpackung-mehrweg\" \/>\n<meta property=\"og:locale\" content=\"de_DE\" \/>\n<meta property=\"og:type\" content=\"article\" \/>\n<meta property=\"og:title\" content=\"LilySilk Seidenhemd Sommerhemd Damenbluse Seide Kurzarmhemd Damen Verpackung MEHRWEG - FamilienMode\" \/>\n<meta property=\"og:description\" content=\"Das Seidenhemd \u00fcberzeugt mit angenehm weichem und leichtem Material f\u00fcr optimalen Tragekomfort Die modische Seide Damenbluse l\u00e4sst sich l\u00e4ssig oder elegant kombinieren und passt perfekt zu Skinny Pants oder R\u00f6cken. 100% Crepe De Chine Seide\" \/>\n<meta property=\"og:url\" content=\"https:\/\/bekleidungscenter.com\/?product=lilysilk-seidenhemd-sommerhemd-damenbluse-seide-kurzarmhemd-damen-verpackung-mehrweg\" \/>\n<meta property=\"og:site_name\" content=\"FamilienMode\" \/>\n<meta property=\"article:modified_time\" content=\"2023-04-07T22:05:49+00:00\" \/>\n<meta property=\"og:image\" content=\"https:\/\/images-na.ssl-images-amazon.com\/images\/I\/41UUOrodEQL.jpg\" \/>\n\t<meta property=\"og:image:width\" content=\"500\" \/>\n\t<meta property=\"og:image:height\" content=\"500\" \/>\n\t<meta property=\"og:image:type\" content=\"image\/jpeg\" \/>\n<meta name=\"twitter:card\" content=\"summary_large_image\" \/>\n<meta name=\"twitter:label1\" content=\"Gesch\u00e4tzte Lesezeit\" \/>\n\t<meta name=\"twitter:data1\" content=\"1\u00a0Minute\" \/>\n<script type=\"application\/ld+json\" class=\"yoast-schema-graph\">{\"@context\":\"https:\/\/schema.org\",\"@graph\":[{\"@type\":\"WebPage\",\"@id\":\"https:\/\/bekleidungscenter.com\/?product=lilysilk-seidenhemd-sommerhemd-damenbluse-seide-kurzarmhemd-damen-verpackung-mehrweg\",\"url\":\"https:\/\/bekleidungscenter.com\/?product=lilysilk-seidenhemd-sommerhemd-damenbluse-seide-kurzarmhemd-damen-verpackung-mehrweg\",\"name\":\"LilySilk Seidenhemd Sommerhemd Damenbluse Seide Kurzarmhemd Damen Verpackung MEHRWEG - FamilienMode\",\"isPartOf\":{\"@id\":\"https:\/\/bekleidungscenter.com\/#website\"},\"datePublished\":\"2021-01-03T19:57:04+00:00\",\"dateModified\":\"2023-04-07T22:05:49+00:00\",\"breadcrumb\":{\"@id\":\"https:\/\/bekleidungscenter.com\/?product=lilysilk-seidenhemd-sommerhemd-damenbluse-seide-kurzarmhemd-damen-verpackung-mehrweg#breadcrumb\"},\"inLanguage\":\"de\",\"potentialAction\":[{\"@type\":\"ReadAction\",\"target\":[\"https:\/\/bekleidungscenter.com\/?product=lilysilk-seidenhemd-sommerhemd-damenbluse-seide-kurzarmhemd-damen-verpackung-mehrweg\"]}]},{\"@type\":\"BreadcrumbList\",\"@id\":\"https:\/\/bekleidungscenter.com\/?product=lilysilk-seidenhemd-sommerhemd-damenbluse-seide-kurzarmhemd-damen-verpackung-mehrweg#breadcrumb\",\"itemListElement\":[{\"@type\":\"ListItem\",\"position\":1,\"name\":\"Home\",\"item\":\"https:\/\/bekleidungscenter.com\/\"},{\"@type\":\"ListItem\",\"position\":2,\"name\":\"Shop\",\"item\":\"https:\/\/bekleidungscenter.com\/?page_id=7\"},{\"@type\":\"ListItem\",\"position\":3,\"name\":\"LilySilk Seidenhemd Sommerhemd Damenbluse Seide Kurzarmhemd Damen Verpackung MEHRWEG\"}]},{\"@type\":\"WebSite\",\"@id\":\"https:\/\/bekleidungscenter.com\/#website\",\"url\":\"https:\/\/bekleidungscenter.com\/\",\"name\":\"FamilienMode\",\"description\":\"Alles f\u00fcr die ganze Familie\",\"potentialAction\":[{\"@type\":\"SearchAction\",\"target\":{\"@type\":\"EntryPoint\",\"urlTemplate\":\"https:\/\/bekleidungscenter.com\/?s={search_term_string}\"},\"query-input\":\"required name=search_term_string\"}],\"inLanguage\":\"de\"}]}<\/script>\n<!-- \/ Yoast SEO plugin. -->","yoast_head_json":{"title":"LilySilk Seidenhemd Sommerhemd Damenbluse Seide Kurzarmhemd Damen Verpackung MEHRWEG - FamilienMode","robots":{"index":"index","follow":"follow","max-snippet":"max-snippet:-1","max-image-preview":"max-image-preview:large","max-video-preview":"max-video-preview:-1"},"canonical":"https:\/\/bekleidungscenter.com\/?product=lilysilk-seidenhemd-sommerhemd-damenbluse-seide-kurzarmhemd-damen-verpackung-mehrweg","og_locale":"de_DE","og_type":"article","og_title":"LilySilk Seidenhemd Sommerhemd Damenbluse Seide Kurzarmhemd Damen Verpackung MEHRWEG - FamilienMode","og_description":"Das Seidenhemd \u00fcberzeugt mit angenehm weichem und leichtem Material f\u00fcr optimalen Tragekomfort Die modische Seide Damenbluse l\u00e4sst sich l\u00e4ssig oder elegant kombinieren und passt perfekt zu Skinny Pants oder R\u00f6cken. 100% Crepe De Chine Seide","og_url":"https:\/\/bekleidungscenter.com\/?product=lilysilk-seidenhemd-sommerhemd-damenbluse-seide-kurzarmhemd-damen-verpackung-mehrweg","og_site_name":"FamilienMode","article_modified_time":"2023-04-07T22:05:49+00:00","og_image":[{"width":500,"height":500,"url":"https:\/\/images-na.ssl-images-amazon.com\/images\/I\/41UUOrodEQL.jpg","type":"image\/jpeg"}],"twitter_card":"summary_large_image","twitter_misc":{"Gesch\u00e4tzte Lesezeit":"1\u00a0Minute"},"schema":{"@context":"https:\/\/schema.org","@graph":[{"@type":"WebPage","@id":"https:\/\/bekleidungscenter.com\/?product=lilysilk-seidenhemd-sommerhemd-damenbluse-seide-kurzarmhemd-damen-verpackung-mehrweg","url":"https:\/\/bekleidungscenter.com\/?product=lilysilk-seidenhemd-sommerhemd-damenbluse-seide-kurzarmhemd-damen-verpackung-mehrweg","name":"LilySilk Seidenhemd Sommerhemd Damenbluse Seide Kurzarmhemd Damen Verpackung MEHRWEG - FamilienMode","isPartOf":{"@id":"https:\/\/bekleidungscenter.com\/#website"},"datePublished":"2021-01-03T19:57:04+00:00","dateModified":"2023-04-07T22:05:49+00:00","breadcrumb":{"@id":"https:\/\/bekleidungscenter.com\/?product=lilysilk-seidenhemd-sommerhemd-damenbluse-seide-kurzarmhemd-damen-verpackung-mehrweg#breadcrumb"},"inLanguage":"de","potentialAction":[{"@type":"ReadAction","target":["https:\/\/bekleidungscenter.com\/?product=lilysilk-seidenhemd-sommerhemd-damenbluse-seide-kurzarmhemd-damen-verpackung-mehrweg"]}]},{"@type":"BreadcrumbList","@id":"https:\/\/bekleidungscenter.com\/?product=lilysilk-seidenhemd-sommerhemd-damenbluse-seide-kurzarmhemd-damen-verpackung-mehrweg#breadcrumb","itemListElement":[{"@type":"ListItem","position":1,"name":"Home","item":"https:\/\/bekleidungscenter.com\/"},{"@type":"ListItem","position":2,"name":"Shop","item":"https:\/\/bekleidungscenter.com\/?page_id=7"},{"@type":"ListItem","position":3,"name":"LilySilk Seidenhemd Sommerhemd Damenbluse Seide Kurzarmhemd Damen Verpackung MEHRWEG"}]},{"@type":"WebSite","@id":"https:\/\/bekleidungscenter.com\/#website","url":"https:\/\/bekleidungscenter.com\/","name":"FamilienMode","description":"Alles f\u00fcr die ganze Familie","potentialAction":[{"@type":"SearchAction","target":{"@type":"EntryPoint","urlTemplate":"https:\/\/bekleidungscenter.com\/?s={search_term_string}"},"query-input":"required name=search_term_string"}],"inLanguage":"de"}]}},"_links":{"self":[{"href":"https:\/\/bekleidungscenter.com\/index.php?rest_route=\/wp\/v2\/product\/8182"}],"collection":[{"href":"https:\/\/bekleidungscenter.com\/index.php?rest_route=\/wp\/v2\/product"}],"about":[{"href":"https:\/\/bekleidungscenter.com\/index.php?rest_route=\/wp\/v2\/types\/product"}],"replies":[{"embeddable":true,"href":"https:\/\/bekleidungscenter.com\/index.php?rest_route=%2Fwp%2Fv2%2Fcomments&post=8182"}],"wp:featuredmedia":[{"embeddable":true,"href":"https:\/\/bekleidungscenter.com\/index.php?rest_route=\/wp\/v2\/media\/8183"}],"wp:attachment":[{"href":"https:\/\/bekleidungscenter.com\/index.php?rest_route=%2Fwp%2Fv2%2Fmedia&parent=8182"}],"wp:term":[{"taxonomy":"product_cat","embeddable":true,"href":"https:\/\/bekleidungscenter.com\/index.php?rest_route=%2Fwp%2Fv2%2Fproduct_cat&post=8182"},{"taxonomy":"product_tag","embeddable":true,"href":"https:\/\/bekleidungscenter.com\/index.php?rest_route=%2Fwp%2Fv2%2Fproduct_tag&post=8182"}],"curies":[{"name":"wp","href":"https:\/\/api.w.org\/{rel}","templated":true}]}}