{"id":8202,"date":"2021-01-03T19:57:30","date_gmt":"2021-01-03T19:57:30","guid":{"rendered":"http:\/\/bekleidungscenter.com\/?product=miss-moly-damen-spitze-bluse-schulterfrei-langarmshirt-oberteile-tops"},"modified":"2023-04-07T22:05:49","modified_gmt":"2023-04-07T22:05:49","slug":"miss-moly-damen-spitze-bluse-schulterfrei-langarmshirt-oberteile-tops","status":"publish","type":"product","link":"https:\/\/bekleidungscenter.com\/?product=miss-moly-damen-spitze-bluse-schulterfrei-langarmshirt-oberteile-tops","title":{"rendered":"MISS MOLY Damen Spitze Bluse Schulterfrei Langarmshirt Oberteile Tops"},"content":{"rendered":"<p>Langarm, Schulterfrei, Retro Blumenmuster mit Spitze macht es mehr in Mode und macht Ihnen edle und elegant.<br \/>\nEs besteht jeder zwei Teilen, einem schulterfreien Top und einer Spitzenbluse.Das Unterhemd besteht jeder einem Schlauch mit Gummibund. Es ist nicht angen\u00e4ht, handkehrum k\u00f6nnte man bekannt als was anderes darunter verankern<br \/>\nLangarm<br \/>\n90% Nylon, 10% Elasthan<br \/>\nR\u00fcckenfrei<br \/>\nDer Stoff ist weich und bietet das angenehme Tragegef\u00fchl.<br \/>\nPerfekt mit Hosen, Leggings, R\u00f6cken, Shorts und So weiter konkludieren.\u00e4u\u00dferst angebracht f\u00fcr Tretm\u00fchle, Party, Strand, Urlaub.<br \/>\nVor dem Erwerb, folgen Sie bitte der Gr\u00f6\u00dfentabelle auf der bestehlen Seite zu kaufen<br \/>\n<div class=\"main-cross-sell\" data-asin=\"B07F1NR253\">\n\n\t<div class=\"WooZone-cross-sell-loader\">\n\t\t<div>\n\t\t\t<div id=\"floatingBarsG\">\n\t\t\t\t<div class=\"blockG\" id=\"rotateG_01\"><\/div>\n\t\t\t\t<div class=\"blockG\" id=\"rotateG_02\"><\/div>\n\t\t\t\t<div class=\"blockG\" id=\"rotateG_03\"><\/div>\n\t\t\t\t<div class=\"blockG\" id=\"rotateG_04\"><\/div>\n\t\t\t\t<div class=\"blockG\" id=\"rotateG_05\"><\/div>\n\t\t\t\t<div class=\"blockG\" id=\"rotateG_06\"><\/div>\n\t\t\t\t<div class=\"blockG\" id=\"rotateG_07\"><\/div>\n\t\t\t\t<div class=\"blockG\" id=\"rotateG_08\"><\/div>\n\t\t\t<\/div>\n\t\t\t<div class=\"WooZone-cross-sell-loader-text\"><\/div>\n\t\t<\/div>\n\t<\/div>\n\n\t\t\n<\/div>\n<div style=\"clear:both;\"><\/div><\/p>\n","protected":false},"excerpt":{"rendered":"<p>Langarm, Schulterfrei, Retro Blumenmuster mit Spitze macht es mehr in Mode und macht Ihnen edle und elegant.<br \/>\nEs besteht aus zwei Teilen, einem schulterfreien Top und einer Spitzenbluse.Das Unterhemd besteht aus einem Schlauch mit Gummibund. Es ist nicht angen\u00e4ht, daher k\u00f6nnte man auch was anderes darunter tragen<br \/>\nLangarm<\/p>\n","protected":false},"featured_media":8203,"comment_status":"open","ping_status":"closed","template":"","meta":[],"product_cat":[122,133],"product_tag":[],"yoast_head":"<!-- This site is optimized with the Yoast SEO plugin v20.6 - https:\/\/yoast.com\/wordpress\/plugins\/seo\/ -->\n<title>MISS MOLY Damen Spitze Bluse Schulterfrei Langarmshirt Oberteile Tops - FamilienMode<\/title>\n<meta name=\"robots\" content=\"index, follow, max-snippet:-1, max-image-preview:large, max-video-preview:-1\" \/>\n<link rel=\"canonical\" href=\"https:\/\/bekleidungscenter.com\/?product=miss-moly-damen-spitze-bluse-schulterfrei-langarmshirt-oberteile-tops\" \/>\n<meta property=\"og:locale\" content=\"de_DE\" \/>\n<meta property=\"og:type\" content=\"article\" \/>\n<meta property=\"og:title\" content=\"MISS MOLY Damen Spitze Bluse Schulterfrei Langarmshirt Oberteile Tops - FamilienMode\" \/>\n<meta property=\"og:description\" content=\"Langarm, Schulterfrei, Retro Blumenmuster mit Spitze macht es mehr in Mode und macht Ihnen edle und elegant. Es besteht aus zwei Teilen, einem schulterfreien Top und einer Spitzenbluse.Das Unterhemd besteht aus einem Schlauch mit Gummibund. Es ist nicht angen\u00e4ht, daher k\u00f6nnte man auch was anderes darunter tragen Langarm\" \/>\n<meta property=\"og:url\" content=\"https:\/\/bekleidungscenter.com\/?product=miss-moly-damen-spitze-bluse-schulterfrei-langarmshirt-oberteile-tops\" \/>\n<meta property=\"og:site_name\" content=\"FamilienMode\" \/>\n<meta property=\"article:modified_time\" content=\"2023-04-07T22:05:49+00:00\" \/>\n<meta property=\"og:image\" content=\"https:\/\/images-na.ssl-images-amazon.com\/images\/I\/41lHfsMLO-L.jpg\" \/>\n\t<meta property=\"og:image:width\" content=\"500\" \/>\n\t<meta property=\"og:image:height\" content=\"500\" \/>\n\t<meta property=\"og:image:type\" content=\"image\/jpeg\" \/>\n<meta name=\"twitter:card\" content=\"summary_large_image\" \/>\n<meta name=\"twitter:label1\" content=\"Gesch\u00e4tzte Lesezeit\" \/>\n\t<meta name=\"twitter:data1\" content=\"1\u00a0Minute\" \/>\n<script type=\"application\/ld+json\" class=\"yoast-schema-graph\">{\"@context\":\"https:\/\/schema.org\",\"@graph\":[{\"@type\":\"WebPage\",\"@id\":\"https:\/\/bekleidungscenter.com\/?product=miss-moly-damen-spitze-bluse-schulterfrei-langarmshirt-oberteile-tops\",\"url\":\"https:\/\/bekleidungscenter.com\/?product=miss-moly-damen-spitze-bluse-schulterfrei-langarmshirt-oberteile-tops\",\"name\":\"MISS MOLY Damen Spitze Bluse Schulterfrei Langarmshirt Oberteile Tops - FamilienMode\",\"isPartOf\":{\"@id\":\"https:\/\/bekleidungscenter.com\/#website\"},\"datePublished\":\"2021-01-03T19:57:30+00:00\",\"dateModified\":\"2023-04-07T22:05:49+00:00\",\"breadcrumb\":{\"@id\":\"https:\/\/bekleidungscenter.com\/?product=miss-moly-damen-spitze-bluse-schulterfrei-langarmshirt-oberteile-tops#breadcrumb\"},\"inLanguage\":\"de\",\"potentialAction\":[{\"@type\":\"ReadAction\",\"target\":[\"https:\/\/bekleidungscenter.com\/?product=miss-moly-damen-spitze-bluse-schulterfrei-langarmshirt-oberteile-tops\"]}]},{\"@type\":\"BreadcrumbList\",\"@id\":\"https:\/\/bekleidungscenter.com\/?product=miss-moly-damen-spitze-bluse-schulterfrei-langarmshirt-oberteile-tops#breadcrumb\",\"itemListElement\":[{\"@type\":\"ListItem\",\"position\":1,\"name\":\"Home\",\"item\":\"https:\/\/bekleidungscenter.com\/\"},{\"@type\":\"ListItem\",\"position\":2,\"name\":\"Shop\",\"item\":\"https:\/\/bekleidungscenter.com\/?page_id=7\"},{\"@type\":\"ListItem\",\"position\":3,\"name\":\"MISS MOLY Damen Spitze Bluse Schulterfrei Langarmshirt Oberteile Tops\"}]},{\"@type\":\"WebSite\",\"@id\":\"https:\/\/bekleidungscenter.com\/#website\",\"url\":\"https:\/\/bekleidungscenter.com\/\",\"name\":\"FamilienMode\",\"description\":\"Alles f\u00fcr die ganze Familie\",\"potentialAction\":[{\"@type\":\"SearchAction\",\"target\":{\"@type\":\"EntryPoint\",\"urlTemplate\":\"https:\/\/bekleidungscenter.com\/?s={search_term_string}\"},\"query-input\":\"required name=search_term_string\"}],\"inLanguage\":\"de\"}]}<\/script>\n<!-- \/ Yoast SEO plugin. -->","yoast_head_json":{"title":"MISS MOLY Damen Spitze Bluse Schulterfrei Langarmshirt Oberteile Tops - FamilienMode","robots":{"index":"index","follow":"follow","max-snippet":"max-snippet:-1","max-image-preview":"max-image-preview:large","max-video-preview":"max-video-preview:-1"},"canonical":"https:\/\/bekleidungscenter.com\/?product=miss-moly-damen-spitze-bluse-schulterfrei-langarmshirt-oberteile-tops","og_locale":"de_DE","og_type":"article","og_title":"MISS MOLY Damen Spitze Bluse Schulterfrei Langarmshirt Oberteile Tops - FamilienMode","og_description":"Langarm, Schulterfrei, Retro Blumenmuster mit Spitze macht es mehr in Mode und macht Ihnen edle und elegant. Es besteht aus zwei Teilen, einem schulterfreien Top und einer Spitzenbluse.Das Unterhemd besteht aus einem Schlauch mit Gummibund. Es ist nicht angen\u00e4ht, daher k\u00f6nnte man auch was anderes darunter tragen Langarm","og_url":"https:\/\/bekleidungscenter.com\/?product=miss-moly-damen-spitze-bluse-schulterfrei-langarmshirt-oberteile-tops","og_site_name":"FamilienMode","article_modified_time":"2023-04-07T22:05:49+00:00","og_image":[{"width":500,"height":500,"url":"https:\/\/images-na.ssl-images-amazon.com\/images\/I\/41lHfsMLO-L.jpg","type":"image\/jpeg"}],"twitter_card":"summary_large_image","twitter_misc":{"Gesch\u00e4tzte Lesezeit":"1\u00a0Minute"},"schema":{"@context":"https:\/\/schema.org","@graph":[{"@type":"WebPage","@id":"https:\/\/bekleidungscenter.com\/?product=miss-moly-damen-spitze-bluse-schulterfrei-langarmshirt-oberteile-tops","url":"https:\/\/bekleidungscenter.com\/?product=miss-moly-damen-spitze-bluse-schulterfrei-langarmshirt-oberteile-tops","name":"MISS MOLY Damen Spitze Bluse Schulterfrei Langarmshirt Oberteile Tops - FamilienMode","isPartOf":{"@id":"https:\/\/bekleidungscenter.com\/#website"},"datePublished":"2021-01-03T19:57:30+00:00","dateModified":"2023-04-07T22:05:49+00:00","breadcrumb":{"@id":"https:\/\/bekleidungscenter.com\/?product=miss-moly-damen-spitze-bluse-schulterfrei-langarmshirt-oberteile-tops#breadcrumb"},"inLanguage":"de","potentialAction":[{"@type":"ReadAction","target":["https:\/\/bekleidungscenter.com\/?product=miss-moly-damen-spitze-bluse-schulterfrei-langarmshirt-oberteile-tops"]}]},{"@type":"BreadcrumbList","@id":"https:\/\/bekleidungscenter.com\/?product=miss-moly-damen-spitze-bluse-schulterfrei-langarmshirt-oberteile-tops#breadcrumb","itemListElement":[{"@type":"ListItem","position":1,"name":"Home","item":"https:\/\/bekleidungscenter.com\/"},{"@type":"ListItem","position":2,"name":"Shop","item":"https:\/\/bekleidungscenter.com\/?page_id=7"},{"@type":"ListItem","position":3,"name":"MISS MOLY Damen Spitze Bluse Schulterfrei Langarmshirt Oberteile Tops"}]},{"@type":"WebSite","@id":"https:\/\/bekleidungscenter.com\/#website","url":"https:\/\/bekleidungscenter.com\/","name":"FamilienMode","description":"Alles f\u00fcr die ganze Familie","potentialAction":[{"@type":"SearchAction","target":{"@type":"EntryPoint","urlTemplate":"https:\/\/bekleidungscenter.com\/?s={search_term_string}"},"query-input":"required name=search_term_string"}],"inLanguage":"de"}]}},"_links":{"self":[{"href":"https:\/\/bekleidungscenter.com\/index.php?rest_route=\/wp\/v2\/product\/8202"}],"collection":[{"href":"https:\/\/bekleidungscenter.com\/index.php?rest_route=\/wp\/v2\/product"}],"about":[{"href":"https:\/\/bekleidungscenter.com\/index.php?rest_route=\/wp\/v2\/types\/product"}],"replies":[{"embeddable":true,"href":"https:\/\/bekleidungscenter.com\/index.php?rest_route=%2Fwp%2Fv2%2Fcomments&post=8202"}],"wp:featuredmedia":[{"embeddable":true,"href":"https:\/\/bekleidungscenter.com\/index.php?rest_route=\/wp\/v2\/media\/8203"}],"wp:attachment":[{"href":"https:\/\/bekleidungscenter.com\/index.php?rest_route=%2Fwp%2Fv2%2Fmedia&parent=8202"}],"wp:term":[{"taxonomy":"product_cat","embeddable":true,"href":"https:\/\/bekleidungscenter.com\/index.php?rest_route=%2Fwp%2Fv2%2Fproduct_cat&post=8202"},{"taxonomy":"product_tag","embeddable":true,"href":"https:\/\/bekleidungscenter.com\/index.php?rest_route=%2Fwp%2Fv2%2Fproduct_tag&post=8202"}],"curies":[{"name":"wp","href":"https:\/\/api.w.org\/{rel}","templated":true}]}}