{"id":8210,"date":"2021-01-03T19:57:39","date_gmt":"2021-01-03T19:57:39","guid":{"rendered":"http:\/\/bekleidungscenter.com\/?product=damenbluse-mit-langen-aermeln-satin-kalte-schultern-bluse"},"modified":"2023-04-07T22:05:50","modified_gmt":"2023-04-07T22:05:50","slug":"damenbluse-mit-langen-aermeln-satin-kalte-schultern-bluse","status":"publish","type":"product","link":"https:\/\/bekleidungscenter.com\/?product=damenbluse-mit-langen-aermeln-satin-kalte-schultern-bluse","title":{"rendered":"Damenbluse mit langen \u00c4rmeln, Satin, kalte Schultern, Bluse"},"content":{"rendered":"<p>Vier Knopfverschl\u00fcsse vorne, gekerbtes Revers, kurze \u00c4rmel mit gen\u00e4hten B\u00fcndchen<br \/>\nV-Fragment mit Blumenmuster, elegant und sexy, zu keiner Zeit jeder der Mode, treffen Sie Ihren Modegeschmack<br \/>\nLangarm<br \/>\n100% Polyester<br \/>\nModellnummer: JCSW255023-5-S<br \/>\nT-Shirt mit V-Fragment passt gut zu Jeans, Hosen, Skrit, Leggings und Shorts<br \/>\nEine weiche und bequeme Bluse f\u00fcr Frauen, ein schickes und l\u00e4ssiges Essential f\u00fcr jeglicher Jahreszeiten<br \/>\nAd\u00e4quat f\u00fcr verschiederlei Anl\u00e4sse: Dating, Shopping, Schule, Urlaub, Party, Club, Traktat, B\u00fcro, Reisen und einfach f\u00fcr den Alltag. Chiffon-Blusen sind eine gute Abstimmung f\u00fcr Fr\u00fchling, Sommer und Herbst. Sie k\u00f6nnen sie bekannt als das ganze Jahr \u00fcber mit Shorts, Jeans oder engen Hosen induzieren<br \/>\n<div class=\"main-cross-sell\" data-asin=\"B08PZ6MJZ5\">\n\n\t<div class=\"WooZone-cross-sell-loader\">\n\t\t<div>\n\t\t\t<div id=\"floatingBarsG\">\n\t\t\t\t<div class=\"blockG\" id=\"rotateG_01\"><\/div>\n\t\t\t\t<div class=\"blockG\" id=\"rotateG_02\"><\/div>\n\t\t\t\t<div class=\"blockG\" id=\"rotateG_03\"><\/div>\n\t\t\t\t<div class=\"blockG\" id=\"rotateG_04\"><\/div>\n\t\t\t\t<div class=\"blockG\" id=\"rotateG_05\"><\/div>\n\t\t\t\t<div class=\"blockG\" id=\"rotateG_06\"><\/div>\n\t\t\t\t<div class=\"blockG\" id=\"rotateG_07\"><\/div>\n\t\t\t\t<div class=\"blockG\" id=\"rotateG_08\"><\/div>\n\t\t\t<\/div>\n\t\t\t<div class=\"WooZone-cross-sell-loader-text\"><\/div>\n\t\t<\/div>\n\t<\/div>\n\n\t\t\n<\/div>\n<div style=\"clear:both;\"><\/div><\/p>\n","protected":false},"excerpt":{"rendered":"<p>Vier Knopfverschl\u00fcsse vorne, gekerbtes Revers, kurze \u00c4rmel mit gen\u00e4hten B\u00fcndchen<br \/>\nV-Ausschnitt mit Blumenmuster, elegant und sexy, nie aus der Mode, treffen Sie Ihren Modegeschmack<br \/>\nLangarm<\/p>\n","protected":false},"featured_media":8211,"comment_status":"open","ping_status":"closed","template":"","meta":[],"product_cat":[122,133],"product_tag":[],"yoast_head":"<!-- This site is optimized with the Yoast SEO plugin v20.6 - https:\/\/yoast.com\/wordpress\/plugins\/seo\/ -->\n<title>Damenbluse mit langen \u00c4rmeln, Satin, kalte Schultern, Bluse - FamilienMode<\/title>\n<meta name=\"robots\" content=\"index, follow, max-snippet:-1, max-image-preview:large, max-video-preview:-1\" \/>\n<link rel=\"canonical\" href=\"https:\/\/bekleidungscenter.com\/?product=damenbluse-mit-langen-aermeln-satin-kalte-schultern-bluse\" \/>\n<meta property=\"og:locale\" content=\"de_DE\" \/>\n<meta property=\"og:type\" content=\"article\" \/>\n<meta property=\"og:title\" content=\"Damenbluse mit langen \u00c4rmeln, Satin, kalte Schultern, Bluse - FamilienMode\" \/>\n<meta property=\"og:description\" content=\"Vier Knopfverschl\u00fcsse vorne, gekerbtes Revers, kurze \u00c4rmel mit gen\u00e4hten B\u00fcndchen V-Ausschnitt mit Blumenmuster, elegant und sexy, nie aus der Mode, treffen Sie Ihren Modegeschmack Langarm\" \/>\n<meta property=\"og:url\" content=\"https:\/\/bekleidungscenter.com\/?product=damenbluse-mit-langen-aermeln-satin-kalte-schultern-bluse\" \/>\n<meta property=\"og:site_name\" content=\"FamilienMode\" \/>\n<meta property=\"article:modified_time\" content=\"2023-04-07T22:05:50+00:00\" \/>\n<meta property=\"og:image\" content=\"https:\/\/images-na.ssl-images-amazon.com\/images\/I\/41LkfP0EnSL.jpg\" \/>\n\t<meta property=\"og:image:width\" content=\"500\" \/>\n\t<meta property=\"og:image:height\" content=\"500\" \/>\n\t<meta property=\"og:image:type\" content=\"image\/jpeg\" \/>\n<meta name=\"twitter:card\" content=\"summary_large_image\" \/>\n<meta name=\"twitter:label1\" content=\"Gesch\u00e4tzte Lesezeit\" \/>\n\t<meta name=\"twitter:data1\" content=\"1\u00a0Minute\" \/>\n<script type=\"application\/ld+json\" class=\"yoast-schema-graph\">{\"@context\":\"https:\/\/schema.org\",\"@graph\":[{\"@type\":\"WebPage\",\"@id\":\"https:\/\/bekleidungscenter.com\/?product=damenbluse-mit-langen-aermeln-satin-kalte-schultern-bluse\",\"url\":\"https:\/\/bekleidungscenter.com\/?product=damenbluse-mit-langen-aermeln-satin-kalte-schultern-bluse\",\"name\":\"Damenbluse mit langen \u00c4rmeln, Satin, kalte Schultern, Bluse - FamilienMode\",\"isPartOf\":{\"@id\":\"https:\/\/bekleidungscenter.com\/#website\"},\"datePublished\":\"2021-01-03T19:57:39+00:00\",\"dateModified\":\"2023-04-07T22:05:50+00:00\",\"breadcrumb\":{\"@id\":\"https:\/\/bekleidungscenter.com\/?product=damenbluse-mit-langen-aermeln-satin-kalte-schultern-bluse#breadcrumb\"},\"inLanguage\":\"de\",\"potentialAction\":[{\"@type\":\"ReadAction\",\"target\":[\"https:\/\/bekleidungscenter.com\/?product=damenbluse-mit-langen-aermeln-satin-kalte-schultern-bluse\"]}]},{\"@type\":\"BreadcrumbList\",\"@id\":\"https:\/\/bekleidungscenter.com\/?product=damenbluse-mit-langen-aermeln-satin-kalte-schultern-bluse#breadcrumb\",\"itemListElement\":[{\"@type\":\"ListItem\",\"position\":1,\"name\":\"Home\",\"item\":\"https:\/\/bekleidungscenter.com\/\"},{\"@type\":\"ListItem\",\"position\":2,\"name\":\"Shop\",\"item\":\"https:\/\/bekleidungscenter.com\/?page_id=7\"},{\"@type\":\"ListItem\",\"position\":3,\"name\":\"Damenbluse mit langen \u00c4rmeln, Satin, kalte Schultern, Bluse\"}]},{\"@type\":\"WebSite\",\"@id\":\"https:\/\/bekleidungscenter.com\/#website\",\"url\":\"https:\/\/bekleidungscenter.com\/\",\"name\":\"FamilienMode\",\"description\":\"Alles f\u00fcr die ganze Familie\",\"potentialAction\":[{\"@type\":\"SearchAction\",\"target\":{\"@type\":\"EntryPoint\",\"urlTemplate\":\"https:\/\/bekleidungscenter.com\/?s={search_term_string}\"},\"query-input\":\"required name=search_term_string\"}],\"inLanguage\":\"de\"}]}<\/script>\n<!-- \/ Yoast SEO plugin. -->","yoast_head_json":{"title":"Damenbluse mit langen \u00c4rmeln, Satin, kalte Schultern, Bluse - FamilienMode","robots":{"index":"index","follow":"follow","max-snippet":"max-snippet:-1","max-image-preview":"max-image-preview:large","max-video-preview":"max-video-preview:-1"},"canonical":"https:\/\/bekleidungscenter.com\/?product=damenbluse-mit-langen-aermeln-satin-kalte-schultern-bluse","og_locale":"de_DE","og_type":"article","og_title":"Damenbluse mit langen \u00c4rmeln, Satin, kalte Schultern, Bluse - FamilienMode","og_description":"Vier Knopfverschl\u00fcsse vorne, gekerbtes Revers, kurze \u00c4rmel mit gen\u00e4hten B\u00fcndchen V-Ausschnitt mit Blumenmuster, elegant und sexy, nie aus der Mode, treffen Sie Ihren Modegeschmack Langarm","og_url":"https:\/\/bekleidungscenter.com\/?product=damenbluse-mit-langen-aermeln-satin-kalte-schultern-bluse","og_site_name":"FamilienMode","article_modified_time":"2023-04-07T22:05:50+00:00","og_image":[{"width":500,"height":500,"url":"https:\/\/images-na.ssl-images-amazon.com\/images\/I\/41LkfP0EnSL.jpg","type":"image\/jpeg"}],"twitter_card":"summary_large_image","twitter_misc":{"Gesch\u00e4tzte Lesezeit":"1\u00a0Minute"},"schema":{"@context":"https:\/\/schema.org","@graph":[{"@type":"WebPage","@id":"https:\/\/bekleidungscenter.com\/?product=damenbluse-mit-langen-aermeln-satin-kalte-schultern-bluse","url":"https:\/\/bekleidungscenter.com\/?product=damenbluse-mit-langen-aermeln-satin-kalte-schultern-bluse","name":"Damenbluse mit langen \u00c4rmeln, Satin, kalte Schultern, Bluse - FamilienMode","isPartOf":{"@id":"https:\/\/bekleidungscenter.com\/#website"},"datePublished":"2021-01-03T19:57:39+00:00","dateModified":"2023-04-07T22:05:50+00:00","breadcrumb":{"@id":"https:\/\/bekleidungscenter.com\/?product=damenbluse-mit-langen-aermeln-satin-kalte-schultern-bluse#breadcrumb"},"inLanguage":"de","potentialAction":[{"@type":"ReadAction","target":["https:\/\/bekleidungscenter.com\/?product=damenbluse-mit-langen-aermeln-satin-kalte-schultern-bluse"]}]},{"@type":"BreadcrumbList","@id":"https:\/\/bekleidungscenter.com\/?product=damenbluse-mit-langen-aermeln-satin-kalte-schultern-bluse#breadcrumb","itemListElement":[{"@type":"ListItem","position":1,"name":"Home","item":"https:\/\/bekleidungscenter.com\/"},{"@type":"ListItem","position":2,"name":"Shop","item":"https:\/\/bekleidungscenter.com\/?page_id=7"},{"@type":"ListItem","position":3,"name":"Damenbluse mit langen \u00c4rmeln, Satin, kalte Schultern, Bluse"}]},{"@type":"WebSite","@id":"https:\/\/bekleidungscenter.com\/#website","url":"https:\/\/bekleidungscenter.com\/","name":"FamilienMode","description":"Alles f\u00fcr die ganze Familie","potentialAction":[{"@type":"SearchAction","target":{"@type":"EntryPoint","urlTemplate":"https:\/\/bekleidungscenter.com\/?s={search_term_string}"},"query-input":"required name=search_term_string"}],"inLanguage":"de"}]}},"_links":{"self":[{"href":"https:\/\/bekleidungscenter.com\/index.php?rest_route=\/wp\/v2\/product\/8210"}],"collection":[{"href":"https:\/\/bekleidungscenter.com\/index.php?rest_route=\/wp\/v2\/product"}],"about":[{"href":"https:\/\/bekleidungscenter.com\/index.php?rest_route=\/wp\/v2\/types\/product"}],"replies":[{"embeddable":true,"href":"https:\/\/bekleidungscenter.com\/index.php?rest_route=%2Fwp%2Fv2%2Fcomments&post=8210"}],"wp:featuredmedia":[{"embeddable":true,"href":"https:\/\/bekleidungscenter.com\/index.php?rest_route=\/wp\/v2\/media\/8211"}],"wp:attachment":[{"href":"https:\/\/bekleidungscenter.com\/index.php?rest_route=%2Fwp%2Fv2%2Fmedia&parent=8210"}],"wp:term":[{"taxonomy":"product_cat","embeddable":true,"href":"https:\/\/bekleidungscenter.com\/index.php?rest_route=%2Fwp%2Fv2%2Fproduct_cat&post=8210"},{"taxonomy":"product_tag","embeddable":true,"href":"https:\/\/bekleidungscenter.com\/index.php?rest_route=%2Fwp%2Fv2%2Fproduct_tag&post=8210"}],"curies":[{"name":"wp","href":"https:\/\/api.w.org\/{rel}","templated":true}]}}